{"id":22581,"date":"2026-03-12T04:24:32","date_gmt":"2026-03-12T04:24:32","guid":{"rendered":"https:\/\/stage.jrfer.com\/product\/capo-bang-85k-triplo-sapore-3-in-1-85000-sbuffi-70-ml-vaporizzatore-monouso-sfuso\/"},"modified":"2026-04-07T10:20:29","modified_gmt":"2026-04-07T10:20:29","slug":"bang-leader-85k-3-in-1-triple-flavor-85000-puffs-70ml-bulk-disposable-vape","status":"publish","type":"product","link":"https:\/\/ricovape.com\/it\/prodotto\/bang-leader-85k-3-in-1-triple-flavor-85000-puffs-70ml-bulk-disposable-vape\/","title":{"rendered":"Capo Bang 85K | Triplo sapore 3 in 1, 85000 sbuffi, 70 ml, vaporizzatore monouso sfuso"},"content":{"rendered":"<p>Vi presentiamo <strong>Bang Leader 85000 Puffs<\/strong>, un vaporizzatore usa e getta rivoluzionario progettato per coloro che chiedono di pi\u00f9. Questo non \u00e8 solo un vaporizzatore standard; \u00e8 una centrale elettrica ad alta capacit\u00e0 costruita per longevit\u00e0 e soddisfazione. Con uno sbalorditivo <strong>serbatoio di e-liquid da 70 ml<\/strong> e una robusta <strong>batteria ricaricabile da 850 mAh<\/strong>, questo dispositivo ti consente di trascorrere pi\u00f9 tempo a svapare e meno tempo a preoccuparti di rimanere senza. \ud83d\udd0b\u2728<\/p>\n<p>La caratteristica principale \u00e8 l&#8217;innovativo <strong>sistema di aromi 3 in 1<\/strong>. Annoiato dello stesso gusto? Cambia semplicemente le impostazioni per goderti tre diversi gusti premium in un unico dispositivo! Progettato con una <strong>bobina a rete da 1,0 \u03a9<\/strong>, fornisce un vapore consistente, morbido e ricco dal primo tiro all&#8217;ultimo. Perfetto per i <strong>proprietari di negozi di vaporizzatori<\/strong> alla ricerca di un articolo molto venduto o per i vapers pesanti che cercano valore. \ud83c\udfc6\ud83d\udce6<\/p>\n<h3>\ud83c\udf1f Perch\u00e9 scegliere Bang Leader 85000?<\/h3>\n<ul>\n<li><strong>\ud83d\udd04 Tecnologia dei sapori 3 in 1:<\/strong> goditi tre gusti distinti in un unico dispositivo compatto. Cambia immediatamente in base al tuo umore!<\/li>\n<li><strong>\ud83d\udca7 Enorme capacit\u00e0 di 70 ml:<\/strong> una delle capacit\u00e0 pi\u00f9 grandi sul mercato, che supporta l&#8217;incredibile cifra di 85.000 erogazioni.<\/li>\n<li><strong>\u26a1 Ricaricabile di tipo C:<\/strong> la ricarica rapida tramite la porta di tipo C garantisce che la batteria da 850 mAh sia sempre pronta.<\/li>\n<li><strong>\u2601\ufe0f Bobina a rete avanzata:<\/strong> la bobina a rete con resistenza da 1,0 \u03a9 garantisce una maggiore purezza del sapore e una produzione di nuvole spesse.<\/li>\n<li><strong>\ud83c\udf9a\ufe0f Opzioni flessibili di nicotina:<\/strong> disponibili allo 0%, 2%, 3% e 5% per soddisfare le preferenze di ogni cliente.<\/li>\n<\/ul>\n<h3>\ud83d\udcca Specifiche Bang Leader 85K<\/h3>\n<tr>\n<th align=\"left\">Funzionalit\u00e0<\/th>\n<th align=\"left\">Dettagli<\/th>\n<\/tr>\n<\/thead>\n<tr>\n<td><strong>Conteggio dei soffi<\/strong><\/td>\n<td>Fino a 85.000 sbuffi<\/td>\n<\/tr>\n<tr>\n<td><strong>Capacit\u00e0 dell&#8217;E-Liquid<\/strong><\/td>\n<td>70 ml<\/td>\n<\/tr>\n<tr>\n<td><strong>Sistema di sapori<\/strong><\/td>\n<td>Triplo cambio di sapore 3 in 1<\/td>\n<\/tr>\n<tr>\n<td><strong>Batteria<\/strong><\/td>\n<td>850 mAh (ricaricabile)<\/td>\n<\/tr>\n<tr>\n<td><strong>Ricarica<\/strong><\/td>\n<td>Porta di tipo C<\/td>\n<\/tr>\n<tr>\n<td><strong>Bobina<\/strong><\/td>\n<td>Bobina a rete da 1,0 \u03a9<\/td>\n<\/tr>\n<tr>\n<td><strong>Potenza della nicotina<\/strong><\/td>\n<td>0% (0mg), 2% (20mg), 3% (30mg), 5% (50mg)<\/td>\n<\/tr>\n<h3>\ud83c\udf6d Combinazioni di sapori Bang Leader 85K (3 gusti per dispositivo)<\/h3>\n<p>Ogni dispositivo Bang Leader \u00e8 ricco di un trio di gusti appetitosi. Scegli il tuo mix preferito:<\/p>\n<ul>\n<li>\ud83c\udf4c <strong>Mix 1:<\/strong> ghiaccio alla banana \/ Fragola Anguria \/ Orsetto Gommoso<\/li>\n<li>\ud83d\udc09 <strong>Mix 2:<\/strong> ghiaccio del drago nero \/ marshmallow \/ sogno estivo<\/li>\n<li>\ud83e\uded0 <strong>Mix 3:<\/strong> Ghiaccio al mirtillo \/ raso blu \/ Pera profumata<\/li>\n<li>\ud83c\udf4d <strong>Mix 4:<\/strong> Mirtillo rosso \/ Pesca Mango \/ Ananas<\/li>\n<li>\ud83e\udd64 <strong>Mix 5:<\/strong> Coca Cola \/ Mela Pesca \/ Limonata Rosa<\/li>\n<li>\ud83e\udd5d <strong>Mix 6:<\/strong> ghiaccio d&#8217;uva \/ kiwi fragola \/ guaiava del frutto della passione<\/li>\n<li>\ud83d\udc9c <strong>Mix 7:<\/strong> amore 666 \/ Mirtillo Lampone \/ Vimto<\/li>\n<li>\ud83c\udf79 <strong>Mix 8:<\/strong> Frutta mista \/ Pesca Mojito \/ Lampone mirtillo<\/li>\n<li>\ud83c\udf53 <strong>Mix 9:<\/strong> ghiaccio all&#8217;ananas \/ toro rosso fragola \/ frutti di bosco misti<\/li>\n<li>\ud83c\udf4e <strong>Mix 10:<\/strong> Ghiaccio Di Mela Rossa \/ Anguria Lampone \/ Uva Aloe<\/li>\n<li>\ud83c\udf66 <strong>Mix 11:<\/strong> toro rosso \/ anguria ai mirtilli \/ gelato alla fragola<\/li>\n<li>\ud83c\udf4a <strong>Mix 12:<\/strong> Ghiaccio alla fragola \/ Arancia al limone \/ Gomma da masticare all&#8217;anguria<\/li>\n<li>\ud83c\udf4c <strong>Mix 13:<\/strong> Fragola Lampone \/ Ribes Nero \/ Fragola Banana<\/li>\n<li>\ud83c\udf52 <strong>Mix 14:<\/strong> anguria alla fragola \/ coca cola alla ciliegia \/ crema di fragole<\/li>\n<li>\ud83e\udd6d <strong>Mix 15:<\/strong> ghiaccio di anguria \/ pesca al mango \/ aranciata<\/li>\n<\/ul>\n<p><strong>Bang Leader 85000 Puffs<\/strong> stabilisce un nuovo standard per i vaporizzatori usa e getta. \u00c8 perfettamente adatto agli <strong>consumatori pesanti<\/strong> che desiderano comodit\u00e0 senza compromessi e ai <strong>cacciatori di sapori<\/strong> che amano la variet\u00e0. Per <strong>rivenditori e grossisti<\/strong>, questo dispositivo multi-sapore ad alte prestazioni \u00e8 un articolo indispensabile che attira i clienti che cercano il miglior rapporto qualit\u00e0-prezzo e la tecnologia pi\u00f9 recente. Aggiorna il tuo inventario oggi! \ud83d\ude80\ud83d\uded2<\/p>\n<h3>\u2753 Domande frequenti (FAQ)<\/h3>\n<p><strong>D: Come posso cambiare gusto sul Bang Leader 85K?<\/strong><br \/>\nR: Il dispositivo \u00e8 dotato di un semplice meccanismo di commutazione che consente di alternare tra i tre serbatoi di liquido separati all&#8217;interno. \ud83d\udd00<\/p>\n<p><strong>D: La batteria \u00e8 ricaricabile?<\/strong><br \/>\nR: S\u00ec! Viene fornito con una batteria da 850 mAh che pu\u00f2 essere facilmente ricaricata utilizzando un cavo di ricarica standard di tipo C. \ud83d\udd0c<\/p>\n<p><strong>D: Questo prodotto \u00e8 adatto alla distribuzione all&#8217;ingrosso?<\/strong><br \/>\nR: Assolutamente. L&#8217;esclusivo punto vendita 3 in 1 e l&#8217;elevato numero di sbuffi lo rendono un prodotto molto attraente per gli acquirenti B2B e i negozi di svapo. \ud83c\udfed<\/p>\n<p><strong>D: Quanto durano 85.000 erogazioni?<\/strong><br \/>\nR: Con 70 ml di liquido, questo dispositivo pu\u00f2 durare diverse settimane a seconda delle tue abitudini di utilizzo, rendendolo estremamente conveniente. \ud83d\uddd3\ufe0f<\/p>\n","protected":false},"excerpt":{"rendered":"<p>Enorme 85.000 erogazioni, cambio di sapore 3 in 1 e capacit\u00e0 di 70 ml! Il Bang Leader 85K \u00e8 il vaporizzatore ricaricabile di lunga durata per grossisti e cacciatori di sapori. \ud83c\udf2c\ufe0f\ud83d\udca8<\/p>\n","protected":false},"featured_media":6804,"comment_status":"open","ping_status":"closed","template":"","meta":[],"product_brand":[],"product_cat":[364,764,696],"product_tag":[524,549,577,2170,497],"class_list":{"0":"post-22581","1":"product","2":"type-product","3":"status-publish","4":"has-post-thumbnail","6":"product_cat-bang","7":"product_cat-vape-usa-e-getta-da-100k-sbuffi","8":"product_cat-vape-usa-e-getta-da-60000-soffi","9":"product_tag-85000-soffi-monouso","10":"product_tag-bang-leader-85000-soffi","11":"product_tag-bang-vape-all-ingrosso","12":"product_tag-vape-ricaricabile","13":"product_tag-vaporizzatore-per-aromi-3-in-1","15":"first","16":"instock","17":"shipping-taxable","18":"purchasable","19":"product-type-variable","20":"has-default-attributes"},"jetpack_sharing_enabled":true,"tiered_pricing_type":"fixed","tiered_pricing_fixed_rules":{"30":9.07000000000000028421709430404007434844970703125,"50":7.519999999999999573674358543939888477325439453125,"100":7,"200":6.61000000000000031974423109204508364200592041015625,"400":5.8300000000000000710542735760100185871124267578125},"tiered_pricing_product_settings":{"layout":"default","base_unit_name":{"singular":null,"plural":null},"default_variation":null},"tiered_pricing_minimum_quantity":10,"tiered_pricing_roles_data":[],"tiered_pricing_percentage_rules":[],"tiered_pricing_maximum_quantity":null,"tiered_pricing_quantity_step":"10","_links":{"self":[{"href":"https:\/\/ricovape.com\/it\/wp-json\/wp\/v2\/product\/22581","targetHints":{"allow":["GET"]}}],"collection":[{"href":"https:\/\/ricovape.com\/it\/wp-json\/wp\/v2\/product"}],"about":[{"href":"https:\/\/ricovape.com\/it\/wp-json\/wp\/v2\/types\/product"}],"replies":[{"embeddable":true,"href":"https:\/\/ricovape.com\/it\/wp-json\/wp\/v2\/comments?post=22581"}],"wp:featuredmedia":[{"embeddable":true,"href":"https:\/\/ricovape.com\/it\/wp-json\/wp\/v2\/media\/6804"}],"wp:attachment":[{"href":"https:\/\/ricovape.com\/it\/wp-json\/wp\/v2\/media?parent=22581"}],"wp:term":[{"taxonomy":"product_brand","embeddable":true,"href":"https:\/\/ricovape.com\/it\/wp-json\/wp\/v2\/product_brand?post=22581"},{"taxonomy":"product_cat","embeddable":true,"href":"https:\/\/ricovape.com\/it\/wp-json\/wp\/v2\/product_cat?post=22581"},{"taxonomy":"product_tag","embeddable":true,"href":"https:\/\/ricovape.com\/it\/wp-json\/wp\/v2\/product_tag?post=22581"}],"curies":[{"name":"wp","href":"https:\/\/api.w.org\/{rel}","templated":true}]}}