{"id":21688,"date":"2026-03-12T04:24:33","date_gmt":"2026-03-12T04:24:33","guid":{"rendered":"https:\/\/stage.jrfer.com\/product\/bang-legend-geek-60k-flusso-daria-regolabile-e-modalita-turbo-60000-sbuffi-vaporizzatore-usa-e-getta-ad-alta-capacita\/"},"modified":"2026-04-07T09:50:28","modified_gmt":"2026-04-07T09:50:28","slug":"bang-legend-geek-60k-adjustable-airflow-turbo-mode-60000-puffs-high-capacity-disposable-vape","status":"publish","type":"product","link":"https:\/\/ricovape.com\/it\/prodotto\/bang-legend-geek-60k-adjustable-airflow-turbo-mode-60000-puffs-high-capacity-disposable-vape\/","title":{"rendered":"Bang Legend Geek 60K | flusso d&#8217;aria regolabile e modalit\u00e0 turbo, 60000 sbuffi, vaporizzatore usa e getta ad alta capacit\u00e0"},"content":{"rendered":"<h2>Bang Legend Geek 60000 60K boccate vaporizzatore usa e getta: potenza, controllo e resistenza<\/h2>\n<p>Il vaporizzatore usa e getta Bang Legend Geek 60000 \u00e8 progettato per i vapers che desiderano <strong>il massimo numero di sbuffi<\/strong> con <strong>personalizzazione intelligente<\/strong>. Con un massimo di 60.000 sbuffi, flusso d&#8217;aria regolabile e un&#8217;esclusiva modalit\u00e0 Turbo, questo dispositivo offre un&#8217;esperienza di svapo potente ma fluida dalla prima aspirazione all&#8217;ultima \ud83d\udca8.<\/p>\n<p>Dotato di un&#8217;ampia capacit\u00e0 di e-liquid da 19 ml e di una bobina a rete avanzata da 1,0 \u03a9, garantisce un sapore ricco, vapore denso e prestazioni costanti. La batteria ricaricabile da 850 mAh con ricarica rapida di tipo C ti consente di svapare pi\u00f9 a lungo con tempi di inattivit\u00e0 inferiori \ud83d\udd0b.<\/p>\n<h3>Perch\u00e9 scegliere Bang Legend Geek 60000?<\/h3>\n<ul>\n<li>\ud83d\udd25 Fino a 60.000 puff per un uso ultra-lungo<\/li>\n<li>\ud83c\udf9b Flusso d&#8217;aria regolabile per aspirazioni strette o ariose<\/li>\n<li>\u26a1 Modalit\u00e0 Turbo per colpi pi\u00f9 forti e nuvole pi\u00f9 grandi<\/li>\n<li>\ud83e\uddea L&#8217;ampia capacit\u00e0 di 19 ml di e-liquid riduce le sostituzioni<\/li>\n<li>\ud83c\udf08 12 gusti popolari per soddisfare gusti diversi<\/li>\n<li>\ud83d\udc40 Finestra trasparente dell&#8217;e-liquid per controllare facilmente il livello del succo<\/li>\n<li>\ud83d\udce6 10 pezzi per scatola, perfetti per la vendita al dettaglio e all&#8217;ingrosso<\/li>\n<\/ul>\n<h3>Specifiche Bang Legend Geek 60K<\/h3>\n<p>\n<\/p>\n<tr>\n<td>Conteggio dei soffi<\/td>\n<td>Fino a 60.000 sbuffi<\/td>\n<\/tr>\n<tr>\n<td>Potenza di nicotina<\/td>\n<td>2%\/3%\/5%<\/td>\n<\/tr>\n<tr>\n<td>Capacit\u00e0 del liquido elettronico<\/td>\n<td>19 ml<\/td>\n<\/tr>\n<tr>\n<td>Tipo di bobina<\/td>\n<td>Bobina a rete da 1,0 \u03a9<\/td>\n<\/tr>\n<tr>\n<td>Batteria<\/td>\n<td>Ricaricabile da 850 mAh<\/td>\n<\/tr>\n<tr>\n<td>Porta di ricarica<\/td>\n<td>Ricarica rapida di tipo C<\/td>\n<\/tr>\n<tr>\n<td>Flusso d&#8217;aria<\/td>\n<td>Regolabile<\/td>\n<\/tr>\n<tr>\n<td>Modalit\u00e0 speciale<\/td>\n<td>Modalit\u00e0 Turbo<\/td>\n<\/tr>\n<tr>\n<td>Dimensione<\/td>\n<td>48,5 \u00d7 27 \u00d7 100 mm<\/td>\n<\/tr>\n<tr>\n<td>Imballaggio<\/td>\n<td>10 pezzi\/scatola<\/td>\n<\/tr>\n<p>\n<\/p>\n<h3>Bang Legend Geek 60.000 gusti disponibili \ud83c\udf53\ud83c\udf47\ud83c\udf51<\/h3>\n<ul>\n<li><strong>Anguria alla fragola<\/strong> \u2013 Dolci fragole mescolate con succosa anguria<\/li>\n<li><strong>Ghiaccio Al Mirtillo<\/strong> \u2013 Mirtilli freschi con un fresco finale ghiacciato<\/li>\n<li><strong>Mirtillo e Lampone<\/strong> \u2013 Mix equilibrato di frutti di bosco dolci e aspri<\/li>\n<li><strong>Kiwi Fragola<\/strong> \u2013 Combinazione tropicale fruttata e rinfrescante<\/li>\n<li><strong>Banana Fragola<\/strong> \u2013 Banana cremosa con note di fragola matura<\/li>\n<li><strong>Ghiaccio all&#8217;uva<\/strong> \u2013 Audace sapore di uva con mentolo rinfrescante<\/li>\n<li><strong>Mango Fragola<\/strong> \u2013 La morbida fragola incontra il succoso mango<\/li>\n<li><strong>Guaiava del frutto della passione del kiwi<\/strong> \u2013 Esplosione di frutti tropicali esotici<\/li>\n<li><strong>Mamba<\/strong> \u2013 Dolcezza fruttata in stile caramella<\/li>\n<li><strong>Amore 66<\/strong> \u2013 Classica miscela fruttata ispirata allo shisha<\/li>\n<li><strong>Frutti di bosco misti<\/strong> \u2013 Ricco mix di molteplici sapori di frutti di bosco<\/li>\n<li><strong>Ghiaccio alla pesca<\/strong> \u2013 Pesca succosa con un tocco ghiacciato rinfrescante<\/li>\n<\/ul>\n<h3>Perfetto per utenti e aziende<\/h3>\n<p>Il Bang Legend Geek 60K \u00e8 l&#8217;ideale per <strong>utenti accaniti<\/strong> che desiderano prestazioni di lunga durata, <strong>cacciatori di sapori<\/strong> che amano il gusto forte e il vapore denso e <strong>negozi o distributori di vaporizzatori<\/strong> che cercano un prodotto usa e getta sfuso molto richiesto \ud83d\udcbc. Le sue caratteristiche premium e l&#8217;elevato numero di sbuffi lo rendono un forte venditore sia nei mercati al dettaglio che all&#8217;ingrosso.<\/p>\n<h3>Domande frequenti su Bang Legend Geek 60K<\/h3>\n<p><strong>Cosa rende Bang Legend Geek 60K diverso dai normali vaporizzatori usa e getta?<\/strong><br \/>\nBang Legend Geek 60K offre fino a 60.000 sbuffi, flusso d&#8217;aria regolabile e modalit\u00e0 Turbo, offrendo agli utenti il pieno controllo sulla forza di aspirazione, sull&#8217;emissione di vapore e sull&#8217;intensit\u00e0 del sapore, caratteristiche raramente presenti nei prodotti usa e getta standard.<\/p>\n<p><strong>Come funziona il flusso d&#8217;aria regolabile?<\/strong><br \/>\nIl controllo del flusso d&#8217;aria consente agli utenti di alternare tra un&#8217;aspirazione stretta, simile a una sigaretta, e un&#8217;inalazione libera e ariosa. Ci\u00f2 rende il dispositivo adatto sia allo stile di svapo MTL che DTL.<\/p>\n<p><strong>Cos&#8217;\u00e8 la modalit\u00e0 Turbo e quando dovrebbe essere utilizzata?<\/strong><br \/>\nLa modalit\u00e0 Turbo aumenta la potenza erogata per colpi pi\u00f9 forti e nuvole pi\u00f9 grandi \u26a1. \u00c8 l&#8217;ideale per gli utenti esperti, i vapers accaniti o chiunque desideri un&#8217;esperienza aromatica pi\u00f9 intensa.<\/p>\n<p><strong>Il sapore rimarr\u00e0 coerente con un numero di boccate cos\u00ec elevato?<\/strong><br \/>\nS\u00ec\u2705. La bobina a rete da 1,0 \u03a9 e l&#8217;ampia capacit\u00e0 di e-liquid da 19 ml sono progettate per mantenere un vapore omogeneo e un sapore ricco dal primo tiro all&#8217;ultimo.<\/p>\n<p><strong>Quanto dura la batteria e pu\u00f2 essere ricaricata?<\/strong><br \/>\nLa batteria integrata da 850 mAh \u00e8 completamente ricaricabile tramite ricarica di tipo C, garantendoti di poter utilizzare tutti i 60.000 puff senza problemi di alimentazione \ud83d\udd0b.<\/p>\n<p><strong>Posso vedere quanto liquido rimane?<\/strong><br \/>\nS\u00ec. La finestra trasparente dell&#8217;e-liquid consente agli utenti di monitorare facilmente i livelli del succo, aiutando a prevenire colpi secchi e migliorando l&#8217;affidabilit\u00e0 generale.<\/p>\n<p><strong>Questo dispositivo \u00e8 adatto per negozi al dettaglio e grossisti?<\/strong><br \/>\nAssolutamente \ud83d\udcbc. Con caratteristiche molto richieste, 12 gusti popolari e confezioni da 10 pezzi per scatola, Bang Legend Geek 60K \u00e8 una scelta eccellente per negozi di vaporizzatori, distributori e acquirenti all&#8217;ingrosso.<\/p>\n","protected":false},"excerpt":{"rendered":"<p>Bang Legend Geek 60000 60K boccate vaporizzatore usa e getta: potenza, controllo e resistenza Il vaporizzatore usa e getta Bang Legend Geek 60000 \u00e8 progettato per i vapers che desiderano il massimo numero di sbuffi con personalizzazione intelligente. Con un massimo di 60.000 sbuffi, flusso d&#8217;aria regolabile e un&#8217;esclusiva modalit\u00e0 Turbo, questo dispositivo offre un&#8217;esperienza [&hellip;]<\/p>\n","protected":false},"featured_media":6880,"comment_status":"open","ping_status":"closed","template":"","meta":[],"product_brand":[],"product_cat":[364],"product_tag":[1352,1388,1425,1459,1027],"class_list":{"0":"post-21688","1":"product","2":"type-product","3":"status-publish","4":"has-post-thumbnail","6":"product_cat-bang","7":"product_tag-vaporizzatore-con-flusso-d-aria-regolabile","8":"product_tag-vaporizzatore-usa-e-getta-60000-sbuffi","9":"product_tag-vaporizzatore-usa-e-getta-ad-alta-capacita","10":"product_tag-vaporizzatore-usa-e-getta-in-modalita-turbo","11":"product_tag-vendita-all-ingrosso-di-vaporizzatori-usa-e-getta-sfusi","13":"first","14":"instock","15":"shipping-taxable","16":"purchasable","17":"product-type-variable","18":"has-default-attributes"},"jetpack_sharing_enabled":true,"tiered_pricing_type":"fixed","tiered_pricing_fixed_rules":{"30":9.07000000000000028421709430404007434844970703125,"50":7.519999999999999573674358543939888477325439453125,"100":7,"200":6.61000000000000031974423109204508364200592041015625,"400":5.8300000000000000710542735760100185871124267578125},"tiered_pricing_product_settings":{"layout":"default","base_unit_name":{"singular":null,"plural":null},"default_variation":null},"tiered_pricing_minimum_quantity":10,"tiered_pricing_roles_data":[],"tiered_pricing_percentage_rules":[],"tiered_pricing_maximum_quantity":null,"tiered_pricing_quantity_step":"10","_links":{"self":[{"href":"https:\/\/ricovape.com\/it\/wp-json\/wp\/v2\/product\/21688","targetHints":{"allow":["GET"]}}],"collection":[{"href":"https:\/\/ricovape.com\/it\/wp-json\/wp\/v2\/product"}],"about":[{"href":"https:\/\/ricovape.com\/it\/wp-json\/wp\/v2\/types\/product"}],"replies":[{"embeddable":true,"href":"https:\/\/ricovape.com\/it\/wp-json\/wp\/v2\/comments?post=21688"}],"wp:featuredmedia":[{"embeddable":true,"href":"https:\/\/ricovape.com\/it\/wp-json\/wp\/v2\/media\/6880"}],"wp:attachment":[{"href":"https:\/\/ricovape.com\/it\/wp-json\/wp\/v2\/media?parent=21688"}],"wp:term":[{"taxonomy":"product_brand","embeddable":true,"href":"https:\/\/ricovape.com\/it\/wp-json\/wp\/v2\/product_brand?post=21688"},{"taxonomy":"product_cat","embeddable":true,"href":"https:\/\/ricovape.com\/it\/wp-json\/wp\/v2\/product_cat?post=21688"},{"taxonomy":"product_tag","embeddable":true,"href":"https:\/\/ricovape.com\/it\/wp-json\/wp\/v2\/product_tag?post=21688"}],"curies":[{"name":"wp","href":"https:\/\/api.w.org\/{rel}","templated":true}]}}