{"id":21259,"date":"2025-10-21T03:02:24","date_gmt":"2025-10-21T03:02:24","guid":{"rendered":"https:\/\/stage.jrfer.com\/product\/uwin-tornado-triple-60k-soffi-vaporizzatore-ricaricabile-dal-sapore-regolabile-3-in-1\/"},"modified":"2026-04-07T11:36:00","modified_gmt":"2026-04-07T11:36:00","slug":"uwin-tornado-triple-60k-puffs-3-in-1-adjustable-flavor-rechargeable-vape","status":"publish","type":"product","link":"https:\/\/ricovape.com\/it\/prodotto\/uwin-tornado-triple-60k-puffs-3-in-1-adjustable-flavor-rechargeable-vape\/","title":{"rendered":"Uwin Tornado Triple 60K Soffi | Vaporizzatore ricaricabile dal sapore regolabile 3 in 1"},"content":{"rendered":"<h2>Uwin Tornado Triple 60K Puffs \ud83d\udca8 | Vaporizzatore ricaricabile dal sapore regolabile 3 in 1<\/h2>\n<h3>\ud83c\udf1f Perch\u00e9 scegliere Uwin Tornado Triple 60K?<\/h3>\n<ul>\n<li>\ud83d\udd25 <strong>3 gusti regolabili<\/strong>: cambia tra i 3 gusti integrati sempre e ovunque.<\/li>\n<li>\ud83d\udca8 <strong>Enormi 60.000 boccate<\/strong> \u2013 Durata di svapo prolungata per utenti assidui e amanti dei sapori.<\/li>\n<li>\u26a1 <strong>Bobina a tripla rete<\/strong>: fornisce un vapore pi\u00f9 fluido e un sapore pi\u00f9 forte.<\/li>\n<li>\ud83d\udd0b <strong>Batteria ricaricabile (650 mAh)<\/strong>: lunga durata con ricarica rapida di tipo C.<\/li>\n<li>\ud83d\udcfa <strong>Display a LED<\/strong>: mostra chiaramente i livelli della batteria e del liquido.<\/li>\n<li>\ud83d\udca7 <strong>3 serbatoi dell&#8217;olio<\/strong>: ciascuno dedicato a un sapore per un cambio di gusto puro e pulito.<\/li>\n<li>\ud83c\udf08 <strong>Opzioni nicotina<\/strong>: scegli tra nicotina al 2%, 3% o 5% in base alle tue preferenze.<\/li>\n<\/ul>\n<h3>\u2699\ufe0f Specifiche<\/h3>\n<tr>\n<td><strong>Conteggio dei soffi<\/strong><\/td>\n<td>Fino a 60.000 sbuffi<\/td>\n<\/tr>\n<tr>\n<td><strong>Potenza della nicotina<\/strong><\/td>\n<td>2%\/3%\/5%<\/td>\n<\/tr>\n<tr>\n<td><strong>Modalit\u00e0 sapore<\/strong><\/td>\n<td>3 gusti regolabili<\/td>\n<\/tr>\n<tr>\n<td><strong>Serbatoio dell&#8217;olio<\/strong><\/td>\n<td>3 serbatoi separati<\/td>\n<\/tr>\n<tr>\n<td><strong>Batteria<\/strong><\/td>\n<td>650mAh ricaricabile<\/td>\n<\/tr>\n<tr>\n<td><strong>Bobina<\/strong><\/td>\n<td>Bobina a tripla maglia<\/td>\n<\/tr>\n<tr>\n<td><strong>Schermo LED<\/strong><\/td>\n<td>S\u00ec<\/td>\n<\/tr>\n<tr>\n<td><strong>Porta di ricarica<\/strong><\/td>\n<td>Digitare C<\/td>\n<\/tr>\n<tr>\n<td><strong>Imballaggio<\/strong><\/td>\n<td>10 pezzi\/confezione<\/td>\n<\/tr>\n<h3>\ud83c\udf6d Combinazioni di sapori<\/h3>\n<ol>\n<li>Ghiaccio alla ciliegia \u2022 Red Bull alla fragola \u2022 Lampone al mirtillo<\/li>\n<li>Ghiaccio al mirtillo \u2022 Anguria alla fragola \u2022 Gelato alla fragola, lampone e ciliegia<\/li>\n<li>Limonata rosa \u2022 Gelato alla vaniglia \u2022 Caramelle alla fragola e lampone<\/li>\n<li>Kiwi Fragola \u2022 Love 66 (Melone Frutto Della Passione) \u2022 Blue Razz Ice<\/li>\n<li>Limone Lime \u2022 Fragola Banana \u2022 Frutta mista<\/li>\n<li>Ghiaccio all&#8217;anguria \u2022 Ghiaccio alla cola \u2022 Mr Blue<\/li>\n<li>Ghiaccio estivo alla pesca \u2022 Lampone al mirtillo \u2022 Red Bull alla fragola<\/li>\n<li>Kiwi Frutto della Passione Guava \u2022 Pesca Mango \u2022 Lampone Anguria<\/li>\n<li>Red Bull \u2022 Cherry Ice \u2022 Limone Lime<\/li>\n<li>Ghiaccio alla fragola \u2022 Ghiaccio estivo alla pesca \u2022 Ghiaccio all&#8217;uva<\/li>\n<li>Bacche miste \u2022 Ghiaccio al frutto del drago \u2022 Gomma da masticare alla fragola e anguria<\/li>\n<li>Cola alla ciliegia \u2022 Cola alla fragola \u2022 Bacca all&#8217;uva<\/li>\n<\/ol>\n<h3>\ud83d\udcac Domande frequenti<\/h3>\n<p><strong>D: Come posso cambiare gusto?<\/strong><br \/>\nR: Basta attivare il selettore degli aromi per cambiare tra i tre serbatoi integrati.<\/p>\n<p><strong>D: Posso ricaricarlo?<\/strong><br \/>\nR: S\u00ec! Il Tornado Triple \u00e8 dotato di una batteria ricaricabile di tipo C da 650 mAh.<\/p>\n<p><strong>D: A chi \u00e8 rivolto?<\/strong><br \/>\nR: Perfetto per i cacciatori di sapori, i vapers accaniti e gli utenti che desiderano variet\u00e0 in un unico dispositivo.<\/p>\n<p>\u00a0<\/p>\n<p><strong>Uwin Tornado Triple 60K<\/strong> \u00e8 molto pi\u00f9 di un semplice vaporizzatore usa e getta: \u00e8 il tuo laboratorio di sapori personale in un dispositivo tascabile. Progettato per prestazioni di lunga durata, gusto audace e utilizzo flessibile, \u00e8 ideale sia per i singoli utenti che per i negozi al dettaglio in tutta Europa.<\/p>\n","protected":false},"excerpt":{"rendered":"<p>Scopri <strong>Uwin Tornado Triple 60K<\/strong>: un potente vaporizzatore usa e getta 3 in 1 con un massimo di 60.000 sbuffi, bobina a tripla rete e modalit\u00e0 di sapore commutabili. Goditi un vapore delicato, una batteria di lunga durata e un gusto audace ad ogni aspirazione.<\/p>\n","protected":false},"featured_media":6320,"comment_status":"open","ping_status":"closed","template":"","meta":[],"product_brand":[],"product_cat":[381,1924],"product_tag":[],"class_list":{"0":"post-21259","1":"product","2":"type-product","3":"status-publish","4":"has-post-thumbnail","6":"product_cat-uwin","7":"product_cat-nuovo","9":"first","10":"instock","11":"shipping-taxable","12":"purchasable","13":"product-type-variable","14":"has-default-attributes"},"jetpack_sharing_enabled":true,"tiered_pricing_type":"fixed","tiered_pricing_fixed_rules":{"30":9.1400000000000005684341886080801486968994140625,"50":7.410000000000000142108547152020037174224853515625,"100":6.79000000000000003552713678800500929355621337890625,"200":6.29999999999999982236431605997495353221893310546875,"400":5.86000000000000031974423109204508364200592041015625},"tiered_pricing_product_settings":{"layout":"default","base_unit_name":{"singular":null,"plural":null},"default_variation":null},"tiered_pricing_minimum_quantity":10,"tiered_pricing_roles_data":[],"tiered_pricing_percentage_rules":[],"tiered_pricing_maximum_quantity":null,"tiered_pricing_quantity_step":"10","_links":{"self":[{"href":"https:\/\/ricovape.com\/it\/wp-json\/wp\/v2\/product\/21259","targetHints":{"allow":["GET"]}}],"collection":[{"href":"https:\/\/ricovape.com\/it\/wp-json\/wp\/v2\/product"}],"about":[{"href":"https:\/\/ricovape.com\/it\/wp-json\/wp\/v2\/types\/product"}],"replies":[{"embeddable":true,"href":"https:\/\/ricovape.com\/it\/wp-json\/wp\/v2\/comments?post=21259"}],"wp:featuredmedia":[{"embeddable":true,"href":"https:\/\/ricovape.com\/it\/wp-json\/wp\/v2\/media\/6320"}],"wp:attachment":[{"href":"https:\/\/ricovape.com\/it\/wp-json\/wp\/v2\/media?parent=21259"}],"wp:term":[{"taxonomy":"product_brand","embeddable":true,"href":"https:\/\/ricovape.com\/it\/wp-json\/wp\/v2\/product_brand?post=21259"},{"taxonomy":"product_cat","embeddable":true,"href":"https:\/\/ricovape.com\/it\/wp-json\/wp\/v2\/product_cat?post=21259"},{"taxonomy":"product_tag","embeddable":true,"href":"https:\/\/ricovape.com\/it\/wp-json\/wp\/v2\/product_tag?post=21259"}],"curies":[{"name":"wp","href":"https:\/\/api.w.org\/{rel}","templated":true}]}}