{"id":19419,"date":"2026-03-12T04:24:34","date_gmt":"2026-03-12T04:24:34","guid":{"rendered":"https:\/\/stage.jrfer.com\/product\/poco-sc30000-vaporizzatore-monouso-da-30000-erogazioni-30-ml-ad-alta-capacita-ricaricabile-e-sfuso\/"},"modified":"2026-04-07T09:33:23","modified_gmt":"2026-04-07T09:33:23","slug":"poco-sc30000-30000-puffs-30ml-high-capacity-rechargeable-bulk-disposable-vape","status":"publish","type":"product","link":"https:\/\/ricovape.com\/it\/prodotto\/poco-sc30000-30000-puffs-30ml-high-capacity-rechargeable-bulk-disposable-vape\/","title":{"rendered":"POCO SC30000 | Vaporizzatore monouso da 30000 erogazioni, 30 ml, ad alta capacit\u00e0, ricaricabile e sfuso"},"content":{"rendered":"<h2>Vape usa e getta POCO SC30000 in offerta<\/h2>\n<p>Il vaporizzatore usa e getta POCO SC30000 \u00e8 progettato per i vapers che desiderano <strong>massimo numero di sbuffi, sapore ricco e prestazioni affidabili<\/strong>. Con un massimo di <strong>30000 boccate<\/strong> e un&#8217;<strong>ampia capacit\u00e0 di e-liquid da 30 ml<\/strong>, questo dispositivo \u00e8 perfetto sia per gli utenti abituali che per i negozi di vaporizzatori che cercano un prodotto molto richiesto.<br \/>\nSpedendo direttamente da un <strong>magazzino locale dell&#8217;UE<\/strong>, garantisce una consegna rapida (3-5 giorni lavorativi) nella maggior parte dei paesi dell&#8217;UE.<\/p>\n<h3>Perch\u00e9 scegliere POCO SC30000?<\/h3>\n<ul>\n<li>\ud83d\udd25 Fino a 30000 puff per un uso ultra-lungo<\/li>\n<li>\ud83d\udca7 Ampio serbatoio di e-liquid da 30 ml per meno sostituzioni<\/li>\n<li>\ud83d\udd0b Batteria ricaricabile per un utilizzo completo dell&#8217;e-liquid<\/li>\n<li>\ud83c\udf08 15 gusti popolari per soddisfare le diverse preferenze di gusto<\/li>\n<li>\ud83d\udc41\ufe0f Design visibile dell&#8217;e-liquid per un facile controllo del livello<\/li>\n<li>\ud83d\udce6 Imballaggi sfusi per negozi e distributori di vaporizzatori<\/li>\n<li>\ud83d\ude9a Spedizione da magazzino UE con consegna rapida in 3-5 giorni<\/li>\n<\/ul>\n<h3>Specifiche POCO SC30000<\/h3>\n<p>\n<\/p>\n<tr>\n<td>Modello<\/td>\n<td>POCO SC30000<\/td>\n<\/tr>\n<tr>\n<td>Conteggio dei soffi<\/td>\n<td>Fino a 30000 sbuffi<\/td>\n<\/tr>\n<tr>\n<td>Capacit\u00e0 del liquido elettronico<\/td>\n<td>30ml<\/td>\n<\/tr>\n<tr>\n<td>Potenza di nicotina<\/td>\n<td>5%<\/td>\n<\/tr>\n<tr>\n<td>Batteria<\/td>\n<td>Ricaricabile<\/td>\n<\/tr>\n<tr>\n<td>Sapori<\/td>\n<td>15 opzioni disponibili<\/td>\n<\/tr>\n<tr>\n<td>Dimensione<\/td>\n<td>23,3 \u00d7 131,3 mm<\/td>\n<\/tr>\n<tr>\n<td>Supporto OEM<\/td>\n<td>S\u00ec<\/td>\n<\/tr>\n<tr>\n<td>Imballaggio<\/td>\n<td>1 pezzo\/confezione, 10 pezzi\/scatola da esposizione<\/td>\n<\/tr>\n<p>\n<\/p>\n<h3>POCO SC30K Gusti Disponibili \ud83c\udf53\ud83c\udf49\ud83c\udf4d<\/h3>\n<ul>\n<li><strong>Aloe Uva<\/strong> \u2013 Uva morbida con un fresco finale di aloe<\/li>\n<li><strong>Anguria alla fragola<\/strong> \u2013 Miscela estiva dolce e succosa<\/li>\n<li><strong>Mela acida<\/strong> \u2013 Mela piccante con un morso croccante<\/li>\n<li><strong>Triplo melone<\/strong> \u2013 Gusti misti di melone, freschi e rinfrescanti<\/li>\n<li><strong>Ananas Cocco<\/strong> \u2013 Gusto tropicale e cremoso dell&#8217;isola<\/li>\n<li><strong>Fragola Lampone Kiwi<\/strong> \u2013 Mix equilibrato di frutta agrodolce<\/li>\n<li><strong>Menta fresca<\/strong>: pulito, ghiacciato e rinfrescante<\/li>\n<li><strong>Mirtillo Lampone Limone<\/strong> \u2013 Dolcezza di frutti di bosco con un tocco di agrumi<\/li>\n<li><strong>Cola alla ciliegia<\/strong> \u2013 Gusto classico ispirato alla soda<\/li>\n<li><strong>Latte Di Banane<\/strong> \u2013 Dessert morbido e cremoso da vaporizzare<\/li>\n<li><strong>Gomma da masticare all&#8217;anguria<\/strong> \u2013 Anguria dolce in stile caramella<\/li>\n<li><strong>Limonata alla pesca e ciliegia<\/strong> \u2013 Miscela fruttata di limonata<\/li>\n<li><strong>Mirtillo Dragon Fruit<\/strong> \u2013 Fusione di frutta esotica<\/li>\n<li><strong>Fragola Black Ice Dragon Fruit<\/strong> \u2013 Esplosione di frutta ghiacciata<\/li>\n<li><strong>Fragola Lampone Ciliegia<\/strong> \u2013 Tripla dolcezza delle bacche<\/li>\n<\/ul>\n<h3>Perfetto per utenti e acquirenti all&#8217;ingrosso<\/h3>\n<p>POCO SC30000 \u00e8 una scelta eccellente per <strong>vapers pesanti<\/strong> che desiderano prestazioni di lunga durata, <strong>cacciatori di sapori<\/strong> che amano la variet\u00e0 e <strong>negozi o distributori di vaporizzatori<\/strong> che cercano un vaporizzatore usa e getta affidabile. Ogni lotto include <strong>10 pezzi dello stesso sapore<\/strong>, rendendo la gestione dell&#8217;inventario semplice ed efficiente per la distribuzione all&#8217;ingrosso.<\/p>\n<h3>Domande frequenti su POCO SC30000 \u2753<\/h3>\n<ul>\n<li><strong>Quanti dispositivi sono inclusi in un lotto?<\/strong><br \/>\nUn lotto comprende 10 pezzi dello stesso sapore e dello stesso colore.<\/li>\n<li><strong>Posso mescolare gli aromi in un lotto?<\/strong><br \/>\nNo. Un lotto pu\u00f2 scegliere un solo gusto. Ordinare pi\u00f9 lotti ti consente di selezionare pi\u00f9 gusti.<\/li>\n<li><strong>Quali paesi supportano la spedizione in magazzino nell&#8217;UE?<\/strong><br \/>\nLa spedizione gratuita o veloce \u00e8 disponibile per la maggior parte dei paesi dell&#8217;UE, tra cui Germania, Francia, Italia, Spagna, Paesi Bassi, Polonia, Svezia e altri.<\/li>\n<li><strong>Quanto durano i tempi di consegna?<\/strong><br \/>\nLa spedizione dal magazzino locale dell&#8217;UE richiede circa 3-5 giorni lavorativi.<\/li>\n<li><strong>\u00c8 supportato l&#8217;OEM o il branding?<\/strong><br \/>\nS\u00ec, i servizi OEM sono disponibili per ordini all&#8217;ingrosso e all&#8217;ingrosso.<\/li>\n<\/ul>\n","protected":false},"excerpt":{"rendered":"<p>Vape usa e getta POCO SC30000 in offerta Il vaporizzatore usa e getta POCO SC30000 \u00e8 progettato per i vapers che desiderano massimo numero di sbuffi, sapore ricco e prestazioni affidabili. Con un massimo di 30000 boccate e un&#8217;ampia capacit\u00e0 di e-liquid da 30 ml, questo dispositivo \u00e8 perfetto sia per gli utenti abituali che [&hellip;]<\/p>\n","protected":false},"featured_media":6920,"comment_status":"open","ping_status":"closed","template":"","meta":[],"product_brand":[],"product_cat":[1740,569],"product_tag":[1696,703,659,619,623],"class_list":{"0":"post-19419","1":"product","2":"type-product","3":"status-publish","4":"has-post-thumbnail","6":"product_cat-poco","7":"product_cat-vape-usa-e-getta-da-30000-soffi","8":"product_tag-30000-boccate-di-svapo","9":"product_tag-penna-vaporizzatore-all-ingrosso","10":"product_tag-svapo-da-magazzino-ue","11":"product_tag-vaporizzatore-usa-e-getta-ricaricabile","12":"product_tag-vaporizzatore-usa-e-getta-sfuso","14":"first","15":"instock","16":"shipping-taxable","17":"purchasable","18":"product-type-variable","19":"has-default-attributes"},"jetpack_sharing_enabled":true,"tiered_pricing_type":"fixed","tiered_pricing_fixed_rules":{"100":8.42999999999999971578290569595992565155029296875,"200":8.28999999999999914734871708787977695465087890625,"500":7.78000000000000024868995751603506505489349365234375},"tiered_pricing_product_settings":{"layout":"default","base_unit_name":{"singular":null,"plural":null},"default_variation":null},"tiered_pricing_minimum_quantity":50,"tiered_pricing_roles_data":[],"tiered_pricing_percentage_rules":[],"tiered_pricing_maximum_quantity":null,"tiered_pricing_quantity_step":"10","_links":{"self":[{"href":"https:\/\/ricovape.com\/it\/wp-json\/wp\/v2\/product\/19419","targetHints":{"allow":["GET"]}}],"collection":[{"href":"https:\/\/ricovape.com\/it\/wp-json\/wp\/v2\/product"}],"about":[{"href":"https:\/\/ricovape.com\/it\/wp-json\/wp\/v2\/types\/product"}],"replies":[{"embeddable":true,"href":"https:\/\/ricovape.com\/it\/wp-json\/wp\/v2\/comments?post=19419"}],"wp:featuredmedia":[{"embeddable":true,"href":"https:\/\/ricovape.com\/it\/wp-json\/wp\/v2\/media\/6920"}],"wp:attachment":[{"href":"https:\/\/ricovape.com\/it\/wp-json\/wp\/v2\/media?parent=19419"}],"wp:term":[{"taxonomy":"product_brand","embeddable":true,"href":"https:\/\/ricovape.com\/it\/wp-json\/wp\/v2\/product_brand?post=19419"},{"taxonomy":"product_cat","embeddable":true,"href":"https:\/\/ricovape.com\/it\/wp-json\/wp\/v2\/product_cat?post=19419"},{"taxonomy":"product_tag","embeddable":true,"href":"https:\/\/ricovape.com\/it\/wp-json\/wp\/v2\/product_tag?post=19419"}],"curies":[{"name":"wp","href":"https:\/\/api.w.org\/{rel}","templated":true}]}}