{"id":18811,"date":"2026-03-12T04:24:34","date_gmt":"2026-03-12T04:24:34","guid":{"rendered":"https:\/\/stage.jrfer.com\/product\/bangbox-200k-8-in-1-200000-sbuffi-bobina-quad-display-di-potenza-vaporizzatore-monouso-sfuso\/"},"modified":"2026-04-07T09:27:52","modified_gmt":"2026-04-07T09:27:52","slug":"bang-box-200k-8-in-1-200000-puffs-quad-coil-power-display-bulk-disposable-vape","status":"publish","type":"product","link":"https:\/\/ricovape.com\/it\/prodotto\/bang-box-200k-8-in-1-200000-puffs-quad-coil-power-display-bulk-disposable-vape\/","title":{"rendered":"BANGBOX 200K | 8 in 1 200000 sbuffi, bobina quad, display di potenza, vaporizzatore monouso sfuso"},"content":{"rendered":"<p>Ti presentiamo il <strong>BANG BOX 200K<\/strong>: un vero gigante nel mercato dei vaporizzatori usa e getta. Progettato per garantire resistenza, variet\u00e0 di sapori e distribuzione professionale, questo dispositivo offre un&#8217;incredibile <strong>200.000 boccate<\/strong> in un&#8217;unica potente unit\u00e0. Con l&#8217;avanzata <strong>tecnologia quad coil<\/strong>, un <strong>display intelligente<\/strong> e un esclusivo <strong>sistema di sapori 8 in 1<\/strong>, \u00e8 perfetto per gli utenti che vogliono di pi\u00f9 e per le aziende che richiedono affidabilit\u00e0 e valore \ud83d\udce6<\/p>\n<h2>Perch\u00e9 scegliere BANG BOX 200K?<\/h2>\n<ul>\n<li>\ud83d\udd25 Enorme fino a <strong>200.000 erogazioni<\/strong>: un dispositivo dura settimane<\/li>\n<li>\ud83c\udfa8 <strong>Design del gusto 8 in 1<\/strong>: pi\u00f9 gusti in un unico prodotto usa e getta<\/li>\n<li>\u26a1 <strong>Sistema di bobina a quattro maglie<\/strong> per un vapore morbido e un sapore ricco<\/li>\n<li>\ud83d\udcfa <strong>Lo schermo di alimentazione intelligente<\/strong> mostra chiaramente lo stato della batteria e del liquido<\/li>\n<li>\ud83d\udd0b Batteria ricaricabile <strong>850mAh al cobalto puro di alta qualit\u00e0<\/strong><\/li>\n<li>\ud83d\udca7 Enorme <strong>capacit\u00e0 totale di 100 ml<\/strong> (4 camere da 25 ml)<\/li>\n<li>\ud83d\ude9a Ideale per <strong>ordini all&#8217;ingrosso, negozi di vaporizzatori e grossisti<\/strong><\/li>\n<\/ul>\n<h2>Specifiche BANG BOX 200K<\/h2>\n<p>\n<\/p>\n<tr>\n<th>Funzionalit\u00e0<\/th>\n<th>Dettagli<\/th>\n<\/tr>\n<tr>\n<td>Conteggio dei soffi<\/td>\n<td>Fino a 200.000 sbuffi<\/td>\n<\/tr>\n<tr>\n<td>Sistema di sapori<\/td>\n<td>usa e getta multigusto 8 in 1<\/td>\n<\/tr>\n<tr>\n<td>Batteria<\/td>\n<td>Cobalto puro da 850 mAh (ricaricabile)<\/td>\n<\/tr>\n<tr>\n<td>Capacit\u00e0 totale dell&#8217;e-liquid<\/td>\n<td>100 ml (4 \u00d7 25 ml)<\/td>\n<\/tr>\n<tr>\n<td>Tecnologia delle bobine<\/td>\n<td>Bobina a quattro maglie<\/td>\n<\/tr>\n<tr>\n<td>Porta di ricarica<\/td>\n<td>Ricarica rapida di tipo C<\/td>\n<\/tr>\n<tr>\n<td>Potenza di nicotina<\/td>\n<td>Opzioni personalizzate disponibili per la vendita all&#8217;ingrosso<\/td>\n<\/tr>\n<p>\n<\/p>\n<p>[videopress Szf0xBf7]<\/p>\n<h2><img data-recalc-dims=\"1\" decoding=\"async\" class=\"alignnone size-full wp-image-102369\" src=\"https:\/\/i0.wp.com\/aiviouvapes.com\/wp-content\/uploads\/2026\/01\/BANG-BOX-200K-1.jpg?ssl=1\" alt=\"BANG BOX 200K\" title=\"\"><\/h2>\n<h2>Combinazioni di sapori disponibili<\/h2>\n<p>Ogni <a href=\"https:\/\/aiviouvapes.com\/product-category\/bang\/\" target=\"_blank\" rel=\"noopener\">BANG BOX<\/a> da 200K offre entusiasmanti abbinamenti di sapori per mantenere ogni boccata fresca e divertente \ud83d\ude0b<\/p>\n<ul>\n<li><strong>Serie Mirtilli:<\/strong> Ghiaccio ai mirtilli, Anguria ai mirtilli, Lampone, Limone e lime<\/li>\n<li><strong>Anguria e caramelle:<\/strong> gelato all&#8217;anguria, gomma da masticare, gelato alla ciliegia<\/li>\n<li><strong>Ghiaccio e menta:<\/strong> ghiaccio alla menta, gelato al mirtillo e lampone, gelato all&#8217;uva, caramelle Nerdz<\/li>\n<li><strong>Frutta esotica:<\/strong> frutto della passione, ghiaccio all&#8217;ananas e cocco, Amore 66, tripla melata<\/li>\n<li><strong>Mela e bacche:<\/strong> mela doppia, lampone e mela acida, ghiaccio alla mora<\/li>\n<li><strong>Mix di fragole:<\/strong> gelato alla fragola, kiwi alla fragola, limonata rosa<\/li>\n<li><strong>Cola e agrumi:<\/strong> Cola alla ciliegia, mirtillo rosso, fragola e lampone<\/li>\n<li><strong>Mango tropicale:<\/strong> triplo mango, frutto della passione al mango, ghiaccio all&#8217;ananas<\/li>\n<\/ul>\n<p>Dalla freschezza ghiacciata alle caramelle dolci e alle miscele tropicali, la gamma di sapori \u00e8 progettata per soddisfare sia gli utenti occasionali che i veri cacciatori di sapori \ud83c\udf08<\/p>\n<h2>Perfetto per utenti e aziende<\/h2>\n<p>Il <strong>BANG BOX 200K<\/strong> \u00e8 una scelta eccellente per gli <strong>utenti assidui<\/strong> che desiderano meno sostituzioni, gli <strong>amanti dei sapori<\/strong> che amano la variet\u00e0 e i <strong>negozi o distributori di vaporizzatori<\/strong> che cercano un prodotto accattivante e di alto valore. La sua lunga durata, la struttura premium e il design compatto lo rendono ideale per i mercati all&#8217;ingrosso e di rivendita in tutto il mondo.<\/p>\n<h2>Domande frequenti (FAQ)<\/h2>\n<p><strong>D: Il BANG BOX 200K \u00e8 ricaricabile?<\/strong><br \/>\nR: S\u00ec \ud83d\udc4d Viene fornito con una porta di ricarica di tipo C in modo da poter ricaricare la batteria fino a quando tutto l&#8217;e-liquid non \u00e8 completamente utilizzato.<\/p>\n<p><strong>D: Come faccio a sapere quando la batteria o il liquido sono bassi?<\/strong><br \/>\nR: Il display intelligente dell&#8217;alimentazione mostra chiaramente il livello rimanente della batteria e lo stato di utilizzo.<\/p>\n<p><strong>D: \u00c8 adatto per l&#8217;acquisto all&#8217;ingrosso o in grandi quantit\u00e0?<\/strong><br \/>\nR: Assolutamente. Questo modello \u00e8 progettato per l&#8217;acquisto all&#8217;ingrosso ed \u00e8 molto popolare tra i distributori di vaporizzatori e i negozi al dettaglio.<\/p>\n<p><strong>D: La quad-coil fa davvero la differenza?<\/strong><br \/>\nR: S\u00ec! La tecnologia a quattro bobine offre un riscaldamento pi\u00f9 uniforme, un sapore pi\u00f9 forte e un vapore pi\u00f9 morbido con meno sapore di bruciato.<\/p>\n<p><strong>D: \u00c8 adatto ai principianti?<\/strong><br \/>\nR: S\u00ec \ud83d\ude0a Nessun pulsante, nessuna ricarica, nessuna configurazione. Inspira e divertiti.<\/p>\n","protected":false},"excerpt":{"rendered":"<p>Ti presentiamo il BANG BOX 200K: un vero gigante nel mercato dei vaporizzatori usa e getta. Progettato per garantire resistenza, variet\u00e0 di sapori e distribuzione professionale, questo dispositivo offre un&#8217;incredibile 200.000 boccate in un&#8217;unica potente unit\u00e0. Con l&#8217;avanzata tecnologia quad coil, un display intelligente e un esclusivo sistema di sapori 8 in 1, \u00e8 perfetto [&hellip;]<\/p>\n","protected":false},"featured_media":6927,"comment_status":"open","ping_status":"closed","template":"","meta":[],"product_brand":[],"product_cat":[364,516],"product_tag":[741,814,775,1064,619],"class_list":{"0":"post-18811","1":"product","2":"type-product","3":"status-publish","4":"has-post-thumbnail","6":"product_cat-bang","7":"product_cat-vape-usa-e-getta-da-20000-soffi","8":"product_tag-200000-boccate-di-svapo","9":"product_tag-dispositivo-di-vaporizzazione-all-ingrosso","10":"product_tag-vaporizzatore-monouso-sfuso","11":"product_tag-vaporizzatore-usa-e-getta","12":"product_tag-vaporizzatore-usa-e-getta-ricaricabile","14":"first","15":"instock","16":"shipping-taxable","17":"purchasable","18":"product-type-variable","19":"has-default-attributes"},"jetpack_sharing_enabled":true,"tiered_pricing_type":"fixed","tiered_pricing_fixed_rules":{"30":10.2400000000000002131628207280300557613372802734375,"50":8.8100000000000004973799150320701301097869873046875,"100":8.03999999999999914734871708787977695465087890625,"200":7.6500000000000003552713678800500929355621337890625,"400":7.12999999999999989341858963598497211933135986328125},"tiered_pricing_product_settings":{"layout":"default","base_unit_name":{"singular":null,"plural":null},"default_variation":null},"tiered_pricing_minimum_quantity":10,"tiered_pricing_roles_data":[],"tiered_pricing_percentage_rules":[],"tiered_pricing_maximum_quantity":null,"tiered_pricing_quantity_step":"10","_links":{"self":[{"href":"https:\/\/ricovape.com\/it\/wp-json\/wp\/v2\/product\/18811","targetHints":{"allow":["GET"]}}],"collection":[{"href":"https:\/\/ricovape.com\/it\/wp-json\/wp\/v2\/product"}],"about":[{"href":"https:\/\/ricovape.com\/it\/wp-json\/wp\/v2\/types\/product"}],"replies":[{"embeddable":true,"href":"https:\/\/ricovape.com\/it\/wp-json\/wp\/v2\/comments?post=18811"}],"wp:featuredmedia":[{"embeddable":true,"href":"https:\/\/ricovape.com\/it\/wp-json\/wp\/v2\/media\/6927"}],"wp:attachment":[{"href":"https:\/\/ricovape.com\/it\/wp-json\/wp\/v2\/media?parent=18811"}],"wp:term":[{"taxonomy":"product_brand","embeddable":true,"href":"https:\/\/ricovape.com\/it\/wp-json\/wp\/v2\/product_brand?post=18811"},{"taxonomy":"product_cat","embeddable":true,"href":"https:\/\/ricovape.com\/it\/wp-json\/wp\/v2\/product_cat?post=18811"},{"taxonomy":"product_tag","embeddable":true,"href":"https:\/\/ricovape.com\/it\/wp-json\/wp\/v2\/product_tag?post=18811"}],"curies":[{"name":"wp","href":"https:\/\/api.w.org\/{rel}","templated":true}]}}