{"id":17634,"date":"2026-03-12T04:24:34","date_gmt":"2026-03-12T04:24:34","guid":{"rendered":"https:\/\/stage.jrfer.com\/product\/bang-leader-stoll-300k-vaporizzatore-monouso-6-in-1-da-300-000-sbuffi-ricaricabile-e-sfuso\/"},"modified":"2026-04-07T09:15:10","modified_gmt":"2026-04-07T09:15:10","slug":"bang-leader-stoll-300k-6-in-1-300000-puffs-rechargeable-bulk-disposable-vape","status":"publish","type":"product","link":"https:\/\/ricovape.com\/it\/prodotto\/bang-leader-stoll-300k-6-in-1-300000-puffs-rechargeable-bulk-disposable-vape\/","title":{"rendered":"BANG LEADER STOLL 300K | Vaporizzatore monouso 6 in 1 da 300.000 sbuffi, ricaricabile e sfuso"},"content":{"rendered":"<p><!-- Breve descrizione SEO --><\/p>\n<p>Il <strong>Vape usa e getta BANG LEADER STOLL 300K<\/strong> \u00e8 progettato per utenti esperti e acquirenti professionali che desiderano pi\u00f9 valore in un unico dispositivo.<br \/>\nCon un&#8217;incredibile <strong>300.000 erogazioni<\/strong> e un innovativo <strong>sistema di aromi commutabili 6 in 1<\/strong>, questo usa e getta premium offre prestazioni di lunga durata, variet\u00e0 e praticit\u00e0 in una singola unit\u00e0. \ud83d\ude80<br \/>\nPerfetto per distributori di vaporizzatori, grossisti e negozi che cercano un prodotto di fascia alta e ad alto profitto.<\/p>\n<h2>Perch\u00e9 scegliere BANG LEADER STOLL 300K?<\/h2>\n<ul>\n<li>\ud83d\udd25 Enorme capacit\u00e0 di <strong>300.000 sbuffi<\/strong> \u2013 durata estremamente lunga<\/li>\n<li>\ud83c\udf9b\ufe0f <strong>Gusti intercambiabili 6 in 1<\/strong>: sei gusti in un unico dispositivo<\/li>\n<li>\ud83d\udd0b Potente <strong>batteria ricaricabile da 650 mAh<\/strong> con ricarica di tipo C<\/li>\n<li>\u2601\ufe0f Bobina <strong>doppia mesh avanzata (1,0\u03a9)<\/strong> per nuvole morbide e ricche<\/li>\n<li>\ud83d\udcbc Confezione pronta per prodotti sfusi: ideale per la vendita all&#8217;ingrosso e la distribuzione<\/li>\n<li>\u2728 Costruzione solida con un tocco premium per l&#8217;esposizione al dettaglio<\/li>\n<\/ul>\n<h2>Specifiche BANG LEADER STOLL 300K<\/h2>\n<p>\n<\/p>\n<tr>\n<td><strong>Capacit\u00e0 di soffio<\/strong><\/td>\n<td>Fino a 300.000 sbuffi<\/td>\n<\/tr>\n<tr>\n<td><strong>Sistema di sapori<\/strong><\/td>\n<td>Design con gusto commutabile 6 in 1<\/td>\n<\/tr>\n<tr>\n<td><strong>Batteria<\/strong><\/td>\n<td>Batteria 16350, ricaricabile da 650 mAh<\/td>\n<\/tr>\n<tr>\n<td><strong>Ricarica<\/strong><\/td>\n<td>Ricarica rapida di tipo C<\/td>\n<\/tr>\n<tr>\n<td><strong>Bobina<\/strong><\/td>\n<td>Bobina a doppia maglia, 1,0\u03a9<\/td>\n<\/tr>\n<tr>\n<td><strong>Potenza della nicotina<\/strong><\/td>\n<td>0%\/2%\/3%\/5% (facoltativo)<\/td>\n<\/tr>\n<tr>\n<td><strong>Peso<\/strong><\/td>\n<td>Circa. 140 g per dispositivo<\/td>\n<\/tr>\n<tr>\n<td><strong>Imballaggio<\/strong><\/td>\n<td>200 pezzi per cartone (all&#8217;ingrosso)<\/td>\n<\/tr>\n<p>\n<\/p>\n<h2>Opzioni di gusti BANG LEADER STOLL 300K \u2013 Miscele 6 in 1 \ud83c\udf08<\/h2>\n<p>Ogni dispositivo include <strong>sei gusti diversi<\/strong> in un&#8217;unica unit\u00e0. Basta cambiare e goderti un nuovo gusto in qualsiasi momento.<\/p>\n<ul>\n<li><strong>Red Mix:<\/strong> Ghiaccio di anguria, Toro Rosso, Kiwi fragola, Ghiaccio di mirtilli, Limone e lime, Anguria fragola<\/li>\n<li><strong>Mix tropicale:<\/strong> banana fragola, mela doppia, anguria lampone, ananas mango acido, frutta tropicale, pesca al limone<\/li>\n<li><strong>Blue Mix:<\/strong> Ananas Cocco, BluRazz, Frutti Di Bosco Misti, Mango Pesca, Lampone Mirtillo, Coca Cola Alla Fragola E Vaniglia<\/li>\n<li><strong>Mix di caramelle:<\/strong> Bacche di pesca, Triplo melone, Ghiaccio all&#8217;uva, Ghiaccio al drago nero, Ghiaccio alla ciliegia frizzante, Orsetto gommoso<\/li>\n<li><strong>Mix di dolci:<\/strong> caramelle arcobaleno, gelato alla cola alla ciliegia, amore 666, gelato al mango, zucchero filato ai mirtilli, gelato alla pesca<\/li>\n<li><strong>Mix fresco:<\/strong> Ghiaccio di litchi di aloe, limone rosa, ghiaccio di ghiacciaio, menta di aghi di pino, ghiaccio di ribes nero, limone e anguria<\/li>\n<\/ul>\n<p><img data-recalc-dims=\"1\" decoding=\"async\" class=\"alignnone size-full wp-image-102547\" src=\"https:\/\/i0.wp.com\/aiviouvapes.com\/wp-content\/uploads\/2026\/01\/BANG-LEADER-STOLL-300K-1.jpg?ssl=1\" alt=\"\" title=\"\"><\/p>\n<h2>Per chi \u00e8?<\/h2>\n<p>Il <strong>BANG LEADER STOLL 300K<\/strong> \u00e8 perfetto per gli <strong>utenti pesanti<\/strong> che desiderano meno sostituzioni,<br \/>\n<strong>cacciatori di sapori<\/strong> che amano la variet\u00e0 e <strong>negozi e grossisti di vaporizzatori<\/strong> che cercano qualcosa di premium,<br \/>\nusa e getta ad alta capacit\u00e0 che si distingue e si vende velocemente. \ud83d\udcbc\u2601\ufe0f<\/p>\n<h2>Domande frequenti (FAQ)<\/h2>\n<p><strong>D: Come posso caricare il BANG LEADER STOLL 300K?<\/strong><br \/>\nR: Utilizzare qualsiasi cavo di ricarica standard di tipo C. Collegalo e si ricaricher\u00e0 in modo rapido e sicuro.<\/p>\n<p><strong>D: I clienti possono cambiare gusto facilmente?<\/strong><br \/>\nR: S\u00ec \ud83d\udc4d Il dispositivo \u00e8 dotato di un sistema di commutazione integrato, che consente il cambio istantaneo tra i 6 gusti.<\/p>\n<p><strong>D: \u00c8 adatto per ordini all&#8217;ingrosso e all&#8217;ingrosso?<\/strong><br \/>\nR: Assolutamente. \u00c8 confezionato in cartoni da 200 pezzi, il che lo rende ideale per distributori e negozi di svapo.<\/p>\n<p><strong>D: Cosa rende migliore la bobina mesh?<\/strong><br \/>\nR: Le bobine in mesh si riscaldano in modo uniforme, offrendo tiri pi\u00f9 fluidi, un sapore pi\u00f9 forte e un vapore pi\u00f9 consistente.<\/p>\n<p><strong>D: Questo dispositivo \u00e8 adatto ai principianti?<\/strong><br \/>\nR: S\u00ec \ud83d\ude0a Si attiva con l&#8217;aspirazione, \u00e8 facile da usare e non richiede alcuna configurazione: basta cambiare sapore e vaporizzare.<\/p>\n<p>Aggiorna la tua linea di prodotti con il <strong>Vape usa e getta BANG LEADER STOLL 300K<\/strong> \u2014<br \/>\nsbuffi enormi, gusti multipli e un serio valore all&#8217;ingrosso. \ud83d\uded2\ud83d\udd25<\/p>\n","protected":false},"excerpt":{"rendered":"<p>Il Vape usa e getta BANG LEADER STOLL 300K \u00e8 progettato per utenti esperti e acquirenti professionali che desiderano pi\u00f9 valore in un unico dispositivo. Con un&#8217;incredibile 300.000 erogazioni e un innovativo sistema di aromi commutabili 6 in 1, questo usa e getta premium offre prestazioni di lunga durata, variet\u00e0 e praticit\u00e0 in una singola [&hellip;]<\/p>\n","protected":false},"featured_media":6941,"comment_status":"open","ping_status":"closed","template":"","meta":[],"product_brand":[],"product_cat":[364,569],"product_tag":[887,775,923,619,957],"class_list":{"0":"post-17634","1":"product","2":"type-product","3":"status-publish","4":"has-post-thumbnail","6":"product_cat-bang","7":"product_cat-vape-usa-e-getta-da-30000-soffi","8":"product_tag-300000-boccate-svapate","9":"product_tag-vaporizzatore-monouso-sfuso","10":"product_tag-vaporizzatore-usa-e-getta-6-in-1","11":"product_tag-vaporizzatore-usa-e-getta-ricaricabile","12":"product_tag-vendita-all-ingrosso-di-vaporizzatori-usa-e-getta","14":"first","15":"instock","16":"shipping-taxable","17":"purchasable","18":"product-type-variable","19":"has-default-attributes"},"jetpack_sharing_enabled":true,"tiered_pricing_type":"fixed","tiered_pricing_fixed_rules":{"30":10.2400000000000002131628207280300557613372802734375,"50":8.8100000000000004973799150320701301097869873046875,"100":8.03999999999999914734871708787977695465087890625,"200":7.6500000000000003552713678800500929355621337890625,"400":7.12999999999999989341858963598497211933135986328125},"tiered_pricing_product_settings":{"layout":"default","base_unit_name":{"singular":null,"plural":null},"default_variation":null},"tiered_pricing_minimum_quantity":10,"tiered_pricing_roles_data":[],"tiered_pricing_percentage_rules":[],"tiered_pricing_maximum_quantity":null,"tiered_pricing_quantity_step":"10","_links":{"self":[{"href":"https:\/\/ricovape.com\/it\/wp-json\/wp\/v2\/product\/17634","targetHints":{"allow":["GET"]}}],"collection":[{"href":"https:\/\/ricovape.com\/it\/wp-json\/wp\/v2\/product"}],"about":[{"href":"https:\/\/ricovape.com\/it\/wp-json\/wp\/v2\/types\/product"}],"replies":[{"embeddable":true,"href":"https:\/\/ricovape.com\/it\/wp-json\/wp\/v2\/comments?post=17634"}],"wp:featuredmedia":[{"embeddable":true,"href":"https:\/\/ricovape.com\/it\/wp-json\/wp\/v2\/media\/6941"}],"wp:attachment":[{"href":"https:\/\/ricovape.com\/it\/wp-json\/wp\/v2\/media?parent=17634"}],"wp:term":[{"taxonomy":"product_brand","embeddable":true,"href":"https:\/\/ricovape.com\/it\/wp-json\/wp\/v2\/product_brand?post=17634"},{"taxonomy":"product_cat","embeddable":true,"href":"https:\/\/ricovape.com\/it\/wp-json\/wp\/v2\/product_cat?post=17634"},{"taxonomy":"product_tag","embeddable":true,"href":"https:\/\/ricovape.com\/it\/wp-json\/wp\/v2\/product_tag?post=17634"}],"curies":[{"name":"wp","href":"https:\/\/api.w.org\/{rel}","templated":true}]}}