{"id":16088,"date":"2025-11-03T07:33:55","date_gmt":"2025-11-03T07:33:55","guid":{"rendered":"https:\/\/stage.jrfer.com\/product\/jnr-rabbia-gorilla-55k-vaporizzatore-usa-e-getta-intelligente-a-doppia-rete-da-55000-sbuffi\/"},"modified":"2026-04-07T11:21:24","modified_gmt":"2026-04-07T11:21:24","slug":"jnr-rage-gorilla-55k-dual-mesh-55000-puffs-smart-disposable-vape","status":"publish","type":"product","link":"https:\/\/ricovape.com\/it\/prodotto\/jnr-rage-gorilla-55k-dual-mesh-55000-puffs-smart-disposable-vape\/","title":{"rendered":"JNR Rabbia Gorilla 55K | vaporizzatore usa e getta intelligente a doppia rete da 55000 sbuffi"},"content":{"rendered":"<h2>JNR Rabbia Gorilla 55K | Vaporizzatore usa e getta con schermo intelligente a doppia mesh da 55000 sbuffi<\/h2>\n<h3>Perch\u00e9 scegliere JNR Rage Gorilla 55K?<\/h3>\n<ul>\n<li>\ud83d\udcaa <strong>Enormi 55.000 boccate<\/strong> \u2013 Costruite per resistere e avere un sapore costante fino all&#8217;ultima boccata.<\/li>\n<li>\u26a1 <strong>Dual Mesh Coil<\/strong>: goditi un gusto pi\u00f9 ricco, un vapore pi\u00f9 morbido e un riscaldamento pi\u00f9 rapido.<\/li>\n<li>\ud83d\udd0b <strong>Batteria ricaricabile da 950 mAh<\/strong>: continua a svapare pi\u00f9 a lungo con la ricarica rapida di tipo C.<\/li>\n<li>\ud83d\udcf1 <strong>Schermo LED intelligente<\/strong>: visualizzazione in tempo reale del conteggio dei puff e del livello della batteria.<\/li>\n<li>\ud83c\udf08 <strong>Ampia gamma di sapori<\/strong>: 20 deliziose opzioni dalle miscele fruttate a quelle ghiacciate.<\/li>\n<li>\ud83d\udca7 <strong>Enorme capacit\u00e0 di e-liquid da 42 ml<\/strong> \u2013 Non sono necessarie ricariche, solo pura soddisfazione.<\/li>\n<li>\ud83d\udcbc Ideale per <strong>distribuzione all&#8217;ingrosso, negozi di vaporizzatori o ordini all&#8217;ingrosso B2B<\/strong>.<\/li>\n<\/ul>\n<p><img data-recalc-dims=\"1\" decoding=\"async\" style=\"max-width: 100%;display: blocco\" src=\"https:\/\/i0.wp.com\/ricovape.com\/wp-content\/uploads\/2025\/11\/JNR-RAGE-GORILLA-55000-Puffs-Dual-Mesh-Authentic-Disposable-Vape-Low-Nicotine-Bulk-Buy-Wholesale-10-scaled-1.webp?ssl=1\" alt=\"JNR Rage Gorilla 55K \" title=\"\"><\/p>\n<h3>Specifiche<\/h3>\n<table border=\"1\" cellpadding=\"6\">\n<tr>\n<td><strong>Conteggio approssimativo dei soffi<\/strong><\/td>\n<td>55.000<\/td>\n<\/tr>\n<tr>\n<td><strong>Capacit\u00e0 dell&#8217;e-liquid<\/strong><\/td>\n<td>42ml<\/td>\n<\/tr>\n<tr>\n<td><strong>Batteria<\/strong><\/td>\n<td>950 mAh (ricaricabile tramite tipo C)<\/td>\n<\/tr>\n<tr>\n<td><strong>Sistema a bobina<\/strong><\/td>\n<td>Bobina a doppia rete<\/td>\n<\/tr>\n<tr>\n<td><strong>Potenza della nicotina<\/strong><\/td>\n<td>0%, 2%, 5%<\/td>\n<\/tr>\n<tr>\n<td><strong>Visualizzazione dello schermo<\/strong><\/td>\n<td>LED intelligente (conteggio batteria e soffi)<\/td>\n<\/tr>\n<tr>\n<td><strong>Porta di ricarica<\/strong><\/td>\n<td>Ricarica rapida di tipo C<\/td>\n<\/tr>\n<h3>Gusti disponibili \ud83c\udf53\ud83c\udf4d\ud83c\udf49<\/h3>\n<p>Scopri sapori audaci e succosi realizzati per tutti i gusti:<\/p>\n<ul>\n<li><strong>Gelato alla fragola<\/strong> \u2013 La classica dolcezza dei frutti di bosco con un tocco gelido.<\/li>\n<li><strong>Cola alla ciliegia<\/strong> \u2013 Una cola frizzante e piccante con un tocco di ciliegia. \ud83e\udd64<\/li>\n<li><strong>Ghiaccio Di Anguria<\/strong> \u2013 Vibrazioni estive rinfrescanti con una freschezza ghiacciata. \ud83c\udf49<\/li>\n<li><strong>Ciliegia Blu Razzo<\/strong> \u2013 Esplosione dolce, aspra e succosa in ogni boccata.<\/li>\n<li><strong>Kiwi Fragola<\/strong> \u2013 Armonia di frutti tropicali per un piacevole piacere. \ud83c\udf53\ud83e\udd5d<\/li>\n<li><strong>Pesche Succose<\/strong> \u2013 Sapore di pesca matura e vellutata che persiste. \ud83c\udf51<\/li>\n<li><strong>Ghiaccio Al Mirtillo<\/strong> \u2013 Mirtillo audace bilanciato da una freschezza ghiacciata. \u2744\ufe0f<\/li>\n<li><strong>Frutti Misti<\/strong> \u2013 Un dolce mix di frutti di bosco con sfumature acidule.<\/li>\n<li><strong>Doppia mela<\/strong> \u2013 Croccanti mele rosse e verdi con note dolci. \ud83c\udf4f\ud83c\udf4e<\/li>\n<li><strong>Bacca Di Ciliegia<\/strong> \u2013 Miscela fruttata e dolce di ciliegia e frutti di bosco.<\/li>\n<li><strong>Mirtillo Lampone Ciliegia<\/strong> \u2013 Tripla fusione di frutti di bosco per gli appassionati di sapori profondi.<\/li>\n<li><strong>Ghiaccio di anguria e fragola<\/strong> \u2013 La dolcezza succosa incontra il ristoro ghiacciato. \u2744\ufe0f<\/li>\n<li><strong>Ghiaccio di anguria e kiwi<\/strong> \u2013 Un tocco piccante di kiwi su una fresca base di melone.<\/li>\n<li><strong>Mirtillo Sour Raspberry<\/strong> \u2013 La crostata incontra il dolce in questo mix piccante.<\/li>\n<li><strong>Razzo alla pesca bianca<\/strong> \u2013 Pesca morbida e cremosa con un finale di lampone.<\/li>\n<li><strong>Frutto della passione del mango<\/strong> \u2013 Esplosione tropicale esotica con un tocco piccante. \ud83e\udd6d<\/li>\n<li><strong>Anguria Pesca Mango<\/strong> \u2013 Delizia di frutta a pi\u00f9 strati in ogni boccata.<\/li>\n<li><strong>Gomma da masticare all&#8217;anguria<\/strong> \u2013 Pop dal sapore divertente, dolce e nostalgico. \ud83c\udf6c<\/li>\n<li><strong>Banana alla fragola<\/strong> \u2013 La banana liscia e cremosa incontra la dolce fragola. \ud83c\udf53\ud83c\udf4c<\/li>\n<li><strong>Kiwi Passione Guaiava<\/strong> \u2013 Audace, tropicale e vibrante: il sogno di ogni cacciatore di sapori!<\/li>\n<\/ul>\n<h3>Perfetto per<\/h3>\n<p>Il <strong>JNR Rage Gorilla 55K<\/strong> \u00e8 perfetto per i consumatori abituali, i cacciatori di sapori e gli amanti del cloud che desiderano potenza duratura e gusto premium. \ud83d\udca8 I negozi e i distributori di vaporizzatori apprezzeranno le sue prestazioni affidabili, la lunga durata della boccata e la straordinaria variet\u00e0 di sapori: una scelta ideale per <strong>ordini all&#8217;ingrosso<\/strong>.<\/p>\n<h3>Domande frequenti \ud83e\uddd0<\/h3>\n<ul>\n<li><strong>D: JNR Rage Gorilla \u00e8 ricaricabile?<\/strong><br \/>\nR: S\u00ec! Include una batteria da 950 mAh con supporto per la ricarica rapida di tipo C.<\/li>\n<li><strong>D: Posso controllare il conteggio dei puff e il livello della batteria?<\/strong><br \/>\nR: Assolutamente. Lo schermo LED intelligente mostra informazioni su puff e batteria in tempo reale.<\/li>\n<li><strong>D: Quanti gusti sono disponibili?<\/strong><br \/>\nR: Oltre 15 opzioni con miscele fruttate e ghiacciate per ogni preferenza di gusto.<\/li>\n<li><strong>D: Per chi \u00e8 ideale questo vaporizzatore?<\/strong><br \/>\nR: Ottimo per uso personale, negozi di vaporizzazione, distributori e grossisti B2B.<\/li>\n<li><strong>D: La nicotina \u00e8 facoltativa?<\/strong><br \/>\nR: S\u00ec, disponibile con concentrazioni di nicotina allo 0%, 2% e 5%.<\/li>\n<\/ul>\n<p>\ud83d\ude80 Acquista il <strong>vape usa e getta JNR Rage Gorilla 55000 Puffs<\/strong> oggi e sperimenta potenza, sapore e praticit\u00e0 senza pari: una soluzione perfetta sia per i vapers moderni che per gli acquirenti aziendali!<\/p>\n","protected":false},"excerpt":{"rendered":"<p>\ud83d\udd25 La potenza incontra il sapore! Il <strong>vape usa e getta JNR Rage Gorilla 55000 Puffs<\/strong> offre nuvole enormi, aspirazioni ultra fluide e prestazioni di lunga durata: perfetto sia per gli amanti dello svapo che per gli acquirenti all&#8217;ingrosso. \ud83d\udca8<\/p>\n","protected":false},"featured_media":6550,"comment_status":"open","ping_status":"closed","template":"","meta":[],"product_brand":[],"product_cat":[1796,696,1088,1191],"product_tag":[1214,1107,1145,462,1179,1075],"class_list":{"0":"post-16088","1":"product","2":"type-product","3":"status-publish","4":"has-post-thumbnail","6":"product_cat-jnr","7":"product_cat-vape-usa-e-getta-da-60000-soffi","8":"product_cat-vaporizzatori-a-doppia-rete","9":"product_cat-vaporizzatori-usa-e-getta-ricaricabili-economici","10":"product_tag-dispositivo-di-vaporizzazione-con-schermo-intelligente","11":"product_tag-i-migliori-vaporizzatori-usa-e-getta","12":"product_tag-jnr-rabbia-gorilla-55k","13":"product_tag-vaporizzatore-a-doppia-bobina","14":"product_tag-vaporizzatore-ricaricabile-di-lunga-durata","15":"product_tag-vaporizzatore-usa-e-getta-da-55000-puff","17":"first","18":"instock","19":"shipping-taxable","20":"purchasable","21":"product-type-variable","22":"has-default-attributes"},"jetpack_sharing_enabled":true,"tiered_pricing_type":"fixed","tiered_pricing_fixed_rules":{"30":9.6899999999999995026200849679298698902130126953125,"50":7.95999999999999996447286321199499070644378662109375,"100":7.3499999999999996447286321199499070644378662109375,"200":6.980000000000000426325641456060111522674560546875,"400":6.480000000000000426325641456060111522674560546875},"tiered_pricing_product_settings":{"layout":"default","base_unit_name":{"singular":null,"plural":null},"default_variation":null},"tiered_pricing_minimum_quantity":10,"tiered_pricing_roles_data":[],"tiered_pricing_percentage_rules":[],"tiered_pricing_maximum_quantity":null,"tiered_pricing_quantity_step":"10","_links":{"self":[{"href":"https:\/\/ricovape.com\/it\/wp-json\/wp\/v2\/product\/16088","targetHints":{"allow":["GET"]}}],"collection":[{"href":"https:\/\/ricovape.com\/it\/wp-json\/wp\/v2\/product"}],"about":[{"href":"https:\/\/ricovape.com\/it\/wp-json\/wp\/v2\/types\/product"}],"replies":[{"embeddable":true,"href":"https:\/\/ricovape.com\/it\/wp-json\/wp\/v2\/comments?post=16088"}],"wp:featuredmedia":[{"embeddable":true,"href":"https:\/\/ricovape.com\/it\/wp-json\/wp\/v2\/media\/6550"}],"wp:attachment":[{"href":"https:\/\/ricovape.com\/it\/wp-json\/wp\/v2\/media?parent=16088"}],"wp:term":[{"taxonomy":"product_brand","embeddable":true,"href":"https:\/\/ricovape.com\/it\/wp-json\/wp\/v2\/product_brand?post=16088"},{"taxonomy":"product_cat","embeddable":true,"href":"https:\/\/ricovape.com\/it\/wp-json\/wp\/v2\/product_cat?post=16088"},{"taxonomy":"product_tag","embeddable":true,"href":"https:\/\/ricovape.com\/it\/wp-json\/wp\/v2\/product_tag?post=16088"}],"curies":[{"name":"wp","href":"https:\/\/api.w.org\/{rel}","templated":true}]}}