{"id":13727,"date":"2026-03-12T04:24:33","date_gmt":"2026-03-12T04:24:33","guid":{"rendered":"https:\/\/stage.jrfer.com\/product\/vopkbtc35k-schermo-intelligente-35000-sbuffi-doppia-rete-flusso-daria-regolabile-vaporizzatore-monouso-sfuso\/"},"modified":"2026-04-07T09:58:53","modified_gmt":"2026-04-07T09:58:53","slug":"vopk-btc-35k-smart-screen-35000-puffs-dual-mesh-adjustable-airflow-bulk-disposable-vape","status":"publish","type":"product","link":"https:\/\/ricovape.com\/it\/prodotto\/vopk-btc-35k-smart-screen-35000-puffs-dual-mesh-adjustable-airflow-bulk-disposable-vape\/","title":{"rendered":"VOPKBTC35K | schermo intelligente, 35000 sbuffi, doppia rete, flusso d&#8217;aria regolabile, vaporizzatore monouso sfuso"},"content":{"rendered":"<p><strong>Il vaporizzatore usa e getta VOPK BTC 35000<\/strong> \u00e8 progettato per gli utenti che desiderano potenza, stile e controllo in un unico dispositivo avanzato. Ispirato da un audace design in stile Bitcoin, questo usa e getta ricaricabile presenta un ampio schermo interattivo, un sistema a doppia bobina a rete e un flusso d&#8217;aria regolabile. Costruito sia per i consumatori abituali che per i distributori di vaporizzatori professionali, offre un sapore uniforme, nuvole enormi e un eccellente appeal sullo scaffale per la vendita al dettaglio.<\/p>\n<h2>Perch\u00e9 scegliere i bign\u00e8 VOPK BTC 35000?<\/h2>\n<ul>\n<li>\ud83d\udca8 Fino a <strong>35.000 erogazioni<\/strong> per un uso prolungato e una maggiore soddisfazione del cliente<\/li>\n<li>\ud83d\udcf1 Lo <strong>schermo intelligente completo<\/strong> mostra chiaramente i livelli della batteria e del liquido<\/li>\n<li>\ud83c\udf2c\ufe0f <strong>Sistema a doppia bobina a rete<\/strong> per un sapore pi\u00f9 forte e un vapore pi\u00f9 morbido<\/li>\n<li>\ud83c\udf9b\ufe0f <strong>Modalit\u00e0 di flusso d&#8217;aria e potenza regolabili<\/strong> per uno svapo personalizzato<\/li>\n<li>\ud83d\udd0b <strong>Batteria ricaricabile da 850 mAh<\/strong> con ricarica rapida di tipo C<\/li>\n<li>\ud83d\udc41\ufe0f Serbatoio visibile per e-liquid: non indovinare, vaporizza in tutta sicurezza<\/li>\n<li>\ud83d\udce6 Ideale per <strong>ordini all&#8217;ingrosso, negozi di vaporizzatori e distribuzione all&#8217;ingrosso<\/strong><\/li>\n<\/ul>\n<p>[videopress uWXiLczv]<\/p>\n<h3>Specifiche VOPK BTC 35K<\/h3>\n<tr>\n<th>Funzionalit\u00e0<\/th>\n<th>Dettagli<\/th>\n<\/tr>\n<tr>\n<td>Massimo sbuffo<\/td>\n<td>35.000 sbuffi<\/td>\n<\/tr>\n<tr>\n<td>Capacit\u00e0 dell&#8217;e-liquid<\/td>\n<td>22ml (serbatoio visibile)<\/td>\n<\/tr>\n<tr>\n<td>Batteria<\/td>\n<td>850mAh ricaricabile<\/td>\n<\/tr>\n<tr>\n<td>Ricarica<\/td>\n<td>Ricarica rapida di tipo C<\/td>\n<\/tr>\n<tr>\n<td>Tipo di bobina<\/td>\n<td>Bobina a doppia mesh da 0,8 \u03a9<\/td>\n<\/tr>\n<tr>\n<td>Flusso d&#8217;aria<\/td>\n<td>Regolabile<\/td>\n<\/tr>\n<tr>\n<td>Visualizza<\/td>\n<td>Schermo intelligente 3D (batteria e capacit\u00e0)<\/td>\n<\/tr>\n<tr>\n<td>Imballaggio<\/td>\n<td>150 pezzi per cartone (circa 17,5 kg)<\/td>\n<\/tr>\n<h3>VOPK BTC 35K gusti disponibili<\/h3>\n<ul>\n<li>\ud83c\udf49 <strong>Ghiaccio Di Anguria<\/strong>: anguria succosa con un fresco finale ghiacciato<\/li>\n<li>\ud83e\uded0 <strong>Blu Razzo Ghiaccio<\/strong> \u2013 dolce lampone blu con freschezza rinfrescante<\/li>\n<li>\ud83c\udf53 <strong>Scoppio di fragole<\/strong>: sapore audace e dolce di fragola<\/li>\n<li>\ud83c\udf51 <strong>Pesca della Georgia<\/strong> \u2013 gusto morbido e maturo di pesca<\/li>\n<li>\ud83e\udd5d <strong>Passione Kiwi<\/strong> \u2013 frutto della passione tropicale mescolato con kiwi<\/li>\n<li>\ud83c\udf4a <strong>Ghiaccio al lime e mirtillo rosso arancione<\/strong> \u2013 mix di agrumi dalla freschezza ghiacciata<\/li>\n<li>\ud83c\udf3f <strong>Menta fresca<\/strong> \u2013 vapore di menta pulito e rinfrescante<\/li>\n<li>\ud83e\udd6d <strong>Ananas al mango acido<\/strong> \u2013 mango piccante con ananas dolce<\/li>\n<li>\ud83c\udf51 <strong>Lampone Pesca Bianca<\/strong> \u2013 pesca morbida bilanciata con lampone<\/li>\n<li>\ud83c\udf4c <strong>Gelato al caramello alla banana<\/strong> \u2013 caramelle cremose alla banana con un tocco ghiacciato<\/li>\n<\/ul>\n<h3>Suggerimento professionale VOPK BTC 35K \ud83d\udca1<\/h3>\n<p>Passa dalla modalit\u00e0 a bobina singola a quella a doppia bobina per controllare la tua esperienza. La modalit\u00e0 doppia offre nuvole e sapore pi\u00f9 forti, mentre la modalit\u00e0 singola aiuta a prolungare la durata della batteria e l&#8217;utilizzo dell&#8217;e-liquid.<\/p>\n<h3>Domande frequenti (FAQ) su VOPK BTC 35K<\/h3>\n<p><strong>D: Come faccio a sapere quando lo svapo si sta esaurendo?<\/strong><br \/>\nLo schermo 3D intelligente mostra la percentuale della batteria e dell&#8217;e-liquid, mentre il serbatoio trasparente ti consente di vedere facilmente il succo rimanente.<\/p>\n<p><strong>D: Questo dispositivo \u00e8 adatto per ordini all&#8217;ingrosso e all&#8217;ingrosso?<\/strong><br \/>\nS\u00ec. Il VOPK BTC 35K \u00e8 progettato per negozi di vaporizzatori, distributori e acquirenti all&#8217;ingrosso alla ricerca di vaporizzatori usa e getta ad alta richiesta.<\/p>\n<p><strong>D: Quanto tempo richiede la ricarica?<\/strong><br \/>\nGrazie alla porta di ricarica rapida di tipo C, il dispositivo si ricarica rapidamente in modo che gli utenti possano svapare nuovamente con tempi di inattivit\u00e0 minimi.<\/p>\n<p><strong>D: Per chi \u00e8 pi\u00f9 adatto questo vaporizzatore?<\/strong><br \/>\n\u00c8 ideale per i consumatori assidui, i cacciatori di sapori, i rivenditori di vaporizzatori e i grossisti che desiderano un vaporizzatore usa e getta di alta qualit\u00e0 e di lunga durata.<\/p>\n<hr \/>\n<p><strong>Il vaporizzatore usa e getta VOPK BTC 35000<\/strong> combina tecnologia avanzata, design audace e un&#8217;enorme capacit\u00e0 di boccata in un unico potente dispositivo. Che tu stia rifornindo il tuo negozio di vaporizzatori o acquistando prodotti per la distribuzione all&#8217;ingrosso, questo modello \u00e8 progettato per impressionare i clienti e incentivare le vendite ripetute \ud83d\ude80<\/p>\n<p><img data-recalc-dims=\"1\" decoding=\"async\" class=\"alignnone size-full wp-image-96547\" src=\"https:\/\/i0.wp.com\/aiviouvapes.com\/wp-content\/uploads\/2025\/12\/VOPK-BTC-35K-16.jpg?resize=1200%2C1822&#038;ssl=1\" alt=\"VOPK BTC 35K\" width=\"1200\" height=\"1822\" title=\"\"><\/p>\n","protected":false},"excerpt":{"rendered":"<p>Vapo usa e getta high-tech da 35.000 puff VOPK BTC 35K con schermo intelligente, bobina a doppia rete e flusso d&#8217;aria regolabile. Perfetto per negozi di vaporizzatori e acquirenti all&#8217;ingrosso che cercano dispositivi premium e di lunga durata.<\/p>\n","protected":false},"featured_media":6842,"comment_status":"open","ping_status":"closed","template":"","meta":[],"product_brand":[],"product_cat":[569,621,368],"product_tag":[992,1097,1064,619,1027],"class_list":{"0":"post-13727","1":"product","2":"type-product","3":"status-publish","4":"has-post-thumbnail","6":"product_cat-vape-usa-e-getta-da-30000-soffi","7":"product_cat-vape-usa-e-getta-da-40000-soffi","8":"product_cat-vopk","9":"product_tag-35000-boccate-di-svapo","10":"product_tag-vaporizzatore-con-schermo-intelligente","11":"product_tag-vaporizzatore-usa-e-getta","12":"product_tag-vaporizzatore-usa-e-getta-ricaricabile","13":"product_tag-vendita-all-ingrosso-di-vaporizzatori-usa-e-getta-sfusi","15":"first","16":"instock","17":"shipping-taxable","18":"purchasable","19":"product-type-variable","20":"has-default-attributes"},"jetpack_sharing_enabled":true,"tiered_pricing_type":"fixed","tiered_pricing_fixed_rules":[],"tiered_pricing_product_settings":{"layout":"default","base_unit_name":{"singular":null,"plural":null},"default_variation":null},"tiered_pricing_minimum_quantity":1000,"tiered_pricing_roles_data":[],"tiered_pricing_percentage_rules":[],"tiered_pricing_maximum_quantity":null,"tiered_pricing_quantity_step":"10","_links":{"self":[{"href":"https:\/\/ricovape.com\/it\/wp-json\/wp\/v2\/product\/13727","targetHints":{"allow":["GET"]}}],"collection":[{"href":"https:\/\/ricovape.com\/it\/wp-json\/wp\/v2\/product"}],"about":[{"href":"https:\/\/ricovape.com\/it\/wp-json\/wp\/v2\/types\/product"}],"replies":[{"embeddable":true,"href":"https:\/\/ricovape.com\/it\/wp-json\/wp\/v2\/comments?post=13727"}],"wp:featuredmedia":[{"embeddable":true,"href":"https:\/\/ricovape.com\/it\/wp-json\/wp\/v2\/media\/6842"}],"wp:attachment":[{"href":"https:\/\/ricovape.com\/it\/wp-json\/wp\/v2\/media?parent=13727"}],"wp:term":[{"taxonomy":"product_brand","embeddable":true,"href":"https:\/\/ricovape.com\/it\/wp-json\/wp\/v2\/product_brand?post=13727"},{"taxonomy":"product_cat","embeddable":true,"href":"https:\/\/ricovape.com\/it\/wp-json\/wp\/v2\/product_cat?post=13727"},{"taxonomy":"product_tag","embeddable":true,"href":"https:\/\/ricovape.com\/it\/wp-json\/wp\/v2\/product_tag?post=13727"}],"curies":[{"name":"wp","href":"https:\/\/api.w.org\/{rel}","templated":true}]}}