{"id":11328,"date":"2026-03-12T04:24:35","date_gmt":"2026-03-12T04:24:35","guid":{"rendered":"https:\/\/stage.jrfer.com\/product\/fihp90k-3-in-1-90-000-boccate-42-ml-triplo-sapore-schermo-led-vaporizzatore-usa-e-getta\/"},"modified":"2026-04-07T08:38:42","modified_gmt":"2026-04-07T08:38:42","slug":"fihp-90k-3-in-1-90000-puffs-42ml-triple-flavor-led-screen-disposable-vape","status":"publish","type":"product","link":"https:\/\/ricovape.com\/it\/prodotto\/fihp-90k-3-in-1-90000-puffs-42ml-triple-flavor-led-screen-disposable-vape\/","title":{"rendered":"FIHP90K 3 in 1 | 90.000 boccate, 42 ml, triplo sapore, schermo LED, vaporizzatore usa e getta"},"content":{"rendered":"<p><!-- Breve descrizione SEO --><\/p>\n<h2>FIHP 90000 3 in 1 90.000 puff | Vaporizzatore monouso ricaricabile con schermo LED a triplo sapore<\/h2>\n<p>\ud83d\udd25 <strong>Triplo potere del sapore. Enormi prestazioni da 90K. Controllo LED intelligente.<\/strong> \ud83d\udd25<\/p>\n<p><strong>Il vaporizzatore usa e getta FIHP 90000 90K<\/strong> \u00e8 progettato per i vapers seri che richiedono estrema longevit\u00e0, aroma audace e usabilit\u00e0 intelligente. Dotato di un innovativo <strong>sistema a triplo sapore 3 in 1<\/strong>, questo dispositivo integra tre gusti premium in un&#8217;unica potente unit\u00e0 con un&#8217;enorme <strong>capacit\u00e0 di e-liquid da 42 ml<\/strong>.<\/p>\n<p>Progettato per utenti assidui e mercati all&#8217;ingrosso, eroga fino a <strong>90.000 boccate<\/strong> mantenendo un vapore uniforme e uniforme dalla prima all&#8217;ultima erogazione. Dotato di una <strong>bobina a doppia rete da 0,9 \u03a9<\/strong> e di una <strong>batteria ricaricabile da 650 mAh<\/strong> con ricarica rapida di tipo C, questo usa e getta avanzato garantisce ogni volta nuvole dense e una chiarezza del sapore superiore.<\/p>\n<h3>Panoramica e funzionalit\u00e0 di FIHP 90K<\/h3>\n<p>\u2022 Fino a 90.000 puff prestazioni ultra-lunghe<br \/>\n\u2022 Sistema a triplo sapore 3 in 1 (capacit\u00e0 totale 42 ml)<br \/>\n\u2022 Bobina a doppia rete da 0,9 \u03a9 per una maggiore densit\u00e0 di vapore<br \/>\n\u2022 Batteria ricaricabile da 650 mAh<br \/>\n\u2022 Supporto per la ricarica rapida di tipo C<br \/>\n\u2022 Schermo LED intelligente con percentuale della batteria in tempo reale<br \/>\n\u2022 Disponibile con concentrazioni di nicotina al 2% e al 5%<br \/>\n\u2022 10 combinazioni di sapori premium<br \/>\n\u2022 10 pezzi per scatola \u2013 confezione adatta all&#8217;ingrosso<\/p>\n<h3>Specifiche FIHP 90K<\/h3>\n<tr>\n<th>Funzionalit\u00e0<\/th>\n<th>Dettagli<\/th>\n<\/tr>\n<tr>\n<td>Conteggio dei soffi<\/td>\n<td>Fino a 90.000 sbuffi<\/td>\n<\/tr>\n<tr>\n<td>Capacit\u00e0 dell&#8217;e-liquid<\/td>\n<td>42 ml (sistema triplo sapore)<\/td>\n<\/tr>\n<tr>\n<td>Bobina<\/td>\n<td>Bobina a doppia maglia da 0,9\u03a9<\/td>\n<\/tr>\n<tr>\n<td>Batteria<\/td>\n<td>650mAh ricaricabile<\/td>\n<\/tr>\n<tr>\n<td>Ricarica<\/td>\n<td>Ricarica rapida di tipo C<\/td>\n<\/tr>\n<tr>\n<td>Visualizza<\/td>\n<td>LED intelligente (batteria in tempo reale%)<\/td>\n<\/tr>\n<tr>\n<td>Potenza di nicotina<\/td>\n<td>2%\/5%<\/td>\n<\/tr>\n<tr>\n<td>Imballaggio<\/td>\n<td>10 pezzi per scatola<\/td>\n<\/tr>\n<h3>Combinazioni di sapori FIHP 90K (sistema 3 in 1)<\/h3>\n<tr>\n<th>Combinazione di sapori<\/th>\n<th>Tripla Miscela<\/th>\n<\/tr>\n<tr>\n<td>Combinazione 1<\/td>\n<td>Ciliegia frizzante | Signora assassina | Orsetto gommoso<\/td>\n<\/tr>\n<tr>\n<td>Combinazione 2<\/td>\n<td>Mirtillo Lampone | Amore 666 | Ghiaccio alla pesca<\/td>\n<\/tr>\n<tr>\n<td>Combinazione 3<\/td>\n<td>Anguria Lampone | Frutti Di Bosco Misti | Pesca al mango<\/td>\n<\/tr>\n<tr>\n<td>Combinazione 4<\/td>\n<td>Limonata Blue Razz | Lampone Fragola | Caramella arcobaleno<\/td>\n<\/tr>\n<tr>\n<td>Combinazione 5<\/td>\n<td>Gomma da masticare all&#8217;anguria | Ghiaccio all&#8217;uva | Ghiaccio del Drago Nero<\/td>\n<\/tr>\n<tr>\n<td>Combinazione 6<\/td>\n<td>Ananas Cocco | Frutta Mista | Pesca al limone<\/td>\n<\/tr>\n<tr>\n<td>Combinazione 7<\/td>\n<td>Doppia mela | Banana Fragola | Anguria Lampone<\/td>\n<\/tr>\n<tr>\n<td>Combinazione 8<\/td>\n<td>Ghiaccio di anguria | Toro Rosso | Kiwi alla fragola<\/td>\n<\/tr>\n<tr>\n<td>Combinazione 9<\/td>\n<td>Ghiaccio al mirtillo | Anguria Fragola | Limone Lime<\/td>\n<\/tr>\n<tr>\n<td>Combinazione 10<\/td>\n<td>Bacca di pesca | Melone triplo | Ghiaccio all&#8217;anguria<\/td>\n<\/tr>\n<h3>Versioni disponibili FIHP 90K<\/h3>\n<p>Ciliegia frizzante, Signora Killer e Orsetto Gommoso<br \/>\nMirtillo Lampone &amp; Love 666 &amp; Pesca Ice<br \/>\nAnguria al lampone, frutti di bosco misti e pesca al mango<br \/>\nLimonata Blue Razz, lamponi alla fragola e caramelle arcobaleno<br \/>\nGomma da masticare all&#8217;anguria, ghiaccio all&#8217;uva e ghiaccio al drago nero<br \/>\nAnanas Cocco &amp; Frutta Mista &amp; Pesca Limone<br \/>\nDoppia Mela &amp; Fragola Banana &amp; Lampone Anguria<br \/>\nGhiaccio all&#8217;anguria, Red Bull e kiwi alla fragola<br \/>\nGhiaccio al mirtillo, fragola, anguria, limone e lime<br \/>\nBacche di pesca, triplo gelato di melone e anguria<\/p>\n<h3>Perch\u00e9 scegliere FIHP 90000 3 in 1 90K?<\/h3>\n<ul>\n<li>\ud83d\ude80 La capacit\u00e0 estrema di 90.000 puff riduce la frequenza di sostituzione<\/li>\n<li>\ud83c\udf53 Triplo cambio di sapore per una maggiore variet\u00e0<\/li>\n<li>\ud83d\udca8 Bobina a doppia mesh per nuvole enormi e gusto ricco<\/li>\n<li>\ud83d\udd0b Ricaricabile con monitoraggio della batteria a LED<\/li>\n<li>\u26a1 Comodit\u00e0 di ricarica rapida di tipo C<\/li>\n<li>\ud83d\udce6 Confezione da 10 pezzi\/scatola pronta per l&#8217;ingrosso<\/li>\n<li>\ud83c\udfea Ideale per negozi di vaporizzatori, distributori e acquirenti all&#8217;ingrosso<\/li>\n<\/ul>\n<p><strong>Il vaporizzatore usa e getta 3 in 1 FIHP 90000<\/strong> \u00e8 progettato per utenti abituali, cacciatori di sapori e distributori all&#8217;ingrosso che cercano dispositivi ad alta capacit\u00e0 e prestazioni premium. Con l&#8217;innovazione del triplo sapore, l&#8217;enorme potenza di boccata e il controllo LED intelligente, \u00e8 una potente aggiunta a qualsiasi inventario di negozi di vaporizzatori o portafoglio di distribuzione su larga scala.<\/p>\n<h3>Domande frequenti su FIHP 90K<\/h3>\n<p><strong>D1: Quanto dura il FIHP 90000?<\/strong><br \/>\nR: Eroga fino a 90.000 boccate a seconda delle abitudini di utilizzo, riducendo notevolmente la frequenza di sostituzione.<\/p>\n<p><strong>Q2: Il dispositivo \u00e8 ricaricabile?<\/strong><br \/>\nR: S\u00ec, \u00e8 dotato di una batteria ricaricabile da 650 mAh con ricarica rapida di tipo C.<\/p>\n<p><strong>Q3: gli utenti possono passare da una versione all&#8217;altra?<\/strong><br \/>\nR: S\u00ec, il sistema 3 in 1 integra tre gusti in un unico dispositivo per un&#8217;esperienza di svapo dinamica.<\/p>\n<p><strong>Q4: Quali concentrazioni di nicotina sono disponibili?<\/strong><br \/>\nR: \u00c8 disponibile nelle opzioni con nicotina al 2% e al 5%.<\/p>\n<p><strong>Q5: \u00c8 adatto per la vendita all&#8217;ingrosso?<\/strong><br \/>\nR: Assolutamente. \u00c8 disponibile in confezioni da 10 pezzi per scatola, il che lo rende ideale per i negozi di vaporizzatori e la distribuzione all&#8217;ingrosso.<\/p>\n","protected":false},"excerpt":{"rendered":"<p><strong>Il vaporizzatore usa e getta 3 in 1 FIHP 90000<\/strong> eroga fino a 90.000 boccate con tripli gusti, e-liquid da 42 ml, schermo LED e alimentazione ricaricabile, bobina a doppia rete, nuvole enormi, confezione pronta per la vendita all&#8217;ingrosso.<\/p>\n","protected":false},"featured_media":7020,"comment_status":"open","ping_status":"closed","template":"","meta":[],"product_brand":[],"product_cat":[1869],"product_tag":[1421,1498,1033,1378,462,775,2186,1535,1458,619],"class_list":{"0":"post-11328","1":"product","2":"type-product","3":"status-publish","4":"has-post-thumbnail","6":"product_cat-fihp","7":"product_tag-90000-boccate-svapate","8":"product_tag-fihp90000","9":"product_tag-fornitore-di-vaporizzatori-all-ingrosso","10":"product_tag-vaporizzatore-3-in-1","11":"product_tag-vaporizzatore-a-doppia-bobina","12":"product_tag-vaporizzatore-monouso-sfuso","13":"product_tag-vaporizzatore-triplo-sapore","14":"product_tag-vaporizzatore-usa-e-getta-con-schermo-led","15":"product_tag-vaporizzatore-usa-e-getta-da-90k","16":"product_tag-vaporizzatore-usa-e-getta-ricaricabile","18":"first","19":"instock","20":"shipping-taxable","21":"purchasable","22":"product-type-variable","23":"has-default-attributes"},"jetpack_sharing_enabled":true,"tiered_pricing_type":"fixed","tiered_pricing_fixed_rules":{"30":9.589999999999999857891452847979962825775146484375,"50":7.910000000000000142108547152020037174224853515625,"100":7.38999999999999968025576890795491635799407958984375,"200":6.7400000000000002131628207280300557613372802734375,"400":6.21999999999999975131004248396493494510650634765625},"tiered_pricing_product_settings":{"layout":"default","base_unit_name":{"singular":null,"plural":null},"default_variation":null},"tiered_pricing_minimum_quantity":10,"tiered_pricing_roles_data":[],"tiered_pricing_percentage_rules":[],"tiered_pricing_maximum_quantity":null,"tiered_pricing_quantity_step":"10","_links":{"self":[{"href":"https:\/\/ricovape.com\/it\/wp-json\/wp\/v2\/product\/11328","targetHints":{"allow":["GET"]}}],"collection":[{"href":"https:\/\/ricovape.com\/it\/wp-json\/wp\/v2\/product"}],"about":[{"href":"https:\/\/ricovape.com\/it\/wp-json\/wp\/v2\/types\/product"}],"replies":[{"embeddable":true,"href":"https:\/\/ricovape.com\/it\/wp-json\/wp\/v2\/comments?post=11328"}],"wp:featuredmedia":[{"embeddable":true,"href":"https:\/\/ricovape.com\/it\/wp-json\/wp\/v2\/media\/7020"}],"wp:attachment":[{"href":"https:\/\/ricovape.com\/it\/wp-json\/wp\/v2\/media?parent=11328"}],"wp:term":[{"taxonomy":"product_brand","embeddable":true,"href":"https:\/\/ricovape.com\/it\/wp-json\/wp\/v2\/product_brand?post=11328"},{"taxonomy":"product_cat","embeddable":true,"href":"https:\/\/ricovape.com\/it\/wp-json\/wp\/v2\/product_cat?post=11328"},{"taxonomy":"product_tag","embeddable":true,"href":"https:\/\/ricovape.com\/it\/wp-json\/wp\/v2\/product_tag?post=11328"}],"curies":[{"name":"wp","href":"https:\/\/api.w.org\/{rel}","templated":true}]}}