{"id":9839,"date":"2026-03-25T02:54:13","date_gmt":"2026-03-25T02:54:13","guid":{"rendered":"https:\/\/stage.jrfer.com\/product\/waspe-rud-60k-60-000-felfujas-hosszan-tarto-16-izesitesi-lehetoseg-omlesztett-eldobhato-vape\/"},"modified":"2026-04-09T12:40:49","modified_gmt":"2026-04-09T12:40:49","slug":"waspe-bar-60k-60000-puffs-long-lasting-16-flavor-options-bulk-disposable-vape","status":"publish","type":"product","link":"https:\/\/ricovape.com\/hu\/termek\/waspe-bar-60k-60000-puffs-long-lasting-16-flavor-options-bulk-disposable-vape\/","title":{"rendered":"WASPE r\u00fad 60K | 60 000 felf\u00faj\u00e1s, hosszan tart\u00f3, 16 \u00edzes\u00edt\u00e9si lehet\u0151s\u00e9g, \u00f6mlesztett eldobhat\u00f3 vape"},"content":{"rendered":"<p><img data-recalc-dims=\"1\" decoding=\"async\" class=\"alignnone size-full wp-image-114648\" src=\"https:\/\/i0.wp.com\/aiviouvapes.com\/wp-content\/uploads\/2026\/03\/WASPE-Bar-60K-Puffs-25.jpg?ssl=1\" alt=\"WASPE Bar 60K Puffs\" title=\"\"><\/&gt;&lt;puffs&quot; height=&quot;1\/942&quot; width=&quot;1\/942>&#8222;<\/p>\n<h3>Mi\u00e9rt v\u00e1lassza a WASPE Bar 60K-t?<\/h3>\n<ul>\n<li>\ud83d\udca8 <strong>Ak\u00e1r 60 000 f\u00faj\u00e1s<\/strong> a hosszan tart\u00f3 haszn\u00e1lat \u00e9s a jobb \u00e9rt\u00e9k \u00e9rdek\u00e9ben<\/li>\n<li>\ud83c\udf53 <strong>16 n\u00e9pszer\u0171 gy\u00fcm\u00f6lcs- \u00e9s j\u00e9g \u00edz<\/strong> a v\u00e1s\u00e1rl\u00f3k k\u00fcl\u00f6nb\u00f6z\u0151 \u00edzl\u00e9s\u00e9nek megfelel\u0151en<\/li>\n<li>\ud83e\uddca Sima \u00e9s \u00e9lvezetes \u00edz\u00e9lm\u00e9ny a napi g\u0151z\u00f6l\u00e9shez<\/li>\n<li>\ud83d\udd0b Olyan neh\u00e9z felhaszn\u00e1l\u00f3k sz\u00e1m\u00e1ra k\u00e9sz\u00fclt, akik hossz\u00fa ideig haszn\u00e1lhat\u00f3, eldobhat\u00f3 eszk\u00f6zt szeretn\u00e9nek<\/li>\n<li>\ud83c\udf0d <strong>0%, 2% \u00e9s 5% nikotintartalommal<\/strong> kaphat\u00f3, k\u00fcl\u00f6nb\u00f6z\u0151 piaci ig\u00e9nyekhez<\/li>\n<li>\ud83d\udce6 <strong>160 db kartononk\u00e9nt<\/strong> \u00e9s <strong>10 db\/doboz<\/strong>, ide\u00e1lis nagykereskedelmi rendel\u00e9sekhez<\/li>\n<li>\ud83c\udfea Nagyszer\u0171 vape boltok, forgalmaz\u00f3k, import\u0151r\u00f6k \u00e9s online vape \u00e1rusok sz\u00e1m\u00e1ra.<\/li>\n<li>\ud83d\ude80 Er\u0151s, nagy puffad\u00e1s\u00fa term\u00e9k vonz\u00f3 eldobhat\u00f3 vape term\u00e9kcsal\u00e1d kialak\u00edt\u00e1s\u00e1hoz<\/li>\n<\/ul>\n<h3>WASPE Bar 60K eldobhat\u00f3 vape r\u00e9szletek<\/h3>\n<p>A <strong>WASPE Bar 60K Puffs eldobhat\u00f3 vape<\/strong> egy nagy kapacit\u00e1s\u00fa eszk\u00f6z olyan \u00fcgyfelek sz\u00e1m\u00e1ra, akik t\u00f6bb puffant, \u00edzesebbet \u00e9s nagyobb k\u00e9nyelmet szeretn\u00e9nek egyetlen term\u00e9kben. Ez egy nagyszer\u0171 lehet\u0151s\u00e9g azokon a piacokon, ahol tart\u00f3s eldobhat\u00f3 g\u0151z\u00f6kre van sz\u00fcks\u00e9g, szemet gy\u00f6ny\u00f6rk\u00f6dtet\u0151 \u00edzv\u00e1laszt\u00e9kkal \u00e9s rugalmas nikotiner\u0151ss\u00e9gekkel.<\/p>\n<p>A B2B v\u00e1s\u00e1rl\u00f3k sz\u00e1m\u00e1ra a WASPE Bar 60K k\u00f6nnyen hozz\u00e1adhat\u00f3 term\u00e9k a nagykereskedelmi katal\u00f3gushoz. A 60 000 puffad\u00e1sos kapacit\u00e1s seg\u00edt abban, hogy kit\u0171nj\u00f6n a versenyben \u00e1ll\u00f3 eldobhat\u00f3 vape piacon, m\u00edg az \u00edzv\u00e1laszt\u00e9kban megtal\u00e1lhat\u00f3ak a sok fogyaszt\u00f3 \u00e1ltal kedvelt gy\u00fcm\u00f6lcs\u00f6s, jeges, \u00e9des \u00e9s vegyes profilok. Ez megk\u00f6nny\u00edti a forgalmaz\u00f3k \u00e9s a vape \u00fczletek sz\u00e1m\u00e1ra, hogy megc\u00e9lozz\u00e1k mind a mindennapi vapepereket, mind a mer\u00e9sz, \u00faj \u00edz\u00e9lm\u00e9nyt keres\u0151 v\u00e1s\u00e1rl\u00f3kat. \u2728<\/p>\n<h3>A WASPE Bar 60K specifik\u00e1ci\u00f3i<\/h3>\n<tbody>\n<tr>\n<th>Term\u00e9k neve<\/th>\n<td>WASPE r\u00fad 60 ezer puff<\/td>\n<\/tr>\n<tr>\n<th>Eszk\u00f6z t\u00edpusa<\/th>\n<td>Egyszer haszn\u00e1latos Vape-eszk\u00f6z<\/td>\n<\/tr>\n<tr>\n<th>Puff Count<\/th>\n<td>60 000 f\u00faj\u00e1s<\/td>\n<\/tr>\n<tr>\n<th>Nikotin er\u0151ss\u00e9ge<\/th>\n<td>0% \/ 2% \/ 5%<\/td>\n<\/tr>\n<tr>\n<th>\u00cdzlehet\u0151s\u00e9gek<\/th>\n<td>16 \u00edz<\/td>\n<\/tr>\n<tr>\n<th>Csomagol\u00e1s<\/th>\n<td>10 db\/doboz<\/td>\n<\/tr>\n<tr>\n<th>Karton mennyis\u00e9g<\/th>\n<td>160 db\/ctn<\/td>\n<\/tr>\n<tr>\n<th>Brutt\u00f3 t\u00f6meg<\/th>\n<td>20,8 kg<\/td>\n<\/tr>\n<tr>\n<th>Vev\u0151k megc\u00e9lz\u00e1sa<\/th>\n<td>Nagykeresked\u0151k, forgalmaz\u00f3k, vape \u00fczletek, kiskeresked\u0151k<\/td>\n<\/tr>\n<\/tbody>\n<\/table>\n<h3>WASPE b\u00e1r 60K \u00edzek \ud83c\udf4d\ud83c\udf47\ud83c\udf49<\/h3>\n<p><strong>G\u00f6r\u00f6gdinnye j\u00e9g<\/strong> \u2013 l\u00e9d\u00fas g\u00f6r\u00f6gdinnye \u00edz h\u0171v\u00f6s, jeges lecseng\u00e9ssel, friss \u00e9s k\u00f6nnyen fogyaszthat\u00f3.<\/p>\n<p><strong>\u00c1fonya j\u00e9g<\/strong> \u2013 \u00c9des \u00e1fonya \u00edz keverve egy ropog\u00f3s h\u0171s\u00edt\u0151 \u00e9rint\u00e9ssel.<\/p>\n<p><strong>Sz\u0151l\u0151j\u00e9g<\/strong> \u2013 Gazdag sz\u0151l\u0151 \u00e9dess\u00e9g, friss\u00edt\u0151 jeges jegyekkel.<\/p>\n<p><strong>Citrom M\u00e9sz<\/strong> \u2013 Ragyog\u00f3 citrusos \u00edz, cs\u00edp\u0151s \u00e9s \u00e9l\u00e9nk \u00edzzel.<\/p>\n<p><strong>Eperban\u00e1n<\/strong> \u2013 Sima \u00e9s \u00e9des gy\u00fcm\u00f6lcskever\u00e9k, amelyet sok vape-felhaszn\u00e1l\u00f3 szeret.<\/p>\n<p><strong>Kevert bogy\u00f3s gy\u00fcm\u00f6lcs\u00f6k<\/strong> \u2013 Mer\u00e9sz bogy\u00f3s kever\u00e9k, t\u00f6bbr\u00e9teg\u0171 \u00e9des \u00e9s fanyar jegyekkel.<\/p>\n<p><strong>Red Bull J\u00e9g<\/strong> \u2013 Energiaital ihlette \u00edz h\u0171v\u00f6s lecseng\u00e9ssel az er\u0151sebb \u00edz\u00e9rt.<\/p>\n<p><strong>Kiwi g\u00f6r\u00f6gdinnye<\/strong> \u2013 A l\u00e9d\u00fas g\u00f6r\u00f6gdinnye \u00e9s a cs\u00edp\u0151s kivi kiegyens\u00falyozott kever\u00e9ke.<\/p>\n<p><strong>Eper g\u00f6r\u00f6gdinnye<\/strong> \u2013 \u00c9des \u00e9s friss\u00edt\u0151 gy\u00fcm\u00f6lcskombin\u00e1ci\u00f3 sz\u00e9les k\u00f6r\u0171 v\u00e1s\u00e1rl\u00f3i vonzer\u0151vel.<\/p>\n<p><strong>\u00c1fonya m\u00e1lna cseresznye<\/strong> \u2013 Gazdag h\u00e1rmas bogy\u00f3s profil m\u00e9ly \u00e9dess\u00e9ggel \u00e9s gy\u00fcm\u00f6lcs\u00f6s \u00f6sszetetts\u00e9ggel.<\/p>\n<p><strong>Szederes feketeribizli<\/strong> \u2013 S\u00f6t\u00e9t bogy\u00f3s \u00edz, mer\u00e9sz \u00e9s enyh\u00e9n cs\u00edp\u0151s lecseng\u00e9ssel.<\/p>\n<p><strong>Eper Black Dragon Ice<\/strong> \u2013 K\u00fcl\u00f6nleges gy\u00fcm\u00f6lcskever\u00e9k \u00e9des eperrel \u00e9s h\u0171v\u00f6s egzotikus csavarral.<\/p>\n<p><strong>Epres kiwi<\/strong> \u2013 Klasszikus gy\u00fcm\u00f6lcskombin\u00e1ci\u00f3 \u00e9des \u00e9s cs\u00edp\u0151s egyens\u00falyban.<\/p>\n<p><strong>K\u00e9k Cseresznye K\u00f3la<\/strong> \u2013 A bogy\u00f3s gy\u00fcm\u00f6lcs\u00f6k, a cseresznye \u00e9s a k\u00f3la ihlette \u00edzek sz\u00f3rakoztat\u00f3 \u00e9s egyedi kever\u00e9ke.<\/p>\n<p><strong>Kiwi dinnye j\u00e9g<\/strong> \u2013 Friss dinnyekever\u00e9k kiwi f\u00e9nyess\u00e9ggel \u00e9s jeges simas\u00e1ggal.<\/p>\n<p><strong>\u0150szibarack mang\u00f3 anan\u00e1sz<\/strong> \u2013 Tr\u00f3pusi gy\u00fcm\u00f6lcskever\u00e9k, tele \u00e9des, l\u00e9d\u00fas \u00e9s napos \u00edzzel. \ud83c\udf34<\/p>\n<p><img data-recalc-dims=\"1\" decoding=\"async\" class=\"alignnone size-full wp-image-114647\" src=\"https:\/\/i0.wp.com\/aiviouvapes.com\/wp-content\/uploads\/2026\/03\/WASPE-Bar-60K-Puffs-24.jpg?w=19020&#038;ssl=1\"  alt=\"\" title=\"\">&lt;=&quot;1080&quot;<\/p>\n<h3>GYIK a WASPE Bar 60K-r\u00f3l \u2753<\/h3>\n<h4>1. H\u00e1ny f\u00faj\u00e1st k\u00edn\u00e1l a WASPE Bar 60K?<\/h4>\n<p>A WASPE Bar 60K ak\u00e1r <strong>60 000 f\u00faj\u00e1st<\/strong> is k\u00edn\u00e1l, \u00edgy nagyszer\u0171 v\u00e1laszt\u00e1s azoknak a felhaszn\u00e1l\u00f3knak, akik hosszan tart\u00f3 eldobhat\u00f3 vape-ra v\u00e1gynak.<\/p>\n<h4>2. Milyen er\u0151ss\u00e9g\u0171 nikotin kaphat\u00f3?<\/h4>\n<p>Ez az eszk\u00f6z <strong>0%, 2% \u00e9s 5% nikotintartalm\u00fa<\/strong> v\u00e1ltozatban kaphat\u00f3, \u00edgy megfelel a k\u00fcl\u00f6nb\u00f6z\u0151 v\u00e1s\u00e1rl\u00f3i preferenci\u00e1knak \u00e9s piaci ig\u00e9nyeknek.<\/p>\n<h4>3. H\u00e1ny \u00edze van ennek a modellnek?<\/h4>\n<p>A WASPE Bar 60K <strong>16 \u00edzv\u00e1ltozatban<\/strong> kaphat\u00f3, bele\u00e9rtve a gy\u00fcm\u00f6lcs\u00f6t, jeget, bogy\u00f3t, tr\u00f3pusi \u00e9s italok \u00e1ltal ihletett \u00edzeket.<\/p>\n<h4>4. A WASPE Bar 60K j\u00f3 nagykereskedelemre?<\/h4>\n<p>Igen. <strong>10 db\/doboz<\/strong> \u00e9s <strong>160 db\/karton<\/strong> r\u00e9v\u00e9n kiv\u00e1l\u00f3an alkalmas nagykeresked\u0151k, forgalmaz\u00f3k \u00e9s vape \u00fczletek sz\u00e1m\u00e1ra, akik t\u00f6meges eldobhat\u00f3 vape-ell\u00e1t\u00e1st keresnek.<\/p>\n<h4>5. Kinek a legjobb ez a term\u00e9k?<\/h4>\n<p>Ez a term\u00e9k ide\u00e1lis azoknak a nagy felhaszn\u00e1l\u00f3knak, az \u00edzek kedvel\u0151inek, az eldobhat\u00f3 vape-kiskeresked\u0151knek \u00e9s a B2B v\u00e1s\u00e1rl\u00f3knak, akik egy nagy puffad\u00e1s\u00fa modellt szeretn\u00e9nek sz\u00e9les \u00e9rt\u00e9kes\u00edt\u00e9si potenci\u00e1llal.<\/p>\n<h4>6. Mi\u00e9rt vonz\u00f3 a WASPE Bar 60K a vape boltok sz\u00e1m\u00e1ra?<\/h4>\n<p>Egy eszk\u00f6zben egyes\u00edti a nagyon magas puffad\u00e1ssz\u00e1mot, a rugalmas nikotinv\u00e1laszt\u00e9kot \u00e9s a n\u00e9pszer\u0171 \u00edzeket, \u00edgy a vape \u00fczletek versenyk\u00e9pesebb \u00e9s vonz\u00f3bb term\u00e9kv\u00e1laszt\u00e9kot k\u00edn\u00e1lnak.<\/p>\n<h3>A WASPE Bar 60K \u00e1ttekint\u00e9se<\/h3>\n<p>A <\/p>\n<p><strong>WASPE Bar 60K eldobhat\u00f3 vape<\/strong> kiv\u00e1l\u00f3 v\u00e1laszt\u00e1s <strong>s\u00falyos felhaszn\u00e1l\u00f3knak<\/strong>, akik hosszabb ideig szeretn\u00e9nek haszn\u00e1lni, <strong>\u00edzkeres\u0151knek<\/strong>, akik szeretik a gy\u00fcm\u00f6lcs\u00f6s \u00e9s jeges kever\u00e9keket, valamint a <strong>vape boltok \u00e9s nagykereskedelmi forgalmaz\u00f3k<\/strong> sz\u00e1m\u00e1ra, akik nagy kereslet\u0171 eldobhat\u00f3 vape term\u00e9ket keresnek. Ak\u00e1r 60 000 felf\u00faj\u00e1ssal, rugalmas nikotinszinttel \u00e9s nagykereskedelmi haszn\u00e1latra k\u00e9sz csomagol\u00e1ssal ez a modell a kiskereskedelmi sikerek \u00e9s a t\u00f6meges forgalmaz\u00e1s n\u00f6veked\u00e9s\u00e9nek t\u00e1mogat\u00e1s\u00e1ra k\u00e9sz\u00fclt. \ud83d\udcc8<\/p>\n","protected":false},"excerpt":{"rendered":"<p>\u00c9lvezze az er\u0151teljes <strong>WASPE Bar 60K eldobhat\u00f3 g\u0151zt<\/strong> ak\u00e1r <strong>60 000 f\u00faj\u00e1ssal<\/strong>, gazdag gy\u00fcm\u00f6lcs- \u00e9s j\u00e9g\u00edzekkel, valamint rugalmas <strong>0% \/ 2% \/ 5% nikotin<\/strong> opci\u00f3kkal. Okos v\u00e1laszt\u00e1s vape-nagykeresked\u0151k, forgalmaz\u00f3k \u00e9s neh\u00e9z felhaszn\u00e1l\u00f3k sz\u00e1m\u00e1ra, akik er\u0151s piaci vonzer\u0151vel rendelkez\u0151, nagy puffad\u00e1s\u00fa eldobhat\u00f3 vape-t keresnek. \ud83d\ude80<\/p>\n","protected":false},"featured_media":7064,"comment_status":"open","ping_status":"closed","template":"","meta":[],"product_brand":[],"product_cat":[692,1922,391],"product_tag":[],"class_list":{"0":"post-9839","1":"product","2":"type-product","3":"status-publish","4":"has-post-thumbnail","6":"product_cat-60000-puff-eldobhato-vape","7":"product_cat-uj","8":"product_cat-waspe","10":"first","11":"instock","12":"shipping-taxable","13":"purchasable","14":"product-type-variable","15":"has-default-attributes"},"jetpack_sharing_enabled":true,"tiered_pricing_type":"fixed","tiered_pricing_fixed_rules":{"30":8.3599999999999994315658113919198513031005859375,"50":7.12999999999999989341858963598497211933135986328125,"100":6.589999999999999857891452847979962825775146484375,"200":6.29000000000000003552713678800500929355621337890625,"400":5.9900000000000002131628207280300557613372802734375},"tiered_pricing_product_settings":{"layout":"default","base_unit_name":{"singular":null,"plural":null},"default_variation":null},"tiered_pricing_minimum_quantity":10,"tiered_pricing_roles_data":[],"tiered_pricing_percentage_rules":[],"tiered_pricing_maximum_quantity":null,"tiered_pricing_quantity_step":"10","_links":{"self":[{"href":"https:\/\/ricovape.com\/hu\/wp-json\/wp\/v2\/product\/9839","targetHints":{"allow":["GET"]}}],"collection":[{"href":"https:\/\/ricovape.com\/hu\/wp-json\/wp\/v2\/product"}],"about":[{"href":"https:\/\/ricovape.com\/hu\/wp-json\/wp\/v2\/types\/product"}],"replies":[{"embeddable":true,"href":"https:\/\/ricovape.com\/hu\/wp-json\/wp\/v2\/comments?post=9839"}],"wp:featuredmedia":[{"embeddable":true,"href":"https:\/\/ricovape.com\/hu\/wp-json\/wp\/v2\/media\/7064"}],"wp:attachment":[{"href":"https:\/\/ricovape.com\/hu\/wp-json\/wp\/v2\/media?parent=9839"}],"wp:term":[{"taxonomy":"product_brand","embeddable":true,"href":"https:\/\/ricovape.com\/hu\/wp-json\/wp\/v2\/product_brand?post=9839"},{"taxonomy":"product_cat","embeddable":true,"href":"https:\/\/ricovape.com\/hu\/wp-json\/wp\/v2\/product_cat?post=9839"},{"taxonomy":"product_tag","embeddable":true,"href":"https:\/\/ricovape.com\/hu\/wp-json\/wp\/v2\/product_tag?post=9839"}],"curies":[{"name":"wp","href":"https:\/\/api.w.org\/{rel}","templated":true}]}}