{"id":6520,"date":"2025-11-03T07:33:55","date_gmt":"2025-11-03T07:33:55","guid":{"rendered":"https:\/\/ricovape.com\/?post_type=product&#038;p=6520"},"modified":"2026-04-08T01:53:08","modified_gmt":"2026-04-08T01:53:08","slug":"jnr-rage-gorilla-55k-dual-mesh-55000-puffs-smart-disposable-vape","status":"publish","type":"product","link":"https:\/\/ricovape.com\/hu\/product\/jnr-rage-gorilla-55k-dual-mesh-55000-puffs-smart-disposable-vape\/","title":{"rendered":"JNR Rage Gorilla 55K | dual mesh 55000 puffs intelligens eldobhat\u00f3 vape"},"content":{"rendered":"<h2>JNR Rage Gorilla 55K | dual mesh 55000 puff okos k\u00e9perny\u0151 eldobhat\u00f3 vape<\/h2>\n<h3>Mi\u00e9rt v\u00e1lassza az JNR Rage Gorilla 55K-t?<\/h3>\n<ul>\n<li>\ud83d\udcaa <strong>Massz\u00edv 55,000 puffok<\/strong> - Az utols\u00f3 slukkig tart\u00f3ss\u00e1gra \u00e9s egyenletes \u00edzre tervezt\u00e9k.<\/li>\n<li>\u26a1 <strong>Kett\u0151s h\u00e1l\u00f3s tekercs<\/strong> - \u00c9lvezze a gazdagabb \u00edzt, a sim\u00e1bb g\u0151zt \u00e9s a gyorsabb felmeleged\u00e9st.<\/li>\n<li>\ud83d\udd0b <strong>\u00dajrat\u00f6lthet\u0151 950mAh akkumul\u00e1tor<\/strong> - A Type-C gyorst\u00f6lt\u00e9ssel tov\u00e1bb p\u00e1rologhatsz.<\/li>\n<li>\ud83d\udcf1 <strong>Intelligens LED k\u00e9perny\u0151<\/strong> - Val\u00f3s idej\u0171 kijelz\u0151 a puffok sz\u00e1m\u00e1r\u00f3l \u00e9s az akkumul\u00e1tor t\u00f6lt\u00f6tts\u00e9gi szintj\u00e9r\u0151l.<\/li>\n<li>\ud83c\udf08 <strong>Sz\u00e9les \u00edzv\u00e1laszt\u00e9k<\/strong> - 20 \u00edzletes lehet\u0151s\u00e9g a gy\u00fcm\u00f6lcs\u00f6s \u00e9s a jeges kever\u00e9kekt\u0151l.<\/li>\n<li>\ud83d\udca7 <strong>Hatalmas 42ml E-folyad\u00e9k kapacit\u00e1s<\/strong> - Nincs sz\u00fcks\u00e9g ut\u00e1nt\u00f6lt\u00e9sre, csak tiszta el\u00e9gedetts\u00e9g.<\/li>\n<li>\ud83d\udcbc Ide\u00e1lis <strong>nagykereskedelmi forgalmaz\u00e1s, vape shopok, vagy B2B t\u00f6meges megrendel\u00e9sek<\/strong>.<\/li>\n<\/ul>\n<p><img data-recalc-dims=\"1\" decoding=\"async\" style=\"max-width: 100%; height: auto; display: block; margin: 0 auto;\" src=\"https:\/\/i0.wp.com\/ricovape.com\/wp-content\/uploads\/2025\/11\/JNR-RAGE-GORILLA-55000-Puffs-Dual-Mesh-Authentic-Disposable-Vape-Low-Nicotine-Bulk-Buy-Wholesale-10-scaled-1.webp?ssl=1\" alt=\"JNR Rage Gorilla 55K \" title=\"\"><\/p>\n<h3>M\u0171szaki adatok<\/h3>\n<table border=\"1\" cellpadding=\"6\">\n<tbody>\n<tr>\n<td><strong>Hozz\u00e1vet\u0151leges puff sz\u00e1m<\/strong><\/td>\n<td>55,000<\/td>\n<\/tr>\n<tr>\n<td><strong>E-folyad\u00e9k kapacit\u00e1s<\/strong><\/td>\n<td>42 ml<\/td>\n<\/tr>\n<tr>\n<td><strong>Akkumul\u00e1tor<\/strong><\/td>\n<td>950 mAh (C-t\u00edpuson kereszt\u00fcl \u00fajrat\u00f6lthet\u0151)<\/td>\n<\/tr>\n<tr>\n<td><strong>Tekercs rendszer<\/strong><\/td>\n<td>Kett\u0151s h\u00e1l\u00f3s tekercs<\/td>\n<\/tr>\n<tr>\n<td><strong>Nikotin er\u0151ss\u00e9ge<\/strong><\/td>\n<td>0%, 2%, 5%<\/td>\n<\/tr>\n<tr>\n<td><strong>K\u00e9perny\u0151 megjelen\u00edt\u00e9se<\/strong><\/td>\n<td>Smart LED (akkumul\u00e1tor \u00e9s puffsz\u00e1m)<\/td>\n<\/tr>\n<tr>\n<td><strong>T\u00f6lt\u0151port<\/strong><\/td>\n<td>C t\u00edpus\u00fa gyorst\u00f6lt\u00e9s<\/td>\n<\/tr>\n<\/tbody>\n<\/table>\n<h3>El\u00e9rhet\u0151 \u00edzek \ud83c\udf53\ud83c\udf4d\ud83c\udf49<\/h3>\n<p>Fedezze fel a mer\u00e9sz \u00e9s l\u00e9d\u00fas \u00edzeket, amelyek minden \u00edzl\u00e9snek megfelelnek:<\/p>\n<ul>\n<li><strong>Eper j\u00e9g<\/strong> - Klasszikus bogy\u00f3s gy\u00fcm\u00f6lcs\u00f6s \u00e9dess\u00e9g fagyos csavarral.<\/li>\n<li><strong>Cherry Cola<\/strong> \u2013 Pezsg\u0151 \u00e9s fanyar k\u00f3l\u00e1s \u00edz, csereszny\u00e9s popcornnal. \ud83e\udd64<\/li>\n<li><strong>G\u00f6r\u00f6gdinnye j\u00e9g<\/strong> \u2013 Friss\u00edt\u0151 ny\u00e1ri hangulat j\u00e9ghideg h\u0171s\u00e9ggel. \ud83c\udf49<\/li>\n<li><strong>K\u00e9k Razz cseresznye<\/strong> - \u00c9des, savany\u00fa \u00e9s l\u00e9d\u00fas robban\u00e1s minden slukkban.<\/li>\n<li><strong>Eper Kiwi<\/strong> \u2013 Tr\u00f3pusi gy\u00fcm\u00f6lcs\u00f6k harm\u00f3ni\u00e1ja a sima \u00e9lvezet\u00e9rt. \ud83c\udf53\ud83e\udd5d<\/li>\n<li><strong>L\u00e9d\u00fas barackok<\/strong> \u2013 \u00c9rett, b\u00e1rsonyos \u0151szibarack \u00edz, amely sok\u00e1ig megmarad. \ud83c\udf51<\/li>\n<li><strong>\u00c1fonya j\u00e9g<\/strong> \u2013 Er\u0151s \u00e1fonya \u00edz, melyet jeges frissess\u00e9g kiegyens\u00falyoz. \u2744\ufe0f<\/li>\n<li><strong>Vegyes bogy\u00f3s gy\u00fcm\u00f6lcs\u00f6k<\/strong> - \u00c9des bogy\u00f3s gy\u00fcm\u00f6lcs\u00f6k kever\u00e9ke, fanyar alaphangokkal.<\/li>\n<li><strong>Dupla alma<\/strong> \u2013 Friss, \u00e9des \u00edz\u0171 piros \u00e9s z\u00f6ld alma. \ud83c\udf4f\ud83c\udf4e<\/li>\n<li><strong>Cherry Berry<\/strong> - Gy\u00fcm\u00f6lcs\u00f6s \u00e9s \u00e9des cseresznye \u00e9s erdei bogy\u00f3s gy\u00fcm\u00f6lcs\u00f6k kever\u00e9ke.<\/li>\n<li><strong>\u00c1fonya M\u00e1lna Cseresznye<\/strong> - H\u00e1romszoros bogy\u00f3s gy\u00fcm\u00f6lcsf\u00fazi\u00f3 a m\u00e9ly \u00edzek rajong\u00f3inak.<\/li>\n<li><strong>Eper g\u00f6r\u00f6gdinnye j\u00e9g<\/strong> \u2013 L\u00e9d\u00fas \u00e9dess\u00e9g \u00e9s jeges frissess\u00e9g. \u2744\ufe0f<\/li>\n<li><strong>Kiwi g\u00f6r\u00f6gdinnye j\u00e9g<\/strong> - Fanyar kiwi csavar egy h\u0171v\u00f6s dinnye alapon.<\/li>\n<li><strong>\u00c1fonya savany\u00fa m\u00e1lna<\/strong> - Ebben a pik\u00e1ns kever\u00e9kben a fanyar \u00e9s az \u00e9des tal\u00e1lkozik.<\/li>\n<li><strong>Feh\u00e9r barack Razz<\/strong> - Sima \u00e9s kr\u00e9mes barack, m\u00e1ln\u00e1s lecseng\u00e9ssel.<\/li>\n<li><strong>Mango passi\u00f3gy\u00fcm\u00f6lcs<\/strong> \u2013 Egzotikus tr\u00f3pusi robban\u00e1s, pik\u00e1ns csavarral. \ud83e\udd6d<\/li>\n<li><strong>Barack mang\u00f3 g\u00f6r\u00f6gdinnye<\/strong> - T\u00f6bbr\u00e9teg\u0171 gy\u00fcm\u00f6lcs\u00f6s \u00e9lvezet minden slukkban.<\/li>\n<li><strong>G\u00f6r\u00f6gdinnye Bubblegum<\/strong> \u2013 Vid\u00e1m, \u00e9des \u00e9s nosztalgikus \u00edz\u0171 pop. \ud83c\udf6c<\/li>\n<li><strong>Eper ban\u00e1n<\/strong> \u2013 Kr\u00e9mes ban\u00e1n \u00e9s \u00e9des eper. \ud83c\udf53\ud83c\udf4c<\/li>\n<li><strong>Kiwi Passion Guava<\/strong> - Mer\u00e9sz, tr\u00f3pusi \u00e9s vibr\u00e1l\u00f3 - az \u00edzvad\u00e1szok \u00e1lma!<\/li>\n<\/ul>\n<h3>T\u00f6k\u00e9letes<\/h3>\n<p>A <strong>JNR Rage Gorilla 55K<\/strong> t\u00f6k\u00e9letes v\u00e1laszt\u00e1s azoknak a gyakori felhaszn\u00e1l\u00f3knak, \u00edzvad\u00e1szoknak \u00e9s felh\u0151im\u00e1d\u00f3knak, akik tart\u00f3s teljes\u00edtm\u00e9nyt \u00e9s pr\u00e9mium \u00edzt keresnek. \ud83d\udca8 A vaporiz\u00e1tor-\u00fczletek \u00e9s forgalmaz\u00f3k im\u00e1dni fogj\u00e1k megb\u00edzhat\u00f3 teljes\u00edtm\u00e9ny\u00e9t, hossz\u00fa \u00e9lettartam\u00e1t \u00e9s leny\u0171g\u00f6z\u0151 \u00edzv\u00e1laszt\u00e9k\u00e1t \u2013 ide\u00e1lis v\u00e1laszt\u00e1s azoknak, akik <strong>nagykereskedelmi t\u00f6megrendel\u00e9sek<\/strong>.<\/p>\n<h3>GYIK \ud83e\uddd0<\/h3>\n<ul>\n<li><strong>K: Az JNR Rage Gorilla \u00fajrat\u00f6lthet\u0151?<\/strong><br \/>\nA: Igen! 950mAh kapacit\u00e1s\u00fa akkumul\u00e1tort tartalmaz, Type-C gyorst\u00f6lt\u00e9si t\u00e1mogat\u00e1ssal.<\/li>\n<li><strong>K: Ellen\u0151rizhetem a puffok sz\u00e1m\u00e1t \u00e9s az akkumul\u00e1tor t\u00f6lt\u00f6tts\u00e9gi szintj\u00e9t?<\/strong><br \/>\nA: Term\u00e9szetesen. Az intelligens LED-k\u00e9perny\u0151 val\u00f3s idej\u0171 puff \u00e9s akkumul\u00e1tor inform\u00e1ci\u00f3kat mutat.<\/li>\n<li><strong>K: H\u00e1nyf\u00e9le \u00edzes\u00edt\u00e9s \u00e1ll rendelkez\u00e9sre?<\/strong><br \/>\nV: 15+ lehet\u0151s\u00e9g, gy\u00fcm\u00f6lcs\u00f6s \u00e9s jeges kever\u00e9kekkel, minden \u00edzl\u00e9snek megfelel\u0151en.<\/li>\n<li><strong>K: Kinek ide\u00e1lis ez a vape?<\/strong><br \/>\nV: Nagyszer\u0171 szem\u00e9lyes haszn\u00e1latra, vape shopok, forgalmaz\u00f3k \u00e9s B2B nagykeresked\u0151k sz\u00e1m\u00e1ra.<\/li>\n<li><strong>K: A nikotin v\u00e1laszthat\u00f3?<\/strong><br \/>\nV: Igen, 0%, 2% \u00e9s 5% nikotin er\u0151ss\u00e9gben kaphat\u00f3.<\/li>\n<\/ul>\n<p>\ud83d\ude80 Szerezd meg a <strong>JNR Rage Gorilla 55000 Puffs eldobhat\u00f3 Vape<\/strong> m\u00e9g ma, \u00e9s tapasztalja meg a p\u00e1ratlan teljes\u00edtm\u00e9nyt, \u00edzt \u00e9s k\u00e9nyelmet - t\u00f6k\u00e9letes v\u00e1laszt\u00e1s a modern vaperek \u00e9s az \u00fczleti v\u00e1s\u00e1rl\u00f3k sz\u00e1m\u00e1ra egyar\u00e1nt!<\/p>","protected":false},"excerpt":{"rendered":"<p>\ud83d\udd25 Az er\u0151 tal\u00e1lkozik az \u00edzzel! A <strong>JNR Rage Gorilla 55000 Puffs eldobhat\u00f3 Vape<\/strong> hatalmas felh\u0151ket, ultra-sima h\u00faz\u00e1st \u00e9s tart\u00f3s teljes\u00edtm\u00e9nyt biztos\u00edt - t\u00f6k\u00e9letes mind a vape szerelmeseinek, mind a nagykereskedelmi v\u00e1s\u00e1rl\u00f3knak. \ud83d\udca8<\/p>","protected":false},"featured_media":6550,"comment_status":"open","ping_status":"closed","template":"","meta":[],"product_brand":[100],"product_cat":[97,139,78,89],"product_tag":[153,154,130,155,156,157],"class_list":{"0":"post-6520","1":"product","2":"type-product","3":"status-publish","4":"has-post-thumbnail","6":"product_brand-jnr","7":"product_cat-60000-puffs-disposable-vape","8":"product_cat-cheap-rechargeable-disposable-vapes","9":"product_cat-dual-mesh-vapes","10":"product_cat-jnr","11":"product_tag-55000-puffs-disposable-vape","12":"product_tag-best-disposable-vapes","13":"product_tag-dual-mesh-coil-vape","14":"product_tag-jnr-rage-gorilla-55k","15":"product_tag-rechargeable-long-lasting-vape","16":"product_tag-smart-screen-vape-device","18":"first","19":"instock","20":"shipping-taxable","21":"purchasable","22":"product-type-variable","23":"has-default-attributes"},"jetpack_sharing_enabled":true,"tiered_pricing_type":"fixed","tiered_pricing_fixed_rules":{"30":9.6899999999999995026200849679298698902130126953125,"50":7.95999999999999996447286321199499070644378662109375,"100":7.3499999999999996447286321199499070644378662109375,"200":6.980000000000000426325641456060111522674560546875,"400":6.480000000000000426325641456060111522674560546875},"tiered_pricing_product_settings":{"layout":"default","base_unit_name":{"singular":null,"plural":null},"default_variation":null},"tiered_pricing_minimum_quantity":10,"tiered_pricing_roles_data":[],"tiered_pricing_percentage_rules":[],"tiered_pricing_maximum_quantity":null,"tiered_pricing_quantity_step":"10","_links":{"self":[{"href":"https:\/\/ricovape.com\/hu\/wp-json\/wp\/v2\/product\/6520","targetHints":{"allow":["GET"]}}],"collection":[{"href":"https:\/\/ricovape.com\/hu\/wp-json\/wp\/v2\/product"}],"about":[{"href":"https:\/\/ricovape.com\/hu\/wp-json\/wp\/v2\/types\/product"}],"replies":[{"embeddable":true,"href":"https:\/\/ricovape.com\/hu\/wp-json\/wp\/v2\/comments?post=6520"}],"wp:featuredmedia":[{"embeddable":true,"href":"https:\/\/ricovape.com\/hu\/wp-json\/wp\/v2\/media\/6550"}],"wp:attachment":[{"href":"https:\/\/ricovape.com\/hu\/wp-json\/wp\/v2\/media?parent=6520"}],"wp:term":[{"taxonomy":"product_brand","embeddable":true,"href":"https:\/\/ricovape.com\/hu\/wp-json\/wp\/v2\/product_brand?post=6520"},{"taxonomy":"product_cat","embeddable":true,"href":"https:\/\/ricovape.com\/hu\/wp-json\/wp\/v2\/product_cat?post=6520"},{"taxonomy":"product_tag","embeddable":true,"href":"https:\/\/ricovape.com\/hu\/wp-json\/wp\/v2\/product_tag?post=6520"}],"curies":[{"name":"wp","href":"https:\/\/api.w.org\/{rel}","templated":true}]}}