{"id":52807,"date":"2025-07-07T09:20:27","date_gmt":"2025-07-07T09:20:27","guid":{"rendered":"https:\/\/stage.jrfer.com\/product\/vopk-cool-bar-9000-9000-fujas-eldobhato-vape-halos-tekercssel-es-allithato-legaramlassal\/"},"modified":"2026-04-07T13:39:24","modified_gmt":"2026-04-07T13:39:24","slug":"vopk-cool-bar-9000-puffs","status":"publish","type":"product","link":"https:\/\/ricovape.com\/hu\/termek\/vopk-cool-bar-9000-puffs\/","title":{"rendered":"VOPK Cool Bar 9000 | 9000 f\u00faj\u00e1s eldobhat\u00f3 vape h\u00e1l\u00f3s tekercssel \u00e9s \u00e1ll\u00edthat\u00f3 l\u00e9g\u00e1raml\u00e1ssal"},"content":{"rendered":"<h2>Mi\u00e9rt v\u00e1lassza a VOPK Cool Bar 9000-et?<\/h2>\n<ul>\n<li><strong>Magas puffad\u00e1ssz\u00e1m:<\/strong> Ak\u00e1r 9000 sz\u00edv\u00e1s k\u00e9sz\u00fcl\u00e9kenk\u00e9nt a hosszan tart\u00f3 \u00e9lvezet \u00e9rdek\u00e9ben \ud83d\ude80<\/li>\n<li><strong>Big Juice Tank:<\/strong> 15 ml el\u0151ret\u00f6lt\u00f6tt e-liquid hosszabb ideig tart a g\u0151z\u00f6l\u00e9sben \ud83d\udca7<\/li>\n<li><strong>Mesh Coil Power:<\/strong> Az 1,0 \u03a9 h\u00e1l\u00f3s tekercs sima \u00e9s gazdag \u00edzt biztos\u00edt \ud83d\udd25<\/li>\n<li><strong>\u00c1ll\u00edthat\u00f3 l\u00e9g\u00e1raml\u00e1s:<\/strong> Szabja testre a puffad\u00e1st pontosan \u00fagy, ahogy tetszik \ud83c\udf00<\/li>\n<li><strong>Nikotinegyens\u00faly:<\/strong> 3%-os nikotintartalom a kiel\u00e9g\u00edt\u0151, m\u00e9gis sima \u00fct\u00e9sek\u00e9rt \u26a1<\/li>\n<li><strong>\u00dajrat\u00f6lthet\u0151 akkumul\u00e1tor:<\/strong> 600 mAh-s akkumul\u00e1tor C t\u00edpus\u00fa gyorst\u00f6lt\u00e9ssel \ud83d\udd0b<\/li>\n<li><strong>Nagykereskedelmi k\u00e9szenl\u00e9t:<\/strong> N\u00e9pszer\u0171, nagy kereslet\u0171 k\u00e9sz\u00fcl\u00e9k kiskeresked\u0151k \u00e9s forgalmaz\u00f3k sz\u00e1m\u00e1ra \ud83d\udce6<\/li>\n<\/ul>\n<h3>M\u0171szaki adatok<\/h3>\n<tbody>\n<tr>\n<td><strong>Puff kapacit\u00e1s:<\/strong><\/td>\n<td>Ak\u00e1r 9000 f\u00faj\u00e1s<\/td>\n<\/tr>\n<tr>\n<td><strong>E-folyad\u00e9k kapacit\u00e1sa:<\/strong><\/td>\n<td>15 ml el\u0151ret\u00f6lt\u00f6tt<\/td>\n<\/tr>\n<tr>\n<td><strong>Nikotin er\u0151ss\u00e9ge:<\/strong><\/td>\n<td>3% (30 mg)<\/td>\n<\/tr>\n<tr>\n<td><strong>Akkumul\u00e1tor:<\/strong><\/td>\n<td>600 mAh \u00fajrat\u00f6lthet\u0151<\/td>\n<\/tr>\n<tr>\n<td><strong>T\u00f6lt\u00e9s:<\/strong><\/td>\n<td>C t\u00edpus\u00fa gyorst\u00f6lt\u00e9s<\/td>\n<\/tr>\n<tr>\n<td><strong>Tekercs:<\/strong><\/td>\n<td>1,0\u03a9 mesh tekercs<\/td>\n<\/tr>\n<tr>\n<td><strong>L\u00e9g\u00e1raml\u00e1s:<\/strong><\/td>\n<td>\u00c1ll\u00edthat\u00f3 l\u00e9g\u00e1raml\u00e1s szab\u00e1lyoz\u00e1s<\/td>\n<\/tr>\n<tr>\n<td><strong>\u00cdzek:<\/strong><\/td>\n<td>10 pr\u00e9mium \u00edz<\/td>\n<\/tr>\n<\/tbody>\n<\/table>\n<h3>\u00cdzv\u00e1laszt\u00e1s<\/h3>\n<p>Fedezzen fel 10 \u00ednycsikland\u00f3 \u00edzt, amelyeket minden \u00edzl\u00e9shez terveztek \ud83c\udf08:<\/p>\n<ul>\n<li><strong>R\u00f3zsasz\u00edn Robban\u00e1s:<\/strong> \u00c9des cukorka ihlette gy\u00fcm\u00f6lcs\u00f6s robban\u00e1s \ud83c\udf6c\ud83c\udf53<\/li>\n<li><strong>Anan\u00e1sz j\u00e9g:<\/strong> tr\u00f3pusi anan\u00e1sz fagyos csavarral \ud83c\udf4d\u2744\ufe0f<\/li>\n<li><strong>Buja J\u00e9g:<\/strong> L\u00e9d\u00fas g\u00f6r\u00f6gdinnye friss\u00edt\u0151 jeges bevonattal \ud83c\udf49\u2744\ufe0f<\/li>\n<li><strong>\u00c1fonya r\u00e1g\u00f3gumi:<\/strong> A r\u00e1g\u00f3s r\u00e1g\u00f3gumi tal\u00e1lkozik az \u00e9rett \u00e1fony\u00e1val \ud83e\uded0\ud83c\udf6c<\/li>\n<li><strong>\u0150szibarack mang\u00f3:<\/strong> \u0151szibarack \u00e9s tr\u00f3pusi mang\u00f3 sima kever\u00e9ke \ud83c\udf51\ud83e\udd6d<\/li>\n<li><strong>Piros alma j\u00e9g:<\/strong> Ropog\u00f3s piros alma jeges r\u00fag\u00e1ssal \ud83c\udf4e\u2744\ufe0f<\/li>\n<li><strong>M\u00e9zharmat fagylalt:<\/strong> kr\u00e9mes m\u00e9zharmatos dinnyedesszert \ud83c\udf48\ud83c\udf66<\/li>\n<li><strong>Epres g\u00f6r\u00f6gdinnye:<\/strong> eper \u00e9s g\u00f6r\u00f6gdinnye gy\u00fcm\u00f6lcs\u00f6s kett\u0151se \ud83c\udf53\ud83c\udf49<\/li>\n<li><strong>Ban\u00e1n turmix:<\/strong> sima ban\u00e1n aroma kr\u00e9mes turmixhoz keverve \ud83c\udf4c\ud83e\udd64<\/li>\n<li><strong>\u00c1fonya a j\u00e9gen:<\/strong> Fagyos \u00e1fonya frissess\u00e9g \ud83e\uded0\u2744\ufe0f<\/li>\n<\/ul>\n<h3>T\u00f6k\u00e9letes kis- \u00e9s nagykereskedelemnek<\/h3>\n<p>A <strong>VOPK Cool Bar 9000<\/strong> a <strong>neh\u00e9z g\u0151z\u00f6l\u0151kh\u00f6z, \u00edzfokoz\u00f3khoz, vape boltok polcaihoz \u00e9s nagykereskedelmi forgalmaz\u00e1shoz<\/strong> k\u00e9sz\u00fclt. A <strong>nagy puffad\u00f3 kapacit\u00e1ssal, a h\u00e1l\u00f3s tekercs \u00edz\u00e9vel \u00e9s az \u00fajrat\u00f6lthet\u0151s\u00e9g\u00e9vel<\/strong> ez elengedhetetlen eldobhat\u00f3 vape a mai piacon. \ud83d\udce6\ud83d\udca8<\/p>\n<h3>GYIK<\/h3>\n<ul>\n<li><strong>H\u00e1ny f\u00faj\u00e1sig tart?<\/strong><br \/>\nAk\u00e1r 9000 sima, egyenletes f\u00faj\u00e1s eszk\u00f6z\u00f6nk\u00e9nt.<\/li>\n<li><strong>Milyen er\u0151ss\u00e9g\u0171 nikotin \u00e9rhet\u0151 el?<\/strong><br \/>\nEl\u0151re felt\u00f6lt\u00f6tt 3% nikotinnal (30 mg) a kiegyens\u00falyozott \u00e9lm\u00e9ny \u00e9rdek\u00e9ben.<\/li>\n<li><strong>T\u00f6lthetem?<\/strong><br \/>\nIgen, \u00fajrat\u00f6lthet\u0151 600 mAh-s akkumul\u00e1torral \u00e9s C t\u00edpus\u00fa t\u00f6lt\u00e9ssel rendelkezik.<\/li>\n<li><strong>\u00c1ll\u00edthat\u00f3 a l\u00e9g\u00e1raml\u00e1s?<\/strong><br \/>\nIgen, finomhangolhatod a sorsol\u00e1st a szem\u00e9lyre szabott vape \u00e9lm\u00e9ny \u00e9rdek\u00e9ben.<\/li>\n<li><strong>Ki v\u00e1s\u00e1rolja meg ezt?<\/strong><br \/>\nKiv\u00e1l\u00f3 a <strong>h\u00e9tk\u00f6znapi g\u0151z\u00f6l\u0151knek, felh\u0151k szerelmeseinek, kis- \u00e9s nagykeresked\u0151knek<\/strong>, akik nagy kereslet\u0171 term\u00e9ket keresnek.<\/li>\n<\/ul>\n","protected":false},"excerpt":{"rendered":"<p>A <strong>VOPK Cool Bar 9000 eldobhat\u00f3 vape<\/strong> \ud83d\udca8 \u00f6tv\u00f6zi a nagy puffad\u00e1skapacit\u00e1st, a sima h\u00e1l\u00f3s tekercsg\u0151zt \u00e9s a 10 finom \u00edzt \u2013 t\u00f6k\u00e9letes a vape boltok, a forgalmaz\u00f3k \u00e9s az er\u0151s vape felhaszn\u00e1l\u00f3k sz\u00e1m\u00e1ra.<\/p>\n","protected":false},"featured_media":1279,"comment_status":"open","ping_status":"closed","template":"","meta":[],"product_brand":[],"product_cat":[593,862,826,1261,1294,1225,1327,1471,1545,1406,1365,1509,1439,2176,1598,1674,1636,400,900,367],"product_tag":[],"class_list":{"0":"post-52807","1":"product","2":"type-product","3":"status-publish","4":"has-post-thumbnail","6":"product_cat-9000-puff-eldobhato-vape","7":"product_cat-big-puffs-vapes","8":"product_cat-eldobhato-vape-tipusok","9":"product_cat-eldobhato-vapes-ausztriaban","10":"product_cat-eldobhato-vapes-belgiumban","11":"product_cat-eldobhato-vapes-europaban","12":"product_cat-eldobhato-vapes-franciaorszagban","13":"product_cat-eldobhato-vapes-hollandiaban","14":"product_cat-eldobhato-vapes-lengyelorszagban","15":"product_cat-eldobhato-vapes-magyarorszagon","16":"product_cat-eldobhato-vapes-nemetorszagban","17":"product_cat-eldobhato-vapes-norvegiaban","18":"product_cat-eldobhato-vapes-olaszorszagban","19":"product_cat-eldobhato-vapes-portugaliaban","20":"product_cat-eldobhato-vapes-spanyolorszagban","21":"product_cat-eldobhato-vapes-svajcban","22":"product_cat-eldobhato-vapes-svedorszagban","23":"product_cat-kulonbozo-puffadasu-eldobhato-gozok","24":"product_cat-ujratoltheto-vapes","25":"product_cat-vopk","27":"first","28":"instock","29":"shipping-taxable","30":"purchasable","31":"product-type-variable","32":"has-default-attributes"},"jetpack_sharing_enabled":true,"tiered_pricing_type":"fixed","tiered_pricing_fixed_rules":{"30":7.05999999999999960920149533194489777088165283203125,"50":6.69000000000000039079850466805510222911834716796875,"100":6.29000000000000003552713678800500929355621337890625,"200":5.78000000000000024868995751603506505489349365234375,"400":5.04000000000000003552713678800500929355621337890625},"tiered_pricing_product_settings":{"layout":"default","base_unit_name":{"singular":null,"plural":null},"default_variation":null},"tiered_pricing_minimum_quantity":10,"tiered_pricing_roles_data":[],"tiered_pricing_percentage_rules":[],"tiered_pricing_maximum_quantity":null,"tiered_pricing_quantity_step":"10","_links":{"self":[{"href":"https:\/\/ricovape.com\/hu\/wp-json\/wp\/v2\/product\/52807","targetHints":{"allow":["GET"]}}],"collection":[{"href":"https:\/\/ricovape.com\/hu\/wp-json\/wp\/v2\/product"}],"about":[{"href":"https:\/\/ricovape.com\/hu\/wp-json\/wp\/v2\/types\/product"}],"replies":[{"embeddable":true,"href":"https:\/\/ricovape.com\/hu\/wp-json\/wp\/v2\/comments?post=52807"}],"wp:featuredmedia":[{"embeddable":true,"href":"https:\/\/ricovape.com\/hu\/wp-json\/wp\/v2\/media\/1279"}],"wp:attachment":[{"href":"https:\/\/ricovape.com\/hu\/wp-json\/wp\/v2\/media?parent=52807"}],"wp:term":[{"taxonomy":"product_brand","embeddable":true,"href":"https:\/\/ricovape.com\/hu\/wp-json\/wp\/v2\/product_brand?post=52807"},{"taxonomy":"product_cat","embeddable":true,"href":"https:\/\/ricovape.com\/hu\/wp-json\/wp\/v2\/product_cat?post=52807"},{"taxonomy":"product_tag","embeddable":true,"href":"https:\/\/ricovape.com\/hu\/wp-json\/wp\/v2\/product_tag?post=52807"}],"curies":[{"name":"wp","href":"https:\/\/api.w.org\/{rel}","templated":true}]}}