{"id":50468,"date":"2025-06-28T05:30:23","date_gmt":"2025-06-28T05:30:23","guid":{"rendered":"https:\/\/stage.jrfer.com\/product\/waspe-40k-double-flavor-twins-40000-puff-kettos-izu-omlesztett-eldobhato-vape\/"},"modified":"2026-04-07T14:40:47","modified_gmt":"2026-04-07T14:40:47","slug":"waspe-40k-twins-40000-puffs","status":"publish","type":"product","link":"https:\/\/ricovape.com\/hu\/termek\/waspe-40k-twins-40000-puffs\/","title":{"rendered":"WASPE 40K Double Flavor Twins 40000 Puff | kett\u0151s \u00edz\u0171 \u00f6mlesztett eldobhat\u00f3 vape"},"content":{"rendered":"<h2>Mi\u00e9rt v\u00e1lassza a WASPE 40K Double Flavor Twins term\u00e9ket?<\/h2>\n<ul>\n<li><strong>Hatalmas bef\u00faj\u00e1si kapacit\u00e1s:<\/strong> Ak\u00e1r 40 000 bef\u00faj\u00e1s a hosszabb haszn\u00e1lat \u00e9rdek\u00e9ben \ud83d\ude80<\/li>\n<li><strong>Kett\u0151s \u00edzrendszer:<\/strong> \u00c9lvezze a 2 \u00edzt egy eszk\u00f6zben a v\u00e9gtelen v\u00e1ltozatoss\u00e1g \u00e9rdek\u00e9ben \ud83c\udf53\ud83c\udf47<\/li>\n<li><strong>Hatalmas tart\u00e1ly:<\/strong> A 36 ml-es e-liquid kevesebb ut\u00e1nt\u00f6lt\u00e9st \u00e9s t\u00f6bb \u00e9lvezetet jelent \ud83d\udca7<\/li>\n<li><strong>Er\u0151teljes akkumul\u00e1tor:<\/strong> 850 mAh \u00fajrat\u00f6lthet\u0151 Type-C gyorst\u00f6lt\u00e9ssel \u26a1<\/li>\n<li><strong>Nikotinv\u00e1laszt\u00e9k:<\/strong> 0%, 2% vagy 5% minden ig\u00e9nynek megfelel\u0151en \u2705<\/li>\n<li><strong>Kett\u0151s h\u00e1l\u00f3s tekercsek:<\/strong> Mer\u00e9sz \u00edz, finom \u00fct\u00e9sek \u00e9s egyenletes g\u0151z \ud83c\udf2c\ufe0f<\/li>\n<li><strong>Hordozhat\u00f3 \u00e9s probl\u00e9mamentes:<\/strong> Nincs sz\u00fcks\u00e9g ut\u00e1nt\u00f6lt\u00e9sre vagy karbantart\u00e1sra \u2013 csak puffanjon, \u00e9s \u00e9lvezze \ud83c\udfaf<\/li>\n<li><strong>B2B k\u00e9sz:<\/strong> Ide\u00e1lis nagykeresked\u0151k, kiskeresked\u0151k \u00e9s v\u00edzipip\u00e1k sz\u00e1m\u00e1ra \ud83d\udce6<\/li>\n<\/ul>\n<h3>M\u0171szaki adatok<\/h3>\n<tbody>\n<tr>\n<td><strong>Puffok sz\u00e1ma:<\/strong><\/td>\n<td>Ak\u00e1r 40 000 f\u00faj\u00e1s<\/td>\n<\/tr>\n<tr>\n<td><strong>E-folyad\u00e9k kapacit\u00e1sa:<\/strong><\/td>\n<td>36 ml<\/td>\n<\/tr>\n<tr>\n<td><strong>Akkumul\u00e1tor:<\/strong><\/td>\n<td>850 mAh \u00fajrat\u00f6lthet\u0151<\/td>\n<\/tr>\n<tr>\n<td><strong>A nikotin er\u0151ss\u00e9gei:<\/strong><\/td>\n<td>0%, 2%, 5%<\/td>\n<\/tr>\n<tr>\n<td><strong>Tekercsek:<\/strong><\/td>\n<td>Kett\u0151s h\u00e1l\u00f3s tekercsek<\/td>\n<\/tr>\n<tr>\n<td><strong>T\u00f6lt\u00e9s:<\/strong><\/td>\n<td>C t\u00edpus\u00fa gyorst\u00f6lt\u00e9s<\/td>\n<\/tr>\n<tr>\n<td><strong>K\u00fcl\u00f6nleges szolg\u00e1ltat\u00e1s:<\/strong><\/td>\n<td>Kett\u0151s \u00edz\u00e9lm\u00e9ny<\/td>\n<\/tr>\n<\/tbody>\n<\/table>\n<h3>\u00cdzkombin\u00e1ci\u00f3k<\/h3>\n<p>A <strong>WASPE 40K Twins<\/strong> <strong>20 izgalmas, kett\u0151s \u00edz\u0171 f\u00fazi\u00f3t<\/strong> k\u00edn\u00e1l, amelyek v\u00e1ltozatoss\u00e1got hoznak minden felf\u00faj\u00e1ssal \ud83c\udf89:<\/p>\n<ul>\n<li><strong>G\u00f6r\u00f6gdinnye j\u00e9g \u00e9s citrom M\u00e9sz<\/strong> \u2013 friss\u00edt\u0151, \u00e9des \u00e9s cs\u00edp\u0151s \ud83c\udf49\ud83c\udf4b<\/li>\n<li><strong>Fizzy Cherry Ice &amp; Blueberry Cotton Candy<\/strong> \u2013 Pezsg\u0151 \u00e9s \u00e9desk\u00e9s \ud83c\udf52\ud83c\udf6d<\/li>\n<li><strong>Epres g\u00f6r\u00f6gdinnye \u00e9s \u00e1fony\u00e1s m\u00e1lna<\/strong> \u2013 l\u00e9d\u00fas bogy\u00f3-robban\u00e1s \ud83c\udf53\ud83e\uded0<\/li>\n<li><strong>Red Bull Ice &amp; Strawberry Mango<\/strong> \u2013 energia-ihlette tr\u00f3pusi hangulat \u26a1\ud83e\udd6d<\/li>\n<li><strong>Peach Ice &amp; Anan\u00e1sz Mang\u00f3 Barack<\/strong> \u2013 \u00c9des \u00e9s tr\u00f3pusi hideg \ud83c\udf51\ud83c\udf4d<\/li>\n<li><strong>Grape Ice &amp; Strawberry Kiwi<\/strong> \u2013 Mer\u00e9sz \u00e9s gy\u00fcm\u00f6lcs\u00f6s \ud83c\udf47\ud83e\udd5d<\/li>\n<li><strong>Bogy\u00f3kever\u00e9k \u00e9s dupla almaj\u00e9g<\/strong> \u2013 Klasszikus shisha st\u00edlus\u00fa komb\u00f3 \ud83c\udf4f\ud83c\udf53<\/li>\n<li><strong>K\u00e9k Razz Limon\u00e1d\u00e9 \u00e9s G\u00f6r\u00f6gdinnye r\u00e1g\u00f3gumi<\/strong> \u2013 fanyar \u00e9s \u00e9des \ud83c\udf4b\ud83c\udf6c<\/li>\n<li><strong>Eper m\u00e1lna cseresznye \u00e9s szerelem 666<\/strong> \u2013 egzotikus \u00e9s egyedi \u2764\ufe0f\ud83c\udf52<\/li>\n<li><strong>Eper ban\u00e1n \u00e9s anan\u00e1sz k\u00f3kusz j\u00e9g<\/strong> \u2013 kr\u00e9mes tr\u00f3pusi kever\u00e9k \ud83c\udf4c\ud83e\udd65<\/li>\n<li><strong>Eper g\u00f6r\u00f6gdinnye r\u00e1g\u00f3gumi \u00e9s vegyes gy\u00fcm\u00f6lcs<\/strong> \u2013 \u00e9des \u00e9s l\u00e9d\u00fas \ud83c\udf49\ud83c\udf53<\/li>\n<li><strong>Cherry Cola Ice &amp; Strawberry Raspberry Candy<\/strong> \u2013 Pezsg\u0151 \u00e9s \u00e9des \ud83e\udd64\ud83c\udf53<\/li>\n<li><strong>Savany\u00fa alm\u00e1s m\u00e1lna \u00e9s eper \u0151srobban\u00e1s<\/strong> \u2013 fanyar \u00e9s mer\u00e9sz \ud83c\udf4f\ud83c\udf53<\/li>\n<li><strong>\u0150szibarack bogy\u00f3 \u00e9s g\u00f6r\u00f6gdinnye mang\u00f3 \u0151szibarack<\/strong> \u2013 Gy\u00fcm\u00f6lcs\u00f6s paradicsom \ud83c\udf51\ud83c\udf49<\/li>\n<li><strong>Blueberry Ice &amp; Black Dragon Ice<\/strong> \u2013 h\u0171v\u00f6s \u00e9s er\u0151teljes \ud83e\uded0\ud83d\udc09\u2744\ufe0f<\/li>\n<li><strong>Epercseresznye \u00e9s kiwi maracuja<\/strong> \u2013 egzotikus gy\u00fcm\u00f6lcs\u00f6s kever\u00e9k \ud83c\udf52\ud83e\udd5d<\/li>\n<li><strong>Gummy Bear &amp; Strawberry Cola<\/strong> \u2013 vid\u00e1m \u00e9s pezsg\u0151 \ud83c\udf6c\ud83e\udd64<\/li>\n<li><strong>Banana Pineapple Ice &amp; Red Bull Ice<\/strong> \u2013 Tr\u00f3pusi energiakever\u00e9k \ud83c\udf4c\ud83c\udf4d\u26a1<\/li>\n<li><strong>Red Bull epres \u00e9s feketeribizli j\u00e9g<\/strong> \u2013 Mer\u00e9sz, energiz\u00e1l\u00f3 r\u00fag\u00e1s \u26a1\ud83c\udf53<\/li>\n<li><strong>Triple Melon Ice &amp; Raspberry Watermelon<\/strong> \u2013 \u00c9des dinnye-csemege \ud83c\udf48\ud83c\udf49<\/li>\n<\/ul>\n<h3>T\u00f6k\u00e9letes neh\u00e9z felhaszn\u00e1l\u00f3k \u00e9s nagykereskedelmi v\u00e1s\u00e1rl\u00f3k sz\u00e1m\u00e1ra<\/h3>\n<p>A <strong>WASPE 40K Double Flavor Twins<\/strong> t\u00f6k\u00e9letes <strong>nagy felhaszn\u00e1l\u00f3k, \u00edzkeres\u0151k, vape boltok \u00e9s forgalmaz\u00f3k<\/strong> sz\u00e1m\u00e1ra. <strong>Hatalmas puffad\u00f3 kapacit\u00e1s\u00e1val, \u00fajrat\u00f6lthet\u0151 akkumul\u00e1tor\u00e1val \u00e9s kett\u0151s \u00edz\u0171 kialak\u00edt\u00e1s\u00e1val<\/strong> \u00fagy k\u00e9sz\u00fclt, hogy maximaliz\u00e1lja az \u00fcgyfelek el\u00e9gedetts\u00e9g\u00e9t \u00e9s az \u00e9rt\u00e9kes\u00edt\u00e9si lehet\u0151s\u00e9geket.<\/p>\n<h3>GYIK<\/h3>\n<ul>\n<li><strong>H\u00e1ny \u00edz van az egyes eszk\u00f6z\u00f6kben?<\/strong><br \/>\nMinden egys\u00e9gben 2 \u00edz van be\u00e9p\u00edtve a v\u00e1ltozatoss\u00e1g kedv\u00e9\u00e9rt.<\/li>\n<li><strong>\u00dajrat\u00f6lthet\u0151?<\/strong><br \/>\nIgen, 850 mAh-s akkumul\u00e1torral \u00e9s Type-C t\u00f6lt\u00e9ssel.<\/li>\n<li><strong>Milyen nikotinszintek \u00e1llnak rendelkez\u00e9sre?<\/strong><br \/>\nAz opci\u00f3k k\u00f6z\u00f6tt szerepel 0%, 2% \u00e9s 5% nikotin.<\/li>\n<li><strong>Fel kell t\u00f6lteni?<\/strong><br \/>\nNem, ez egy eldobhat\u00f3 eszk\u00f6z 36 ml-es tart\u00e1llyal.<\/li>\n<li><strong>Kinek val\u00f3 ez a term\u00e9k?<\/strong><br \/>\nT\u00f6k\u00e9letes a <strong>B2B nagykeresked\u00e9sek, vape-kiskeresked\u0151k, t\u00e1rsalg\u00f3k \u00e9s neh\u00e9z g\u0151z\u00f6s\u00f6k sz\u00e1m\u00e1ra<\/strong>.<\/li>\n<\/ul>\n","protected":false},"excerpt":{"rendered":"<p>A <strong>WASPE 40K Twins<\/strong> \ud83d\udd25 egy pr\u00e9mium kateg\u00f3ri\u00e1s <strong>40 000 puffad\u00e1s\u00fa eldobhat\u00f3 vape<\/strong> <strong>kett\u0151s \u00edz\u0171 komb\u00f3kkal<\/strong>, <strong>36 ml e-liquiddel<\/strong> \u00e9s <strong>k\u00e9th\u00e1l\u00f3s tekercsekkel<\/strong>. A hosszan tart\u00f3 munkamenetekhez, z\u00f6kken\u0151mentes felh\u0151kh\u00f6z \u00e9s nagykereskedelmi terjeszt\u00e9shez tervezve, k\u00f6telez\u0151 darab a vape boltok, a forgalmaz\u00f3k \u00e9s a nagy felhaszn\u00e1l\u00f3k sz\u00e1m\u00e1ra.<\/p>\n","protected":false},"featured_media":767,"comment_status":"open","ping_status":"closed","template":"","meta":[],"product_brand":[],"product_cat":[391],"product_tag":[],"class_list":{"0":"post-50468","1":"product","2":"type-product","3":"status-publish","4":"has-post-thumbnail","6":"product_cat-waspe","8":"first","9":"instock","10":"shipping-taxable","11":"purchasable","12":"product-type-variable","13":"has-default-attributes"},"jetpack_sharing_enabled":true,"tiered_pricing_type":"fixed","tiered_pricing_fixed_rules":{"30":7.339999999999999857891452847979962825775146484375,"50":5.980000000000000426325641456060111522674560546875,"100":5.7400000000000002131628207280300557613372802734375,"200":5.37000000000000010658141036401502788066864013671875,"400":4.80999999999999960920149533194489777088165283203125},"tiered_pricing_product_settings":{"layout":"default","base_unit_name":{"singular":null,"plural":null},"default_variation":null},"tiered_pricing_minimum_quantity":10,"tiered_pricing_roles_data":[],"tiered_pricing_percentage_rules":[],"tiered_pricing_maximum_quantity":null,"tiered_pricing_quantity_step":"10","_links":{"self":[{"href":"https:\/\/ricovape.com\/hu\/wp-json\/wp\/v2\/product\/50468","targetHints":{"allow":["GET"]}}],"collection":[{"href":"https:\/\/ricovape.com\/hu\/wp-json\/wp\/v2\/product"}],"about":[{"href":"https:\/\/ricovape.com\/hu\/wp-json\/wp\/v2\/types\/product"}],"replies":[{"embeddable":true,"href":"https:\/\/ricovape.com\/hu\/wp-json\/wp\/v2\/comments?post=50468"}],"wp:featuredmedia":[{"embeddable":true,"href":"https:\/\/ricovape.com\/hu\/wp-json\/wp\/v2\/media\/767"}],"wp:attachment":[{"href":"https:\/\/ricovape.com\/hu\/wp-json\/wp\/v2\/media?parent=50468"}],"wp:term":[{"taxonomy":"product_brand","embeddable":true,"href":"https:\/\/ricovape.com\/hu\/wp-json\/wp\/v2\/product_brand?post=50468"},{"taxonomy":"product_cat","embeddable":true,"href":"https:\/\/ricovape.com\/hu\/wp-json\/wp\/v2\/product_cat?post=50468"},{"taxonomy":"product_tag","embeddable":true,"href":"https:\/\/ricovape.com\/hu\/wp-json\/wp\/v2\/product_tag?post=50468"}],"curies":[{"name":"wp","href":"https:\/\/api.w.org\/{rel}","templated":true}]}}