{"id":49720,"date":"2025-07-07T09:20:27","date_gmt":"2025-07-07T09:20:27","guid":{"rendered":"https:\/\/stage.jrfer.com\/product\/bang-box-20k-20000-puff-nagy-35-ml-es-tartalyos-eldobhato-vape-halos-tekercssel\/"},"modified":"2026-04-07T13:32:39","modified_gmt":"2026-04-07T13:32:39","slug":"bang-box-20000-puffs","status":"publish","type":"product","link":"https:\/\/ricovape.com\/hu\/termek\/bang-box-20000-puffs\/","title":{"rendered":"Bang Box 20K | 20000 puff nagy 35 ml-es tart\u00e1lyos eldobhat\u00f3 vape h\u00e1l\u00f3s tekercssel"},"content":{"rendered":"<h2>Mi\u00e9rt v\u00e1lassza a Bang Box 20000-et?<\/h2>\n<ul>\n<li><strong>Nagy sz\u00edv\u00e1s:<\/strong> Ak\u00e1r 20 000 f\u00faj\u00e1s a hosszan tart\u00f3 \u00e9lvezet\u00e9rt \ud83d\ude80<\/li>\n<li><strong>Big Juice Tank:<\/strong> 35 ml el\u0151ret\u00f6lt\u00f6tt e-liquid kevesebb cser\u00e9t jelent \ud83d\udca7<\/li>\n<li><strong>Er\u0151s akkumul\u00e1tor:<\/strong> 850 mAh-s \u00fajrat\u00f6lthet\u0151 akkumul\u00e1tor C t\u00edpus\u00fa gyorst\u00f6lt\u00e9ssel \ud83d\udd0b<\/li>\n<li><strong>Mesh Coil Power:<\/strong> Sima, mer\u00e9sz \u00e9s egyenletes \u00edz minden felf\u00faj\u00e1sra \ud83d\udd25<\/li>\n<li><strong>Nikotin opci\u00f3k:<\/strong> 0%, 2%, 3% vagy 5%, hogy minden preferenci\u00e1nak megfeleljen \u26a1<\/li>\n<li><strong>K\u00f6nnyen haszn\u00e1lhat\u00f3:<\/strong> Nincs ut\u00e1nt\u00f6lt\u00e9s, nincs gond \u2013 csak t\u00f6ltsd fel \u00e9s \u00e9lvezd \ud83d\udc4d<\/li>\n<li><strong>Nagykereskedelmi k\u00e9szen \u00e1ll:<\/strong> Ide\u00e1lis t\u00f6meges v\u00e1s\u00e1rl\u00e1shoz, forgalmaz\u00e1shoz \u00e9s kiskereskedelemhez \ud83d\udce6<\/li>\n<\/ul>\n<h3>M\u0171szaki adatok<\/h3>\n<tbody>\n<tr>\n<td><strong>Puff kapacit\u00e1s:<\/strong><\/td>\n<td>Ak\u00e1r 20 000 f\u00faj\u00e1s<\/td>\n<\/tr>\n<tr>\n<td><strong>E-folyad\u00e9k kapacit\u00e1sa:<\/strong><\/td>\n<td>35 ml el\u0151ret\u00f6lt\u00f6tt<\/td>\n<\/tr>\n<tr>\n<td><strong>A nikotin er\u0151ss\u00e9gei:<\/strong><\/td>\n<td>0%, 2%, 3%, 5%<\/td>\n<\/tr>\n<tr>\n<td><strong>Akkumul\u00e1tor:<\/strong><\/td>\n<td>850 mAh \u00fajrat\u00f6lthet\u0151<\/td>\n<\/tr>\n<tr>\n<td><strong>T\u00f6lt\u00e9s:<\/strong><\/td>\n<td>C t\u00edpus\u00fa gyorst\u00f6lt\u00e9s<\/td>\n<\/tr>\n<tr>\n<td><strong>Tekercs t\u00edpusa:<\/strong><\/td>\n<td>H\u00e1l\u00f3 tekercs<\/td>\n<\/tr>\n<\/tbody>\n<\/table>\n<h3>\u00cdzv\u00e1laszt\u00e1s<\/h3>\n<p>A <strong>Bang Box 20000<\/strong> <strong>12 finom \u00edzt<\/strong> k\u00edn\u00e1l, hogy minden v\u00e1gyat kiel\u00e9g\u00edtsen \ud83c\udf08:<\/p>\n<ul>\n<li><strong>Epres kiwi:<\/strong> Az \u00e9des eper \u00e9s a cs\u00edp\u0151s kivi \ud83c\udf53\ud83e\udd5d<\/li>\n<li><strong>Kiwi Passion Fruit Guava:<\/strong> Egzotikus tr\u00f3pusi kever\u00e9k \ud83e\udd5d\ud83c\udf48\ud83c\udf4d<\/li>\n<li><strong>Epres g\u00f6r\u00f6gdinnye:<\/strong> l\u00e9d\u00fas gy\u00fcm\u00f6lcsdu\u00f3 \ud83c\udf53\ud83c\udf49<\/li>\n<li><strong>M\u00e1lna g\u00f6r\u00f6gdinnye:<\/strong> fanyar m\u00e1lna friss g\u00f6r\u00f6gdinny\u00e9vel \ud83e\uded0\ud83c\udf49<\/li>\n<li><strong>\u00c1fonya-savany\u00fa m\u00e1lnaj\u00e9g:<\/strong> \u00c9des, savany\u00fa \u00e9s jeges h\u0171v\u00f6s \ud83e\uded0\u2744\ufe0f<\/li>\n<li><strong>G\u00f6r\u00f6gdinnye j\u00e9g:<\/strong> friss\u00edt\u0151 jeges g\u00f6r\u00f6gdinnye \ud83c\udf49\u2744\ufe0f<\/li>\n<li><strong>Ban\u00e1nj\u00e9g:<\/strong> Kr\u00e9mes ban\u00e1n h\u0171v\u00f6s \u00fct\u00e9ssel \ud83c\udf4c\u2744\ufe0f<\/li>\n<li><strong>Mang\u00f3barack:<\/strong> Tr\u00f3pusi \u00e9s l\u00e9d\u00fas t\u00f6k\u00e9letess\u00e9g \ud83e\udd6d\ud83c\udf51<\/li>\n<li><strong>K\u00e9k Razz J\u00e9g:<\/strong> Mer\u00e9sz k\u00e9k m\u00e1lna mentollal \ud83e\uded0\u2744\ufe0f<\/li>\n<li><strong>Mr. K\u00e9k:<\/strong> Rejt\u00e9lyes gy\u00fcm\u00f6lcs\u00f6s j\u00e9gkever\u00e9k \ud83c\udf0c\u2744\ufe0f<\/li>\n<li><strong>Sz\u0151l\u0151j\u00e9g:<\/strong> \u00c9des sz\u0151l\u0151 j\u00e9ggel h\u0171tve \ud83c\udf47\u2744\ufe0f<\/li>\n<li><strong>Mang\u00f3 On J\u00e9g:<\/strong> \u00c9des mang\u00f3 jeges frissess\u00e9ggel \ud83e\udd6d\u2744\ufe0f<\/li>\n<\/ul>\n<h3>T\u00f6k\u00e9letes kis- \u00e9s nagykereskedelemnek<\/h3>\n<p>A <strong>Bang Box 20000<\/strong> a <strong>neh\u00e9z g\u0151z\u00f6l\u0151k, \u00edzek kedvel\u0151i, vape boltok \u00e9s nagykereskedelmi forgalmaz\u00f3k sz\u00e1m\u00e1ra k\u00e9sz\u00fclt<\/strong>. <strong>Nagy puffad\u00e1ssz\u00e1mmal, nagy l\u00e9tart\u00e1lysal \u00e9s sima h\u00e1l\u00f3s tekercsrendszerrel<\/strong> n\u00e9lk\u00fcl\u00f6zhetetlen az eldobhat\u00f3 vape piac\u00e1n \ud83d\udce6\ud83d\udca8.<\/p>\n<h3>GYIK<\/h3>\n<ul>\n<li><strong>H\u00e1ny bef\u00faj\u00e1s eszk\u00f6z\u00f6nk\u00e9nt?<\/strong><br \/>\nMinden egys\u00e9g ak\u00e1r 20 000 f\u00faj\u00e1st is kiad.<\/li>\n<li><strong>\u00dajrat\u00f6lthet\u0151?<\/strong><br \/>\nIgen, 850 mAh-s akkumul\u00e1torral \u00e9s C t\u00edpus\u00fa gyorst\u00f6lt\u00e9ssel.<\/li>\n<li><strong>Milyen er\u0151ss\u00e9g\u0171 nikotin \u00e9rhet\u0151 el?<\/strong><br \/>\n0%, 2%, 3% \u00e9s 5% nikotin opci\u00f3k.<\/li>\n<li><strong>Haszn\u00e1l h\u00e1l\u00f3tekercset?<\/strong><br \/>\nIgen, h\u00e1l\u00f3s tekercs a sima, egyenletes \u00edz\u00e9rt.<\/li>\n<li><strong>Ki v\u00e1s\u00e1rolja meg ezt?<\/strong><br \/>\nT\u00f6k\u00e9letes <strong>er\u0151s felhaszn\u00e1l\u00f3knak, \u00edzkeres\u0151knek, vape boltoknak \u00e9s t\u00f6meges v\u00e1s\u00e1rl\u00f3knak<\/strong>.<\/li>\n<\/ul>\n","protected":false},"excerpt":{"rendered":"<p>A <strong>Bang Box 20000 Puffs<\/strong> \ud83d\udca8 egy nagy kapacit\u00e1s\u00fa, eldobhat\u00f3 g\u0151z\u00f6l\u0151, <strong>35 ml e-folyad\u00e9kkal, mesh coil technol\u00f3gi\u00e1val \u00e9s ak\u00e1r 20 000 f\u00faj\u00e1ssal<\/strong>. Kiv\u00e1l\u00f3 v\u00e1laszt\u00e1s vape boltok, nagykeresked\u0151k \u00e9s nagyfogyaszt\u00f3k sz\u00e1m\u00e1ra, akik teljes\u00edtm\u00e9nyt \u00e9s \u00e9rt\u00e9ket k\u00f6vetelnek.<\/p>\n","protected":false},"featured_media":1309,"comment_status":"open","ping_status":"closed","template":"","meta":[],"product_brand":[],"product_cat":[511,346,862,826,1261,1294,1225,1327,1471,1545,1406,1365,1509,1439,2176,1598,1674,1636,400,1046,900],"product_tag":[],"class_list":{"0":"post-49720","1":"product","2":"type-product","3":"status-publish","4":"has-post-thumbnail","6":"product_cat-20000-puff-eldobhato-vape","7":"product_cat-bang","8":"product_cat-big-puffs-vapes","9":"product_cat-eldobhato-vape-tipusok","10":"product_cat-eldobhato-vapes-ausztriaban","11":"product_cat-eldobhato-vapes-belgiumban","12":"product_cat-eldobhato-vapes-europaban","13":"product_cat-eldobhato-vapes-franciaorszagban","14":"product_cat-eldobhato-vapes-hollandiaban","15":"product_cat-eldobhato-vapes-lengyelorszagban","16":"product_cat-eldobhato-vapes-magyarorszagon","17":"product_cat-eldobhato-vapes-nemetorszagban","18":"product_cat-eldobhato-vapes-norvegiaban","19":"product_cat-eldobhato-vapes-olaszorszagban","20":"product_cat-eldobhato-vapes-portugaliaban","21":"product_cat-eldobhato-vapes-spanyolorszagban","22":"product_cat-eldobhato-vapes-svajcban","23":"product_cat-eldobhato-vapes-svedorszagban","24":"product_cat-kulonbozo-puffadasu-eldobhato-gozok","25":"product_cat-smart-screen-vapes","26":"product_cat-ujratoltheto-vapes","28":"first","29":"instock","30":"shipping-taxable","31":"purchasable","32":"product-type-variable","33":"has-default-attributes"},"jetpack_sharing_enabled":true,"tiered_pricing_type":"fixed","tiered_pricing_fixed_rules":{"30":6.4199999999999999289457264239899814128875732421875,"50":5.42999999999999971578290569595992565155029296875,"100":4.69000000000000039079850466805510222911834716796875,"200":4.32000000000000028421709430404007434844970703125,"400":3.7599999999999997868371792719699442386627197265625},"tiered_pricing_product_settings":{"layout":"default","base_unit_name":{"singular":null,"plural":null},"default_variation":null},"tiered_pricing_minimum_quantity":10,"tiered_pricing_roles_data":[],"tiered_pricing_percentage_rules":[],"tiered_pricing_maximum_quantity":null,"tiered_pricing_quantity_step":"10","_links":{"self":[{"href":"https:\/\/ricovape.com\/hu\/wp-json\/wp\/v2\/product\/49720","targetHints":{"allow":["GET"]}}],"collection":[{"href":"https:\/\/ricovape.com\/hu\/wp-json\/wp\/v2\/product"}],"about":[{"href":"https:\/\/ricovape.com\/hu\/wp-json\/wp\/v2\/types\/product"}],"replies":[{"embeddable":true,"href":"https:\/\/ricovape.com\/hu\/wp-json\/wp\/v2\/comments?post=49720"}],"wp:featuredmedia":[{"embeddable":true,"href":"https:\/\/ricovape.com\/hu\/wp-json\/wp\/v2\/media\/1309"}],"wp:attachment":[{"href":"https:\/\/ricovape.com\/hu\/wp-json\/wp\/v2\/media?parent=49720"}],"wp:term":[{"taxonomy":"product_brand","embeddable":true,"href":"https:\/\/ricovape.com\/hu\/wp-json\/wp\/v2\/product_brand?post=49720"},{"taxonomy":"product_cat","embeddable":true,"href":"https:\/\/ricovape.com\/hu\/wp-json\/wp\/v2\/product_cat?post=49720"},{"taxonomy":"product_tag","embeddable":true,"href":"https:\/\/ricovape.com\/hu\/wp-json\/wp\/v2\/product_tag?post=49720"}],"curies":[{"name":"wp","href":"https:\/\/api.w.org\/{rel}","templated":true}]}}