{"id":48492,"date":"2025-07-07T09:20:27","date_gmt":"2025-07-07T09:20:27","guid":{"rendered":"https:\/\/stage.jrfer.com\/product\/aivono-boom-patriot-edition-25k-25000-puff-dual-mesh-coil-eldobhato-vape-lcd-kijelzovel\/"},"modified":"2026-04-07T13:29:05","modified_gmt":"2026-04-07T13:29:05","slug":"aivono-boom-25000","status":"publish","type":"product","link":"https:\/\/ricovape.com\/hu\/termek\/aivono-boom-25000\/","title":{"rendered":"AIVONO BOOM Patriot Edition 25K | 25000 puff dual mesh coil eldobhat\u00f3 vape lcd kijelz\u0151vel"},"content":{"rendered":"<h2>Mi\u00e9rt v\u00e1lassza az AIVONO BOOM Patriot Edition 25000-et?<\/h2>\n<ul>\n<li><strong>Magas bef\u00faj\u00e1ssz\u00e1m:<\/strong> Ak\u00e1r 25 000 f\u00faj\u00e1s a hosszan tart\u00f3 \u00e9lvezet\u00e9rt \ud83d\ude80<\/li>\n<li><strong>Big Juice Tank:<\/strong> 28 ml el\u0151ret\u00f6lt\u00f6tt e-liquid hosszabb kezel\u00e9sekhez \ud83d\udca7<\/li>\n<li><strong>Intelligens kijelz\u0151:<\/strong> Az LCD-k\u00e9perny\u0151 val\u00f3s id\u0151ben mutatja az akkumul\u00e1tor \u00e9s a puffad\u00e1sok sz\u00e1m\u00e1t \ud83d\udcdf<\/li>\n<li><strong>Kett\u0151s h\u00e1l\u00f3s tekercsek:<\/strong> sima, egyenletes \u00edz minden felf\u00faj\u00e1ssal \ud83d\udd25<\/li>\n<li><strong>\u00dajrat\u00f6lthet\u0151 akkumul\u00e1tor:<\/strong> 650 mAh kapacit\u00e1s gyors Type-C t\u00f6lt\u00e9ssel \ud83d\udd0b<\/li>\n<li><strong>Nikotinv\u00e1laszt\u00e9k:<\/strong> 0%, 2%, 3% \u00e9s 5% a k\u00fcl\u00f6nb\u00f6z\u0151 ig\u00e9nyeknek megfelel\u0151en \u26a1<\/li>\n<li><strong>V\u00e1llalkoz\u00e1sra k\u00e9szen:<\/strong> T\u00f6meges forgalom a vape \u00fczletek \u00e9s a nagykereskedelmi v\u00e1s\u00e1rl\u00f3k sz\u00e1m\u00e1ra \ud83d\udce6<\/li>\n<\/ul>\n<h3>M\u0171szaki adatok<\/h3>\n<tbody>\n<tr>\n<td><strong>Puff kapacit\u00e1s:<\/strong><\/td>\n<td>Ak\u00e1r 25 000 f\u00faj\u00e1s<\/td>\n<\/tr>\n<tr>\n<td><strong>E-folyad\u00e9k kapacit\u00e1sa:<\/strong><\/td>\n<td>28 ml el\u0151ret\u00f6lt\u00f6tt<\/td>\n<\/tr>\n<tr>\n<td><strong>A nikotin er\u0151ss\u00e9gei:<\/strong><\/td>\n<td>0%, 2%, 3%, 5%<\/td>\n<\/tr>\n<tr>\n<td><strong>Akkumul\u00e1tor:<\/strong><\/td>\n<td>650 mAh \u00fajrat\u00f6lthet\u0151<\/td>\n<\/tr>\n<tr>\n<td><strong>T\u00f6lt\u00e9s:<\/strong><\/td>\n<td>C t\u00edpus\u00fa gyorst\u00f6lt\u00e9s<\/td>\n<\/tr>\n<tr>\n<td><strong>Tekercs t\u00edpusa:<\/strong><\/td>\n<td>Kett\u0151s h\u00e1l\u00f3s tekercs<\/td>\n<\/tr>\n<tr>\n<td><strong>Kijelz\u0151:<\/strong><\/td>\n<td>LCD k\u00e9perny\u0151 a puffad\u00e1s \u00e9s az akkumul\u00e1tor figyel\u00e9s\u00e9hez<\/td>\n<\/tr>\n<\/tbody>\n<\/table>\n<h3>\u00cdzv\u00e1laszt\u00e1s<\/h3>\n<p>Az <strong>AIVONO BOOM Patriot Edition<\/strong> <strong>10 izgalmas \u00edz<\/strong> sz\u00e9les v\u00e1laszt\u00e9k\u00e1t k\u00edn\u00e1lja minden \u00edzl\u00e9shez \ud83c\udf08:<\/p>\n<ul>\n<li><strong>J\u00e9ges g\u00f6r\u00f6gdinnye cseresznye:<\/strong> cseresznye \u00e9s g\u00f6r\u00f6gdinnye jeges csavarral \ud83c\udf49\ud83c\udf52\u2744\ufe0f<\/li>\n<li><strong>M\u00e1lna \u0151szibarack M\u00e9sz:<\/strong> m\u00e1lna, \u0151szibarack \u00e9s lime gy\u00fcm\u00f6lcs\u00f6s kever\u00e9ke az \u00edzletes l\u00f6k\u00e9shez \ud83e\uded0\ud83c\udf51\ud83c\udf4b<\/li>\n<li><strong>G\u00f6r\u00f6gdinnye j\u00e9g:<\/strong> Klasszikus, l\u00e9d\u00fas g\u00f6r\u00f6gdinnye t\u00f6k\u00e9letesre h\u0171tve \ud83c\udf49\u2744\ufe0f<\/li>\n<li><strong>Dinnye citrom:<\/strong> A dinnye \u00e9dess\u00e9g\u00e9nek \u00e9s citromos \u00edz\u00e9nek friss\u00edt\u0151 kever\u00e9ke \ud83c\udf48\ud83c\udf4b<\/li>\n<li><strong>K\u00e9k Razz J\u00e9g:<\/strong> Mer\u00e9sz k\u00e9k m\u00e1lna h\u0171v\u00f6s kivitelben \ud83e\uded0\u2744\ufe0f<\/li>\n<li><strong>Sour Mango Anan\u00e1sz:<\/strong> Tr\u00f3pusi mang\u00f3 \u00e9s anan\u00e1sz savany\u00fa jegyekkel \ud83e\udd6d\ud83c\udf4d\ud83d\ude0b<\/li>\n<li><strong>Z\u00f6ld alma sz\u0151l\u0151:<\/strong> A ropog\u00f3s z\u00f6ld alma \u00e9s az \u00e9des sz\u0151l\u0151 tal\u00e1lkoz\u00e1sa \ud83c\udf4f\ud83c\udf47<\/li>\n<li><strong>Miami Menta:<\/strong> Friss, jeges menta Miami hangulattal \ud83c\udf34\u2744\ufe0f<\/li>\n<li><strong>K\u00e9k Farmer:<\/strong> \u00c9des cukorka ihlette \u00e1fonya \u00edz \ud83c\udf6c\ud83e\uded0<\/li>\n<li><strong>Eper B-POP:<\/strong> Vid\u00e1m, sz\u00e9nsavas eper pop \u00edz \ud83c\udf53\ud83e\udd64<\/li>\n<\/ul>\n<h3>T\u00f6k\u00e9letes kis- \u00e9s nagykereskedelemnek<\/h3>\n<p>Az <strong>AIVONO BOOM Patriot Edition 25000<\/strong> a <strong>s\u00falyos felhaszn\u00e1l\u00f3knak, \u00edzkeres\u0151knek, vape boltoknak \u00e9s t\u00f6meges forgalmaz\u00f3knak k\u00e9sz\u00fclt<\/strong>. <strong>T\u00f6meges puffad\u00e1si sz\u00e1m\u00e1val, dual mesh tekercseivel \u00e9s intelligens LCD-kijelz\u0151j\u00e9vel<\/strong> kiemelkedik az eldobhat\u00f3 vape-piacon \ud83d\udce6\ud83d\udca8.<\/p>\n<h3>GYIK<\/h3>\n<ul>\n<li><strong>H\u00e1ny sz\u00edv\u00e1st ad ki?<\/strong><br \/>\nMinden egys\u00e9g legfeljebb 25 000 f\u00faj\u00e1st biztos\u00edt.<\/li>\n<li><strong>\u00dajrat\u00f6lthet\u0151?<\/strong><br \/>\nIgen, 650 mAh-s \u00fajrat\u00f6lthet\u0151 akkumul\u00e1torral rendelkezik, C t\u00edpus\u00fa t\u00f6lt\u00e9ssel.<\/li>\n<li><strong>Van kijelz\u0151je?<\/strong><br \/>\nIgen, az LCD k\u00e9perny\u0151 mutatja a puffad\u00e1sok sz\u00e1m\u00e1t \u00e9s az akkumul\u00e1tor \u00e1llapot\u00e1t.<\/li>\n<li><strong>Milyen nikotinszintek \u00e1llnak rendelkez\u00e9sre?<\/strong><br \/>\n0%, 2%, 3% \u00e9s 5% opci\u00f3k \u00e1llnak rendelkez\u00e9sre.<\/li>\n<li><strong>Kinek a legjobb?<\/strong><br \/>\nT\u00f6k\u00e9letes a <strong>neh\u00e9z g\u0151z\u00f6l\u0151knek, az \u00edzek szerelmeseinek, a vape boltoknak \u00e9s a nagykereskedelmi v\u00e1s\u00e1rl\u00f3knak<\/strong>.<\/li>\n<\/ul>\n","protected":false},"excerpt":{"rendered":"<p>Az <strong>AIVONO BOOM Patriot Edition 25000 Puffs<\/strong> \ud83c\uddfa\ud83c\uddf8 egy pr\u00e9mium eldobhat\u00f3 vape <strong>k\u00e9th\u00e1l\u00f3s tekercsekkel, 28 ml-es e-folyad\u00e9kkal \u00e9s LCD kijelz\u0151vel<\/strong>. T\u00f6k\u00e9letes a vape \u00fczletek, forgalmaz\u00f3k \u00e9s neh\u00e9z vaporok sz\u00e1m\u00e1ra, akik megb\u00edzhat\u00f3 teljes\u00edtm\u00e9nyt \u00e9s mer\u00e9sz \u00edzeket keresnek.<\/p>\n","protected":false},"featured_media":1322,"comment_status":"open","ping_status":"closed","template":"","meta":[],"product_brand":[],"product_cat":[538,566,1766,862,1013,1084,826,1261,1294,1225,1327,1471,1545,1406,1365,1509,1439,2176,1598,1674,1636,400,1046,900],"product_tag":[],"class_list":{"0":"post-48492","1":"product","2":"type-product","3":"status-publish","4":"has-post-thumbnail","6":"product_cat-25000-puff-eldobhato-vape","7":"product_cat-30000-puff-eldobhato-vape","8":"product_cat-aivono","9":"product_cat-big-puffs-vapes","10":"product_cat-digitalis-doboz-vapes","11":"product_cat-dual-mesh-vapes","12":"product_cat-eldobhato-vape-tipusok","13":"product_cat-eldobhato-vapes-ausztriaban","14":"product_cat-eldobhato-vapes-belgiumban","15":"product_cat-eldobhato-vapes-europaban","16":"product_cat-eldobhato-vapes-franciaorszagban","17":"product_cat-eldobhato-vapes-hollandiaban","18":"product_cat-eldobhato-vapes-lengyelorszagban","19":"product_cat-eldobhato-vapes-magyarorszagon","20":"product_cat-eldobhato-vapes-nemetorszagban","21":"product_cat-eldobhato-vapes-norvegiaban","22":"product_cat-eldobhato-vapes-olaszorszagban","23":"product_cat-eldobhato-vapes-portugaliaban","24":"product_cat-eldobhato-vapes-spanyolorszagban","25":"product_cat-eldobhato-vapes-svajcban","26":"product_cat-eldobhato-vapes-svedorszagban","27":"product_cat-kulonbozo-puffadasu-eldobhato-gozok","28":"product_cat-smart-screen-vapes","29":"product_cat-ujratoltheto-vapes","31":"first","32":"instock","33":"shipping-taxable","34":"purchasable","35":"product-type-variable","36":"has-default-attributes"},"jetpack_sharing_enabled":true,"tiered_pricing_type":"fixed","tiered_pricing_fixed_rules":{"30":9.9900000000000002131628207280300557613372802734375,"50":9.0099999999999997868371792719699442386627197265625,"100":8.3800000000000007815970093361102044582366943359375,"200":7.69000000000000039079850466805510222911834716796875,"400":7.480000000000000426325641456060111522674560546875},"tiered_pricing_product_settings":{"layout":"default","base_unit_name":{"singular":null,"plural":null},"default_variation":null},"tiered_pricing_minimum_quantity":10,"tiered_pricing_roles_data":[],"tiered_pricing_percentage_rules":[],"tiered_pricing_maximum_quantity":null,"tiered_pricing_quantity_step":"10","_links":{"self":[{"href":"https:\/\/ricovape.com\/hu\/wp-json\/wp\/v2\/product\/48492","targetHints":{"allow":["GET"]}}],"collection":[{"href":"https:\/\/ricovape.com\/hu\/wp-json\/wp\/v2\/product"}],"about":[{"href":"https:\/\/ricovape.com\/hu\/wp-json\/wp\/v2\/types\/product"}],"replies":[{"embeddable":true,"href":"https:\/\/ricovape.com\/hu\/wp-json\/wp\/v2\/comments?post=48492"}],"wp:featuredmedia":[{"embeddable":true,"href":"https:\/\/ricovape.com\/hu\/wp-json\/wp\/v2\/media\/1322"}],"wp:attachment":[{"href":"https:\/\/ricovape.com\/hu\/wp-json\/wp\/v2\/media?parent=48492"}],"wp:term":[{"taxonomy":"product_brand","embeddable":true,"href":"https:\/\/ricovape.com\/hu\/wp-json\/wp\/v2\/product_brand?post=48492"},{"taxonomy":"product_cat","embeddable":true,"href":"https:\/\/ricovape.com\/hu\/wp-json\/wp\/v2\/product_cat?post=48492"},{"taxonomy":"product_tag","embeddable":true,"href":"https:\/\/ricovape.com\/hu\/wp-json\/wp\/v2\/product_tag?post=48492"}],"curies":[{"name":"wp","href":"https:\/\/api.w.org\/{rel}","templated":true}]}}