{"id":46164,"date":"2025-07-07T09:20:27","date_gmt":"2025-07-07T09:20:27","guid":{"rendered":"https:\/\/stage.jrfer.com\/product\/mrvi-25k-dual-coil-25000-puffs-30-ml-es-omlesztett-eldobhato-vape-nagykereskedelemben\/"},"modified":"2026-04-07T13:24:21","modified_gmt":"2026-04-07T13:24:21","slug":"mrvi-25000-puffs","status":"publish","type":"product","link":"https:\/\/ricovape.com\/hu\/termek\/mrvi-25000-puffs\/","title":{"rendered":"MRVI 25K Dual Coil 25000 Puffs | 30 ml-es \u00f6mlesztett eldobhat\u00f3 vape nagykereskedelemben"},"content":{"rendered":"<h2>Mi\u00e9rt v\u00e1lassza az MRVI 25000 Puffot?<\/h2>\n<ul>\n<li><strong>Ultra-nagy bef\u00faj\u00e1ssz\u00e1m:<\/strong> Ak\u00e1r 25 000 bef\u00faj\u00e1st tesz lehet\u0151v\u00e9 a hossz\u00fa t\u00e1v\u00fa el\u00e9gedetts\u00e9g \u00e9rdek\u00e9ben \ud83d\udd25<\/li>\n<li><strong>Massz\u00edv E-folyad\u00e9k tart\u00e1ly:<\/strong> 30 ml el\u0151ret\u00f6lt\u00f6tt gy\u00fcm\u00f6lcsl\u00e9 a kevesebb ut\u00e1nt\u00f6lt\u00e9s\u00e9rt \u00e9s a hosszabb g\u0151z\u00f6l\u00e9s\u00e9rt \ud83d\udca7<\/li>\n<li><strong>Kett\u0151s tekercs rugalmass\u00e1g:<\/strong> T\u00e1mogatja az MTL (sz\u00e1jt\u00f3l t\u00fcd\u0151ig) \u00e9s DTL (k\u00f6zvetlen\u00fcl a t\u00fcd\u0151ig) st\u00edlust is \ud83c\udf2c\ufe0f<\/li>\n<li><strong>\u00dajrat\u00f6lthet\u0151 teljes\u00edtm\u00e9ny:<\/strong> 1000 mAh-s akkumul\u00e1tor gyors Type-C t\u00f6lt\u00e9ssel \u26a1<\/li>\n<li><strong>Nikotinlehet\u0151s\u00e9gek:<\/strong> V\u00e1lasszon 2% \u00e9s 5% k\u00f6z\u00f6tt, hogy megfeleljen az ig\u00e9nyeinek \u2705<\/li>\n<li><strong>Gazdag \u00edz\u0171 kimenet:<\/strong> A kett\u0151s tekercs kialak\u00edt\u00e1s sima felh\u0151ket \u00e9s mer\u00e9sz \u00edzt biztos\u00edt \ud83c\udf53\ud83c\udf4d<\/li>\n<li><strong>Nagykereskedelmi k\u00e9szenl\u00e9t:<\/strong> Megb\u00edzhat\u00f3 v\u00e1laszt\u00e1s a B2B v\u00e1s\u00e1rl\u00f3k \u00e9s a vape shop t\u00f6meges rendel\u00e9sei sz\u00e1m\u00e1ra \ud83d\udce6<\/li>\n<\/ul>\n<h3>M\u0171szaki adatok<\/h3>\n<tbody>\n<tr>\n<td><strong>Puff kapacit\u00e1s:<\/strong><\/td>\n<td>Ak\u00e1r 25 000 f\u00faj\u00e1s<\/td>\n<\/tr>\n<tr>\n<td><strong>E-folyad\u00e9k kapacit\u00e1sa:<\/strong><\/td>\n<td>30 ml<\/td>\n<\/tr>\n<tr>\n<td><strong>Akkumul\u00e1tor:<\/strong><\/td>\n<td>1000 mAh \u00fajrat\u00f6lthet\u0151<\/td>\n<\/tr>\n<tr>\n<td><strong>T\u00f6lt\u00e9s:<\/strong><\/td>\n<td>C t\u00edpus\u00fa gyorst\u00f6lt\u00e9s<\/td>\n<\/tr>\n<tr>\n<td><strong>Tekercs t\u00edpusa:<\/strong><\/td>\n<td>Kett\u0151s tekercs (MTL \u00e9s DTL)<\/td>\n<\/tr>\n<tr>\n<td><strong>A nikotin er\u0151ss\u00e9gei:<\/strong><\/td>\n<td>2% \u00e9s 5%<\/td>\n<\/tr>\n<\/tbody>\n<\/table>\n<h3>\u00cdzv\u00e1laszt\u00e1s<\/h3>\n<p>Az <strong>MRVI 25000<\/strong> <strong>10 mer\u00e9sz \u00edzben<\/strong> kaphat\u00f3, amelyeket \u00fagy alak\u00edtottak ki, hogy minden g\u0151z\u00f6l\u0151 \u00edzlel\u0151bimb\u00f3it kiel\u00e9g\u00edts\u00e9k \ud83c\udf08:<\/p>\n<ul>\n<li><strong>Ban\u00e1nj\u00e9g:<\/strong> \u00c9des, \u00e9rett ban\u00e1n jeges h\u0171v\u00f6s lecseng\u00e9ssel \ud83c\udf4c\u2744\ufe0f<\/li>\n<li><strong>Epres cseresznye:<\/strong> A l\u00e9d\u00fas eper \u00e9s a fanyar cseresznye t\u00f6k\u00e9letes kever\u00e9ke \ud83c\udf53\ud83c\udf52<\/li>\n<li><strong>Barack j\u00e9g:<\/strong> Finom \u0151szibarack \u00edz, fagyos \u00fct\u00e9ssel \ud83c\udf51\u2744\ufe0f<\/li>\n<li><strong>\u00c1fonya alma:<\/strong> A cs\u00edp\u0151s \u00e1fonya ropog\u00f3s alm\u00e1val egyens\u00falyozva \ud83c\udf4f\ud83c\udf47<\/li>\n<li><strong>G\u00f6r\u00f6gdinnye j\u00e9g:<\/strong> Friss\u00edt\u0151 g\u00f6r\u00f6gdinnye mentolos h\u0171v\u00f6ss\u00e9ggel \ud83c\udf49\u2744\ufe0f<\/li>\n<li><strong>Anan\u00e1sz j\u00e9g:<\/strong> Tr\u00f3pusi anan\u00e1sz keverve jeges fel\u00fclettel \ud83c\udf4d\u2744\ufe0f<\/li>\n<li><strong>Maracuja-narancsl\u00e9:<\/strong> Egzotikus maracuja citrusos narancsl\u00e9vel keverve \ud83e\udd6d\ud83c\udf4a<\/li>\n<li><strong>Kevert bogy\u00f3s gy\u00fcm\u00f6lcs\u00f6k:<\/strong> A bogy\u00f3s \u00edzek \u00e9des kever\u00e9ke minden felf\u00faj\u00e1sban \ud83c\udf53\ud83e\uded0\ud83c\udf52<\/li>\n<li><strong>K\u00e9k Razz J\u00e9g:<\/strong> Mer\u00e9sz k\u00e9k m\u00e1lna \u00edz h\u0171s\u00edt\u0151 frissess\u00e9ggel \ud83e\uded0\u2744\ufe0f<\/li>\n<li><strong>Epres turmix:<\/strong> Kr\u00e9mes epres desszert a finom, \u00e9des g\u0151z\u00e9rt \ud83c\udf53\ud83e\udd64<\/li>\n<\/ul>\n<h3>T\u00f6k\u00e9letes neh\u00e9z felhaszn\u00e1l\u00f3k \u00e9s nagykeresked\u00e9sek sz\u00e1m\u00e1ra<\/h3>\n<p>Az <strong>MRVI 25000<\/strong> a <strong>neh\u00e9z g\u0151z\u00f6l\u0151knek, az \u00edzek szerelmeseinek, a vape boltoknak \u00e9s a forgalmaz\u00f3knak<\/strong> k\u00e9sz\u00fclt. <strong>25 000 puffad\u00e1ssz\u00e1m\u00e1val, 30 ml-es kapacit\u00e1s\u00e1val \u00e9s kett\u0151s tekercses sokoldal\u00fas\u00e1g\u00e1val<\/strong> ez egy pr\u00e9mium, t\u00f6megesen v\u00e1s\u00e1rolhat\u00f3 eldobhat\u00f3 vape, amely egyenletes teljes\u00edtm\u00e9nyt \u00e9s nagy nyeres\u00e9get biztos\u00edt a kiskeresked\u0151k sz\u00e1m\u00e1ra \ud83d\udce6\ud83d\udca8.<\/p>\n<h3>GYIK<\/h3>\n<ul>\n<li><strong>H\u00e1ny bef\u00faj\u00e1s eszk\u00f6z\u00f6nk\u00e9nt?<\/strong><br \/>\nMinden MRVI ak\u00e1r 25 000 f\u00faj\u00e1st is biztos\u00edt.<\/li>\n<li><strong>\u00dajrat\u00f6lthet\u0151?<\/strong><br \/>\nIgen, 1000 mAh-s akkumul\u00e1torral \u00e9s Type-C gyorst\u00f6lt\u00e9ssel.<\/li>\n<li><strong>T\u00e1mogatja a k\u00fcl\u00f6nb\u00f6z\u0151 g\u0151z\u00f6l\u00e9si st\u00edlusokat?<\/strong><br \/>\nIgen, k\u00f6sz\u00f6nhet\u0151en az MTL \u00e9s DTL g\u0151z\u00f6l\u00e9shez haszn\u00e1lt kett\u0151s tekercs be\u00e1ll\u00edt\u00e1s\u00e1nak.<\/li>\n<li><strong>Milyen nikotintartalm\u00fa lehet\u0151s\u00e9gek \u00e1llnak rendelkez\u00e9sre?<\/strong><br \/>\n2%-os (20 mg) \u00e9s 5%-os (50 mg) hat\u00e1ser\u0151ss\u00e9gben kaphat\u00f3.<\/li>\n<li><strong>Ki v\u00e1s\u00e1rolja meg ezt az eszk\u00f6zt?<\/strong><br \/>\nT\u00f6k\u00e9letes a <strong>hossz\u00fa munkamenetet haszn\u00e1l\u00f3knak, az \u00edzek kedvel\u0151inek, a vape boltoknak \u00e9s a nagykereskedelmi v\u00e1s\u00e1rl\u00f3knak<\/strong>.<\/li>\n<\/ul>\n","protected":false},"excerpt":{"rendered":"<p>Az <strong>MRVI 25000 Puffs<\/strong> \ud83d\udca8 egy pr\u00e9mium min\u0151s\u00e9g\u0171 eldobhat\u00f3 vape <strong>30 ml e-folyad\u00e9kkal, kett\u0151s tekercses teljes\u00edtm\u00e9nnyel \u00e9s ak\u00e1r 25 000 f\u00faj\u00e1ssal<\/strong>. T\u00f6k\u00e9letes a vape boltok, forgalmaz\u00f3k \u00e9s neh\u00e9z g\u0151z\u00f6l\u0151k sz\u00e1m\u00e1ra, akik tart\u00f3ss\u00e1got, gazdag \u00edzt \u00e9s maxim\u00e1lis \u00e9rt\u00e9ket k\u00f6vetelnek.<\/p>\n","protected":false},"featured_media":1398,"comment_status":"open","ping_status":"closed","template":"","meta":[],"product_brand":[],"product_cat":[538,862,979,1013,1084,826,1261,1294,1225,1327,1471,1545,1406,1365,1509,1439,2176,1598,1674,1636,400,1708,1046,900],"product_tag":[],"class_list":{"0":"post-46164","1":"product","2":"type-product","3":"status-publish","4":"has-post-thumbnail","6":"product_cat-25000-puff-eldobhato-vape","7":"product_cat-big-puffs-vapes","8":"product_cat-crystal-vapes","9":"product_cat-digitalis-doboz-vapes","10":"product_cat-dual-mesh-vapes","11":"product_cat-eldobhato-vape-tipusok","12":"product_cat-eldobhato-vapes-ausztriaban","13":"product_cat-eldobhato-vapes-belgiumban","14":"product_cat-eldobhato-vapes-europaban","15":"product_cat-eldobhato-vapes-franciaorszagban","16":"product_cat-eldobhato-vapes-hollandiaban","17":"product_cat-eldobhato-vapes-lengyelorszagban","18":"product_cat-eldobhato-vapes-magyarorszagon","19":"product_cat-eldobhato-vapes-nemetorszagban","20":"product_cat-eldobhato-vapes-norvegiaban","21":"product_cat-eldobhato-vapes-olaszorszagban","22":"product_cat-eldobhato-vapes-portugaliaban","23":"product_cat-eldobhato-vapes-spanyolorszagban","24":"product_cat-eldobhato-vapes-svajcban","25":"product_cat-eldobhato-vapes-svedorszagban","26":"product_cat-kulonbozo-puffadasu-eldobhato-gozok","27":"product_cat-mrvi","28":"product_cat-smart-screen-vapes","29":"product_cat-ujratoltheto-vapes","31":"first","32":"instock","33":"shipping-taxable","34":"purchasable","35":"product-type-variable","36":"has-default-attributes"},"jetpack_sharing_enabled":true,"tiered_pricing_type":"fixed","tiered_pricing_fixed_rules":{"100":5.7400000000000002131628207280300557613372802734375,"200":5.12000000000000010658141036401502788066864013671875,"400":4.80999999999999960920149533194489777088165283203125},"tiered_pricing_product_settings":{"layout":"default","base_unit_name":{"singular":null,"plural":null},"default_variation":null},"tiered_pricing_minimum_quantity":50,"tiered_pricing_roles_data":[],"tiered_pricing_percentage_rules":[],"tiered_pricing_maximum_quantity":null,"tiered_pricing_quantity_step":"10","_links":{"self":[{"href":"https:\/\/ricovape.com\/hu\/wp-json\/wp\/v2\/product\/46164","targetHints":{"allow":["GET"]}}],"collection":[{"href":"https:\/\/ricovape.com\/hu\/wp-json\/wp\/v2\/product"}],"about":[{"href":"https:\/\/ricovape.com\/hu\/wp-json\/wp\/v2\/types\/product"}],"replies":[{"embeddable":true,"href":"https:\/\/ricovape.com\/hu\/wp-json\/wp\/v2\/comments?post=46164"}],"wp:featuredmedia":[{"embeddable":true,"href":"https:\/\/ricovape.com\/hu\/wp-json\/wp\/v2\/media\/1398"}],"wp:attachment":[{"href":"https:\/\/ricovape.com\/hu\/wp-json\/wp\/v2\/media?parent=46164"}],"wp:term":[{"taxonomy":"product_brand","embeddable":true,"href":"https:\/\/ricovape.com\/hu\/wp-json\/wp\/v2\/product_brand?post=46164"},{"taxonomy":"product_cat","embeddable":true,"href":"https:\/\/ricovape.com\/hu\/wp-json\/wp\/v2\/product_cat?post=46164"},{"taxonomy":"product_tag","embeddable":true,"href":"https:\/\/ricovape.com\/hu\/wp-json\/wp\/v2\/product_tag?post=46164"}],"curies":[{"name":"wp","href":"https:\/\/api.w.org\/{rel}","templated":true}]}}