{"id":45358,"date":"2025-07-07T09:20:27","date_gmt":"2025-07-07T09:20:27","guid":{"rendered":"https:\/\/stage.jrfer.com\/product\/vapme-20k-crystal-double-flavor-20000-puffs-kettos-izu-omlesztett-eldobhato-vape\/"},"modified":"2026-04-07T13:21:00","modified_gmt":"2026-04-07T13:21:00","slug":"vapme-20k-crystal-20000-puffs","status":"publish","type":"product","link":"https:\/\/ricovape.com\/hu\/termek\/vapme-20k-crystal-20000-puffs\/","title":{"rendered":"Vapme 20K Crystal Double Flavor 20000 Puffs | kett\u0151s \u00edz\u0171 \u00f6mlesztett eldobhat\u00f3 vape"},"content":{"rendered":"<h2>Mi\u00e9rt v\u00e1lassza a Vapme 20K Crystalt?<\/h2>\n<ul>\n<li><strong>T\u00f6meges bef\u00faj\u00e1s:<\/strong> Ak\u00e1r 20 000 f\u00faj\u00e1s a hosszan tart\u00f3 kezel\u00e9sek \u00e9rdek\u00e9ben \ud83d\udd25<\/li>\n<li><strong>Kett\u0151s \u00edz\u0171 innov\u00e1ci\u00f3:<\/strong> \u00c9lvezzen k\u00e9t izgalmas \u00edzt egy eszk\u00f6zben \ud83c\udf08<\/li>\n<li><strong>B\u0151s\u00e9ges E-folyad\u00e9k tart\u00e1ly:<\/strong> 20 ml el\u0151ret\u00f6lt\u00f6tt gy\u00fcm\u00f6lcsl\u00e9 a hosszabb \u00e9lvezet \u00e9rdek\u00e9ben \ud83d\udca7<\/li>\n<li><strong>Er\u0151s akkumul\u00e1tor:<\/strong> 700 mAh-s, \u00fajrat\u00f6lthet\u0151 Type-C gyorst\u00f6lt\u00e9ssel \u26a1<\/li>\n<li><strong>Nikotiner\u0151ss\u00e9g:<\/strong> Sima 2% (20 mg) a kiel\u00e9g\u00edt\u0151 tal\u00e1latok\u00e9rt \u2705<\/li>\n<li><strong>Mesh Coil:<\/strong> Fejlett h\u00e1l\u00f3s technol\u00f3gia a gazdag \u00edz\u00e9rt \u00e9s sima g\u0151z\u00e9rt \ud83c\udf2c\ufe0f<\/li>\n<li><strong>Hordozhat\u00f3 \u00e9s st\u00edlusos:<\/strong> K\u00f6nny\u0171 krist\u00e1lykialak\u00edt\u00e1s, zsebbar\u00e1t \u00e9s eleg\u00e1ns \u2728<\/li>\n<li><strong>Nagykereskedelmi k\u00e9szenl\u00e9t:<\/strong> Nagy haszonkulcsok a forgalmaz\u00f3k \u00e9s kiskeresked\u0151k sz\u00e1m\u00e1ra \ud83d\udce6<\/li>\n<\/ul>\n<h3>M\u0171szaki adatok<\/h3>\n<tbody>\n<tr>\n<td><strong>Puff kapacit\u00e1s:<\/strong><\/td>\n<td>Ak\u00e1r 20 000 f\u00faj\u00e1s<\/td>\n<\/tr>\n<tr>\n<td><strong>E-folyad\u00e9k kapacit\u00e1sa:<\/strong><\/td>\n<td>20 ml<\/td>\n<\/tr>\n<tr>\n<td><strong>Akkumul\u00e1tor:<\/strong><\/td>\n<td>700 mAh \u00fajrat\u00f6lthet\u0151<\/td>\n<\/tr>\n<tr>\n<td><strong>T\u00f6lt\u00e9s:<\/strong><\/td>\n<td>C t\u00edpus\u00fa gyorst\u00f6lt\u00e9s<\/td>\n<\/tr>\n<tr>\n<td><strong>Nikotin er\u0151ss\u00e9ge:<\/strong><\/td>\n<td>2% (20 mg)<\/td>\n<\/tr>\n<tr>\n<td><strong>Tekercs t\u00edpusa:<\/strong><\/td>\n<td>H\u00e1l\u00f3 tekercs<\/td>\n<\/tr>\n<tr>\n<td><strong>Tervez\u00e9s:<\/strong><\/td>\n<td>Krist\u00e1lytiszta, kompakt, zsebbar\u00e1t<\/td>\n<\/tr>\n<\/tbody>\n<\/table>\n<h3>\u00cdzv\u00e1laszt\u00e1s<\/h3>\n<p>A <strong>Vapme 20K Crystal<\/strong> <strong>10 finom, kett\u0151s \u00edz\u0171 komb\u00f3ban<\/strong> kaphat\u00f3, amelyek az \u00e9des \u00e9s a fagyos szerelmesek sz\u00e1m\u00e1ra k\u00e9sz\u00fcltek \ud83c\udf53\u2744\ufe0f:<\/p>\n<ul>\n<li><strong>\u00c1fonya m\u00e1lna \u00e9s g\u00f6r\u00f6gdinnye j\u00e9g:<\/strong> \u00c9des bogy\u00f3s gy\u00fcm\u00f6lcs\u00f6k fagyos g\u00f6r\u00f6gdinny\u00e9vel keverve.<\/li>\n<li><strong>Epres g\u00f6r\u00f6gdinnye \u00e9s maracuja s\u00e1rgadinnye j\u00e9g:<\/strong> l\u00e9d\u00fas gy\u00fcm\u00f6lcskever\u00e9k friss\u00edt\u0151, h\u0171v\u00f6s lecseng\u00e9ssel.<\/li>\n<li><strong>Cherry Ice &amp; Blue Razz Limon\u00e1d\u00e9:<\/strong> A fanyar cseresznye tal\u00e1lkozik az \u00e9des, sz\u00e9nsavas k\u00e9k razz limon\u00e1d\u00e9val.<\/li>\n<li><strong>Grape Ice &amp; Strawberry Kiwi:<\/strong> Mer\u00e9sz sz\u0151l\u0151 tr\u00f3pusi epres kivi csavarral.<\/li>\n<li><strong>Eper ban\u00e1n \u00e9s dupla alma:<\/strong> Tejsz\u00ednes ban\u00e1n-eper kever\u00e9k ropog\u00f3s alm\u00e1val p\u00e1ros\u00edtva.<\/li>\n<li><strong>Vegyes bogy\u00f3s j\u00e9g \u00e9s barack mang\u00f3 anan\u00e1sz:<\/strong> Fagyos bogy\u00f3s kever\u00e9k tr\u00f3pusi napf\u00e9nyes gy\u00fcm\u00f6lcs\u00f6kkel.<\/li>\n<li><strong>Eper- \u00e9s g\u00f6r\u00f6gdinnye kiwij\u00e9g:<\/strong> Friss\u00edt\u0151, jeges gy\u00fcm\u00f6lcsp\u00e1ros a men\u0151 felh\u0151vad\u00e1sz\u00f3knak.<\/li>\n<li><strong>Energiaital \u00e9s cseresznye k\u00f3la:<\/strong> sz\u00e9nsavas sz\u00f3da ihlette \u00edzek a mer\u00e9sz g\u0151z\u00f6l\u00e9shez \u26a1\ud83e\udd64<\/li>\n<li><strong>Epres m\u00e1lnacukorka \u00e9s \u0151szibarackj\u00e9g:<\/strong> Az \u00e9des \u00e9dess\u00e9g finoms\u00e1ga h\u0171t\u00f6tt \u0151szibarackkal egyens\u00falyozva.<\/li>\n<li><strong>Epermang\u00f3 \u00e9s kiwi golgotagy\u00fcm\u00f6lcs-guava:<\/strong> Egzotikus tr\u00f3pusi kever\u00e9k r\u00e9teges gy\u00fcm\u00f6lcs\u00f6ss\u00e9ggel.<\/li>\n<\/ul>\n<h3>T\u00f6k\u00e9letes neh\u00e9z felhaszn\u00e1l\u00f3k \u00e9s nagykeresked\u00e9sek sz\u00e1m\u00e1ra<\/h3>\n<p>A <strong>Vapme 20K Crystal<\/strong> a <strong>neh\u00e9z vaporok, \u00edzkeres\u0151k, vape boltok \u00e9s forgalmaz\u00f3k sz\u00e1m\u00e1ra k\u00e9sz\u00fclt<\/strong>. <strong>Kett\u0151s \u00edz\u0171 diz\u00e1jnja, 20 000 puffad\u00e1si kapacit\u00e1sa \u00e9s st\u00edlusos krist\u00e1lyszerkezete<\/strong> teszi az egyik legjobb t\u00f6meges v\u00e1s\u00e1rl\u00e1s\u00fa eldobhat\u00f3 vape-ot a piacon \ud83d\udce6\ud83d\udca8.<\/p>\n<h3>GYIK<\/h3>\n<ul>\n<li><strong>H\u00e1ny bef\u00faj\u00e1s eszk\u00f6z\u00f6nk\u00e9nt?<\/strong><br \/>\nMinden Vapme 20K ak\u00e1r 20 000 f\u00faj\u00e1st biztos\u00edt.<\/li>\n<li><strong>\u00dajrat\u00f6lthet\u0151?<\/strong><br \/>\nIgen, 700 mAh-s \u00fajrat\u00f6lthet\u0151 akkumul\u00e1torral m\u0171k\u00f6dik Type-C gyorst\u00f6lt\u00e9ssel.<\/li>\n<li><strong>Milyen er\u0151ss\u00e9g\u0171 a nikotin?<\/strong><br \/>\n2% nikotin (20 mg), sima \u00e9s kiel\u00e9g\u00edt\u0151.<\/li>\n<li><strong>T\u00f6bb \u00edz\u0171?<\/strong><br \/>\nIgen! Minden eszk\u00f6z <strong>k\u00e9t \u00edzt tartalmaz egyben<\/strong>.<\/li>\n<li><strong>Ki v\u00e1s\u00e1rolja meg ezt?<\/strong><br \/>\nT\u00f6k\u00e9letes az <strong>\u00edzkeres\u0151knek, a hossz\u00fa ideig tart\u00f3 g\u0151z\u00f6l\u0151knek, a vape boltoknak \u00e9s a nagykereskedelmi v\u00e1s\u00e1rl\u00f3knak<\/strong>.<\/li>\n<\/ul>\n","protected":false},"excerpt":{"rendered":"<p>A <strong>Vapme 20K Crystal<\/strong> \ud83d\udc8e <strong>20 000 felf\u00faj\u00e1st, kett\u0151s \u00edz\u00e9lm\u00e9nyt \u00e9s krist\u00e1lytiszta diz\u00e1jnt k\u00edn\u00e1l<\/strong> \u2013 t\u00f6k\u00e9letes a neh\u00e9z felhaszn\u00e1l\u00f3k, a vape boltok \u00e9s a nagykereskedelmi forgalmaz\u00e1s sz\u00e1m\u00e1ra.<\/p>\n","protected":false},"featured_media":1409,"comment_status":"open","ping_status":"closed","template":"","meta":[],"product_brand":[],"product_cat":[511,862,979,1013,1119,826,1261,1294,1225,1327,1471,1545,1406,1365,1509,1439,2176,1598,1674,1636,400,1046,900,373],"product_tag":[],"class_list":{"0":"post-45358","1":"product","2":"type-product","3":"status-publish","4":"has-post-thumbnail","6":"product_cat-20000-puff-eldobhato-vape","7":"product_cat-big-puffs-vapes","8":"product_cat-crystal-vapes","9":"product_cat-digitalis-doboz-vapes","10":"product_cat-dual-flavor-vapes","11":"product_cat-eldobhato-vape-tipusok","12":"product_cat-eldobhato-vapes-ausztriaban","13":"product_cat-eldobhato-vapes-belgiumban","14":"product_cat-eldobhato-vapes-europaban","15":"product_cat-eldobhato-vapes-franciaorszagban","16":"product_cat-eldobhato-vapes-hollandiaban","17":"product_cat-eldobhato-vapes-lengyelorszagban","18":"product_cat-eldobhato-vapes-magyarorszagon","19":"product_cat-eldobhato-vapes-nemetorszagban","20":"product_cat-eldobhato-vapes-norvegiaban","21":"product_cat-eldobhato-vapes-olaszorszagban","22":"product_cat-eldobhato-vapes-portugaliaban","23":"product_cat-eldobhato-vapes-spanyolorszagban","24":"product_cat-eldobhato-vapes-svajcban","25":"product_cat-eldobhato-vapes-svedorszagban","26":"product_cat-kulonbozo-puffadasu-eldobhato-gozok","27":"product_cat-smart-screen-vapes","28":"product_cat-ujratoltheto-vapes","29":"product_cat-vapme","31":"first","32":"instock","33":"shipping-taxable","34":"purchasable","35":"product-type-variable","36":"has-default-attributes"},"jetpack_sharing_enabled":true,"tiered_pricing_type":"fixed","tiered_pricing_fixed_rules":{"30":8.3900000000000005684341886080801486968994140625,"50":6.660000000000000142108547152020037174224853515625,"100":6.04999999999999982236431605997495353221893310546875,"200":5.67999999999999971578290569595992565155029296875,"400":5.2400000000000002131628207280300557613372802734375},"tiered_pricing_product_settings":{"layout":"default","base_unit_name":{"singular":null,"plural":null},"default_variation":null},"tiered_pricing_minimum_quantity":10,"tiered_pricing_roles_data":[],"tiered_pricing_percentage_rules":[],"tiered_pricing_maximum_quantity":null,"tiered_pricing_quantity_step":"10","_links":{"self":[{"href":"https:\/\/ricovape.com\/hu\/wp-json\/wp\/v2\/product\/45358","targetHints":{"allow":["GET"]}}],"collection":[{"href":"https:\/\/ricovape.com\/hu\/wp-json\/wp\/v2\/product"}],"about":[{"href":"https:\/\/ricovape.com\/hu\/wp-json\/wp\/v2\/types\/product"}],"replies":[{"embeddable":true,"href":"https:\/\/ricovape.com\/hu\/wp-json\/wp\/v2\/comments?post=45358"}],"wp:featuredmedia":[{"embeddable":true,"href":"https:\/\/ricovape.com\/hu\/wp-json\/wp\/v2\/media\/1409"}],"wp:attachment":[{"href":"https:\/\/ricovape.com\/hu\/wp-json\/wp\/v2\/media?parent=45358"}],"wp:term":[{"taxonomy":"product_brand","embeddable":true,"href":"https:\/\/ricovape.com\/hu\/wp-json\/wp\/v2\/product_brand?post=45358"},{"taxonomy":"product_cat","embeddable":true,"href":"https:\/\/ricovape.com\/hu\/wp-json\/wp\/v2\/product_cat?post=45358"},{"taxonomy":"product_tag","embeddable":true,"href":"https:\/\/ricovape.com\/hu\/wp-json\/wp\/v2\/product_tag?post=45358"}],"curies":[{"name":"wp","href":"https:\/\/api.w.org\/{rel}","templated":true}]}}