{"id":44570,"date":"2025-07-07T09:20:50","date_gmt":"2025-07-07T09:20:50","guid":{"rendered":"https:\/\/stage.jrfer.com\/product\/%f0%9f%8e%81-rejtelyes-eldobhato-vape-box-bontsa-ki-az-izeket-oldja-meg-a-szorakozast-%f0%9f%92%a8\/"},"modified":"2026-04-07T03:13:40","modified_gmt":"2026-04-07T03:13:40","slug":"mystery-disposable-vape-box","status":"publish","type":"product","link":"https:\/\/ricovape.com\/hu\/termek\/mystery-disposable-vape-box\/","title":{"rendered":"\ud83c\udf81 Rejt\u00e9lyes eldobhat\u00f3 Vape Box \u2013 Bontsa ki az \u00edzeket, oldja meg a sz\u00f3rakoz\u00e1st! \ud83d\udca8"},"content":{"rendered":"<p>K\u00e9sz\u00fclj fel egy izgalmas kalandra a <strong>Mystery Eldobhat\u00f3 Vape Box-unkkal<\/strong>, ahol minden kicsomagol\u00e1s kellemes meglepet\u00e9s. Bel\u00fcl az eldobhat\u00f3 vape eszk\u00f6z\u00f6k gondosan v\u00e1logatott v\u00e1laszt\u00e9k\u00e1t tal\u00e1lja, amelyek \u00edzei a friss\u00edt\u0151 klasszikusokt\u00f3l a mer\u00e9sz, egzotikus kever\u00e9kekig terjednek. \ud83c\udf53\ud83c\udf4d\ud83e\udd6d<\/p>\n<p>Ak\u00e1r k\u00edv\u00e1ncsi kezd\u0151 vagy, ak\u00e1r tapasztalt vapper, ez a doboz \u00fagy lett megtervezve, hogy tal\u00e1lgasson \u00e9s mosolyogjon minden f\u00faj\u00e1sn\u00e1l. Mindegyik k\u00e9sz\u00fcl\u00e9ket a legkelend\u0151bb term\u00e9keink k\u00f6z\u00fcl v\u00e1lasztjuk ki, \u00edgy \u00edzel\u00edt\u0151t kaphat az \u00faj \u00e9s n\u00e9pszer\u0171 modellekb\u0151l, amelyeket kor\u00e1bban m\u00e9g nem pr\u00f3b\u00e1lt ki. \ud83c\udf08<\/p>\n<p><strong>Ha k\u00fcl\u00f6nleges k\u00f6vetelm\u00e9nyei vannak a nikotinnal kapcsolatban, k\u00e9rj\u00fck, tudassa vel\u00fcnk rendel\u00e9s el\u0151tt.<\/strong><\/p>\n<h3>\ud83d\udce6 Mi van a dobozban?<\/h3>\n<p>Minden Mystery Box tartalmaz <strong>10 pr\u00e9mium eldobhat\u00f3 g\u0151zt<\/strong>, amelyeket v\u00e9letlenszer\u0171en v\u00e1lasztottunk ki \u00fczlet\u00fcnk legjobb modelljei k\u00f6z\u00fcl. Ilyen meglepet\u00e9seket tal\u00e1lhat:<\/p>\n<ul>\n<li><a href=\"https:\/\/ricovape.com\/hu\/termek\/waspe-40k-twins-40000-puffs\/\">WASPE 40K Twins \u2013 40 000 Puff<\/a><\/li>\n<li><a href=\"https:\/\/ricovape.com\/hu\/termek\/waspe-100k-4-az-1-ben-100-000-puff-quad-izu-omlesztett-eldobhato-vape\/\">WASPE 100K 4 az 1-ben \u2013 100 000 felf\u00faj\u00e1s<\/a><\/li>\n<li><a href=\"https:\/\/ricovape.com\/hu\/termek\/randm-tornado-15k-15000-puffs-big-cloud-mesh-coil-omlesztett-eldobhato-vape\/\">RandM Tornado \u2013 15 000 f\u00faj\u00e1s<\/a><\/li>\n<li>Bang King 30K dupla \u00edz\u0171<\/li>\n<li>RandM Tornado 9000<\/li>\n<\/ul>\n<p>\u2026 \u00e9s m\u00e9g sok m\u00e1s! <strong>T\u00f6bb mint 100 egyedi \u00edz<\/strong> k\u00edn\u00e1latunkkal minden doboz egy kaland. \ud83e\ude84<\/p>\n<h3>\ud83d\uded2 V\u00e1s\u00e1rl\u00e1si \u00fatmutat\u00f3<\/h3>\n<ul>\n<li><strong>Minden \u00e9rt\u00e9kes\u00edt\u00e9s v\u00e9gleges<\/strong> \u2013 nincs visszat\u00e9r\u00edt\u00e9s vagy csere, kiv\u00e9ve, ha min\u0151s\u00e9gi probl\u00e9ma mer\u00fcl fel.<\/li>\n<li><strong>Ingyenes sz\u00e1ll\u00edt\u00e1s<\/strong> minden Mystery Box-rendel\u00e9s eset\u00e9n.<\/li>\n<li><strong>Korhat\u00e1r:<\/strong> \u00d6nnek be kell t\u00f6ltenie az orsz\u00e1g\u00e1ban t\u00f6rv\u00e9nyesen doh\u00e1nyz\u00f3 korhat\u00e1rt.<\/li>\n<li>A megrendel\u00e9ssel \u00d6n elfogadja ezeket a felt\u00e9teleket.<\/li>\n<\/ul>\n<h3>\ud83d\ude9a Sz\u00e1ll\u00edt\u00e1si inform\u00e1ci\u00f3k<\/h3>\n<p>A biztons\u00e1gos \u00e9s gyors sz\u00e1ll\u00edt\u00e1s \u00e9rdek\u00e9ben olyan megb\u00edzhat\u00f3 fuvaroz\u00f3kkal dolgozunk egy\u00fctt, mint a UPS, a DHL, a FedEx \u00e9s a DPD.<\/p>\n<ul>\n<li><strong>Eur\u00f3pa:<\/strong> Sz\u00e1ll\u00edt\u00e1s 12\u201315 napon bel\u00fcl.<\/li>\n<li><strong>Egyes\u00fclt \u00c1llamok:<\/strong> \u00c1ltal\u00e1ban 10 napon bel\u00fcl \u00e9rkezik.<\/li>\n<li><strong>Nyomon k\u00f6vet\u00e9s:<\/strong> Val\u00f3s idej\u0171 friss\u00edt\u00e9sek \u00e9rhet\u0151k el.<\/li>\n<\/ul>\n<p>Semmi v\u00e1mgond \u2705 \u2013 mi kezelj\u00fck a v\u00e1mkezel\u00e9st, \u00e9s <strong>term\u00e9keink 100%-a \u00e1tmegy a v\u00e1mon<\/strong>. Nincs extra ad\u00f3!<\/p>\n<h2>\u2753 GYIK \u2013 Gyakran Ism\u00e9telt K\u00e9rd\u00e9sek<\/h2>\n<h4>1. Kiv\u00e1laszthatom az \u00edzeimet?<\/h4>\n<p>Nem \u2013 a Mystery Box m\u00f3k\u00e1ja a meglepet\u00e9s! A legn\u00e9pszer\u0171bb \u00e9s legizgalmasabb lehet\u0151s\u00e9geink kever\u00e9k\u00e9t kapja meg.<\/p>\n<h4>2. H\u00e1ny vape ker\u00fcl egy dobozba?<\/h4>\n<p>Minden Mystery Box <strong>10 eldobhat\u00f3 g\u0151zt<\/strong> tartalmaz, gondosan becsomagolva \u00e9s lez\u00e1rva.<\/p>\n<h4>3. Ezek eredeti term\u00e9kek?<\/h4>\n<p>Igen! \u2705 Minden term\u00e9k eredeti, \u00e9s k\u00f6zvetlen\u00fcl megb\u00edzhat\u00f3 gy\u00e1rt\u00f3kt\u00f3l sz\u00e1rmazik.<\/p>\n<h4>4. A nikotint tartalmazza?<\/h4>\n<p>A legt\u00f6bb eszk\u00f6z\u00fcnk nikotint tartalmaz, de ha k\u00fcl\u00f6nleges k\u00f6vetelm\u00e9nyre van sz\u00fcks\u00e9ge, k\u00e9rj\u00fck, rendel\u00e9s el\u0151tt jelezze.<\/p>\n<h4>5. Vil\u00e1gszerte sz\u00e1ll\u00edt?<\/h4>\n<p>Jelenleg els\u0151sorban az Egyes\u00fclt \u00c1llamokba, Eur\u00f3p\u00e1ba \u00e9s bizonyos orsz\u00e1gokba sz\u00e1ll\u00edtunk. K\u00e9rj\u00fck, fizet\u00e9skor ellen\u0151rizze a sz\u00e1ll\u00edt\u00e1si lehet\u0151s\u00e9geket.<\/p>\n<h2>\ud83d\udd25 Mi\u00e9rt v\u00e1lassza a Mystery Vape Boxot?<\/h2>\n<ul>\n<li>\ud83c\udf89 V\u00e9gtelen izgalom \u2013 fedezzen fel minden alkalommal \u00faj \u00edzeket.<\/li>\n<li>\ud83d\udca8 Hatalmas bef\u00faj\u00e1sok sz\u00e1ma \u2013 9000-t\u0151l 100.000-ig!<\/li>\n<li>\ud83d\udee1\ufe0f 100%-ban hiteles \u00e9s biztons\u00e1gos term\u00e9kek.<\/li>\n<li>\ud83d\ude80 Gyors, ingyenes sz\u00e1ll\u00edt\u00e1s nyomon k\u00f6vet\u00e9si friss\u00edt\u00e9sekkel.<\/li>\n<li>\ud83c\udf0d V\u00e1mkezel\u00e9s \u2013 nincsenek rejtett d\u00edjak.<\/li>\n<\/ul>\n<p>\ud83d\udc49 K\u00e9szen \u00e1llsz egy izgalmas vape kalandra? Ne maradjon le \u2013 rendelje meg <strong>Mystery Eldobhat\u00f3 Vape Box-j\u00e1t<\/strong> m\u00e9g ma!<\/p>\n<p>.tier-pricing-summary-table {display:none !important}<br \/>\n.tier-pricing-summary-table {display:none !important}<\/p>\n","protected":false},"excerpt":{"rendered":"<p>\ud83c\udf81 Fedezze fel a meglepet\u00e9sekkel teli dobozt! Minden <strong>Mystery Eldobhat\u00f3 Vape Box<\/strong> tele van izgalmas \u00edzekkel, pr\u00e9mium puffokkal \u00e9s v\u00e9gtelen vape kalandokkal. T\u00f6k\u00e9letes azok sz\u00e1m\u00e1ra, akik szeretik a meglepet\u00e9s izgalm\u00e1t! \ud83d\ude80<\/p>\n","protected":false},"featured_media":1527,"comment_status":"open","ping_status":"closed","template":"","meta":[],"product_brand":[],"product_cat":[1225],"product_tag":[],"class_list":{"0":"post-44570","1":"product","2":"type-product","3":"status-publish","4":"has-post-thumbnail","6":"product_cat-eldobhato-vapes-europaban","8":"first","9":"instock","10":"sale","11":"shipping-taxable","12":"purchasable","13":"product-type-simple"},"jetpack_sharing_enabled":true,"tiered_pricing_type":"fixed","tiered_pricing_fixed_rules":[],"tiered_pricing_product_settings":{"layout":"default","base_unit_name":{"singular":null,"plural":null},"default_variation":null},"tiered_pricing_minimum_quantity":null,"tiered_pricing_roles_data":[],"tiered_pricing_percentage_rules":[],"tiered_pricing_maximum_quantity":null,"tiered_pricing_quantity_step":null,"_links":{"self":[{"href":"https:\/\/ricovape.com\/hu\/wp-json\/wp\/v2\/product\/44570","targetHints":{"allow":["GET"]}}],"collection":[{"href":"https:\/\/ricovape.com\/hu\/wp-json\/wp\/v2\/product"}],"about":[{"href":"https:\/\/ricovape.com\/hu\/wp-json\/wp\/v2\/types\/product"}],"replies":[{"embeddable":true,"href":"https:\/\/ricovape.com\/hu\/wp-json\/wp\/v2\/comments?post=44570"}],"wp:featuredmedia":[{"embeddable":true,"href":"https:\/\/ricovape.com\/hu\/wp-json\/wp\/v2\/media\/1527"}],"wp:attachment":[{"href":"https:\/\/ricovape.com\/hu\/wp-json\/wp\/v2\/media?parent=44570"}],"wp:term":[{"taxonomy":"product_brand","embeddable":true,"href":"https:\/\/ricovape.com\/hu\/wp-json\/wp\/v2\/product_brand?post=44570"},{"taxonomy":"product_cat","embeddable":true,"href":"https:\/\/ricovape.com\/hu\/wp-json\/wp\/v2\/product_cat?post=44570"},{"taxonomy":"product_tag","embeddable":true,"href":"https:\/\/ricovape.com\/hu\/wp-json\/wp\/v2\/product_tag?post=44570"}],"curies":[{"name":"wp","href":"https:\/\/api.w.org\/{rel}","templated":true}]}}