{"id":43533,"date":"2025-07-07T09:20:50","date_gmt":"2025-07-07T09:20:50","guid":{"rendered":"https:\/\/stage.jrfer.com\/product\/fizzy-nova-20000-puffs-dual-mesh-tekercs-eldobhato-vape-lcd-kepernyovel\/"},"modified":"2026-04-07T13:16:39","modified_gmt":"2026-04-07T13:16:39","slug":"fizzy-nova-20000-puffs","status":"publish","type":"product","link":"https:\/\/ricovape.com\/hu\/termek\/fizzy-nova-20000-puffs\/","title":{"rendered":"Fizzy Nova 20000 Puffs | dual mesh tekercs eldobhat\u00f3 vape lcd k\u00e9perny\u0151vel"},"content":{"rendered":"<h2>Mi\u00e9rt v\u00e1lassza a Fizzy Nova 20000 Puffot?<\/h2>\n<ul>\n<li><strong>20 000 felf\u00faj\u00e1s:<\/strong> Rendk\u00edv\u00fcl hossz\u00fa \u00e9lettartam\u00fa, neh\u00e9z g\u0151z\u00f6l\u0151knek \u00e9s nagy mennyis\u00e9gben v\u00e1s\u00e1rl\u00f3knak tervezve \ud83d\udd25<\/li>\n<li><strong>Kett\u0151s h\u00e1l\u00f3s tekercs:<\/strong> Gazdag, sima \u00edz minden felf\u00faj\u00e1ssal \ud83c\udf2c\ufe0f<\/li>\n<li><strong>\u00dajrat\u00f6lthet\u0151 akkumul\u00e1tor:<\/strong> 850 mAh teljes\u00edtm\u00e9ny Type-C gyorst\u00f6lt\u00e9ssel \u26a1<\/li>\n<li><strong>Intelligens LCD kijelz\u0151:<\/strong> Az e-liquid \u00e9s az akkumul\u00e1tor t\u00f6lt\u00f6tts\u00e9gi szintj\u00e9nek azonnali ellen\u0151rz\u00e9se \ud83d\udcca<\/li>\n<li><strong>Eco \u00e9s Turbo m\u00f3dok:<\/strong> V\u00e1lt\u00e1s az energiatakar\u00e9kos \u00e9s az intenz\u00edv \u00edzfokoz\u00f3 k\u00f6z\u00f6tt \ud83d\udd04<\/li>\n<li><strong>Nikotin opci\u00f3k:<\/strong> 2% vagy 5% a k\u00fcl\u00f6nb\u00f6z\u0151 preferenci\u00e1knak megfelel\u0151en \ud83d\udcaf<\/li>\n<li><strong>Pr\u00e9mium f\u00e9m diz\u00e1jn:<\/strong> karcs\u00fa, tart\u00f3s \u00e9s st\u00edlusos \u2728<\/li>\n<li><strong>B\u0151s\u00e9ges \u00edzv\u00e1laszt\u00e9k:<\/strong> a gy\u00fcm\u00f6lcs\u00f6st\u0151l a sz\u00e9nsavas kever\u00e9kekig \ud83c\udf53\ud83c\udf4b\ud83e\udd6d<\/li>\n<\/ul>\n<h3>M\u0171szaki adatok<\/h3>\n<tbody>\n<tr>\n<td><strong>Puff kapacit\u00e1s:<\/strong><\/td>\n<td>Ak\u00e1r 20 000 f\u00faj\u00e1s<\/td>\n<\/tr>\n<tr>\n<td><strong>Akkumul\u00e1tor:<\/strong><\/td>\n<td>850 mAh \u00fajrat\u00f6lthet\u0151, C t\u00edpus\u00fa gyorst\u00f6lt\u00e9s<\/td>\n<\/tr>\n<tr>\n<td><strong>Tekercs t\u00edpusa:<\/strong><\/td>\n<td>Kett\u0151s h\u00e1l\u00f3s tekercs<\/td>\n<\/tr>\n<tr>\n<td><strong>Kijelz\u0151:<\/strong><\/td>\n<td>LCD intelligens k\u00e9perny\u0151 (akkumul\u00e1tor + e-folyad\u00e9k szintje)<\/td>\n<\/tr>\n<tr>\n<td><strong>Energia \u00fczemm\u00f3dok:<\/strong><\/td>\n<td>Eco m\u00f3d \u00e9s turb\u00f3 m\u00f3d<\/td>\n<\/tr>\n<tr>\n<td><strong>A nikotin er\u0151ss\u00e9gei:<\/strong><\/td>\n<td>2% \/ 5%<\/td>\n<\/tr>\n<tr>\n<td><strong>Build:<\/strong><\/td>\n<td>Pr\u00e9mium f\u00e9mfel\u00fclet, letisztult diz\u00e1jn<\/td>\n<\/tr>\n<\/tbody>\n<\/table>\n<h3>\u00cdzv\u00e1laszt\u00e1s<\/h3>\n<p>A <strong>Fizzy Nova 20000 Puffs<\/strong> finom, gondosan kidolgozott \u00edzek sz\u00e9les v\u00e1laszt\u00e9k\u00e1ban kaphat\u00f3, hogy minden \u00edzl\u00e9snek megfeleljen \ud83c\udf1f:<\/p>\n<ul>\n<li><strong>Citrom M\u00e9sz:<\/strong> Zavaros citrus du\u00f3 a friss\u00edt\u0151 hangulat\u00e9rt \ud83c\udf4b<\/li>\n<li><strong>Pez\u00e1zott cseresznye:<\/strong> \u00e9des, cs\u00edp\u0151s \u00e9s sz\u00f3da ihlette \ud83c\udf52\ud83e\udd64<\/li>\n<li><strong>Kevert bogy\u00f3:<\/strong> l\u00e9d\u00fas bogy\u00f3s kever\u00e9k \ud83e\uded0\ud83c\udf53<\/li>\n<li><strong>Epres kiwi:<\/strong> Az \u00e9des \u00e9s a fanyar t\u00f6k\u00e9letes harm\u00f3ni\u00e1ban \ud83c\udf53\ud83e\udd5d<\/li>\n<li><strong>G\u00f6r\u00f6gdinnye:<\/strong> Klasszikus, friss\u00edt\u0151 \u00e9s l\u00e9d\u00fas \ud83c\udf49<\/li>\n<li><strong>R\u00f3zsasz\u00edn limon\u00e1d\u00e9:<\/strong> \u00c9des, savany\u00fa \u00e9s sz\u00e9nsavas \ud83c\udf38\ud83c\udf4b<\/li>\n<li><strong>Eper:<\/strong> Egyszer\u0171, \u00e9des \u00e9s id\u0151tlen \ud83c\udf53<\/li>\n<li><strong>\u0150szibarack:<\/strong> sima, l\u00e1gy \u00e9s gy\u00fcm\u00f6lcs\u00f6s \ud83c\udf51<\/li>\n<li><strong>M\u00e1lna citrom:<\/strong> cs\u00edp\u0151s, fanyar \u00e9s t\u00f6k\u00e9letesen kiegyens\u00falyozott \ud83c\udf4b\ud83c\udf47<\/li>\n<li><strong>Savany\u00fa alma:<\/strong> Ropog\u00f3s, savany\u00fa \u00e9s energiz\u00e1l\u00f3 \ud83c\udf4f<\/li>\n<li><strong>Anan\u00e1szos \u0151szibarack golgotagy\u00fcm\u00f6lcs:<\/strong> egzotikus tr\u00f3pusi tri\u00f3 \ud83c\udf4d\ud83c\udf51\ud83e\udd6d<\/li>\n<li><strong>Kiwi Szenved\u00e9ly Gy\u00fcm\u00f6lcs Guj\u00e1vafa:<\/strong> \u00c9l\u00e9nk tr\u00f3pusi kever\u00e9k \ud83e\udd5d\ud83c\udf48<\/li>\n<\/ul>\n<h3>T\u00f6k\u00e9letes nagykereskedelmi \u00e9s neh\u00e9z vapperekhez<\/h3>\n<p>A <strong>Fizzy Nova 20000 Puffs<\/strong> az <strong>er\u0151s felhaszn\u00e1l\u00f3knak, az \u00edzek szerelmeseinek \u00e9s a vape boltoknak<\/strong> k\u00e9sz\u00fclt, akik megb\u00edzhat\u00f3, hossz\u00fa \u00e9lettartam\u00fa eldobhat\u00f3 term\u00e9ket szeretn\u00e9nek. A <strong>pr\u00e9mium diz\u00e1jnnal, intelligens kijelz\u0151vel \u00e9s mer\u00e9sz \u00edzes\u00edt\u00e9si lehet\u0151s\u00e9gekkel<\/strong> n\u00e9lk\u00fcl\u00f6zhetetlen a kiskeresked\u0151k \u00e9s a t\u00f6meges forgalmaz\u00f3k sz\u00e1m\u00e1ra. \ud83d\udce6\ud83d\udd25<\/p>\n<h3>GYIK<\/h3>\n<ul>\n<li><strong>H\u00e1ny f\u00faj\u00e1st k\u00edn\u00e1l?<\/strong><br \/>\nAk\u00e1r 20 000 f\u00faj\u00e1s eszk\u00f6z\u00f6nk\u00e9nt, a haszn\u00e1lati st\u00edlust\u00f3l f\u00fcgg\u0151en.<\/li>\n<li><strong>\u00dajrat\u00f6lthet\u0151?<\/strong><br \/>\nIgen, egy nagy teljes\u00edtm\u00e9ny\u0171, 850 mAh-s Type-C \u00fajrat\u00f6lthet\u0151 akkumul\u00e1torral.<\/li>\n<li><strong>Van k\u00fcl\u00f6nb\u00f6z\u0151 m\u00f3dok?<\/strong><br \/>\nIgen, Eco m\u00f3d a hosszabb \u00e9lettartam\u00e9rt \u00e9s Turbo m\u00f3d az er\u0151sebb sl\u00e1gerek\u00e9rt.<\/li>\n<li><strong>Milyen nikotinszintek \u00e1llnak rendelkez\u00e9sre?<\/strong><br \/>\nV\u00e1lasszon a 2%-os vagy 5%-os nikotiner\u0151ss\u00e9g k\u00f6z\u00fcl.<\/li>\n<li><strong>Nagykereskedelemre alkalmas?<\/strong><br \/>\nAbszol\u00fat! Pr\u00e9mium fel\u00e9p\u00edt\u00e9s\u00e9nek \u00e9s magas puffad\u00e1ssz\u00e1m\u00e1nak k\u00f6sz\u00f6nhet\u0151en ide\u00e1lis t\u00f6meges megrendel\u00e9sekhez \u00e9s kiskereskedelmi \u00e9rt\u00e9kes\u00edt\u00e9shez.<\/li>\n<\/ul>\n","protected":false},"excerpt":{"rendered":"<p>A <strong>Fizzy Nova 20000 Puffs<\/strong> \ud83d\udca8 hatalmas puffad\u00e1skapacit\u00e1st, mer\u00e9sz \u00edzeket \u00e9s intelligens technol\u00f3gi\u00e1t k\u00edn\u00e1l \u2013 t\u00f6k\u00e9letes a g\u0151zforgalmaz\u00f3k, a nagykeresked\u0151k \u00e9s a nagyfelhaszn\u00e1l\u00f3k sz\u00e1m\u00e1ra, akik pr\u00e9mium eldobhat\u00f3 g\u0151z\u00f6ket keresnek.<\/p>\n","protected":false},"featured_media":1533,"comment_status":"open","ping_status":"closed","template":"","meta":[],"product_brand":[],"product_cat":[511,1818],"product_tag":[],"class_list":{"0":"post-43533","1":"product","2":"type-product","3":"status-publish","4":"has-post-thumbnail","6":"product_cat-20000-puff-eldobhato-vape","7":"product_cat-szensavas","9":"first","10":"instock","11":"shipping-taxable","12":"purchasable","13":"product-type-variable","14":"has-default-attributes"},"jetpack_sharing_enabled":true,"tiered_pricing_type":"fixed","tiered_pricing_fixed_rules":{"200":6.5999999999999996447286321199499070644378662109375,"500":5.9000000000000003552713678800500929355621337890625},"tiered_pricing_product_settings":{"layout":"default","base_unit_name":{"singular":null,"plural":null},"default_variation":null},"tiered_pricing_minimum_quantity":100,"tiered_pricing_roles_data":[],"tiered_pricing_percentage_rules":[],"tiered_pricing_maximum_quantity":null,"tiered_pricing_quantity_step":"10","_links":{"self":[{"href":"https:\/\/ricovape.com\/hu\/wp-json\/wp\/v2\/product\/43533","targetHints":{"allow":["GET"]}}],"collection":[{"href":"https:\/\/ricovape.com\/hu\/wp-json\/wp\/v2\/product"}],"about":[{"href":"https:\/\/ricovape.com\/hu\/wp-json\/wp\/v2\/types\/product"}],"replies":[{"embeddable":true,"href":"https:\/\/ricovape.com\/hu\/wp-json\/wp\/v2\/comments?post=43533"}],"wp:featuredmedia":[{"embeddable":true,"href":"https:\/\/ricovape.com\/hu\/wp-json\/wp\/v2\/media\/1533"}],"wp:attachment":[{"href":"https:\/\/ricovape.com\/hu\/wp-json\/wp\/v2\/media?parent=43533"}],"wp:term":[{"taxonomy":"product_brand","embeddable":true,"href":"https:\/\/ricovape.com\/hu\/wp-json\/wp\/v2\/product_brand?post=43533"},{"taxonomy":"product_cat","embeddable":true,"href":"https:\/\/ricovape.com\/hu\/wp-json\/wp\/v2\/product_cat?post=43533"},{"taxonomy":"product_tag","embeddable":true,"href":"https:\/\/ricovape.com\/hu\/wp-json\/wp\/v2\/product_tag?post=43533"}],"curies":[{"name":"wp","href":"https:\/\/api.w.org\/{rel}","templated":true}]}}