{"id":41801,"date":"2025-07-07T09:21:14","date_gmt":"2025-07-07T09:21:14","guid":{"rendered":"https:\/\/stage.jrfer.com\/product\/bang-e-shisha-head-42k-42000-puff-arany-shisha-eldobhato-vape-led-es-c-tipusu-toltessel\/"},"modified":"2026-04-07T13:14:55","modified_gmt":"2026-04-07T13:14:55","slug":"bang-e-shisha-head-42000-puffs","status":"publish","type":"product","link":"https:\/\/ricovape.com\/hu\/termek\/bang-e-shisha-head-42000-puffs\/","title":{"rendered":"Bang E-Shisha Head 42K | 42000 puff arany shisha eldobhat\u00f3 vape led \u00e9s C t\u00edpus\u00fa t\u00f6lt\u00e9ssel"},"content":{"rendered":"<h2>Mi\u00e9rt v\u00e1lassza a Bang E-Shisha Head 42K-t?<\/h2>\n<ul>\n<li><strong>T\u00f6meges, 42 000 bef\u00faj\u00e1s:<\/strong> Ultra hossz\u00fa \u00e9lettartam a maxim\u00e1lis \u00e9rt\u00e9k\u00e9rt \ud83d\udd25<\/li>\n<li><strong>\u00dajrat\u00f6lthet\u0151 akkumul\u00e1tor:<\/strong> 1000 mAh, Type-C gyorst\u00f6lt\u00e9ssel \u26a1<\/li>\n<li><strong>Triple Mesh Coil:<\/strong> Sima g\u0151z, gazdag \u00edz \u00e9s egyenletes teljes\u00edtm\u00e9ny \ud83c\udf2c\ufe0f<\/li>\n<li><strong>Aranyf\u00e9ny\u0171 kivitel:<\/strong> St\u00edlusos, karcs\u00fa \u00e9s pr\u00e9mium megjelen\u00e9s\u0171 \u2728<\/li>\n<li><strong>LED kijelz\u0151:<\/strong> Val\u00f3s idej\u0171 puffad\u00e1s \u00e9s akkumul\u00e1torfigyel\u00e9s \ud83d\udcca<\/li>\n<li><strong>Kompakt \u00e9s hordozhat\u00f3:<\/strong> K\u00f6nnyen hordozhat\u00f3 utaz\u00e1shoz vagy napi haszn\u00e1latra \ud83c\udf92<\/li>\n<li><strong>Nagy E-Liquid tart\u00e1ly:<\/strong> 30 ml pr\u00e9mium l\u00e9 a hosszabb \u00e9lvezet\u00e9rt \ud83c\udf79<\/li>\n<li><strong>Nagykereskedelembar\u00e1t:<\/strong> Nagy kereslet\u0171 term\u00e9k a vape boltok \u00e9s forgalmaz\u00f3k sz\u00e1m\u00e1ra \ud83d\udce6<\/li>\n<\/ul>\n<h3>M\u0171szaki adatok<\/h3>\n<tbody>\n<tr>\n<td><strong>Puffok sz\u00e1ma:<\/strong><\/td>\n<td>Ak\u00e1r 42 000 f\u00faj\u00e1s<\/td>\n<\/tr>\n<tr>\n<td><strong>Akkumul\u00e1tor:<\/strong><\/td>\n<td>1000 mAh \u00fajrat\u00f6lthet\u0151 (C t\u00edpus\u00fa t\u00f6lt\u00e9s)<\/td>\n<\/tr>\n<tr>\n<td><strong>E-folyad\u00e9k kapacit\u00e1sa:<\/strong><\/td>\n<td>30 ml el\u0151ret\u00f6lt\u00f6tt<\/td>\n<\/tr>\n<tr>\n<td><strong>Tekercs t\u00edpusa:<\/strong><\/td>\n<td>H\u00e1romszoros speci\u00e1lis h\u00e1l\u00f3tekercsek<\/td>\n<\/tr>\n<tr>\n<td><strong>Kijelz\u0151:<\/strong><\/td>\n<td>LED-k\u00e9perny\u0151 a puffad\u00e1shoz \u00e9s az akkumul\u00e1tor t\u00f6lt\u00f6tts\u00e9gi szintj\u00e9hez<\/td>\n<\/tr>\n<tr>\n<td><strong>Tervez\u00e9s:<\/strong><\/td>\n<td>Arany bevonat\u00fa, kompakt, hordozhat\u00f3<\/td>\n<\/tr>\n<tr>\n<td><strong>T\u00edpus:<\/strong><\/td>\n<td>Egyszer haszn\u00e1latos, karbantart\u00e1st nem ig\u00e9nyel<\/td>\n<\/tr>\n<tr>\n<td><strong>\u00cdzek:<\/strong><\/td>\n<td>Gy\u00fcm\u00f6lcs\u00f6s \u00e9s ment\u00e1s kever\u00e9kek sz\u00e9les v\u00e1laszt\u00e9ka<\/td>\n<\/tr>\n<\/tbody>\n<\/table>\n<h3>\u00cdzlehet\u0151s\u00e9gek<\/h3>\n<p> \u00c9lvezze a <strong>Bang E-Shisha Head 42K \u00edzek<\/strong> mer\u00e9sz v\u00e1laszt\u00e9k\u00e1t \u2013 minden \u00edzl\u00e9snek megfelel\u0151en:<\/p>\n<ul>\n<li><strong>Menta:<\/strong> Klasszikus jeges h\u0171v\u00f6s frissess\u00e9g \u2744\ufe0f\ud83c\udf3f<\/li>\n<li><strong>\u00c1fonya menta:<\/strong> \u00c9des \u00e1fonya friss\u00edt\u0151 ment\u00e1val \ud83e\uded0\ud83c\udf3f<\/li>\n<li><strong>Dupla alma:<\/strong> piros \u00e9s z\u00f6ld alma ropog\u00f3s kever\u00e9ke \ud83c\udf4f\ud83c\udf4e<\/li>\n<li><strong>Barack j\u00e9g:<\/strong> L\u00e9d\u00fas \u0151szibarack fagyos \u00fct\u00e9ssel \ud83c\udf51\u2744\ufe0f<\/li>\n<li><strong>\u00c1fonya m\u00e1lna:<\/strong> cs\u00edp\u0151s-\u00e9des bogy\u00f3s f\u00fazi\u00f3 \ud83e\uded0\ud83c\udf53<\/li>\n<li><strong>\u00c1fonya j\u00e9g:<\/strong> Fagyasztott \u00e1fony\u00e1s \u00e9lvezet \ud83e\uded0\u2744\ufe0f<\/li>\n<li><strong>\u00c1fonya \u0151szibarack:<\/strong> A l\u00e9d\u00fas \u0151szibarack tal\u00e1lkozik az \u00e9des \u00e1fony\u00e1val \ud83e\uded0\ud83c\udf51<\/li>\n<li><strong>G\u00f6r\u00f6gdinnye:<\/strong> friss\u00edt\u0151 \u00e9s l\u00e9d\u00fas g\u00f6r\u00f6gdinnye \ud83c\udf49<\/li>\n<li><strong>Epres g\u00f6r\u00f6gdinnye:<\/strong> eper \u00e9s dinnye t\u00f6k\u00e9letes kever\u00e9ke \ud83c\udf53\ud83c\udf49<\/li>\n<li><strong>Epres licsi:<\/strong> egzotikus licsi \u00e9des eperrel \ud83c\udf53\ud83e\udd6d<\/li>\n<li><strong>Sz\u0151l\u0151menta:<\/strong> Mer\u00e9sz sz\u0151l\u0151\u00edz h\u0171s\u00edt\u0151 ment\u00e1s csavarral \ud83c\udf47\ud83c\udf3f<\/li>\n<li><strong>Gy\u00fcm\u00f6lcskever\u00e9k:<\/strong> A gy\u00fcm\u00f6lcs\u00f6s finoms\u00e1g tr\u00f3pusi kokt\u00e9lja \ud83c\udf4d\ud83c\udf4a\ud83c\udf53<\/li>\n<\/ul>\n<h3>T\u00f6k\u00e9letes neh\u00e9z felhaszn\u00e1l\u00f3k \u00e9s nagykereskedelmi v\u00e1s\u00e1rl\u00f3k sz\u00e1m\u00e1ra<\/h3>\n<p>A <strong>Bang E-Shisha Head 42K<\/strong> a <strong>shisha szerelmeseinek, \u00edzkeres\u0151knek \u00e9s vape boltoknak<\/strong> k\u00e9sz\u00fclt, akiknek <strong>tart\u00f3s, st\u00edlusos \u00e9s megb\u00edzhat\u00f3 eldobhat\u00f3<\/strong>ra van sz\u00fcks\u00e9g\u00fck. <strong>Pr\u00e9mium fel\u00e9p\u00edt\u00e9s\u00e9vel, h\u00e1romh\u00e1l\u00f3s tekercs\u00e9vel \u00e9s sz\u00e9les \u00edzv\u00e1laszt\u00e9k\u00e1val<\/strong> kiv\u00e1l\u00f3 v\u00e1laszt\u00e1s a <strong>t\u00f6meges terjeszt\u00e9s \u00e9s a B2B v\u00e1s\u00e1rl\u00f3k<\/strong> sz\u00e1m\u00e1ra. \ud83d\ude80<\/p>\n<h3>GYIK<\/h3>\n<ul>\n<li><strong>Mennyi ideig tart?<\/strong><br \/>\nAk\u00e1r 42 000 bef\u00faj\u00e1s \u2013 haszn\u00e1latt\u00f3l f\u00fcgg\u0151en hetekig tart.<\/li>\n<li><strong>\u00dajrat\u00f6lthet\u0151?<\/strong><br \/>\nIgen, 1000 mAh-s akkumul\u00e1torral rendelkezik, Type-C t\u00f6lt\u00e9ssel.<\/li>\n<li><strong>Fel kell t\u00f6ltenem vagy karban kell tartanom?<\/strong><br \/>\nNem, egy nagy el\u0151ret\u00f6lt\u00f6tt tart\u00e1llyal teljesen eldobhat\u00f3.<\/li>\n<li><strong>Mit\u0151l egyedi?<\/strong><br \/>\nAz arany bevonat\u00fa diz\u00e1jn, a LED-es puffad\u00e1sos kijelz\u0151 \u00e9s a h\u00e1romszoros h\u00e1l\u00f3s tekercs megk\u00fcl\u00f6nb\u00f6zteti a hagyom\u00e1nyos eldobhat\u00f3 term\u00e9kekt\u0151l.<\/li>\n<li><strong>Nagykereskedelemre alkalmas?<\/strong><br \/>\nIgen! Hatalmas puffant\u00e1s\u00e1nak, pr\u00e9mium diz\u00e1jnj\u00e1nak \u00e9s \u00edzv\u00e1laszt\u00e9k\u00e1nak k\u00f6sz\u00f6nhet\u0151en nagy ig\u00e9ny van r\u00e1 a vape boltok \u00e9s a forgalmaz\u00f3k k\u00f6r\u00e9ben.<\/li>\n<\/ul>\n","protected":false},"excerpt":{"rendered":"<p>A <strong>Bang E-Shisha Head 42K<\/strong> \ud83d\udca8 ak\u00e1r <strong>42 000 f\u00faj\u00e1st<\/strong>, pr\u00e9mium <strong>arany kivitelez\u00e9st<\/strong>, LED-es puff kijelz\u0151t \u00e9s nagy teljes\u00edtm\u00e9ny\u0171 \u00fajrat\u00f6lthet\u0151 akkumul\u00e1tort biztos\u00edt \u2013 t\u00f6k\u00e9letes a <strong>forgalmaz\u00f3knak, nagykeresked\u0151knek<\/strong> \u00e9s a neh\u00e9z v\u00edzipip\u00e1t kedvel\u0151knek.<\/p>\n","protected":false},"featured_media":1550,"comment_status":"open","ping_status":"closed","template":"","meta":[],"product_brand":[],"product_cat":[617,346],"product_tag":[],"class_list":{"0":"post-41801","1":"product","2":"type-product","3":"status-publish","4":"has-post-thumbnail","6":"product_cat-40000-puff-eldobhato-vape","7":"product_cat-bang","9":"first","10":"instock","11":"shipping-taxable","12":"purchasable","13":"product-type-variable","14":"has-default-attributes"},"jetpack_sharing_enabled":true,"tiered_pricing_type":"fixed","tiered_pricing_fixed_rules":{"30":8.3900000000000005684341886080801486968994140625,"50":7.53000000000000024868995751603506505489349365234375,"100":6.79000000000000003552713678800500929355621337890625,"200":6.4199999999999999289457264239899814128875732421875,"400":5.86000000000000031974423109204508364200592041015625},"tiered_pricing_product_settings":{"layout":"default","base_unit_name":{"singular":null,"plural":null},"default_variation":null},"tiered_pricing_minimum_quantity":10,"tiered_pricing_roles_data":[],"tiered_pricing_percentage_rules":[],"tiered_pricing_maximum_quantity":null,"tiered_pricing_quantity_step":"10","_links":{"self":[{"href":"https:\/\/ricovape.com\/hu\/wp-json\/wp\/v2\/product\/41801","targetHints":{"allow":["GET"]}}],"collection":[{"href":"https:\/\/ricovape.com\/hu\/wp-json\/wp\/v2\/product"}],"about":[{"href":"https:\/\/ricovape.com\/hu\/wp-json\/wp\/v2\/types\/product"}],"replies":[{"embeddable":true,"href":"https:\/\/ricovape.com\/hu\/wp-json\/wp\/v2\/comments?post=41801"}],"wp:featuredmedia":[{"embeddable":true,"href":"https:\/\/ricovape.com\/hu\/wp-json\/wp\/v2\/media\/1550"}],"wp:attachment":[{"href":"https:\/\/ricovape.com\/hu\/wp-json\/wp\/v2\/media?parent=41801"}],"wp:term":[{"taxonomy":"product_brand","embeddable":true,"href":"https:\/\/ricovape.com\/hu\/wp-json\/wp\/v2\/product_brand?post=41801"},{"taxonomy":"product_cat","embeddable":true,"href":"https:\/\/ricovape.com\/hu\/wp-json\/wp\/v2\/product_cat?post=41801"},{"taxonomy":"product_tag","embeddable":true,"href":"https:\/\/ricovape.com\/hu\/wp-json\/wp\/v2\/product_tag?post=41801"}],"curies":[{"name":"wp","href":"https:\/\/api.w.org\/{rel}","templated":true}]}}