{"id":41429,"date":"2026-04-06T14:35:00","date_gmt":"2026-04-06T14:35:00","guid":{"rendered":"https:\/\/stage.jrfer.com\/product\/poco-fr80k-vaporizatore-monouso-ricaricabile-con-bobina-quad-mesh-80000-puffs-4-az-1-ben\/"},"modified":"2026-04-07T10:43:45","modified_gmt":"2026-04-07T10:43:45","slug":"poco-fr80k-vaporizatore-monouso-ricaricabile-con-bobina-quad-mesh-80000-puffs-4-az-1-ben","status":"publish","type":"product","link":"https:\/\/ricovape.com\/hu\/termek\/poco-fr80k-vaporizatore-monouso-ricaricabile-con-bobina-quad-mesh-80000-puffs-4-az-1-ben\/","title":{"rendered":"POCO FR80K | Vaporizatore monouso ricaricabile con Bobina quad mesh 80000 Puffs 4 az 1-ben"},"content":{"rendered":"<h2>\ud83d\udd25 A POCO FR 80000 puffad\u00e1sa?<\/h2>\n<ul>\n<li>\ud83d\udca8 <strong>Enormi 80.000 boccate:<\/strong> progettate per un uso a lungo termine, ideali per vapers e rivenditori pesanti.<\/li>\n<li>\ud83c\udfa8 <strong>4 guti in 1 vaporizzazione:<\/strong> cambia facilmente tra quattro gusti premium per una variet\u00e0 infinita.<\/li>\n<li>\u26a1 <strong>Sistema di bobine a quattro maglie:<\/strong> 4 bobine a maglie che migliorano il sapore forniscono un vapore morbido e un gusto ricco.<\/li>\n<li>\ud83d\udd0b <strong>650 mAh kapacit\u00e1s\u00fa akkumul\u00e1tor:<\/strong> a gyors t\u00f6lt\u00e9si id\u0151 C t\u00edpus\u00fa garant\u00e1lja az \u00f6sszes k\u00f6lts\u00e9ghat\u00e9konys\u00e1got.<\/li>\n<li>\ud83e\uddc3 <strong>Capacit\u00e0 dell&#8217;e-liquid 60 ml-ben:<\/strong> folyad\u00e9kmennyis\u00e9g per un divertimento ultra lungo.<\/li>\n<li>\ud83d\udda5\ufe0f <strong>Compatto \u00e9s durevole tervez\u00e9se:<\/strong> si adatta perfettamente alla mano e costruito per durare con una struttura solida.<\/li>\n<li>\ud83c\udff7\ufe0f <strong>Adatto alla vendita all&#8217;ingrosso:<\/strong> 10 pezzi per scatola, ideali per negozi di svapo \u00e9s terjeszt\u0151k.<\/li>\n<\/ul>\n<p><img data-recalc-dims=\"1\" decoding=\"async\" style=\"max-width: 100%;display: blocco\" src=\"https:\/\/i0.wp.com\/aiviouvapes.com\/wp-content\/uploads\/2025\/11\/1111.jpg?ssl=1\" alt=\"POCO FR 80K\" title=\"\"><br \/>\n<img data-recalc-dims=\"1\" decoding=\"async\" src=\"https:\/\/i0.wp.com\/aiviouvapes.com\/wp-content\/uploads\/2025\/11\/2222.jpg?ssl=1\" alt=\"POCO FR 80K\" title=\"\"><\/p>\n<p>\u00a0<\/p>\n<h2>\u2699\ufe0f Specifiche<\/h2>\n<tr>\n<td><strong>Conteggio dei soffi<\/strong><\/td>\n<td>80 000 boccate<\/td>\n<\/tr>\n<tr>\n<td><strong>Capacit\u00e0 dell&#8217;e-liquid<\/strong><\/td>\n<td>60 ml<\/td>\n<\/tr>\n<tr>\n<td><strong>Potenza della nikotina<\/strong><\/td>\n<td>5%<\/td>\n<\/tr>\n<tr>\n<td><strong>Akkumul\u00e1tor<\/strong><\/td>\n<td>650 mAh ricaricable<\/td>\n<\/tr>\n<tr>\n<td><strong>Porta di ricarica<\/strong><\/td>\n<td>Digitare C<\/td>\n<\/tr>\n<tr>\n<td><strong>Tipo di bobina<\/strong><\/td>\n<td>Bobina a quattro maglie (x4)<\/td>\n<\/tr>\n<tr>\n<td><strong>Dimensioni del dispositivo<\/strong><\/td>\n<td>100,5 \u00d7 42 \u00d7 44 mm<\/td>\n<\/tr>\n<tr>\n<td><strong>Imballaggio<\/strong><\/td>\n<td>10 pezzi per scatola da esposizione<\/td>\n<\/tr>\n<h2>\ud83c\udf53 Collezione di sapori<\/h2>\n<p>Prova il <strong>4 az 1-ben aromarendszer<\/strong> a POCO FR, realzzato per Transizioni fluide e gusto equilibrato. Ogni combinazione offre una fusione unica di toni fruttati, ghiacciati e dolci per soddisfare ogni palato. \ud83d\ude0b\ud83d\udc47<\/p>\n<ul>\n<li><b>1.<\/b>Fragola Lampone Ciliegia \u2013 Litchi All&#8217;anguria \u2013 Fragola Mirtillo \u2013 Torta Alla Banana<\/li>\n<li><b>2.<\/b>Fragola Anguria \u2013 Fragola Lampone Kiwi \u2013 Ananas Mela \u2013 Ciliegia Mirtillo Rosso<\/li>\n<li><b>3.<\/b>Mirtillo Fragola \u2013 Uva Mirtillo Rosso Pesca \u2013 Bevanda Energetica \u2013 Mirtillo Anguria<\/li>\n<li><b>4.<\/b>Limonata al lampone e mirtillo \u2013 Kiwi alla fragola \u2013 Mango alla fragola \u2013 Frutti di bosco<\/li>\n<li><b>5.<\/b>Fragola Ciliegia \u2013 Lampone Anguria \u2013 Mirtillo Ciliegia Cola \u2013 Mango Ananas<\/li>\n<li><b>6.<\/b>Ciliegia Pesca Limone \u2013 Menta fresca \u2013 Gomma da mastica all&#8217;anguria \u2013 Ghiaccio all&#8217;uva<\/li>\n<li><b>7.<\/b>Mirtillo rosso \u2013 Fragola ban\u00e1n \u2013 Mirtillo lampone ciliegia \u2013 Mirtillo Kiwi<\/li>\n<li><b>8.<\/b>Ghiaccio di anguria \u2013 Ananas Cocco \u2013 Pesca Mango Anguria \u2013 Ciliegia Pesca Limone<\/li>\n<li><b>9.<\/b>Uva Fragola \u2013 Mela Pesca \u2013 Fragola Anguria \u2013 Fragola fekete j\u00e9gs\u00e1rk\u00e1nygy\u00fcm\u00f6lcs<\/li>\n<li><b>10.<\/b>Lampone acido al mirtillo \u2013 Ghiaccio all&#8217;ananas al kiwi \u2013 Ciliegia all&#8217;uva \u2013 Uva all&#8217;aloe<\/li>\n<li><strong>11.<\/strong>Fragola Lampone \u2013 Limone Lime \u2013 Mirtillo Black Ice \u2013 Frutto della passione Kiwi Guava<\/li>\n<li><strong>12.<\/strong>Berry Cherry Lime \u2013 Mela acida \u2013 Caramella morbida alla pesca e mirtillo \u2013 Cola alla fragola<\/li>\n<li><strong>13.<\/strong>Fragola al frutto del drago di ghiaccio nero \u2013 Ghiaccio all&#8217;anguria \u2013 Ghiaccio al mirtillo \u2013 Ghiaccio alla pesca<\/li>\n<li><strong>14.<\/strong>Mela acida \u2013 Lime di anguria \u2013 Litchi di anguria e lampone \u2013 Cola alla fragola<\/li>\n<li><strong>15.<\/strong>Alo\u00e9 Uva \u2013 Lampone Pesca M\u00e9sz \u2013 Pesca Mang\u00f3 Anguria \u2013 Coca K\u00f3la<\/li>\n<\/ul>\n<h2>\ud83d\udcac Domande gyakori (GYIK)<\/h2>\n<p><strong>D:<\/strong> Quanto dura un POCO FR 80000?<br \/>\n<strong>R:<\/strong> Con un massimo di 80.000 boccate, pu\u00f2 durare diverse settimane a seconda delle tue abitudini di svapo.<\/p>\n<p><strong>D:<\/strong> Posso ricaricarlo?<br \/>\n<strong>R:<\/strong> Igen! A 650 mAh-s akkumul\u00e1tor C t\u00edpus\u00fa ricaricabile, garant\u00e1lja a hat\u00e9kony m\u0171k\u00f6d\u00e9st a t\u00e1vir\u00e1ny\u00edt\u00f3n.<\/p>\n<p><strong>D:<\/strong> Tartalmazza a pi\u00f9 gusti?<br \/> sz\u00f3t<br \/>\n<strong>R:<\/strong> Megold\u00e1s: ogni dispositivo include quattro gusti distinti tra cui puoi passare in qualsiasi momento!<\/p>\n<p><strong>D:<\/strong> Per chi \u00e8 pi\u00f9 adatto questo dispositivo?<br \/>\n<strong>R:<\/strong> Perfetto per <strong>vapers accaniti, amanti degli aromi<\/strong> e <strong>distributori all&#8217;ingrosso<\/strong> che cercano prestazioni pr\u00e9mium e soddisfazione Duratura.<\/p>\n<h2>\ud83d\ude80 Perfetto per<\/h2>\n<p>Il <strong>vape usa e getta 4 in 1 POCO FR 80K<\/strong> \u00e8 una scelta di livello per <strong>rivenditori, negozi di vaporizzatori<\/strong> \u00e9s <strong>distributori<\/strong> che apprezzano la variet\u00e0 di sapori, le prastazioni. Ide\u00e1lis a <strong>mercati europei<\/strong> \u00e9s a chiunque desideri cloud potenti con una mantenzione minimum. \ud83c\udf2c\ufe0f\ud83d\udc8e<\/p>\n","protected":false},"excerpt":{"rendered":"<p>Scopri il <strong>Vape usa \u00e9s getta POCO FR 80000 Puffs<\/strong>, di <strong>4 gusti in 1 dispositivo<\/strong>, <strong>c t\u00edpus\u00fa akkumul\u00e1tor 650 mAh<\/strong> \u00e9s <strong>technol\u00f3giai technol\u00f3gia un\u2019esperienza di svapo definitiva e di lunga durata. Perfetto per i mercati al dettaglio e all&#8217;ingrosso in Tutta Europe! \ud83c\udf0d\ud83d\udca8<\/p>\n","protected":false},"featured_media":6675,"comment_status":"open","ping_status":"closed","template":"","meta":[],"product_brand":[],"product_cat":[1545,1406,1365,1439,1598,1737],"product_tag":[],"class_list":{"0":"post-41429","1":"product","2":"type-product","3":"status-publish","4":"has-post-thumbnail","6":"product_cat-eldobhato-vapes-lengyelorszagban","7":"product_cat-eldobhato-vapes-magyarorszagon","8":"product_cat-eldobhato-vapes-nemetorszagban","9":"product_cat-eldobhato-vapes-olaszorszagban","10":"product_cat-eldobhato-vapes-spanyolorszagban","11":"product_cat-poco","13":"first","14":"outofstock","15":"shipping-taxable","16":"product-type-variable","17":"has-default-attributes"},"jetpack_sharing_enabled":true,"tiered_pricing_type":"fixed","tiered_pricing_fixed_rules":[],"tiered_pricing_product_settings":{"layout":"default","base_unit_name":{"singular":null,"plural":null},"default_variation":null},"tiered_pricing_minimum_quantity":null,"tiered_pricing_roles_data":[],"tiered_pricing_percentage_rules":[],"tiered_pricing_maximum_quantity":null,"tiered_pricing_quantity_step":null,"_links":{"self":[{"href":"https:\/\/ricovape.com\/hu\/wp-json\/wp\/v2\/product\/41429","targetHints":{"allow":["GET"]}}],"collection":[{"href":"https:\/\/ricovape.com\/hu\/wp-json\/wp\/v2\/product"}],"about":[{"href":"https:\/\/ricovape.com\/hu\/wp-json\/wp\/v2\/types\/product"}],"replies":[{"embeddable":true,"href":"https:\/\/ricovape.com\/hu\/wp-json\/wp\/v2\/comments?post=41429"}],"wp:featuredmedia":[{"embeddable":true,"href":"https:\/\/ricovape.com\/hu\/wp-json\/wp\/v2\/media\/6675"}],"wp:attachment":[{"href":"https:\/\/ricovape.com\/hu\/wp-json\/wp\/v2\/media?parent=41429"}],"wp:term":[{"taxonomy":"product_brand","embeddable":true,"href":"https:\/\/ricovape.com\/hu\/wp-json\/wp\/v2\/product_brand?post=41429"},{"taxonomy":"product_cat","embeddable":true,"href":"https:\/\/ricovape.com\/hu\/wp-json\/wp\/v2\/product_cat?post=41429"},{"taxonomy":"product_tag","embeddable":true,"href":"https:\/\/ricovape.com\/hu\/wp-json\/wp\/v2\/product_tag?post=41429"}],"curies":[{"name":"wp","href":"https:\/\/api.w.org\/{rel}","templated":true}]}}