{"id":41297,"date":"2025-07-07T09:20:26","date_gmt":"2025-07-07T09:20:26","guid":{"rendered":"https:\/\/stage.jrfer.com\/product\/randm-tornado-15k-15000-puffs-big-cloud-mesh-coil-omlesztett-eldobhato-vape\/"},"modified":"2026-04-07T14:18:42","modified_gmt":"2026-04-07T14:18:42","slug":"randm-tornado-15000-puffs","status":"publish","type":"product","link":"https:\/\/ricovape.com\/hu\/termek\/randm-tornado-15000-puffs\/","title":{"rendered":"RandM Tornado 15K 15000 Puffs | big cloud mesh coil \u00f6mlesztett eldobhat\u00f3 vape"},"content":{"rendered":"<h2>Mi\u00e9rt v\u00e1lassza a RandM Tornado 15000 Puffot?<\/h2>\n<ul>\n<li><strong>Nagy sz\u00edv\u00e1s:<\/strong> Ak\u00e1r 15 000 sz\u00edv\u00e1s k\u00e9sz\u00fcl\u00e9kenk\u00e9nt eg\u00e9sz napos haszn\u00e1latra \ud83d\udca8<\/li>\n<li><strong>Big Juice Tank:<\/strong> 25 ml-es el\u0151ret\u00f6lt\u00f6tt e-liquid a kevesebb ut\u00e1nt\u00f6lt\u00e9s\u00e9rt \u00e9s a nagyobb m\u00f3k\u00e1\u00e9rt \ud83d\udca7<\/li>\n<li><strong>Er\u0151teljes akkumul\u00e1tor:<\/strong> 850 mAh \u00fajrat\u00f6lthet\u0151 Type-C gyorst\u00f6lt\u00e9ssel \u26a1<\/li>\n<li><strong>Nikotinbe\u00e1ll\u00edt\u00e1sok:<\/strong> V\u00e1lasszon 0%, 2%, 3% vagy 5% lehet\u0151s\u00e9get a preferencia alapj\u00e1n \u2705<\/li>\n<li><strong>Mesh Coil:<\/strong> 0,9\u03a9-os fejlett h\u00e1l\u00f3s tekercs a sima \u00e9s gazdag g\u0151z\u00e9rt \ud83c\udf2c\ufe0f<\/li>\n<li><strong>Nagykereskedelembar\u00e1t:<\/strong> Er\u0151s kereslet, vonz\u00f3 \u00e1rr\u00e9sek \u00e9s ism\u00e9tl\u0151d\u0151 elad\u00e1sok \ud83d\udce6<\/li>\n<\/ul>\n<h3>M\u0171szaki adatok<\/h3>\n<tbody>\n<tr>\n<td><strong>Puff kapacit\u00e1s:<\/strong><\/td>\n<td>Ak\u00e1r 15 000 f\u00faj\u00e1s<\/td>\n<\/tr>\n<tr>\n<td><strong>E-folyad\u00e9k kapacit\u00e1sa:<\/strong><\/td>\n<td>25 ml el\u0151ret\u00f6lt\u00f6tt<\/td>\n<\/tr>\n<tr>\n<td><strong>Akkumul\u00e1tor:<\/strong><\/td>\n<td>850 mAh \u00fajrat\u00f6lthet\u0151<\/td>\n<\/tr>\n<tr>\n<td><strong>T\u00f6lt\u00e9s:<\/strong><\/td>\n<td>C t\u00edpus\u00fa gyorst\u00f6lt\u00e9s<\/td>\n<\/tr>\n<tr>\n<td><strong>Nikotin er\u0151ss\u00e9ge:<\/strong><\/td>\n<td>0%, 2%, 3%, 5%<\/td>\n<\/tr>\n<tr>\n<td><strong>Tekercs t\u00edpusa:<\/strong><\/td>\n<td>0,9\u03a9 mesh tekercs<\/td>\n<\/tr>\n<\/tbody>\n<\/table>\n<h3>\u00cdzv\u00e1laszt\u00e1s<\/h3>\n<p>A <strong>RandM Tornado 15000<\/strong> <strong>izgalmas \u00edzv\u00e1laszt\u00e9kot<\/strong> k\u00edn\u00e1l, hogy minden \u00edzl\u00e9st kiel\u00e9g\u00edtsen \ud83c\udf08:<\/p>\n<ul>\n<li><strong>K\u00e9k Razz Limon\u00e1d\u00e9:<\/strong> Cs\u00edp\u0151s limon\u00e1d\u00e9 \u00e9des k\u00e9k m\u00e1ln\u00e1s csavarral \ud83c\udf4b\ud83e\uded0<\/li>\n<li><strong>Barack j\u00e9g:<\/strong> L\u00e9d\u00fas \u0151szibarack fagyos \u00fct\u00e9ssel \ud83c\udf51\u2744\ufe0f<\/li>\n<li><strong>Savany\u00fa alma:<\/strong> Ropog\u00f3s z\u00f6ld alma cs\u00edp\u0151s harap\u00e1ssal \ud83c\udf4f<\/li>\n<li><strong>G\u00f6r\u00f6gdinnye j\u00e9g:<\/strong> Friss\u00edt\u0151 ny\u00e1ri g\u00f6r\u00f6gdinnye jeges befejez\u00e9ssel \ud83c\udf49\u2744\ufe0f<\/li>\n<li><strong>\u00c1fonya J\u00e9gen:<\/strong> Mer\u00e9sz \u00e1fonya \u00edz, mentollal h\u0171tve \ud83e\uded0\u2744\ufe0f<\/li>\n<li><strong>Cseresznye:<\/strong> Klasszikus \u00e9rett cseresznye \u00e9dess\u00e9g \ud83c\udf52<\/li>\n<li><strong>Vimto:<\/strong> Gy\u00fcm\u00f6lcs\u00f6s sz\u00f3da ihlette cs\u00edp\u0151s be\u00fct\u00e9ssel \ud83e\udd64<\/li>\n<li><strong>S\u00e1rk\u00e1nygy\u00fcm\u00f6lcs:<\/strong> Egzotikus s\u00e1rk\u00e1nygy\u00fcm\u00f6lcs-kever\u00e9k a kalandos \u00edzvil\u00e1ghoz \ud83d\udc09<\/li>\n<li><strong>Epres kiwi:<\/strong> \u00c9des eper tr\u00f3pusi kivivel p\u00e1ros\u00edtva \ud83c\udf53\ud83e\udd5d<\/li>\n<li><strong>Ban\u00e1nj\u00e9g:<\/strong> Sima ban\u00e1n\u00edz, jeges frissess\u00e9ggel r\u00e9tegezve \ud83c\udf4c\u2744\ufe0f<\/li>\n<li><strong>Gumimaci:<\/strong> cukorka ihlette \u00e9dess\u00e9g a j\u00e1t\u00e9kos vape-hoz \ud83c\udf6c<\/li>\n<li><strong>Red Energia J\u00e9g:<\/strong> Energiaital ihlette \u00edz jeges hidegs\u00e9ggel \u26a1\u2744\ufe0f<\/li>\n<li><strong>Eper Red Bull:<\/strong> Pezsg\u0151 eper csavar egy energiaklasszikuson \ud83e\udd64\ud83c\udf53<\/li>\n<li><strong>\u00c9s m\u00e9g sok m\u00e1s:<\/strong> T\u00f6bb mint 30 izgalmas \u00edz felfedezhet\u0151! \ud83c\udf89<\/li>\n<\/ul>\n<h3>T\u00f6k\u00e9letes neh\u00e9z felhaszn\u00e1l\u00f3k \u00e9s nagykeresked\u00e9sek sz\u00e1m\u00e1ra<\/h3>\n<p>A <strong>RandM Tornado 15000 Puffs<\/strong> t\u00f6k\u00e9letes a <strong>neh\u00e9z g\u0151z\u00f6l\u0151kh\u00f6z, \u00edzkeres\u0151kh\u00f6z, vape boltokhoz \u00e9s forgalmaz\u00f3khoz<\/strong>. <strong>Nagy puffad\u00e1ssz\u00e1m\u00e1val, h\u00e1l\u00f3s tekercs teljes\u00edtm\u00e9ny\u00e9vel \u00e9s sz\u00e9les \u00edzv\u00e1laszt\u00e9k\u00e1val<\/strong> ezt az eszk\u00f6zt \u00fagy tervezt\u00e9k, hogy kiel\u00e9g\u00edtse az \u00fcgyfeleket, \u00e9s maximaliz\u00e1lja a kiskereskedelmi sikert \ud83d\udcc8.<\/p>\n<h3>GYIK<\/h3>\n<ul>\n<li><strong>H\u00e1ny bef\u00faj\u00e1s eszk\u00f6z\u00f6nk\u00e9nt?<\/strong><br \/>\nMinden egys\u00e9g legfeljebb 15 000 f\u00faj\u00e1st biztos\u00edt.<\/li>\n<li><strong>\u00dajrat\u00f6lthet\u0151?<\/strong><br \/>\nIgen, 850 mAh-s \u00fajrat\u00f6lthet\u0151 akkumul\u00e1torral rendelkezik Type-C porttal.<\/li>\n<li><strong>Van benne h\u00e1l\u00f3tekercs?<\/strong><br \/>\nIgen, a 0,9 \u03a9-os h\u00e1l\u00f3s tekercs sima \u00e9s \u00edzletes g\u0151zt biztos\u00edt.<\/li>\n<li><strong>Milyen er\u0151ss\u00e9g\u0171 nikotin \u00e9rhet\u0151 el?<\/strong><br \/>\n0%, 2%, 3% \u00e9s 5% opci\u00f3k \u00e1llnak rendelkez\u00e9sre.<\/li>\n<li><strong>Ki v\u00e1s\u00e1rolja meg ezt?<\/strong><br \/>\nIde\u00e1lis a <strong>hossz\u00fa munkamenetet haszn\u00e1l\u00f3k, a vape-rajong\u00f3k, a kiskeresked\u0151k \u00e9s a nagykereskedelmi forgalmaz\u00f3k sz\u00e1m\u00e1ra<\/strong>.<\/li>\n<\/ul>\n","protected":false},"excerpt":{"rendered":"<p>A <strong>RandM Tornado 15000 Puffs<\/strong> \ud83c\udf2a\ufe0f egy <strong>nagy kapacit\u00e1s\u00fa, eldobhat\u00f3 vape<\/strong> mesh coil technol\u00f3gi\u00e1val, amely a hosszan tart\u00f3 teljes\u00edtm\u00e9ny, a nagykereskedelmi \u00e9rt\u00e9k \u00e9s a leny\u0171g\u00f6z\u0151 \u00edzv\u00e1laszt\u00e9k \u00e9rdek\u00e9ben k\u00e9sz\u00fclt.<\/p>\n","protected":false},"featured_media":1351,"comment_status":"open","ping_status":"closed","template":"","meta":[],"product_brand":[],"product_cat":[415,862,826,1261,1294,1225,1327,1471,1545,1406,1365,1509,1439,2176,1598,1674,1636,400,387,1046,900],"product_tag":[],"class_list":{"0":"post-41297","1":"product","2":"type-product","3":"status-publish","4":"has-post-thumbnail","6":"product_cat-15000-puff-eldobhato-vape","7":"product_cat-big-puffs-vapes","8":"product_cat-eldobhato-vape-tipusok","9":"product_cat-eldobhato-vapes-ausztriaban","10":"product_cat-eldobhato-vapes-belgiumban","11":"product_cat-eldobhato-vapes-europaban","12":"product_cat-eldobhato-vapes-franciaorszagban","13":"product_cat-eldobhato-vapes-hollandiaban","14":"product_cat-eldobhato-vapes-lengyelorszagban","15":"product_cat-eldobhato-vapes-magyarorszagon","16":"product_cat-eldobhato-vapes-nemetorszagban","17":"product_cat-eldobhato-vapes-norvegiaban","18":"product_cat-eldobhato-vapes-olaszorszagban","19":"product_cat-eldobhato-vapes-portugaliaban","20":"product_cat-eldobhato-vapes-spanyolorszagban","21":"product_cat-eldobhato-vapes-svajcban","22":"product_cat-eldobhato-vapes-svedorszagban","23":"product_cat-kulonbozo-puffadasu-eldobhato-gozok","24":"product_cat-randm","25":"product_cat-smart-screen-vapes","26":"product_cat-ujratoltheto-vapes","28":"first","29":"instock","30":"shipping-taxable","31":"purchasable","32":"product-type-variable","33":"has-default-attributes"},"jetpack_sharing_enabled":true,"tiered_pricing_type":"fixed","tiered_pricing_fixed_rules":{"30":7.6500000000000003552713678800500929355621337890625,"50":6.54000000000000003552713678800500929355621337890625,"100":5.79999999999999982236431605997495353221893310546875,"200":5.30999999999999960920149533194489777088165283203125,"400":4.87000000000000010658141036401502788066864013671875},"tiered_pricing_product_settings":{"layout":"default","base_unit_name":{"singular":null,"plural":null},"default_variation":null},"tiered_pricing_minimum_quantity":10,"tiered_pricing_roles_data":[],"tiered_pricing_percentage_rules":[],"tiered_pricing_maximum_quantity":null,"tiered_pricing_quantity_step":"10","_links":{"self":[{"href":"https:\/\/ricovape.com\/hu\/wp-json\/wp\/v2\/product\/41297","targetHints":{"allow":["GET"]}}],"collection":[{"href":"https:\/\/ricovape.com\/hu\/wp-json\/wp\/v2\/product"}],"about":[{"href":"https:\/\/ricovape.com\/hu\/wp-json\/wp\/v2\/types\/product"}],"replies":[{"embeddable":true,"href":"https:\/\/ricovape.com\/hu\/wp-json\/wp\/v2\/comments?post=41297"}],"wp:featuredmedia":[{"embeddable":true,"href":"https:\/\/ricovape.com\/hu\/wp-json\/wp\/v2\/media\/1351"}],"wp:attachment":[{"href":"https:\/\/ricovape.com\/hu\/wp-json\/wp\/v2\/media?parent=41297"}],"wp:term":[{"taxonomy":"product_brand","embeddable":true,"href":"https:\/\/ricovape.com\/hu\/wp-json\/wp\/v2\/product_brand?post=41297"},{"taxonomy":"product_cat","embeddable":true,"href":"https:\/\/ricovape.com\/hu\/wp-json\/wp\/v2\/product_cat?post=41297"},{"taxonomy":"product_tag","embeddable":true,"href":"https:\/\/ricovape.com\/hu\/wp-json\/wp\/v2\/product_tag?post=41297"}],"curies":[{"name":"wp","href":"https:\/\/api.w.org\/{rel}","templated":true}]}}