{"id":39347,"date":"2025-07-07T09:28:39","date_gmt":"2025-07-07T09:28:39","guid":{"rendered":"https:\/\/stage.jrfer.com\/product\/randm-fumot-tornado-20k-20-000-fujas-kristalytiszta-eldobhato-vape\/"},"modified":"2026-04-07T12:15:22","modified_gmt":"2026-04-07T12:15:22","slug":"randm-fumot-tornado-20000-puffs","status":"publish","type":"product","link":"https:\/\/ricovape.com\/hu\/termek\/randm-fumot-tornado-20000-puffs\/","title":{"rendered":"RandM Fumot Tornado 20K | 20 000 f\u00faj\u00e1s krist\u00e1lytiszta eldobhat\u00f3 vape"},"content":{"rendered":"<h2>Mi\u00e9rt v\u00e1lassza a RandM Fumot Tornado 20K-t?<\/h2>\n<ul>\n<li><strong>20 000 bef\u00faj\u00e1s:<\/strong> Hosszan tart\u00f3 teljes\u00edtm\u00e9nyt \u00e9rhet el ak\u00e1r 20 000 bef\u00faj\u00e1ssal, \u00edgy t\u00f6k\u00e9letes az eg\u00e9sz napos g\u0151z\u00f6lg\u00e9s \u00e9s a neh\u00e9z felhaszn\u00e1l\u00f3k sz\u00e1m\u00e1ra \ud83d\udd25\ud83d\udca8<\/li>\n<li><strong>Kett\u0151s h\u00e1l\u00f3s tekercs:<\/strong> \u00c9lvezze a finom, gazdag \u00edzt a fejlett kett\u0151s h\u00e1l\u00f3s tekercs seg\u00edts\u00e9g\u00e9vel, amely fokozott \u00edz- \u00e9s p\u00e1ratermel\u00e9st biztos\u00edt \ud83c\udfc6<\/li>\n<li><strong>Krist\u00e1lytiszta test:<\/strong> A karcs\u00fa \u00e9s eleg\u00e1ns diz\u00e1jn \u00e1tl\u00e1tsz\u00f3 testtel, hogy mindig l\u00e1thassa az e-folyad\u00e9k szintj\u00e9t \ud83d\udc8e<\/li>\n<li><strong>Nagy E-liquid-kapacit\u00e1s:<\/strong> A 20 ml-es e-liquid kevesebb ut\u00e1nt\u00f6lt\u00e9st \u00e9s egyenletes g\u0151z\u00f6l\u00e9st biztos\u00edt \ud83c\udf1f<\/li>\n<li><strong>\u00dajrat\u00f6lthet\u0151 akkumul\u00e1tor:<\/strong> A 850 mAh-s \u00fajrat\u00f6lthet\u0151 akkumul\u00e1tor hossz\u00fa \u00e9lettartamot biztos\u00edt C-t\u00edpus\u00fa gyors t\u00f6lt\u00e9ssel \u26a1\ud83d\udd0b<\/li>\n<li><strong>Olaj- \u00e9s akkumul\u00e1torjelz\u0151:<\/strong> K\u00f6nnyen nyomon k\u00f6vetheti az e-folyad\u00e9k \u00e9s az akkumul\u00e1tor t\u00f6lt\u00f6tts\u00e9gi szintj\u00e9t, hogy soha ne \u00e9rjen v\u00e1ratlanul \ud83d\udcca<\/li>\n<li><strong>V\u00e1ltozatos \u00edzek:<\/strong> \u00cdzletes \u00edzek sz\u00e9les v\u00e1laszt\u00e9ka k\u00f6z\u00fcl lehet v\u00e1lasztani, t\u00f6k\u00e9letes a v\u00e1ltozatoss\u00e1gra v\u00e1gy\u00f3 \u00edzek kedvel\u0151inek \ud83c\udf53\ud83c\udf49\ud83c\udf6c<\/li>\n<\/ul>\n<h3>M\u0171szaki adatok<\/h3>\n<tbody>\n<tr>\n<td><strong>Puff kapacit\u00e1s:<\/strong><\/td>\n<td>Ak\u00e1r 20 000 sz\u00edv\u00e1s<\/td>\n<\/tr>\n<tr>\n<td><strong>E-folyad\u00e9k kapacit\u00e1sa:<\/strong><\/td>\n<td>20 ml<\/td>\n<\/tr>\n<tr>\n<td><strong>Akkumul\u00e1tor:<\/strong><\/td>\n<td>850 mAh \u00fajrat\u00f6lthet\u0151 (C t\u00edpus\u00fa)<\/td>\n<\/tr>\n<tr>\n<td><strong>Tekercs t\u00edpusa:<\/strong><\/td>\n<td>Kett\u0151s h\u00e1l\u00f3s tekercs<\/td>\n<\/tr>\n<tr>\n<td><strong>Nikotin opci\u00f3k:<\/strong><\/td>\n<td>2%, 3%, 5%<\/td>\n<\/tr>\n<tr>\n<td><strong>Kijelz\u0151:<\/strong><\/td>\n<td>Olaj- \u00e9s akkumul\u00e1torjelz\u0151<\/td>\n<\/tr>\n<tr>\n<td><strong>Tervez\u00e9s:<\/strong><\/td>\n<td>Krist\u00e1lytiszta test<\/td>\n<\/tr>\n<\/tbody>\n<\/table>\n<h3>\u00cdzgy\u0171jtem\u00e9ny<\/h3>\n<p>A RandM Fumot Tornado 20K izgalmas \u00edzek sz\u00e9les v\u00e1laszt\u00e9k\u00e1t k\u00edn\u00e1lja, amelyek minden g\u0151z\u00f6l\u0151 \u00edzl\u00e9s\u00e9t kiel\u00e9g\u00edtik. \u00cdme n\u00e9h\u00e1ny rajong\u00f3 kedvenc:<\/p>\n<ul>\n<li><strong>\u00c1fonya M\u00e1lna kem\u00e9nycukorka:<\/strong> \u00c1fonya \u00e9s m\u00e1lna \u00e9des \u00e9s fanyar kever\u00e9ke nosztalgikus cukorka \u00edzben \ud83c\udf47\ud83c\udf6c<\/li>\n<li><strong>K\u00e9k Razz:<\/strong> Mer\u00e9sz, cs\u00edp\u0151s k\u00e9k m\u00e1lna, amely \u00e9des \u00e9s fanyar be\u00fct\u00e9st ad \ud83c\udf47\ud83c\udf6d<\/li>\n<li><strong>Epres kiwi:<\/strong> \u00c9des eper \u00e9s fanyar kivi \u00edzletes kombin\u00e1ci\u00f3ja a friss\u00edt\u0151 g\u0151z\u00f6l\u00e9s \u00e9lm\u00e9ny\u00e9\u00e9rt \ud83c\udf53\ud83e\udd5d<\/li>\n<li><strong>\u0150szibarack anan\u00e1sz narancs:<\/strong> l\u00e9d\u00fas \u0151szibarack, anan\u00e1sz \u00e9s \u00edzes narancs tr\u00f3pusi kever\u00e9ke \ud83c\udf51\ud83c\udf4d\ud83c\udf4a<\/li>\n<li><strong>Teke:<\/strong> Az ikonikus cukorka ihlette sz\u00f3rakoztat\u00f3, gy\u00fcm\u00f6lcs\u00f6s \u00edz \ud83c\udf6c\ud83c\udf08<\/li>\n<li><strong>Peach Mango G\u00f6r\u00f6gdinnye:<\/strong> \u0150szibarack, mang\u00f3 \u00e9s g\u00f6r\u00f6gdinnye l\u00e9d\u00fas kever\u00e9ke az \u00e9des, tr\u00f3pusi g\u0151z\u00f6k\u00e9rt \ud83c\udf51\ud83e\udd6d\ud83c\udf49<\/li>\n<li><strong>Eperfagylalt:<\/strong> K\u00e9nyeztesse mag\u00e1t az eperfagylalt \u00e9des, kr\u00e9mes \u00edz\u00e9vel \ud83c\udf66\ud83c\udf53<\/li>\n<li><strong>G\u00f6r\u00f6gdinnye j\u00e9g:<\/strong> Friss\u00edt\u0151 \u00e9s jeges g\u00f6r\u00f6gdinnye \u00edz, amely t\u00f6k\u00e9letes a forr\u00f3 napokra \ud83c\udf49\u2744\ufe0f<\/li>\n<li><strong>Kevert bogy\u00f3:<\/strong> K\u00fcl\u00f6nf\u00e9le bogy\u00f3k \u00e9des \u00e9s cs\u00edp\u0151s kever\u00e9ke, t\u00f6k\u00e9letes a bogy\u00f3k szerelmeseinek \ud83c\udf47\ud83c\udf53\ud83c\udf52<\/li>\n<li><strong>Licsi dinnye:<\/strong> A licsi \u00e9s a dinnye tr\u00f3pusi f\u00fazi\u00f3ja \u00e9des \u00e9s egzotikus \u00e9lm\u00e9ny\u00e9rt \ud83c\udf48\ud83c\udf47<\/li>\n<li><strong>Cseresznye M\u00e9sz:<\/strong> Az \u00e9des cseresznye \u00e9s a fanyar lime t\u00f6k\u00e9letes egyens\u00falya \ud83c\udf52\ud83c\udf4b<\/li>\n<li><strong>Anan\u00e1szos citrom alma:<\/strong> Anan\u00e1sz, citrom \u00e9s alma cs\u00edp\u0151s kever\u00e9ke az \u00edzletes g\u0151z\u00e9rt \ud83c\udf4d\ud83c\udf4b\ud83c\udf4f<\/li>\n<li><strong>\u00dar K\u00e9k:<\/strong> Titokzatos \u00e9s gy\u00fcm\u00f6lcs\u00f6s k\u00e9k kever\u00e9k, t\u00f6k\u00e9letes a kalandos g\u0151z\u00f6kh\u00f6z \ud83d\udc99<\/li>\n<li><strong>\u00c1fonya-savany\u00fa m\u00e1lna:<\/strong> \u00c1fonya \u00e9s m\u00e1lna \u00e9des-savany\u00fa kombin\u00e1ci\u00f3ja \ud83e\uded0\ud83c\udf47<\/li>\n<li><strong>\u0150szibarack bogy\u00f3:<\/strong> \u00e9rett \u0151szibarack \u00e9s \u00e9des bogy\u00f3k l\u00e9d\u00fas kever\u00e9ke \ud83c\udf51\ud83c\udf53<\/li>\n<li><strong>K\u00e9k Razz Gumitartalm\u00fa Medve:<\/strong> Egy cukorka ihlette k\u00e9k razz \u00edz gumiszer\u0171 csavarral \ud83c\udf47\ud83c\udf6c<\/li>\n<li><strong>H\u0171v\u00f6s menta:<\/strong> Friss\u00edt\u0151 menta \u00edz, amely leh\u0171ti az \u00e9rz\u00e9keit \ud83c\udf3f\u2744\ufe0f<\/li>\n<li><strong>Blueberry Ice:<\/strong> \u00c9des \u00e1fonya h\u0171v\u00f6s jeges befejez\u00e9ssel \ud83e\uded0\u2744\ufe0f<\/li>\n<li><strong>Kaktusz j\u00e9g:<\/strong> Egyed\u00fcl\u00e1ll\u00f3 kaktusz \u00edz jeges \u00fct\u00e9ssel \ud83c\udf35\u2744\ufe0f<\/li>\n<li><strong>Red Sz\u0151l\u0151 M\u00e9sz:<\/strong> A v\u00f6r\u00f6s sz\u0151l\u0151 \u00e9s a lime cs\u00edp\u0151s kever\u00e9ke az \u00e9l\u00e9nk g\u0151z\u00e9rt \ud83c\udf47\ud83c\udf4b<\/li>\n<li><strong>K\u00f3la Citrom:<\/strong> Klasszikus k\u00f3la \u00edz\u0171 citrom illattal \ud83e\udd64\ud83c\udf4b<\/li>\n<li><strong>Feketeribizli alma:<\/strong> Feketeribizli \u00e9s ropog\u00f3s alma sima kever\u00e9ke \ud83c\udf4f\ud83c\udf47<\/li>\n<li><strong>Kaktusz Kiwi:<\/strong> A kaktusz \u00e9s a kivi tr\u00f3pusi kever\u00e9ke a friss\u00edt\u0151 \u00e9lm\u00e9ny\u00e9rt \ud83e\udd5d\ud83c\udf35<\/li>\n<li><strong>K\u00f3la J\u00e9g:<\/strong> Pezsg\u0151 k\u00f3la h\u0171v\u00f6s, friss\u00edt\u0151 jeges csavarral \ud83e\udd64\u2744\ufe0f<\/li>\n<\/ul>\n<h3>T\u00f6k\u00e9letes neh\u00e9z felhaszn\u00e1l\u00f3k, \u00edzkeres\u0151k \u00e9s nagykereskedelmi v\u00e1s\u00e1rl\u00f3k sz\u00e1m\u00e1ra<\/h3>\n<p>A RandM Fumot Tornado 20K-t azoknak az \u00edzkeres\u0151knek \u00e9s neh\u00e9z felhaszn\u00e1l\u00f3knak tervezt\u00e9k, akik hosszan tart\u00f3, kiel\u00e9g\u00edt\u0151 vape-ra v\u00e1gynak. Hatalmas, 20 000-es kif\u00faj\u00e1ssal \u00e9s \u00fajrat\u00f6lthet\u0151 akkumul\u00e1tor\u00e1val t\u00f6k\u00e9letes a vape boltok \u00e9s a nagykereskedelmi forgalmaz\u00f3k sz\u00e1m\u00e1ra. K\u00e9sz\u00edtsen k\u00e9szletet m\u00e9g ma, \u00e9s biztos\u00edtsa \u00fcgyfeleinek a legjobb eldobhat\u00f3 vape \u00e9lm\u00e9nyt! \ud83d\uded2\ud83d\ude80<\/p>\n<h3>GYIK<\/h3>\n<ul>\n<li><strong>H\u00e1ny f\u00faj\u00e1st b\u00edr ki a RandM Fumot Tornado 20K?<\/strong><br \/>\nA RandM Fumot Tornado 20K ak\u00e1r 20 000 f\u00faj\u00e1st is k\u00edn\u00e1l, \u00edgy hosszan tart\u00f3 g\u0151z\u00f6l\u00e9s \u00e9lm\u00e9nyt ny\u00fajt.<\/li>\n<li><strong>Milyen er\u0151ss\u00e9g\u0171 nikotin \u00e9rhet\u0151 el?<\/strong><br \/>\n\u00cdzl\u00e9seinek megfelel\u0151en v\u00e1lasszon a 2%, 3% vagy 5% nikotintartalm\u00fa lehet\u0151s\u00e9gek k\u00f6z\u00fcl.<\/li>\n<li><strong>Hogyan t\u00f6lthetem fel az eszk\u00f6zt?<\/strong><br \/>\nAz eszk\u00f6z 850 mAh-s \u00fajrat\u00f6lthet\u0151 akkumul\u00e1torral rendelkezik, C t\u00edpus\u00fa t\u00f6lt\u00e9ssel a gyors \u00e9s egyszer\u0171 bekapcsol\u00e1shoz.<\/li>\n<li><strong>Milyen \u00edzeket tartalmaz?<\/strong><br \/>\nA RandM Fumot Tornado 20K t\u00f6bb mint 20 izgalmas \u00edz sz\u00e9les v\u00e1laszt\u00e9k\u00e1t k\u00edn\u00e1lja, a gy\u00fcm\u00f6lcs\u00f6s kever\u00e9kekt\u0151l a h\u0171v\u00f6s mentolokig \u00e9s az \u00e9dess\u00e9gek ihlette lehet\u0151s\u00e9gekig.<\/li>\n<li><strong>Megv\u00e1s\u00e1rolhatom ezt \u00f6mlesztve a vape boltomba?<\/strong><br \/>\nIgen, ez a term\u00e9k el\u00e9rhet\u0151 nagykereskedelmi forgalmaz\u00e1sra, \u00edgy t\u00f6k\u00e9letes v\u00e1laszt\u00e1s a kiv\u00e1l\u00f3 min\u0151s\u00e9g\u0171 eldobhat\u00f3 eszk\u00f6z\u00f6ket \u00e1rus\u00edt\u00f3 vape \u00fczletek sz\u00e1m\u00e1ra.<\/li>\n<\/ul>\n","protected":false},"excerpt":{"rendered":"<p>Tapasztaljon meg ak\u00e1r 20 000 f\u00faj\u00e1st a RandM Fumot Tornado 20K-val! A krist\u00e1lytiszta diz\u00e1jn, a kett\u0151s h\u00e1l\u00f3s tekercs \u00e9s a mer\u00e9sz \u00edzek sz\u00e9les v\u00e1laszt\u00e9ka kiv\u00e1l\u00f3 v\u00e1laszt\u00e1ss\u00e1 teszik a neh\u00e9z g\u0151z\u00f6s\u00f6k \u00e9s vape boltok sz\u00e1m\u00e1ra. T\u00f6k\u00e9letes azoknak a forgalmaz\u00f3knak, akik pr\u00e9mium eldobhat\u00f3 eszk\u00f6z\u00f6ket keresnek. \ud83d\udca8\ud83c\udf53\ud83c\udf4d<\/p>\n","protected":false},"featured_media":4019,"comment_status":"open","ping_status":"closed","template":"","meta":[],"product_brand":[],"product_cat":[387,1922],"product_tag":[],"class_list":{"0":"post-39347","1":"product","2":"type-product","3":"status-publish","4":"has-post-thumbnail","6":"product_cat-randm","7":"product_cat-uj","9":"first","10":"instock","11":"shipping-taxable","12":"purchasable","13":"product-type-variable","14":"has-default-attributes"},"jetpack_sharing_enabled":true,"tiered_pricing_type":"fixed","tiered_pricing_fixed_rules":{"30":8.949999999999999289457264239899814128875732421875,"50":7.21999999999999975131004248396493494510650634765625,"100":6.5999999999999996447286321199499070644378662109375,"200":6.230000000000000426325641456060111522674560546875,"400":5.79999999999999982236431605997495353221893310546875},"tiered_pricing_product_settings":{"layout":"default","base_unit_name":{"singular":null,"plural":null},"default_variation":null},"tiered_pricing_minimum_quantity":10,"tiered_pricing_roles_data":[],"tiered_pricing_percentage_rules":[],"tiered_pricing_maximum_quantity":null,"tiered_pricing_quantity_step":"10","_links":{"self":[{"href":"https:\/\/ricovape.com\/hu\/wp-json\/wp\/v2\/product\/39347","targetHints":{"allow":["GET"]}}],"collection":[{"href":"https:\/\/ricovape.com\/hu\/wp-json\/wp\/v2\/product"}],"about":[{"href":"https:\/\/ricovape.com\/hu\/wp-json\/wp\/v2\/types\/product"}],"replies":[{"embeddable":true,"href":"https:\/\/ricovape.com\/hu\/wp-json\/wp\/v2\/comments?post=39347"}],"wp:featuredmedia":[{"embeddable":true,"href":"https:\/\/ricovape.com\/hu\/wp-json\/wp\/v2\/media\/4019"}],"wp:attachment":[{"href":"https:\/\/ricovape.com\/hu\/wp-json\/wp\/v2\/media?parent=39347"}],"wp:term":[{"taxonomy":"product_brand","embeddable":true,"href":"https:\/\/ricovape.com\/hu\/wp-json\/wp\/v2\/product_brand?post=39347"},{"taxonomy":"product_cat","embeddable":true,"href":"https:\/\/ricovape.com\/hu\/wp-json\/wp\/v2\/product_cat?post=39347"},{"taxonomy":"product_tag","embeddable":true,"href":"https:\/\/ricovape.com\/hu\/wp-json\/wp\/v2\/product_tag?post=39347"}],"curies":[{"name":"wp","href":"https:\/\/api.w.org\/{rel}","templated":true}]}}