{"id":38589,"date":"2025-07-07T09:20:27","date_gmt":"2025-07-07T09:20:27","guid":{"rendered":"https:\/\/stage.jrfer.com\/product\/bang-25k-max-25000-fujas-eldobhato-vape-kijelzovel-es-mesh-tekercssel\/"},"modified":"2026-04-07T13:41:51","modified_gmt":"2026-04-07T13:41:51","slug":"bang-25000-puffs","status":"publish","type":"product","link":"https:\/\/ricovape.com\/hu\/termek\/bang-25000-puffs\/","title":{"rendered":"Bang 25K Max | 25000 f\u00faj\u00e1s eldobhat\u00f3 vape kijelz\u0151vel \u00e9s mesh tekercssel"},"content":{"rendered":"<h2>Mi\u00e9rt v\u00e1lassza a Bang 25000 Puffot?<\/h2>\n<ul>\n<li><strong>Massz\u00edv puffad\u00e1si \u00e9lettartam:<\/strong> \u00c9lvezze az ak\u00e1r 25 000 bef\u00faj\u00e1st eszk\u00f6z\u00f6nk\u00e9nt hosszabb haszn\u00e1lat \u00e9rdek\u00e9ben \ud83d\ude80<\/li>\n<li><strong>Big Juice Tank:<\/strong> 25 ml el\u0151ret\u00f6lt\u00f6tt e-liquid a kevesebb csere \u00e9rdek\u00e9ben \ud83d\udca7<\/li>\n<li><strong>Mesh tekercs teljes\u00edtm\u00e9ny:<\/strong> 1,0 \u03a9 h\u00e1l\u00f3s tekercs az egyenletes \u00edz\u00e9rt \u00e9s p\u00e1ra\u00e9rt \ud83d\udd25<\/li>\n<li><strong>Nikotinv\u00e1laszt\u00e9k:<\/strong> 0%, 2%, 3% \u00e9s 5% nikotiner\u0151ss\u00e9gben kaphat\u00f3 \ud83c\udf00<\/li>\n<li><strong>\u00dajrat\u00f6lthet\u0151 teljes\u00edtm\u00e9ny:<\/strong> 650 mAh-s akkumul\u00e1tor C-t\u00edpus\u00fa gyorst\u00f6lt\u00e9ssel \ud83d\udd0b<\/li>\n<li><strong>Intelligens k\u00e9perny\u0151:<\/strong> K\u00f6vesse nyomon k\u00f6nnyen az akkumul\u00e1tor \u00e9s az e-liquid t\u00f6lt\u00f6tts\u00e9gi szintj\u00e9t \ud83d\udcca<\/li>\n<li><strong>T\u00f6k\u00e9letes kiskereskedelemnek:<\/strong> N\u00e9pszer\u0171 nagy kapacit\u00e1s\u00fa eszk\u00f6z a vape boltok \u00e9s a nagykereskedelem sz\u00e1m\u00e1ra \ud83d\udce6<\/li>\n<\/ul>\n<h3>M\u0171szaki adatok<\/h3>\n<tbody>\n<tr>\n<td><strong>Puff kapacit\u00e1s:<\/strong><\/td>\n<td>Ak\u00e1r 25 000 f\u00faj\u00e1s<\/td>\n<\/tr>\n<tr>\n<td><strong>E-folyad\u00e9k kapacit\u00e1sa:<\/strong><\/td>\n<td>25 ml el\u0151ret\u00f6lt\u00f6tt<\/td>\n<\/tr>\n<tr>\n<td><strong>Nikotin er\u0151ss\u00e9ge:<\/strong><\/td>\n<td>0%, 2%, 3%, 5%<\/td>\n<\/tr>\n<tr>\n<td><strong>Akkumul\u00e1tor:<\/strong><\/td>\n<td>650 mAh \u00fajrat\u00f6lthet\u0151<\/td>\n<\/tr>\n<tr>\n<td><strong>T\u00f6lt\u00e9s:<\/strong><\/td>\n<td>C t\u00edpus\u00fa gyorst\u00f6lt\u00e9s<\/td>\n<\/tr>\n<tr>\n<td><strong>Tekercs:<\/strong><\/td>\n<td>1,0\u03a9 mesh tekercs<\/td>\n<\/tr>\n<tr>\n<td><strong>K\u00e9perny\u0151:<\/strong><\/td>\n<td>Az akkumul\u00e1tor \u00e9s az e-folyad\u00e9k szintj\u00e9t jelen\u00edti meg<\/td>\n<\/tr>\n<tr>\n<td><strong>\u00cdzek:<\/strong><\/td>\n<td>12 finom lehet\u0151s\u00e9g<\/td>\n<\/tr>\n<\/tbody>\n<\/table>\n<h3>\u00cdzv\u00e1laszt\u00e1s<\/h3>\n<p>V\u00e1lassz 12 izgalmas \u00edz k\u00f6z\u00fcl, minden \u00edzl\u00e9shez \ud83c\udf49\ud83c\udf53\ud83c\udf47:<\/p>\n<ul>\n<li><strong>G\u00f6r\u00f6gdinnye j\u00e9g:<\/strong> \u00c9des dinnye friss\u00edt\u0151 jeges lecseng\u00e9ssel \u2744\ufe0f\ud83c\udf49<\/li>\n<li><strong>Epres kiwi:<\/strong> Zamatos eper cs\u00edp\u0151s kivivel keverve \ud83c\udf53\ud83e\udd5d<\/li>\n<li><strong>Eperj\u00e9g:<\/strong> friss eper \u00edz h\u0171v\u00f6s \u00fct\u00e9ssel \ud83c\udf53\u2744\ufe0f<\/li>\n<li><strong>Mang\u00f3 \u0151szibarack:<\/strong> Tr\u00f3pusi mang\u00f3 \u00e9s \u00e9rett \u0151szibarack f\u00fazi\u00f3ja \ud83e\udd6d\ud83c\udf51<\/li>\n<li><strong>\u00c1fonya m\u00e1lna:<\/strong> \u00c9des \u00e1fony\u00e1s \u00e9s fanyar m\u00e1lna kever\u00e9k \ud83e\uded0\ud83c\udf47<\/li>\n<li><strong>\u00c1fonya menta:<\/strong> H\u0171s menta l\u00e9d\u00fas \u00e1fonya frissess\u00e9ggel \u2744\ufe0f\ud83e\uded0<\/li>\n<li><strong>Keverj\u00fck \u00f6ssze a gy\u00fcm\u00f6lcs\u00f6t:<\/strong> A vegyes tr\u00f3pusi \u00edzek gy\u00fcm\u00f6lcs\u00f6s robban\u00e1sa \ud83c\udf4d\ud83c\udf4a\ud83c\udf47<\/li>\n<li><strong>Epres g\u00f6r\u00f6gdinnye:<\/strong> Az eper \u00e9s a g\u00f6r\u00f6gdinnye \u00e9des du\u00f3ja \ud83c\udf53\ud83c\udf49<\/li>\n<li><strong>Sz\u0151l\u0151j\u00e9g:<\/strong> Klasszikus sz\u0151l\u0151\u00edz h\u0171s\u00edt\u0151 \u00e9rint\u00e9ssel \ud83c\udf47\u2744\ufe0f<\/li>\n<li><strong>G\u00f6r\u00f6gdinnye r\u00e1g\u00f3gumi:<\/strong> L\u00e9d\u00fas g\u00f6r\u00f6gdinnye r\u00e1g\u00f3gumi csavarral \ud83c\udf49\ud83c\udf6c<\/li>\n<li><strong>\u00c1fonya j\u00e9g:<\/strong> Fagyos \u00e1fonya \u00e9rz\u00e9s \u2744\ufe0f\ud83e\uded0<\/li>\n<li><strong>Tigrisv\u00e9r:<\/strong> Mer\u00e9sz, \u00e9des tr\u00f3pusi gy\u00fcm\u00f6lcskever\u00e9k \u00fct\u00e9ssel \ud83d\udc05\ud83c\udf53\ud83c\udf49<\/li>\n<\/ul>\n<h3>T\u00f6k\u00e9letes neh\u00e9z felhaszn\u00e1l\u00f3k \u00e9s forgalmaz\u00f3k sz\u00e1m\u00e1ra<\/h3>\n<p>A <strong>Bang 25000 Puffs eldobhat\u00f3 vape<\/strong>-t <strong>\u00edzkeres\u0151knek, er\u0151s g\u0151z\u00f6l\u0151knek, kiskereskedelmi \u00fczleteknek \u00e9s t\u00f6meges forgalmaz\u00f3knak<\/strong> tervezt\u00e9k. A <strong>25 000 puffokkal, egy er\u0151teljes mesh tekercssel \u00e9s egy intelligens kijelz\u0151vel<\/strong> ez a legkelend\u0151bb v\u00e1laszt\u00e1s az eldobhat\u00f3 vape piac\u00e1n. \ud83d\udce6\ud83d\udca8<\/p>\n<h3>GYIK<\/h3>\n<ul>\n<li><strong>H\u00e1ny f\u00faj\u00e1st ad?<\/strong><br \/>\nAk\u00e1r 25 000 sima, egyenletes f\u00faj\u00e1s.<\/li>\n<li><strong>Elt\u00e9r\u0151 a nikotinszintje?<\/strong><br \/>\nIgen \u2013 0%, 2%, 3% \u00e9s 5% nikotin opci\u00f3k \u00e1llnak rendelkez\u00e9sre.<\/li>\n<li><strong>\u00dajrat\u00f6lthet\u0151?<\/strong><br \/>\nIgen, 650 mAh-s \u00fajrat\u00f6lthet\u0151 akkumul\u00e1torral m\u0171k\u00f6dik, Type-C t\u00f6lt\u00e9ssel.<\/li>\n<li><strong>Megjelen\u00edti az akkumul\u00e1tor t\u00f6lt\u00f6tts\u00e9gi szintj\u00e9t?<\/strong><br \/>\nIgen! A be\u00e9p\u00edtett kijelz\u0151 mutatja az akkumul\u00e1tor \u00e9s az e-liquid t\u00f6lt\u00f6tts\u00e9gi szintj\u00e9t.<\/li>\n<li><strong>Kinek sz\u00f3l ez?<\/strong><br \/>\nT\u00f6k\u00e9letes a neh\u00e9z felhaszn\u00e1l\u00f3k, az \u00edzek szerelmesei, a vape boltok \u00e9s a nagykereskedelmi v\u00e1s\u00e1rl\u00f3k sz\u00e1m\u00e1ra.<\/li>\n<\/ul>\n","protected":false},"excerpt":{"rendered":"<p>A <strong>Bang 25000 Puffs eldobhat\u00f3 vape<\/strong> \ud83d\udca8 hosszan tart\u00f3 el\u00e9gedetts\u00e9get ny\u00fajt mer\u00e9sz \u00edzekkel, intelligens kijelz\u0151vel \u00e9s ak\u00e1r 25 000 sima puffan\u00e1ssal \u2013 t\u00f6k\u00e9letes a neh\u00e9z felhaszn\u00e1l\u00f3k, a vape boltok \u00e9s a nagykereskedelmi v\u00e1s\u00e1rl\u00f3k sz\u00e1m\u00e1ra.<\/p>\n","protected":false},"featured_media":1267,"comment_status":"open","ping_status":"closed","template":"","meta":[],"product_brand":[],"product_cat":[538,346,862,1013,1084,826,1261,1294,1225,1327,1471,1545,1406,1365,1509,1439,2176,1598,1674,1636,400,1046,900],"product_tag":[],"class_list":{"0":"post-38589","1":"product","2":"type-product","3":"status-publish","4":"has-post-thumbnail","6":"product_cat-25000-puff-eldobhato-vape","7":"product_cat-bang","8":"product_cat-big-puffs-vapes","9":"product_cat-digitalis-doboz-vapes","10":"product_cat-dual-mesh-vapes","11":"product_cat-eldobhato-vape-tipusok","12":"product_cat-eldobhato-vapes-ausztriaban","13":"product_cat-eldobhato-vapes-belgiumban","14":"product_cat-eldobhato-vapes-europaban","15":"product_cat-eldobhato-vapes-franciaorszagban","16":"product_cat-eldobhato-vapes-hollandiaban","17":"product_cat-eldobhato-vapes-lengyelorszagban","18":"product_cat-eldobhato-vapes-magyarorszagon","19":"product_cat-eldobhato-vapes-nemetorszagban","20":"product_cat-eldobhato-vapes-norvegiaban","21":"product_cat-eldobhato-vapes-olaszorszagban","22":"product_cat-eldobhato-vapes-portugaliaban","23":"product_cat-eldobhato-vapes-spanyolorszagban","24":"product_cat-eldobhato-vapes-svajcban","25":"product_cat-eldobhato-vapes-svedorszagban","26":"product_cat-kulonbozo-puffadasu-eldobhato-gozok","27":"product_cat-smart-screen-vapes","28":"product_cat-ujratoltheto-vapes","30":"first","31":"instock","32":"shipping-taxable","33":"purchasable","34":"product-type-variable","35":"has-default-attributes"},"jetpack_sharing_enabled":true,"tiered_pricing_type":"fixed","tiered_pricing_fixed_rules":{"30":7.160000000000000142108547152020037174224853515625,"50":6.29000000000000003552713678800500929355621337890625,"100":5.54999999999999982236431605997495353221893310546875,"200":5.17999999999999971578290569595992565155029296875,"400":4.69000000000000039079850466805510222911834716796875},"tiered_pricing_product_settings":{"layout":"default","base_unit_name":{"singular":null,"plural":null},"default_variation":null},"tiered_pricing_minimum_quantity":10,"tiered_pricing_roles_data":[],"tiered_pricing_percentage_rules":[],"tiered_pricing_maximum_quantity":null,"tiered_pricing_quantity_step":"10","_links":{"self":[{"href":"https:\/\/ricovape.com\/hu\/wp-json\/wp\/v2\/product\/38589","targetHints":{"allow":["GET"]}}],"collection":[{"href":"https:\/\/ricovape.com\/hu\/wp-json\/wp\/v2\/product"}],"about":[{"href":"https:\/\/ricovape.com\/hu\/wp-json\/wp\/v2\/types\/product"}],"replies":[{"embeddable":true,"href":"https:\/\/ricovape.com\/hu\/wp-json\/wp\/v2\/comments?post=38589"}],"wp:featuredmedia":[{"embeddable":true,"href":"https:\/\/ricovape.com\/hu\/wp-json\/wp\/v2\/media\/1267"}],"wp:attachment":[{"href":"https:\/\/ricovape.com\/hu\/wp-json\/wp\/v2\/media?parent=38589"}],"wp:term":[{"taxonomy":"product_brand","embeddable":true,"href":"https:\/\/ricovape.com\/hu\/wp-json\/wp\/v2\/product_brand?post=38589"},{"taxonomy":"product_cat","embeddable":true,"href":"https:\/\/ricovape.com\/hu\/wp-json\/wp\/v2\/product_cat?post=38589"},{"taxonomy":"product_tag","embeddable":true,"href":"https:\/\/ricovape.com\/hu\/wp-json\/wp\/v2\/product_tag?post=38589"}],"curies":[{"name":"wp","href":"https:\/\/api.w.org\/{rel}","templated":true}]}}