{"id":37822,"date":"2025-07-07T09:28:39","date_gmt":"2025-07-07T09:28:39","guid":{"rendered":"https:\/\/stage.jrfer.com\/product\/bang-blaze-60k-shisha-60-000-fujas-es-kristalytiszta-eldobhato-vape\/"},"modified":"2026-04-07T12:12:21","modified_gmt":"2026-04-07T12:12:21","slug":"bang-blaze-60k-shisha-60000-puffs","status":"publish","type":"product","link":"https:\/\/ricovape.com\/hu\/termek\/bang-blaze-60k-shisha-60000-puffs\/","title":{"rendered":"Bang Blaze 60K Shisha | 60 000 f\u00faj\u00e1s \u00e9s krist\u00e1lytiszta eldobhat\u00f3 vape"},"content":{"rendered":"<h2>Mi\u00e9rt v\u00e1lassza a Bang Blaze 60K Shisha-t?<\/h2>\n<ul>\n<li><strong>60 000 bef\u00faj\u00e1s:<\/strong> P\u00e1ratlan hossz\u00fa \u00e9lettartamot biztos\u00edt az ak\u00e1r 60 000 bef\u00faj\u00e1ssal, t\u00f6k\u00e9letes eg\u00e9sz napos haszn\u00e1latra \u00e9s er\u0151s g\u0151z\u00f6kh\u00f6z \ud83d\udd25\ud83d\udca8<\/li>\n<li><strong>Krist\u00e1lytiszta test:<\/strong> Az eleg\u00e1ns \u00e9s \u00e1tl\u00e1tsz\u00f3 kialak\u00edt\u00e1snak k\u00f6sz\u00f6nhet\u0151en k\u00f6nnyed\u00e9n nyomon k\u00f6vetheti az e-folyad\u00e9k szintj\u00e9t \ud83d\udc8e<\/li>\n<li><strong>Er\u0151teljes, 1000 mAh-s akkumul\u00e1tor:<\/strong> \u00dajrat\u00f6lthet\u0151 akkumul\u00e1tor C t\u00edpus\u00fa gyorst\u00f6lt\u00e9ssel a hosszabb g\u0151z\u00f6l\u00e9s \u00e9rdek\u00e9ben \u26a1\ud83d\udd0b<\/li>\n<li><strong>Mesh Coil technol\u00f3gia:<\/strong> \u00c9lvezze a finomabb, gazdagabb \u00edzeket a fejlett 0,6\u03a9-os mesh tekercs seg\u00edts\u00e9g\u00e9vel \ud83c\udfc6<\/li>\n<li><strong>LED intelligens k\u00e9perny\u0151:<\/strong> Legyen naprak\u00e9sz az akkumul\u00e1tor \u00e9s az e-folyad\u00e9k t\u00f6lt\u00f6tts\u00e9gi szintj\u00e9t mutat\u00f3 LED-kijelz\u0151vel \ud83d\udcca<\/li>\n<li><strong>T\u00f6bbf\u00e9le nikotin opci\u00f3:<\/strong> V\u00e1lasszon a 0%, 2%, 3% vagy 5% nikotiner\u0151ss\u00e9g k\u00f6z\u00fcl a szem\u00e9lyre szabott \u00e9lm\u00e9ny \u00e9rdek\u00e9ben \ud83c\udfaf<\/li>\n<li><strong>Ide\u00e1lis Vape \u00fczletek \u00e9s nagykeresked\u00e9sek sz\u00e1m\u00e1ra:<\/strong> Csomagol\u00e1sonk\u00e9nt 8 db-os csomagol\u00e1s, t\u00f6k\u00e9letes rakt\u00e1roz\u00e1shoz \u00e9s forgalmaz\u00e1shoz \ud83d\uded2\ud83d\udce6<\/li>\n<\/ul>\n<h3>M\u0171szaki adatok<\/h3>\n<tbody>\n<tr>\n<td><strong>Puff kapacit\u00e1s:<\/strong><\/td>\n<td>Ak\u00e1r 60 000 f\u00faj\u00e1s<\/td>\n<\/tr>\n<tr>\n<td><strong>E-folyad\u00e9k kapacit\u00e1sa:<\/strong><\/td>\n<td>40 ml<\/td>\n<\/tr>\n<tr>\n<td><strong>Akkumul\u00e1tor:<\/strong><\/td>\n<td>1000 mAh, C t\u00edpus\u00fa \u00fajrat\u00f6lthet\u0151<\/td>\n<\/tr>\n<tr>\n<td><strong>Tekercs t\u00edpusa:<\/strong><\/td>\n<td>0,6\u03a9 mesh tekercs<\/td>\n<\/tr>\n<tr>\n<td><strong>Nikotin opci\u00f3k:<\/strong><\/td>\n<td>0%, 2%, 3%, 5%<\/td>\n<\/tr>\n<tr>\n<td><strong>Kijelz\u0151:<\/strong><\/td>\n<td>LED intelligens k\u00e9perny\u0151<\/td>\n<\/tr>\n<tr>\n<td><strong>Tervez\u00e9s:<\/strong><\/td>\n<td>Krist\u00e1lytiszta test<\/td>\n<\/tr>\n<tr>\n<td><strong>Csomagol\u00e1s:<\/strong><\/td>\n<td>8 db\/csomag<\/td>\n<\/tr>\n<\/tbody>\n<\/table>\n<h3>\u00cdzgy\u0171jtem\u00e9ny<\/h3>\n<p>A Bang Blaze 60K Shisha sz\u00e1mos \u00edzletes \u00edzzel rendelkezik, amelyek minden g\u0151z\u00f6l\u0151 \u00edzl\u00e9s\u00e9nek megfelelnek. \u00cdme egy gyors el\u0151n\u00e9zet arr\u00f3l, mire sz\u00e1m\u00edthat:<\/p>\n<ul>\n<li><strong>H\u0171v\u00f6s menta:<\/strong> Friss\u00edt\u0151, jeges menta \u00edz az izgalmas vape \u00e9lm\u00e9ny\u00e9rt \ud83c\udf43\u2744\ufe0f<\/li>\n<li><strong>Dupla alma:<\/strong> \u00e9des \u00e9s fanyar alma sima kever\u00e9ke a klasszikus \u00edz\u00e9rt \ud83c\udf4f\ud83c\udf4e<\/li>\n<li><strong>Epres kiwi:<\/strong> Az \u00e9rett eper \u00e9s a zamatos kivi \u00e9des \u00e9s cs\u00edp\u0151s kever\u00e9ke \ud83c\udf53\ud83e\udd5d<\/li>\n<li><strong>G\u00f6r\u00f6gdinnye epres dinnye:<\/strong> A l\u00e9d\u00fas g\u00f6r\u00f6gdinnye, \u00e9des eper \u00e9s dinnye friss\u00edt\u0151 kever\u00e9ke \ud83c\udf49\ud83c\udf53\ud83c\udf48<\/li>\n<li><strong>Kevert bogy\u00f3s gy\u00fcm\u00f6lcs\u00f6k:<\/strong> v\u00e1logatott bogy\u00f3k \u00e9l\u00e9nk, gy\u00fcm\u00f6lcs\u00f6s kever\u00e9ke, t\u00f6k\u00e9letes a bogy\u00f3s gy\u00fcm\u00f6lcs\u00f6k szerelmeseinek \ud83c\udf47\ud83c\udf53\ud83c\udf52<\/li>\n<li><strong>Barna Ale:<\/strong> Gazdag, m\u00e9ly \u00edz azok sz\u00e1m\u00e1ra, akik szeretik az egyedi, s\u00f6r ihlette vap\u00e9t \ud83c\udf7a<\/li>\n<li><strong>Cseresznyementa:<\/strong> Cseresznye h\u0171v\u00f6s ment\u00e1s csavarral \ud83c\udf52\ud83c\udf3f<\/li>\n<li><strong>Peach Mango g\u00f6r\u00f6gdinnye:<\/strong> l\u00e9d\u00fas \u0151szibarack, mang\u00f3 \u00e9s g\u00f6r\u00f6gdinnye tr\u00f3pusi kever\u00e9ke \ud83c\udf51\ud83e\udd6d\ud83c\udf49<\/li>\n<li><strong>K\u00e9k Razz:<\/strong> cs\u00edp\u0151s \u00e9s \u00e9des k\u00e9k m\u00e1lna \u00edz, amely soha nem okoz csal\u00f3d\u00e1st \ud83c\udf47\ud83c\udf6c<\/li>\n<li><strong>Maracuja:<\/strong> Sima \u00e9s egzotikus maracuja \u00edz, t\u00f6k\u00e9letes a tr\u00f3pusi gy\u00fcm\u00f6lcs\u00f6k rajong\u00f3inak \ud83c\udf4d\ud83c\udf53<\/li>\n<\/ul>\n<h3>T\u00f6k\u00e9letes neh\u00e9z felhaszn\u00e1l\u00f3k, \u00edzkeres\u0151k \u00e9s nagykereskedelmi v\u00e1s\u00e1rl\u00f3k sz\u00e1m\u00e1ra<\/h3>\n<p>A Bang Blaze 60K Shisha azoknak k\u00e9sz\u00fclt, akik min\u0151s\u00e9get \u00e9s hossz\u00fa \u00e9lettartamot k\u00f6vetelnek. Hatalmas, 60 000 felf\u00faj\u00e1ssal, er\u0151teljes mesh tekercs\u00e9vel \u00e9s sokf\u00e9le \u00edz\u00e9vel ide\u00e1lis \u00edzkeres\u0151knek, vape boltoknak \u00e9s nagykereskedelmi forgalmaz\u00e1snak. Tartsa be ezt a pr\u00e9mium eldobhat\u00f3 vape-ot, \u00e9s k\u00edn\u00e1ljon v\u00e1s\u00e1rl\u00f3inak felejthetetlen vaping \u00e9lm\u00e9nyt! \ud83d\ude80\ud83d\udcbc<\/p>\n<h3>GYIK<\/h3>\n<ul>\n<li><strong>H\u00e1ny sz\u00edv\u00e1st b\u00edr ki a Bang Blaze 60K Shisha?<\/strong><br \/>\nA Bang Blaze 60K Shisha ak\u00e1r 60 000 f\u00faj\u00e1st is k\u00edn\u00e1l, \u00edgy biztos\u00edtva a hosszan tart\u00f3 \u00e9lm\u00e9nyt.<\/li>\n<li><strong>Milyen er\u0151ss\u00e9g\u0171 nikotin \u00e9rhet\u0151 el?<\/strong><br \/>\nV\u00e1lasszon a 0%, 2%, 3% vagy 5% nikotin k\u00f6z\u00fcl az ig\u00e9nyeinek megfelel\u0151en.<\/li>\n<li><strong>Hogyan t\u00f6lthetem fel az eszk\u00f6zt?<\/strong><br \/>\nA k\u00e9sz\u00fcl\u00e9k 1000 mAh-s \u00fajrat\u00f6lthet\u0151 akkumul\u00e1torral rendelkezik, amely a k\u00e9nyelem \u00e9rdek\u00e9ben C t\u00edpus\u00fa gyorst\u00f6lt\u00e9st is tartalmaz.<\/li>\n<li><strong>Milyen \u00edzek \u00e1llnak rendelkez\u00e9sre?<\/strong><br \/>\nA Bang Blaze 60K Shisha 10 egyedi \u00edz sz\u00e9les v\u00e1laszt\u00e9k\u00e1t k\u00edn\u00e1lja, k\u00f6zt\u00fck gy\u00fcm\u00f6lcs\u00f6s, ment\u00e1s \u00e9s desszert lehet\u0151s\u00e9geket.<\/li>\n<li><strong>Megv\u00e1s\u00e1rolhatom ezt a term\u00e9ket t\u00f6megesen?<\/strong><br \/>\nIgen, ez a term\u00e9k \u00f6mlesztett csomagol\u00e1sban kaphat\u00f3, t\u00f6k\u00e9letes a vape \u00fczletek \u00e9s a nagykereskedelmi forgalmaz\u00f3k sz\u00e1m\u00e1ra.<\/li>\n<\/ul>\n","protected":false},"excerpt":{"rendered":"<p>Tapasztaljon meg ak\u00e1r 60 000 f\u00faj\u00e1st a Bang Blaze 60K Shisha seg\u00edts\u00e9g\u00e9vel! Eleg\u00e1ns, krist\u00e1lytiszta test\u00e9vel, gazdag \u00edzeivel \u00e9s hosszan tart\u00f3 h\u00e1l\u00f3s tekercs\u00e9vel ez a t\u00f6k\u00e9letes eldobhat\u00f3 vape neh\u00e9z felhaszn\u00e1l\u00f3k \u00e9s nagykereskedelmi v\u00e1s\u00e1rl\u00f3k sz\u00e1m\u00e1ra. \ud83d\udca8\ud83c\udf53\ud83c\udf49<\/p>\n","protected":false},"featured_media":4047,"comment_status":"open","ping_status":"closed","template":"","meta":[],"product_brand":[],"product_cat":[346,1922],"product_tag":[],"class_list":{"0":"post-37822","1":"product","2":"type-product","3":"status-publish","4":"has-post-thumbnail","6":"product_cat-bang","7":"product_cat-uj","9":"first","10":"instock","11":"shipping-taxable","12":"purchasable","13":"product-type-variable","14":"has-default-attributes"},"jetpack_sharing_enabled":true,"tiered_pricing_type":"fixed","tiered_pricing_fixed_rules":{"30":8.269999999999999573674358543939888477325439453125,"50":6.54000000000000003552713678800500929355621337890625,"100":5.9199999999999999289457264239899814128875732421875,"200":5.67999999999999971578290569595992565155029296875,"400":5.17999999999999971578290569595992565155029296875},"tiered_pricing_product_settings":{"layout":"default","base_unit_name":{"singular":null,"plural":null},"default_variation":null},"tiered_pricing_minimum_quantity":10,"tiered_pricing_roles_data":[],"tiered_pricing_percentage_rules":[],"tiered_pricing_maximum_quantity":null,"tiered_pricing_quantity_step":"10","_links":{"self":[{"href":"https:\/\/ricovape.com\/hu\/wp-json\/wp\/v2\/product\/37822","targetHints":{"allow":["GET"]}}],"collection":[{"href":"https:\/\/ricovape.com\/hu\/wp-json\/wp\/v2\/product"}],"about":[{"href":"https:\/\/ricovape.com\/hu\/wp-json\/wp\/v2\/types\/product"}],"replies":[{"embeddable":true,"href":"https:\/\/ricovape.com\/hu\/wp-json\/wp\/v2\/comments?post=37822"}],"wp:featuredmedia":[{"embeddable":true,"href":"https:\/\/ricovape.com\/hu\/wp-json\/wp\/v2\/media\/4047"}],"wp:attachment":[{"href":"https:\/\/ricovape.com\/hu\/wp-json\/wp\/v2\/media?parent=37822"}],"wp:term":[{"taxonomy":"product_brand","embeddable":true,"href":"https:\/\/ricovape.com\/hu\/wp-json\/wp\/v2\/product_brand?post=37822"},{"taxonomy":"product_cat","embeddable":true,"href":"https:\/\/ricovape.com\/hu\/wp-json\/wp\/v2\/product_cat?post=37822"},{"taxonomy":"product_tag","embeddable":true,"href":"https:\/\/ricovape.com\/hu\/wp-json\/wp\/v2\/product_tag?post=37822"}],"curies":[{"name":"wp","href":"https:\/\/api.w.org\/{rel}","templated":true}]}}