{"id":37402,"date":"2025-07-07T09:21:14","date_gmt":"2025-07-07T09:21:14","guid":{"rendered":"https:\/\/stage.jrfer.com\/product\/bang-tornado-40k-40-000-puff-okoskepernyos-eldobhato-vape-harmas-halos-tekercssel\/"},"modified":"2026-04-07T13:13:12","modified_gmt":"2026-04-07T13:13:12","slug":"bang-tornado-40k","status":"publish","type":"product","link":"https:\/\/ricovape.com\/hu\/termek\/bang-tornado-40k\/","title":{"rendered":"Bang Tornado 40K | 40 000 puff okosk\u00e9perny\u0151s eldobhat\u00f3 vape h\u00e1rmas h\u00e1l\u00f3s tekercssel"},"content":{"rendered":"<h2>Mi\u00e9rt v\u00e1lassza a Bang Tornado 40K-t?<\/h2>\n<ul>\n<li><strong>Ultra-nagy bef\u00faj\u00e1ssz\u00e1m:<\/strong> Ak\u00e1r 40 000 bef\u00faj\u00e1s a hosszan tart\u00f3 kezel\u00e9sek \u00e9rdek\u00e9ben \ud83d\ude80<\/li>\n<li><strong>Triple Mesh Coil:<\/strong> Sima g\u0151z, egyenletes meleg\u00edt\u00e9s \u00e9s gazdag \u00edz \ud83c\udf2c\ufe0f<\/li>\n<li><strong>Intelligens k\u00e9perny\u0151s kijelz\u0151:<\/strong> Az e-liquid \u00e9s az akkumul\u00e1tor t\u00f6lt\u00f6tts\u00e9gi szintj\u00e9nek val\u00f3s idej\u0171 nyomon k\u00f6vet\u00e9se \ud83d\udcca<\/li>\n<li><strong>\u00dajrat\u00f6lthet\u0151 akkumul\u00e1tor:<\/strong> 850 mAh kapacit\u00e1s C-t\u00edpus\u00fa gyorst\u00f6lt\u00e9ssel \u26a1<\/li>\n<li><strong>Big Juice Tank:<\/strong> 40 ml el\u0151ret\u00f6lt\u00f6tt pr\u00e9mium e-folyad\u00e9kkal \ud83c\udf79<\/li>\n<li><strong>Nikotinbe\u00e1ll\u00edt\u00e1sok:<\/strong> V\u00e1lasszon a 0%, 2%, 3% vagy 5% nikotin k\u00f6z\u00fcl az ig\u00e9nyeinek megfelel\u0151en \ud83d\udcaf<\/li>\n<li><strong>Nagykereskedelmi k\u00e9szen \u00e1ll:<\/strong> T\u00f6megbar\u00e1t \u00e9s nagy kereslet\u0171 term\u00e9k a forgalmaz\u00f3k \u00e9s a vape boltok sz\u00e1m\u00e1ra \ud83d\udce6<\/li>\n<\/ul>\n<h3>M\u0171szaki adatok<\/h3>\n<tbody>\n<tr>\n<td><strong>Puff kapacit\u00e1s:<\/strong><\/td>\n<td>Ak\u00e1r 40 000 f\u00faj\u00e1s<\/td>\n<\/tr>\n<tr>\n<td><strong>E-folyad\u00e9k kapacit\u00e1sa:<\/strong><\/td>\n<td>40 ml<\/td>\n<\/tr>\n<tr>\n<td><strong>Tekercs t\u00edpusa:<\/strong><\/td>\n<td>H\u00e1romszoros speci\u00e1lis h\u00e1l\u00f3tekercsek<\/td>\n<\/tr>\n<tr>\n<td><strong>Akkumul\u00e1tor:<\/strong><\/td>\n<td>850 mAh \u00fajrat\u00f6lthet\u0151 (C t\u00edpus\u00fa t\u00f6lt\u00e9s)<\/td>\n<\/tr>\n<tr>\n<td><strong>A nikotin er\u0151ss\u00e9gei:<\/strong><\/td>\n<td>0%, 2%, 3%, 5%<\/td>\n<\/tr>\n<tr>\n<td><strong>K\u00e9perny\u0151:<\/strong><\/td>\n<td>Intelligens LED-kijelz\u0151 az olaj \u00e9s az akkumul\u00e1tor t\u00f6lt\u00f6tts\u00e9gi szintj\u00e9hez<\/td>\n<\/tr>\n<tr>\n<td><strong>\u00cdzek:<\/strong><\/td>\n<td>12 finom lehet\u0151s\u00e9g<\/td>\n<\/tr>\n<\/tbody>\n<\/table>\n<h3>\u00cdzlehet\u0151s\u00e9gek<\/h3>\n<p> \u00c9lvezze a <strong>Bang Tornado 40K \u00edzek<\/strong> mer\u00e9sz v\u00e1laszt\u00e9k\u00e1t, amelyeket \u00fagy alak\u00edtottak ki, hogy minden \u00edzl\u00e9st kiel\u00e9g\u00edtsenek:<\/p>\n<ul>\n<li><strong>Barack j\u00e9g:<\/strong> L\u00e9d\u00fas \u0151szibarack jeges lecseng\u00e9ssel \ud83c\udf51\u2744\ufe0f<\/li>\n<li><strong>Szerelem 66:<\/strong> Egzotikus shisha ihlette \u00edz \u2764\ufe0f<\/li>\n<li><strong>H\u00e1rmas Bogy\u00f3:<\/strong> \u00c1fonya, m\u00e1lna \u00e9s eper \u00e9des, fanyar kever\u00e9ke \ud83c\udf53\ud83e\uded0<\/li>\n<li><strong>\u00c1fonya citrom:<\/strong> A cs\u00edp\u0151s citrom \u00e9s az \u00e9des \u00e1fonya \ud83c\udf4b\ud83e\uded0<\/li>\n<li><strong>Energiaital:<\/strong> Mer\u00e9sz, pezsg\u0151 \u00e9s energiz\u00e1l\u00f3 \u26a1\ud83e\udd64<\/li>\n<li><strong>Dupla Alma:<\/strong> klasszikus piros \u00e9s z\u00f6ld alma kombin\u00e1ci\u00f3 \ud83c\udf4f\ud83c\udf4e<\/li>\n<li><strong>Mang\u00f3 \u0151szibarack:<\/strong> Tr\u00f3pusi \u00e9dess\u00e9g l\u00e9d\u00fas csavarral \ud83e\udd6d\ud83c\udf51<\/li>\n<li><strong>\u00c1fonya sz\u0151l\u0151:<\/strong> Gazdag sz\u0151l\u0151 friss \u00e1fony\u00e1val keverve \ud83c\udf47\ud83e\uded0<\/li>\n<li><strong>Epres g\u00f6r\u00f6gdinnye:<\/strong> eper \u00e9s dinnye gy\u00fcm\u00f6lcs\u00f6s kever\u00e9ke \ud83c\udf53\ud83c\udf49<\/li>\n<li><strong>Epres kiwi:<\/strong> \u00c9des eper cs\u00edp\u0151s kivivel egyens\u00falyozva \ud83c\udf53\ud83e\udd5d<\/li>\n<li><strong>\u00c1fonya m\u00e1lna:<\/strong> Bogy\u00f3s f\u00fazi\u00f3, tele \u00e9dess\u00e9ggel \u00e9s fanyars\u00e1ggal \ud83e\uded0\ud83c\udf53<\/li>\n<li><strong>G\u00f6r\u00f6gdinnye:<\/strong> friss\u00edt\u0151 \u00e9s l\u00e9d\u00fas ny\u00e1ri kedvenc \ud83c\udf49<\/li>\n<\/ul>\n<h3>T\u00f6k\u00e9letes a Vape szerelmeseinek \u00e9s nagybani v\u00e1s\u00e1rl\u00f3knak<\/h3>\n<p>A <strong>Bang Tornado 40K<\/strong> a <strong>nagy felhaszn\u00e1l\u00f3k, az \u00edzek kedvel\u0151inek \u00e9s a vape boltoknak<\/strong> k\u00e9sz\u00fclt, amelyek <strong>pr\u00e9mium min\u0151s\u00e9get \u00e9s tart\u00f3s teljes\u00edtm\u00e9nyt ig\u00e9nyelnek<\/strong>. Hatalmas puffad\u00e1si sz\u00e1m\u00e1nak, er\u0151teljes tekercseinek \u00e9s v\u00e1ltozatos \u00edzeinek k\u00f6sz\u00f6nhet\u0151en a legjobb v\u00e1laszt\u00e1s a <strong>B2B t\u00f6meges rendel\u00e9sek \u00e9s a kiskereskedelmi \u00fcgyfelek<\/strong> sz\u00e1m\u00e1ra. \ud83d\udce6\ud83d\udd25<\/p>\n<h3>GYIK<\/h3>\n<ul>\n<li><strong>Mennyi ideig b\u00edrja a Bang Tornado 40K?<\/strong><br \/>\nAk\u00e1r 40 000 bef\u00faj\u00e1s, haszn\u00e1latt\u00f3l f\u00fcgg\u0151en hetekig tart.<\/li>\n<li><strong>\u00dajrat\u00f6lthet\u0151?<\/strong><br \/>\nIgen, 850 mAh-s akkumul\u00e1torral \u00e9s Type-C t\u00f6lt\u00e9ssel.<\/li>\n<li><strong>Van k\u00e9perny\u0151je?<\/strong><br \/>\nIgen, az intelligens kijelz\u0151 val\u00f3s id\u0151ben mutatja az olaj \u00e9s az akkumul\u00e1tor \u00e1llapot\u00e1t.<\/li>\n<li><strong>Mit\u0151l m\u00e1s?<\/strong><br \/>\nA h\u00e1romh\u00e1l\u00f3s tekercsrendszer, az intelligens LED-kijelz\u0151 \u00e9s a hatalmas puffad\u00e1ssz\u00e1m k\u00fcl\u00f6nb\u00f6zteti meg a szok\u00e1sos eldobhat\u00f3 eszk\u00f6z\u00f6kt\u0151l.<\/li>\n<li><strong>Nagykereskedelemre alkalmas?<\/strong><br \/>\nAbszol\u00fat! T\u00f6meges sz\u00e1ll\u00edt\u00e1sra k\u00e9sz, nagy az ig\u00e9ny, \u00e9s nyeres\u00e9ges a forgalmaz\u00f3k \u00e9s a vape-kiskeresked\u0151k sz\u00e1m\u00e1ra.<\/li>\n<\/ul>\n","protected":false},"excerpt":{"rendered":"<p>A <strong>Bang Tornado 40K<\/strong> \ud83d\udca8 ak\u00e1r <strong>40 000 massz\u00edv puffan\u00e1st<\/strong> ad le, h\u00e1rmas h\u00e1l\u00f3s tekercsekkel, intelligens LED-kijelz\u0151vel \u00e9s \u00fajrat\u00f6lthet\u0151 akkumul\u00e1torral m\u0171k\u00f6dik \u2013 t\u00f6k\u00e9letes a <strong>er\u0151s felhaszn\u00e1l\u00f3knak, a vape boltoknak \u00e9s a nagykereskedelmi v\u00e1s\u00e1rl\u00f3knak<\/strong>.<\/p>\n","protected":false},"featured_media":1563,"comment_status":"open","ping_status":"closed","template":"","meta":[],"product_brand":[],"product_cat":[617,346],"product_tag":[],"class_list":{"0":"post-37402","1":"product","2":"type-product","3":"status-publish","4":"has-post-thumbnail","6":"product_cat-40000-puff-eldobhato-vape","7":"product_cat-bang","9":"first","10":"instock","11":"shipping-taxable","12":"purchasable","13":"product-type-variable","14":"has-default-attributes"},"jetpack_sharing_enabled":true,"tiered_pricing_type":"fixed","tiered_pricing_fixed_rules":{"30":8.1500000000000003552713678800500929355621337890625,"50":7.28000000000000024868995751603506505489349365234375,"100":6.54000000000000003552713678800500929355621337890625,"200":6.1699999999999999289457264239899814128875732421875,"400":5.61000000000000031974423109204508364200592041015625},"tiered_pricing_product_settings":{"layout":"default","base_unit_name":{"singular":null,"plural":null},"default_variation":null},"tiered_pricing_minimum_quantity":10,"tiered_pricing_roles_data":[],"tiered_pricing_percentage_rules":[],"tiered_pricing_maximum_quantity":null,"tiered_pricing_quantity_step":"10","_links":{"self":[{"href":"https:\/\/ricovape.com\/hu\/wp-json\/wp\/v2\/product\/37402","targetHints":{"allow":["GET"]}}],"collection":[{"href":"https:\/\/ricovape.com\/hu\/wp-json\/wp\/v2\/product"}],"about":[{"href":"https:\/\/ricovape.com\/hu\/wp-json\/wp\/v2\/types\/product"}],"replies":[{"embeddable":true,"href":"https:\/\/ricovape.com\/hu\/wp-json\/wp\/v2\/comments?post=37402"}],"wp:featuredmedia":[{"embeddable":true,"href":"https:\/\/ricovape.com\/hu\/wp-json\/wp\/v2\/media\/1563"}],"wp:attachment":[{"href":"https:\/\/ricovape.com\/hu\/wp-json\/wp\/v2\/media?parent=37402"}],"wp:term":[{"taxonomy":"product_brand","embeddable":true,"href":"https:\/\/ricovape.com\/hu\/wp-json\/wp\/v2\/product_brand?post=37402"},{"taxonomy":"product_cat","embeddable":true,"href":"https:\/\/ricovape.com\/hu\/wp-json\/wp\/v2\/product_cat?post=37402"},{"taxonomy":"product_tag","embeddable":true,"href":"https:\/\/ricovape.com\/hu\/wp-json\/wp\/v2\/product_tag?post=37402"}],"curies":[{"name":"wp","href":"https:\/\/api.w.org\/{rel}","templated":true}]}}