{"id":37365,"date":"2025-07-07T09:28:39","date_gmt":"2025-07-07T09:28:39","guid":{"rendered":"https:\/\/stage.jrfer.com\/product\/mr-goodie-50k-50-000-puff-es-party-hangulatu-eldobhato-vape\/"},"modified":"2026-04-07T12:10:10","modified_gmt":"2026-04-07T12:10:10","slug":"mr-goodie-50k-50000-puffs","status":"publish","type":"product","link":"https:\/\/ricovape.com\/hu\/termek\/mr-goodie-50k-50000-puffs\/","title":{"rendered":"Mr.Goodie 50K | 50 000 puff \u00e9s party hangulat\u00fa eldobhat\u00f3 vape"},"content":{"rendered":"<h2>Mi\u00e9rt v\u00e1lassza a Mr.Goodie 50K-t?<\/h2>\n<ul>\n<li><strong>50 000 f\u00faj\u00e1s:<\/strong> Hosszan tart\u00f3 vape \u00e9lm\u00e9ny ak\u00e1r 50 000 f\u00faj\u00e1ssal. T\u00f6k\u00e9letes az er\u0151s felhaszn\u00e1l\u00f3knak \u00e9s az \u00edzek kedvel\u0151inek \ud83c\udf1f<\/li>\n<li><strong>\u00c1ll\u00edthat\u00f3 j\u00e9gszab\u00e1lyoz\u00e1s:<\/strong> Szabja testre g\u0151z\u00f6l\u00e9si \u00e9lm\u00e9ny\u00e9t a 3 fokozatban \u00e1ll\u00edthat\u00f3 j\u00e9gszab\u00e1lyoz\u00e1ssal a megfelel\u0151 h\u0171t\u00e9s \u00e9rdek\u00e9ben \u2744\ufe0f\ud83c\udf43<\/li>\n<li><strong>Kett\u0151s h\u00e1l\u00f3s tekercsek:<\/strong> Fejlett h\u00e1l\u00f3s tekercs technol\u00f3gia a sim\u00e1bb, intenz\u00edvebb \u00edz\u00e9rt minden felf\u00faj\u00e1ssal \ud83c\udfc6<\/li>\n<li><strong>Full Abyss Mirror Display:<\/strong> Eleg\u00e1ns \u00e9s modern LED-kijelz\u0151 az e-liquid \u00e9s az akkumul\u00e1tor t\u00f6lt\u00f6tts\u00e9gi szintj\u00e9nek nyomon k\u00f6vet\u00e9s\u00e9hez \ud83d\udd0b\ud83d\udcca<\/li>\n<li><strong>Party Vibez Design:<\/strong> T\u0171nj\u00f6n ki a sz\u00f3rakoztat\u00f3 \u00e9s szemet gy\u00f6ny\u00f6rk\u00f6dtet\u0151 diz\u00e1jnnal, amely t\u00f6k\u00e9letes azok sz\u00e1m\u00e1ra, akik szeretik a st\u00edlusos vape \u00e9lm\u00e9nyt \ud83c\udf89<\/li>\n<li><strong>Nikotinlehet\u0151s\u00e9gek:<\/strong> V\u00e1lasszon 2% vagy 5% nikotiner\u0151ss\u00e9g k\u00f6z\u00fcl az ide\u00e1lis tal\u00e1lathoz \ud83d\udcaf<\/li>\n<li><strong>T\u00f6k\u00e9letes Vape \u00fczletek \u00e9s nagykeresked\u00e9sek sz\u00e1m\u00e1ra:<\/strong> A t\u00f6meges csomagol\u00e1s ide\u00e1liss\u00e1 teszi a vape \u00fczletek \u00e9s a nagykereskedelmi forgalmaz\u00f3k sz\u00e1m\u00e1ra \ud83d\udecd\ufe0f\ud83d\udce6<\/li>\n<\/ul>\n<h3>M\u0171szaki adatok<\/h3>\n<\/p>\n<tbody>\n<tr>\n<td><strong>Puff kapacit\u00e1s:<\/strong><\/td>\n<td>Ak\u00e1r 50 000 sz\u00edv\u00e1s<\/td>\n<\/tr>\n<tr>\n<td><strong>E-folyad\u00e9k kapacit\u00e1sa:<\/strong><\/td>\n<td>40 ml<\/td>\n<\/tr>\n<tr>\n<td><strong>Akkumul\u00e1tor:<\/strong><\/td>\n<td>900 mAh, C t\u00edpus\u00fa \u00fajrat\u00f6lthet\u0151<\/td>\n<\/tr>\n<tr>\n<td><strong>Tekercs t\u00edpusa:<\/strong><\/td>\n<td>Kett\u0151s h\u00e1l\u00f3s tekercsek<\/td>\n<\/tr>\n<tr>\n<td><strong>Nikotin opci\u00f3k:<\/strong><\/td>\n<td>2%, 5%<\/td>\n<\/tr>\n<tr>\n<td><strong>Kijelz\u0151:<\/strong><\/td>\n<td>Full Abyss Mirror Display<\/td>\n<\/tr>\n<tr>\n<td><strong>Tervez\u00e9s:<\/strong><\/td>\n<td>Party Vibez m\u00f3d<\/td>\n<\/tr>\n<tr>\n<td><strong>J\u00e9gvez\u00e9rl\u00e9s:<\/strong><\/td>\n<td>3 fokozatban \u00e1ll\u00edthat\u00f3<\/td>\n<\/tr>\n<\/tbody>\n<\/table>\n<h3>\u00cdzgy\u0171jtem\u00e9ny<\/h3>\n<p>A Mr.Goodie 50K izgalmas \u00edzek sz\u00e9les v\u00e1laszt\u00e9k\u00e1t k\u00edn\u00e1lja, amelyek biztosan minden \u00edzlel\u0151bimb\u00f3nak tetszenek:<\/p>\n<ul>\n<li><strong>Epres turmix:<\/strong> Kr\u00e9mes, \u00e9des epres turmix \u00edz, amely olyan l\u00e1gy, mint amilyen finom \ud83c\udf53\ud83e\udd5b<\/li>\n<li><strong>K\u00e9k Razz:<\/strong> \u00c9des, cs\u00edp\u0151s k\u00e9k m\u00e1lna a friss\u00edt\u0151 gy\u00fcm\u00f6lcs\u00f6s vape-\u00e9rt \ud83c\udf47\ud83c\udf6c<\/li>\n<li><strong>G\u00f6r\u00f6gdinnye j\u00e9g:<\/strong> H\u0171v\u00f6s \u00e9s l\u00e9d\u00fas g\u00f6r\u00f6gdinnye jeges befejez\u00e9ssel a t\u00f6k\u00e9letes ny\u00e1ri g\u0151z\u00e9rt \ud83c\udf49\u2744\ufe0f<\/li>\n<li><strong>Almafah\u00e9j:<\/strong> Meleg, \u00e9des alma egy csipetnyi fah\u00e9jas f\u0171szerrel a hangulatos, \u00edzletes g\u0151z\u00e9rt \ud83c\udf4f\ud83c\udf69<\/li>\n<li><strong>Green Lemon Ice:<\/strong> fanyar \u00e9s cs\u00edp\u0151s citrom \u00edz, friss\u00edt\u0151, h\u0171v\u00f6s j\u00e9gsl\u00e1gerrel \ud83c\udf4b\u2744\ufe0f<\/li>\n<li><strong>Mang\u00f3s anan\u00e1sz j\u00e9g:<\/strong> tr\u00f3pusi mang\u00f3 \u00e9s anan\u00e1sz ropog\u00f3s j\u00e9gh\u0171t\u00e9ssel \ud83c\udf4d\ud83e\udd6d\u2744\ufe0f<\/li>\n<li><strong>L\u00e9d\u00fas barackj\u00e9g:<\/strong> \u00c9des, \u00e9rett \u0151szibarack fagyos lecseng\u00e9ssel \ud83c\udf51\u2744\ufe0f<\/li>\n<li><strong>Van\u00edlia passi\u00f3gy\u00fcm\u00f6lcs:<\/strong> Gazdag \u00e9s egzotikus van\u00edlia maracuja \u00edz azok sz\u00e1m\u00e1ra, akik valami egyedit keresnek \ud83c\udf4d\ud83c\udf66<\/li>\n<li><strong>V\u00e9rnarancss\u00e1rga j\u00e9g:<\/strong> Citrusos v\u00e9rnarancs sima, jeges al\u00e1fest\u00e9ssel \ud83c\udf4a\u2744\ufe0f<\/li>\n<li><strong>Szerelem 66:<\/strong> Egy vid\u00e1m, \u00e9des kever\u00e9k, amely a gy\u00fcm\u00f6lcs\u00f6s \u00edzek t\u00f6k\u00e9letes harm\u00f3ni\u00e1j\u00e1t hozza el \ud83c\udf53\ud83d\udc96<\/li>\n<\/ul>\n<h3>Ide\u00e1lis neh\u00e9z felhaszn\u00e1l\u00f3k, \u00edzel\u00edt\u0151k \u00e9s nagykereskedelmi v\u00e1s\u00e1rl\u00f3k sz\u00e1m\u00e1ra<\/h3>\n<p>A Mr.Goodie 50K azoknak k\u00e9sz\u00fclt, akik kiv\u00e1l\u00f3 min\u0151s\u00e9g\u0171 \u00edzeket \u00e9s hosszan tart\u00f3 teljes\u00edtm\u00e9nyt ig\u00e9nyelnek. Ak\u00e1r 50 000 felf\u00faj\u00e1ssal, \u00e1ll\u00edthat\u00f3 j\u00e9gszab\u00e1lyoz\u00e1ssal \u00e9s sz\u00e1mos \u00edzletes \u00edzzel t\u00f6k\u00e9letes a neh\u00e9z felhaszn\u00e1l\u00f3k \u00e9s a vape boltok sz\u00e1m\u00e1ra. Ak\u00e1r \u00edzel\u00edt\u0151t keres, ak\u00e1r t\u00f6meges nagykereskedelmi lehet\u0151s\u00e9geket keres, a Mr.Goodie 50K fel\u00fclm\u00falja v\u00e1rakoz\u00e1sait. \ud83d\uded2\ud83d\udca8<\/p>\n<h3>GYIK<\/h3>\n<ul>\n<li><strong>H\u00e1ny sz\u00edv\u00e1st b\u00edr ki a Mr.Goodie 50K?<\/strong><br \/>\nA Mr.Goodie 50K ak\u00e1r 50 000 f\u00faj\u00e1st is k\u00edn\u00e1l, \u00edgy az egyik leghosszabb ideig tart\u00f3 eldobhat\u00f3 vape.<\/li>\n<li><strong>Milyen er\u0151ss\u00e9g\u0171 nikotin \u00e9rhet\u0151 el?<\/strong><br \/>\nA Mr.Goodie 50K 2% \u00e9s 5% nikotint k\u00edn\u00e1l, hogy megfeleljen az \u00d6n ig\u00e9nyeinek.<\/li>\n<li><strong>Hogyan t\u00f6lthetem fel a Mr.Goodie 50K-t?<\/strong><br \/>\nA k\u00e9sz\u00fcl\u00e9k 900 mAh-s \u00fajrat\u00f6lthet\u0151 akkumul\u00e1torral rendelkezik, \u00e9s Type-C t\u00f6lt\u00e9st haszn\u00e1l a gyors \u00e9s egyszer\u0171 t\u00f6lt\u00e9s \u00e9rdek\u00e9ben.<\/li>\n<li><strong>Melyek az \u00edzes\u00edt\u00e9si lehet\u0151s\u00e9gek?<\/strong><br \/>\n10 izgalmas \u00edz k\u00f6z\u00fcl v\u00e1laszthat, k\u00f6zt\u00fck gy\u00fcm\u00f6lcs\u00f6s, kr\u00e9mes \u00e9s jeges lehet\u0151s\u00e9geket!<\/li>\n<li><strong>V\u00e1s\u00e1rolhatok Mr.Goodie 50K-t t\u00f6megesen?<\/strong><br \/>\nIgen, ez a term\u00e9k \u00f6mlesztve kaphat\u00f3, \u00edgy t\u00f6k\u00e9letes a vape boltok \u00e9s a nagykereskedelmi forgalmaz\u00f3k sz\u00e1m\u00e1ra.<\/li>\n<\/ul>\n","protected":false},"excerpt":{"rendered":"<p>Mi\u00e9rt v\u00e1lassza a Mr.Goodie 50K-t? 50 000 f\u00faj\u00e1s: Hosszan tart\u00f3 vape \u00e9lm\u00e9ny ak\u00e1r 50 000 f\u00faj\u00e1ssal. T\u00f6k\u00e9letes az er\u0151s felhaszn\u00e1l\u00f3knak \u00e9s az \u00edzek kedvel\u0151inek \ud83c\udf1f \u00c1ll\u00edthat\u00f3 j\u00e9gszab\u00e1lyoz\u00e1s: Szabja testre g\u0151z\u00f6l\u00e9si \u00e9lm\u00e9ny\u00e9t a 3 fokozatban \u00e1ll\u00edthat\u00f3 j\u00e9gszab\u00e1lyoz\u00e1ssal a megfelel\u0151 h\u0171t\u00e9s \u00e9rdek\u00e9ben \u2744\ufe0f\ud83c\udf43 Kett\u0151s h\u00e1l\u00f3s tekercsek: Fejlett h\u00e1l\u00f3s tekercs technol\u00f3gia a sim\u00e1bb, intenz\u00edvebb \u00edz\u00e9rt minden felf\u00faj\u00e1ssal \ud83c\udfc6 [&hellip;]<\/p>\n","protected":false},"featured_media":4057,"comment_status":"open","ping_status":"closed","template":"","meta":[],"product_brand":[],"product_cat":[1938,1922],"product_tag":[],"class_list":{"0":"post-37365","1":"product","2":"type-product","3":"status-publish","4":"has-post-thumbnail","6":"product_cat-mr-goodie","7":"product_cat-uj","9":"first","10":"instock","11":"shipping-taxable","12":"purchasable","13":"product-type-variable","14":"has-default-attributes"},"jetpack_sharing_enabled":true,"tiered_pricing_type":"fixed","tiered_pricing_fixed_rules":{"30":8.7599999999999997868371792719699442386627197265625,"50":7.03000000000000024868995751603506505489349365234375,"100":6.4199999999999999289457264239899814128875732421875,"200":6.04999999999999982236431605997495353221893310546875,"400":5.61000000000000031974423109204508364200592041015625},"tiered_pricing_product_settings":{"layout":"default","base_unit_name":{"singular":null,"plural":null},"default_variation":null},"tiered_pricing_minimum_quantity":10,"tiered_pricing_roles_data":[],"tiered_pricing_percentage_rules":[],"tiered_pricing_maximum_quantity":null,"tiered_pricing_quantity_step":"10","_links":{"self":[{"href":"https:\/\/ricovape.com\/hu\/wp-json\/wp\/v2\/product\/37365","targetHints":{"allow":["GET"]}}],"collection":[{"href":"https:\/\/ricovape.com\/hu\/wp-json\/wp\/v2\/product"}],"about":[{"href":"https:\/\/ricovape.com\/hu\/wp-json\/wp\/v2\/types\/product"}],"replies":[{"embeddable":true,"href":"https:\/\/ricovape.com\/hu\/wp-json\/wp\/v2\/comments?post=37365"}],"wp:featuredmedia":[{"embeddable":true,"href":"https:\/\/ricovape.com\/hu\/wp-json\/wp\/v2\/media\/4057"}],"wp:attachment":[{"href":"https:\/\/ricovape.com\/hu\/wp-json\/wp\/v2\/media?parent=37365"}],"wp:term":[{"taxonomy":"product_brand","embeddable":true,"href":"https:\/\/ricovape.com\/hu\/wp-json\/wp\/v2\/product_brand?post=37365"},{"taxonomy":"product_cat","embeddable":true,"href":"https:\/\/ricovape.com\/hu\/wp-json\/wp\/v2\/product_cat?post=37365"},{"taxonomy":"product_tag","embeddable":true,"href":"https:\/\/ricovape.com\/hu\/wp-json\/wp\/v2\/product_tag?post=37365"}],"curies":[{"name":"wp","href":"https:\/\/api.w.org\/{rel}","templated":true}]}}