{"id":37129,"date":"2025-07-07T09:20:26","date_gmt":"2025-07-07T09:20:26","guid":{"rendered":"https:\/\/stage.jrfer.com\/product\/mrvi-nyertes-30k-30000-puff-35-ml-es-nagy-tartalyhalos-tekercs-omlesztett-eldobhato-vape\/"},"modified":"2026-04-07T14:14:42","modified_gmt":"2026-04-07T14:14:42","slug":"mrvi-winning-30000-puffs","status":"publish","type":"product","link":"https:\/\/ricovape.com\/hu\/termek\/mrvi-winning-30000-puffs\/","title":{"rendered":"MRVI NYERTES 30K 30000 Puff | 35 ml-es nagy tart\u00e1lyh\u00e1l\u00f3s tekercs, \u00f6mlesztett eldobhat\u00f3 vape"},"content":{"rendered":"<h2>Mi\u00e9rt v\u00e1lassza az MRVI WINNING 30000 Puffot?<\/h2>\n<ul>\n<li><strong>Nagy sz\u00edv\u00e1s:<\/strong> Ak\u00e1r 30 000 f\u00faj\u00e1s a hosszan tart\u00f3 \u00e9lvezet\u00e9rt \ud83d\udca8<\/li>\n<li><strong>Hatalmas E-folyad\u00e9ktart\u00e1ly:<\/strong> 35 ml-es el\u0151ret\u00f6lt\u00f6tt \u0171rtartalom a kevesebb csere \u00e9rdek\u00e9ben \ud83d\udca7<\/li>\n<li><strong>Er\u0151teljes akkumul\u00e1tor:<\/strong> A 800 mAh-s \u00fajrat\u00f6lthet\u0151 akkumul\u00e1tor tov\u00e1bb tart a g\u0151z\u00f6l\u00e9s\u00e9rt \ud83d\udd0b<\/li>\n<li><strong>Mesh Coil technol\u00f3gia:<\/strong> Sima, egyenletes \u00fct\u00e9st \u00e9s fokozott \u00edzt biztos\u00edt \ud83c\udf2c\ufe0f<\/li>\n<li><strong>Nikotin opci\u00f3k:<\/strong> 2%-os \u00e9s 5%-os v\u00e1ltozatban is el\u00e9rhet\u0151 a k\u00fcl\u00f6nb\u00f6z\u0151 ig\u00e9nyeknek megfelel\u0151en \u2705<\/li>\n<li><strong>Gyors t\u00f6lt\u00e9s:<\/strong> A Type-C gyorst\u00f6lt\u00e9s cs\u00f6kkenti az \u00e1ll\u00e1sid\u0151t \u26a1<\/li>\n<li><strong>Nagykereskedelmi k\u00e9szen \u00e1ll:<\/strong> Nagy kereslet\u0171 eldobhat\u00f3, ide\u00e1lis t\u00f6meges terjeszt\u00e9shez \ud83d\udce6<\/li>\n<\/ul>\n<h3>M\u0171szaki adatok<\/h3>\n<tbody>\n<tr>\n<td><strong>Puffok sz\u00e1ma:<\/strong><\/td>\n<td>Ak\u00e1r 30 000 f\u00faj\u00e1s<\/td>\n<\/tr>\n<tr>\n<td><strong>E-folyad\u00e9k kapacit\u00e1sa:<\/strong><\/td>\n<td>35 ml<\/td>\n<\/tr>\n<tr>\n<td><strong>Akkumul\u00e1torkapacit\u00e1s:<\/strong><\/td>\n<td>800 mAh \u00fajrat\u00f6lthet\u0151<\/td>\n<\/tr>\n<tr>\n<td><strong>Nikotin er\u0151ss\u00e9ge:<\/strong><\/td>\n<td>2% vagy 5%<\/td>\n<\/tr>\n<tr>\n<td><strong>Tekercs:<\/strong><\/td>\n<td>H\u00e1l\u00f3s tekercs a sima g\u0151z\u00e9rt<\/td>\n<\/tr>\n<tr>\n<td><strong>T\u00f6lt\u00e9s:<\/strong><\/td>\n<td>C t\u00edpus\u00fa gyorst\u00f6lt\u00e9s<\/td>\n<\/tr>\n<\/tbody>\n<\/table>\n<h3>\u00cdzv\u00e1laszt\u00e1s<\/h3>\n<p>Az <strong>MRVI WINNING 30000<\/strong> <strong>10 finom \u00edzben<\/strong> kaphat\u00f3, hogy minden v\u00e1gyat kiel\u00e9g\u00edtsen \ud83c\udf6d:<\/p>\n<ul>\n<li><strong>\u00c1fonya g\u00f6r\u00f6gdinnye:<\/strong> \u00e9des \u00e1fonya l\u00e9d\u00fas g\u00f6r\u00f6gdinny\u00e9vel keverve \ud83e\uded0\ud83c\udf49<\/li>\n<li><strong>Cseresznye citrom:<\/strong> Zamatos citrom mer\u00e9sz cseresznye csavarral \ud83c\udf52\ud83c\udf4b<\/li>\n<li><strong>Blue Razz Ice:<\/strong> cs\u00edp\u0151s k\u00e9k m\u00e1lna h\u0171v\u00f6s mentolos bevonattal \ud83e\uded0\u2744\ufe0f<\/li>\n<li><strong>Kevert bogy\u00f3k:<\/strong> eper, m\u00e1lna \u00e9s egyebek gy\u00fcm\u00f6lcs\u00f6s robban\u00e1sa \ud83c\udf53\ud83e\uded0\ud83c\udf47<\/li>\n<li><strong>Eperj\u00e9g:<\/strong> Klasszikus eper \u00edz fagyos \u00e9rint\u00e9ssel \ud83c\udf53\u2744\ufe0f<\/li>\n<li><strong>G\u00f6r\u00f6gdinnye j\u00e9g:<\/strong> Friss\u00edt\u0151 g\u00f6r\u00f6gdinnye jeges mentollal \ud83c\udf49\u2744\ufe0f<\/li>\n<li><strong>L\u00e9d\u00fas \u0151szibarack:<\/strong> \u00c9des, l\u00e9d\u00fas \u0151szibarack az eg\u00e9sz napos sima vape-\u00e9rt \ud83c\udf51<\/li>\n<li><strong>Anan\u00e1szmang\u00f3:<\/strong> tr\u00f3pusi anan\u00e1sz \u00e9rett mang\u00f3val keverve \ud83c\udf4d\ud83e\udd6d<\/li>\n<li><strong>Sz\u0151l\u0151j\u00e9g:<\/strong> Mer\u00e9sz sz\u0151l\u0151 fagyos csavarral \ud83c\udf47\u2744\ufe0f<\/li>\n<li><strong>Savany\u00fa alma:<\/strong> Ropog\u00f3s \u00e9s cs\u00edp\u0151s z\u00f6ld alma \ud83c\udf4f<\/li>\n<\/ul>\n<h3>T\u00f6k\u00e9letes neh\u00e9z felhaszn\u00e1l\u00f3k \u00e9s nagykeresked\u00e9sek sz\u00e1m\u00e1ra<\/h3>\n<p>Az <strong>MRVI WINNING 30000 Puffs<\/strong> a <strong>er\u0151s g\u0151z\u00f6s\u00f6knek, az \u00edzek szerelmeseinek \u00e9s a vape boltok viszontelad\u00f3inak<\/strong> k\u00e9sz\u00fclt. <strong>Nagy tart\u00e1ly\u00e1val, hossz\u00fa akkumul\u00e1tor-\u00fczemidej\u00e9vel \u00e9s 10 n\u00e9pszer\u0171 \u00edz\u00e9vel<\/strong> a szem\u00e9lyes haszn\u00e1latra \u00e9s a t\u00f6meges terjeszt\u00e9sre egyar\u00e1nt k\u00f6telez\u0151 darab. A nagykereskedelmi v\u00e1s\u00e1rl\u00f3k im\u00e1dni fogj\u00e1k <strong>nagy forgalmi potenci\u00e1lj\u00e1t<\/strong> \u00e9s megb\u00edzhat\u00f3s\u00e1g\u00e1t \ud83d\udce6\ud83d\udd25.<\/p>\n<h3>GYIK<\/h3>\n<ul>\n<li><strong>H\u00e1ny f\u00faj\u00e1sig tart?<\/strong><br \/>\nEszk\u00f6z\u00f6nk\u00e9nt legfeljebb 30 000 f\u00faj\u00e1s.<\/li>\n<li><strong>\u00dajrat\u00f6lthet\u0151?<\/strong><br \/>\nIgen, 800 mAh-s \u00fajrat\u00f6lthet\u0151 akkumul\u00e1torral rendelkezik.<\/li>\n<li><strong>Gyorsan t\u00f6lt?<\/strong><br \/>\nIgen, a Type-C gyorst\u00f6lt\u00e9s minim\u00e1lis \u00e1ll\u00e1sid\u0151vel biztos\u00edtja a g\u0151z\u00f6l\u00e9st.<\/li>\n<li><strong>Milyen er\u0151ss\u00e9g\u0171 nikotin \u00e9rhet\u0151 el?<\/strong><br \/>\nV\u00e1lasszon a 2%-os \u00e9s az 5%-os nikotintartalm\u00fa lehet\u0151s\u00e9gek k\u00f6z\u00fcl.<\/li>\n<li><strong>Ki v\u00e1s\u00e1rolja meg ezt?<\/strong><br \/>\nT\u00f6k\u00e9letes <strong>nagy felhaszn\u00e1l\u00f3k, \u00edzkeres\u0151k, vape boltok \u00e9s nagykereskedelmi forgalmaz\u00f3k sz\u00e1m\u00e1ra<\/strong>.<\/li>\n<\/ul>\n","protected":false},"excerpt":{"rendered":"<p>Az <strong>MRVI WINNING 30000 Puffs<\/strong> \ud83d\ude80 egy nagy teljes\u00edtm\u00e9ny\u0171 eldobhat\u00f3 vape <strong>35 ml-es e-folyad\u00e9k kapacit\u00e1ssal<\/strong>, <strong>h\u00e1l\u00f3s tekercs technol\u00f3gi\u00e1val<\/strong> \u00e9s ak\u00e1r <strong>30 000 f\u00faj\u00e1ssal<\/strong>, t\u00f6k\u00e9letes a nagy ig\u00e9nyeket kiszolg\u00e1l\u00f3 v\u00e1s\u00e1rl\u00f3k, boltok \u00e9s felhaszn\u00e1l\u00f3k sz\u00e1m\u00e1ra<\/strong>.<\/p>\n","protected":false},"featured_media":1417,"comment_status":"open","ping_status":"closed","template":"","meta":[],"product_brand":[],"product_cat":[566,862,1013,1084,826,1261,1294,1225,1327,1471,1545,1406,1365,1509,1439,2176,1598,1674,1636,400,1708,1046,900],"product_tag":[],"class_list":{"0":"post-37129","1":"product","2":"type-product","3":"status-publish","4":"has-post-thumbnail","6":"product_cat-30000-puff-eldobhato-vape","7":"product_cat-big-puffs-vapes","8":"product_cat-digitalis-doboz-vapes","9":"product_cat-dual-mesh-vapes","10":"product_cat-eldobhato-vape-tipusok","11":"product_cat-eldobhato-vapes-ausztriaban","12":"product_cat-eldobhato-vapes-belgiumban","13":"product_cat-eldobhato-vapes-europaban","14":"product_cat-eldobhato-vapes-franciaorszagban","15":"product_cat-eldobhato-vapes-hollandiaban","16":"product_cat-eldobhato-vapes-lengyelorszagban","17":"product_cat-eldobhato-vapes-magyarorszagon","18":"product_cat-eldobhato-vapes-nemetorszagban","19":"product_cat-eldobhato-vapes-norvegiaban","20":"product_cat-eldobhato-vapes-olaszorszagban","21":"product_cat-eldobhato-vapes-portugaliaban","22":"product_cat-eldobhato-vapes-spanyolorszagban","23":"product_cat-eldobhato-vapes-svajcban","24":"product_cat-eldobhato-vapes-svedorszagban","25":"product_cat-kulonbozo-puffadasu-eldobhato-gozok","26":"product_cat-mrvi","27":"product_cat-smart-screen-vapes","28":"product_cat-ujratoltheto-vapes","30":"first","31":"instock","32":"shipping-taxable","33":"purchasable","34":"product-type-variable","35":"has-default-attributes"},"jetpack_sharing_enabled":true,"tiered_pricing_type":"fixed","tiered_pricing_fixed_rules":{"100":6.29000000000000003552713678800500929355621337890625,"200":5.67999999999999971578290569595992565155029296875,"400":5.37000000000000010658141036401502788066864013671875},"tiered_pricing_product_settings":{"layout":"default","base_unit_name":{"singular":null,"plural":null},"default_variation":null},"tiered_pricing_minimum_quantity":50,"tiered_pricing_roles_data":[],"tiered_pricing_percentage_rules":[],"tiered_pricing_maximum_quantity":null,"tiered_pricing_quantity_step":"10","_links":{"self":[{"href":"https:\/\/ricovape.com\/hu\/wp-json\/wp\/v2\/product\/37129","targetHints":{"allow":["GET"]}}],"collection":[{"href":"https:\/\/ricovape.com\/hu\/wp-json\/wp\/v2\/product"}],"about":[{"href":"https:\/\/ricovape.com\/hu\/wp-json\/wp\/v2\/types\/product"}],"replies":[{"embeddable":true,"href":"https:\/\/ricovape.com\/hu\/wp-json\/wp\/v2\/comments?post=37129"}],"wp:featuredmedia":[{"embeddable":true,"href":"https:\/\/ricovape.com\/hu\/wp-json\/wp\/v2\/media\/1417"}],"wp:attachment":[{"href":"https:\/\/ricovape.com\/hu\/wp-json\/wp\/v2\/media?parent=37129"}],"wp:term":[{"taxonomy":"product_brand","embeddable":true,"href":"https:\/\/ricovape.com\/hu\/wp-json\/wp\/v2\/product_brand?post=37129"},{"taxonomy":"product_cat","embeddable":true,"href":"https:\/\/ricovape.com\/hu\/wp-json\/wp\/v2\/product_cat?post=37129"},{"taxonomy":"product_tag","embeddable":true,"href":"https:\/\/ricovape.com\/hu\/wp-json\/wp\/v2\/product_tag?post=37129"}],"curies":[{"name":"wp","href":"https:\/\/api.w.org\/{rel}","templated":true}]}}