{"id":36354,"date":"2025-09-05T08:06:20","date_gmt":"2025-09-05T08:06:20","guid":{"rendered":"https:\/\/stage.jrfer.com\/product\/waspe-100k-4-az-1-ben-100-000-puff-quad-izu-omlesztett-eldobhato-vape\/"},"modified":"2026-04-07T12:06:38","modified_gmt":"2026-04-07T12:06:38","slug":"waspe-100k-4-in-1-100000-puffs-quad-flavor-bulk-disposable-vape","status":"publish","type":"product","link":"https:\/\/ricovape.com\/hu\/termek\/waspe-100k-4-in-1-100000-puffs-quad-flavor-bulk-disposable-vape\/","title":{"rendered":"WASPE 100K 4 az 1-ben 100 000 Puff | quad \u00edz\u0171 \u00f6mlesztett eldobhat\u00f3 vape"},"content":{"rendered":"<h2>Mi\u00e9rt v\u00e1lassza a WASPE 100K 4 az 1-ben?<\/h2>\n<ul>\n<li><strong>P\u00e1ratlan bef\u00faj\u00e1ssz\u00e1m:<\/strong> massz\u00edv <strong>100 000 f\u00faj\u00e1s<\/strong> az ultrahossz\u00fa haszn\u00e1lathoz \ud83d\udd25<\/li>\n<li><strong>N\u00e9gy az 1-ben \u00edzrendszer:<\/strong> Azonnal v\u00e1lthat <strong>4 \u00edz<\/strong> k\u00f6z\u00f6tt, eszk\u00f6z\u00f6k cser\u00e9je n\u00e9lk\u00fcl \ud83c\udf49\ud83c\udf53\ud83e\udd6d\ud83c\udf52<\/li>\n<li><strong>Quad Mesh Coil (1,0 \u03a9):<\/strong> Sima g\u0151z, mer\u00e9sz \u00edz \u00e9s egyenletes \u00fct\u00e9sek minden alkalommal \ud83d\udca8<\/li>\n<li><strong>\u00dajrat\u00f6lthet\u0151 650 mAh-s akkumul\u00e1tor:<\/strong> Megb\u00edzhat\u00f3 teljes\u00edtm\u00e9ny <strong>C t\u00edpus\u00fa gyorst\u00f6lt\u00e9ssel<\/strong> \u26a1<\/li>\n<li><strong>Hatalmas 56 ml-es E-Liquid:<\/strong> El\u0151re felt\u00f6ltve a hosszan tart\u00f3 \u00e9lvezet\u00e9rt \u2714\ufe0f<\/li>\n<li><strong>Nikotinbe\u00e1ll\u00edt\u00e1sok:<\/strong> V\u00e1lasszon a 0%, 2% vagy 5% k\u00f6z\u00fcl, hogy megfeleljen minden preferenci\u00e1nak \ud83d\udeac\u27a1\ufe0f\ud83d\udca8<\/li>\n<li><strong>Kompakt \u00e9s hordozhat\u00f3:<\/strong> Zsebbar\u00e1t m\u00e9ret <strong>142 g k\u00f6nny\u0171 fel\u00e9p\u00edt\u00e9ssel<\/strong> \ud83d\udcf1<\/li>\n<li><strong>Nagykereskedelmi k\u00e9szenl\u00e9t:<\/strong> Gyors elad\u00f3 kiskeresked\u0151k \u00e9s forgalmaz\u00f3k sz\u00e1m\u00e1ra, akik t\u00f6meges term\u00e9keket szeretn\u00e9nek rakt\u00e1ron v\u00e1s\u00e1rolni \ud83d\udce6<\/li>\n<\/ul>\n<h3>M\u0171szaki adatok<\/h3>\n<tbody>\n<tr>\n<td><strong>Puffok sz\u00e1ma:<\/strong><\/td>\n<td>Ak\u00e1r 100 000<\/td>\n<\/tr>\n<tr>\n<td><strong>\u00cdzek:<\/strong><\/td>\n<td>4 az 1-ben v\u00e1lthat\u00f3 \u00edzek<\/td>\n<\/tr>\n<tr>\n<td><strong>Tekercs:<\/strong><\/td>\n<td>1,0 \u03a9 n\u00e9gyh\u00e1l\u00f3s tekercs<\/td>\n<\/tr>\n<tr>\n<td><strong>E-folyad\u00e9k kapacit\u00e1sa:<\/strong><\/td>\n<td>56 ml<\/td>\n<\/tr>\n<tr>\n<td><strong>Akkumul\u00e1tor:<\/strong><\/td>\n<td>650 mAh \u00fajrat\u00f6lthet\u0151<\/td>\n<\/tr>\n<tr>\n<td><strong>T\u00f6lt\u00e9s:<\/strong><\/td>\n<td>C t\u00edpus\u00fa gyorst\u00f6lt\u00e9s<\/td>\n<\/tr>\n<tr>\n<td><strong>A nikotin er\u0151ss\u00e9gei:<\/strong><\/td>\n<td>0%, 2%, 5%<\/td>\n<\/tr>\n<tr>\n<td><strong>M\u00e9retek:<\/strong><\/td>\n<td>47 \u00d7 47 \u00d7 118 mm<\/td>\n<\/tr>\n<tr>\n<td><strong>S\u00faly:<\/strong><\/td>\n<td>142 g<\/td>\n<\/tr>\n<tr>\n<td><strong>Nagykereskedelmi csomagol\u00e1s:<\/strong><\/td>\n<td>T\u00f6meges rendel\u00e9s bar\u00e1ts\u00e1gos<\/td>\n<\/tr>\n<\/tbody>\n<\/table>\n<h3>\u00cdzv\u00e1laszt\u00e1s<\/h3>\n<p>A <strong>WASPE 100K 4 az 1-ben<\/strong> izgalmas <strong>n\u00e9gy \u00edz\u0171 rendszert<\/strong> k\u00edn\u00e1l, n\u00e9gy egyedi \u00edz\u00e9lm\u00e9nyt biztos\u00edtva egyetlen k\u00e9sz\u00fcl\u00e9kben \ud83c\udf08. A n\u00e9pszer\u0171 kever\u00e9kek k\u00f6z\u00e9 tartozik:<\/p>\n<ul>\n<li><strong>G\u00f6r\u00f6gdinnye j\u00e9g, epres kivi, m\u00e1lna g\u00f6r\u00f6gdinnye, citromos lime<\/strong> \u2013 friss\u00edt\u0151, gy\u00fcm\u00f6lcs\u00f6s komb\u00f3 \u00edzletes lecseng\u00e9ssel.<\/li>\n<li><strong>Eper g\u00f6r\u00f6gdinnye, MR.Blue, sz\u0151l\u0151j\u00e9g, sziv\u00e1rv\u00e1nycukor<\/strong> \u2013 \u00e9des, jeges \u00e9s cukorka ihlet\u00e9s\u0171 kever\u00e9k.<\/li>\n<li><strong>Red Bull Ice, Banana Ice, Anan\u00e1sz k\u00f3kusz j\u00e9g, Triple Mango Ice<\/strong> \u2013 tr\u00f3pusi \u00e9s energiz\u00e1l\u00f3 f\u00fazi\u00f3k.<\/li>\n<li><strong>Epres m\u00e1lna cseresznye, Crazy Cherry Ice, Blue Cherry Ice, Cola Ice<\/strong> \u2013 Gy\u00fcm\u00f6lcs\u00f6s pezsg\u00e9s cseresznyehanggal.<\/li>\n<li><strong>Eperban\u00e1n, eper Red Bull, epres mang\u00f3, r\u00f3zsasz\u00edn limon\u00e1d\u00e9<\/strong> \u2013 az eper szerelmeseinek paradicsoma.<\/li>\n<li><strong>\u00c1fonya j\u00e9g, fekete lovag, eperj\u00e9g, epres g\u00f6r\u00f6gdinnye<\/strong> \u2013 \u00e9des, mer\u00e9sz \u00e9s jeges gy\u00fcm\u00f6lcsr\u00e9tegek.<\/li>\n<li><strong>Cseresznye k\u00f3la, epres cseresznye j\u00e9g, epres k\u00f3la j\u00e9g, epres g\u00f6r\u00f6gdinnye r\u00e1g\u00f3gumi<\/strong> \u2013 Pezsg\u0151 \u00e9s \u00e9desk\u00e9s kever\u00e9kek.<\/li>\n<li><strong>L\u00e9d\u00fas \u0151szibarackj\u00e9g, tr\u00f3pusi gy\u00fcm\u00f6lcs, gy\u00fcm\u00f6lcsrobban\u00e1s, \u0151szibarackbogy\u00f3<\/strong> \u2013 l\u00e9d\u00fas \u00e9s egzotikus gy\u00fcm\u00f6lcs\u00f6s robban\u00e1s.<\/li>\n<li><strong>Sz\u0151l\u0151j\u00e9g, epres kivi, epres m\u00e1lnacseresznye, fekete lovag<\/strong> \u2013 mer\u00e9sz sz\u0151l\u0151- \u00e9s bogy\u00f3s kever\u00e9k.<\/li>\n<li><strong>Vegyes bogy\u00f3k, dupla almaj\u00e9g, \u00e1fony\u00e1s m\u00e1lna, \u00e1fonyam\u00e9z<\/strong> \u2013 \u00e9des, savany\u00fa \u00e9s m\u00e9zes sima.<\/li>\n<li><strong>Eper Red Bull, Strawberry G\u00f6r\u00f6gdinnye r\u00e1g\u00f3gumi, Red Bull Ice, Cherry Cola Ice<\/strong> \u2013 Energiaital csavar gy\u00fcm\u00f6lcs\u00f6s \u00e9dess\u00e9gekkel.<\/li>\n<li><strong>\u00c1fonya m\u00e1lna, \u00e1fony\u00e1s limon\u00e1d\u00e9, vegyes bogy\u00f3s gy\u00fcm\u00f6lcs\u00f6k, sz\u0151l\u0151m\u00e9zes j\u00e9g<\/strong> \u2013 bogy\u00f3s gy\u00fcm\u00f6lcs\u00f6k, friss\u00edt\u0151 limon\u00e1d\u00e9 bor\u00edt\u00e1ssal.<\/li>\n<\/ul>\n<h3>T\u00f6k\u00e9letes kis- \u00e9s nagykereskedelemnek<\/h3>\n<p>A <strong>WASPE 100K 4 az 1-ben<\/strong> a <strong>neh\u00e9z g\u0151z\u00f6s\u00f6k, \u00edzek szerelmesei, vape boltok \u00e9s forgalmaz\u00f3k sz\u00e1m\u00e1ra k\u00e9sz\u00fclt<\/strong>. A <strong>n\u00e9gy \u00edz\u0171 v\u00e1lt\u00e1s<\/strong>, a hatalmas <strong>100 000 puffad\u00e1s<\/strong> \u00e9s a <strong>nagykereskedelmi haszn\u00e1latra k\u00e9sz csomagol\u00e1s<\/strong> r\u00e9v\u00e9n \u00fagy tervezt\u00e9k, hogy az egy\u00e9ni felhaszn\u00e1l\u00f3k ig\u00e9nyeit kiel\u00e9g\u00edtse, mik\u00f6zben maximaliz\u00e1lja a viszontelad\u00e1si \u00e9rt\u00e9ket.<\/p>\n<h3>GYIK<\/h3>\n<ul>\n<li><strong>H\u00e1ny \u00edz van egy eszk\u00f6zben?<\/strong><br \/>\nMinden egys\u00e9g 4 v\u00e1lthat\u00f3 \u00edzt tartalmaz.<\/li>\n<li><strong>\u00dajrat\u00f6lthet\u0151?<\/strong><br \/>\nIgen, 650 mAh-s \u00fajrat\u00f6lthet\u0151 akkumul\u00e1torral rendelkezik, C t\u00edpus\u00fa t\u00f6lt\u00e9ssel.<\/li>\n<li><strong>H\u00e1ny bef\u00faj\u00e1s eszk\u00f6z\u00f6nk\u00e9nt?<\/strong><br \/>\nAk\u00e1r 100 000 f\u00faj\u00e1s a haszn\u00e1latt\u00f3l f\u00fcgg\u0151en.<\/li>\n<li><strong>Milyen er\u0151ss\u00e9g\u0171 nikotin \u00e9rhet\u0151 el?<\/strong><br \/>\n0%, 2% \u00e9s 5%, hogy minden preferenci\u00e1nak megfeleljen.<\/li>\n<li><strong>Nagykereskedelembar\u00e1t?<\/strong><br \/>\nIgen, t\u00f6k\u00e9letesen be van csomagolva \u00e9s \u00e1razva a forgalmaz\u00f3k \u00e9s a vape boltok sz\u00e1m\u00e1ra.<\/li>\n<li><strong>Ki vegye meg?<\/strong><br \/>\nNagyszer\u0171 azoknak a nagy felhaszn\u00e1l\u00f3knak, \u00edzkeres\u0151knek, kiskeresked\u0151knek \u00e9s nagykeresked\u0151knek, akik els\u0151 oszt\u00e1ly\u00fa eldobhat\u00f3 vape-ot keresnek.<\/li>\n<\/ul>\n","protected":false},"excerpt":{"rendered":"<p>A <strong>WASPE 100K 4 az 1-ben<\/strong> \ud83d\udca8 egy hatalmas kapacit\u00e1s\u00fa eldobhat\u00f3 vape, amely ak\u00e1r <strong>100 000 f\u00faj\u00e1st<\/strong> k\u00edn\u00e1l 4 \u00edzzel egy k\u00e9sz\u00fcl\u00e9kben. T\u00f6k\u00e9letes a vape \u00fczletek, forgalmaz\u00f3k \u00e9s neh\u00e9z vaperek sz\u00e1m\u00e1ra, akik a maxim\u00e1lis v\u00e1ltozatoss\u00e1got \u00e9s a hossz\u00fa \u00e9lettartamot keresik.<\/p>\n","protected":false},"featured_media":5636,"comment_status":"open","ping_status":"closed","template":"","meta":[],"product_brand":[],"product_cat":[391],"product_tag":[],"class_list":{"0":"post-36354","1":"product","2":"type-product","3":"status-publish","4":"has-post-thumbnail","6":"product_cat-waspe","8":"first","9":"instock","10":"shipping-taxable","11":"purchasable","12":"product-type-variable","13":"has-default-attributes"},"jetpack_sharing_enabled":true,"tiered_pricing_type":"fixed","tiered_pricing_fixed_rules":{"30":9.6300000000000007815970093361102044582366943359375,"50":7.9000000000000003552713678800500929355621337890625,"100":7.6500000000000003552713678800500929355621337890625,"200":6.9900000000000002131628207280300557613372802734375,"400":6.54000000000000003552713678800500929355621337890625},"tiered_pricing_product_settings":{"layout":"default","base_unit_name":{"singular":null,"plural":null},"default_variation":null},"tiered_pricing_minimum_quantity":10,"tiered_pricing_roles_data":[],"tiered_pricing_percentage_rules":[],"tiered_pricing_maximum_quantity":null,"tiered_pricing_quantity_step":"10","_links":{"self":[{"href":"https:\/\/ricovape.com\/hu\/wp-json\/wp\/v2\/product\/36354","targetHints":{"allow":["GET"]}}],"collection":[{"href":"https:\/\/ricovape.com\/hu\/wp-json\/wp\/v2\/product"}],"about":[{"href":"https:\/\/ricovape.com\/hu\/wp-json\/wp\/v2\/types\/product"}],"replies":[{"embeddable":true,"href":"https:\/\/ricovape.com\/hu\/wp-json\/wp\/v2\/comments?post=36354"}],"wp:featuredmedia":[{"embeddable":true,"href":"https:\/\/ricovape.com\/hu\/wp-json\/wp\/v2\/media\/5636"}],"wp:attachment":[{"href":"https:\/\/ricovape.com\/hu\/wp-json\/wp\/v2\/media?parent=36354"}],"wp:term":[{"taxonomy":"product_brand","embeddable":true,"href":"https:\/\/ricovape.com\/hu\/wp-json\/wp\/v2\/product_brand?post=36354"},{"taxonomy":"product_cat","embeddable":true,"href":"https:\/\/ricovape.com\/hu\/wp-json\/wp\/v2\/product_cat?post=36354"},{"taxonomy":"product_tag","embeddable":true,"href":"https:\/\/ricovape.com\/hu\/wp-json\/wp\/v2\/product_tag?post=36354"}],"curies":[{"name":"wp","href":"https:\/\/api.w.org\/{rel}","templated":true}]}}