{"id":35315,"date":"2025-09-11T12:58:16","date_gmt":"2025-09-11T12:58:16","guid":{"rendered":"https:\/\/stage.jrfer.com\/product\/bang-blaze-100k-6-az-1-ben-100-000-puff-vegso-tobb-izu-eldobhato-vape-nagykereskedelemben\/"},"modified":"2026-04-08T03:01:17","modified_gmt":"2026-04-08T03:01:17","slug":"bang-blaze-100k-6-in-1-100000-puffs-multi-flavor-bulk-disposable-vape","status":"publish","type":"product","link":"https:\/\/ricovape.com\/hu\/termek\/bang-blaze-100k-6-in-1-100000-puffs-multi-flavor-bulk-disposable-vape\/","title":{"rendered":"Bang Blaze 100K 6 az 1-ben 100 000 Puff | v\u00e9gs\u0151, t\u00f6bb \u00edz\u0171, eldobhat\u00f3 vape nagykereskedelemben"},"content":{"rendered":"<h2>Mi\u00e9rt v\u00e1lassza a Bang Blaze 100K-t?<\/h2>\n<ul>\n<li>\ud83d\udca8 <strong>\u0150r\u00fclt sz\u00edv\u00e1s:<\/strong> Ak\u00e1r 100 000 f\u00faj\u00e1s \u2013 az egyik leghosszabb ideig tart\u00f3 vape a piacon.<\/li>\n<li>\ud83c\udfaf <strong>6 az 1-ben \u00edzrendszer:<\/strong> V\u00e1ltson 6 \u00edzm\u00f3d k\u00f6z\u00f6tt (A, B, C, A+B, A+C, B+C) \u2013 \u00e9lvezze a korl\u00e1tlan kombin\u00e1ci\u00f3kat.<\/li>\n<li>\ud83d\udee2\ufe0f <strong>3 k\u00fcl\u00f6n\u00e1ll\u00f3 tart\u00e1ly:<\/strong> minden \u00edzt frissen tart, \u00e9s megakad\u00e1lyozza az \u00f6sszekevered\u00e9st, am\u00edg \u00f6ssze nem akarja keverni \u0151ket.<\/li>\n<li>\ud83c\udf00 <strong>Triple Mesh Coil:<\/strong> Sima felh\u0151k, er\u0151s \u00fct\u00e9sek \u00e9s tiszta \u00edz minden egyes puffan\u00e1sn\u00e1l.<\/li>\n<li>\ud83d\udd0b <strong>\u00dajrat\u00f6lthet\u0151 akkumul\u00e1tor:<\/strong> 850 mAh Type-C gyorst\u00f6lt\u00e9s a folyamatos g\u0151z\u00f6l\u00e9shez.<\/li>\n<li>\ud83d\udcca <strong>LED-k\u00e9perny\u0151:<\/strong> Val\u00f3s idej\u0171 akkumul\u00e1tor- \u00e9s puffad\u00e1ssz\u00e1ml\u00e1l\u00f3 kijelz\u0151, \u00edgy k\u00e9zben tarthatja az ir\u00e1ny\u00edt\u00e1st.<\/li>\n<li>\ud83d\udce6 <strong>Nagykereskedelmi k\u00e9szen \u00e1ll:<\/strong> 10 db\/csomag \u2013 ide\u00e1lis vape boltok \u00e9s forgalmaz\u00f3k sz\u00e1m\u00e1ra.<\/li>\n<\/ul>\n<h3>M\u0171szaki adatok<\/h3>\n<table border=\"1\" cellpadding=\"5\">\n<tbody>\n<tr>\n<td><strong>Term\u00e9kn\u00e9v<\/strong><\/td>\n<td>Bang Blaze 100K 6 az 1-ben<\/td>\n<\/tr>\n<tr>\n<td><strong>Puff Count<\/strong><\/td>\n<td>Ak\u00e1r 100 000 f\u00faj\u00e1s<\/td>\n<\/tr>\n<tr>\n<td><strong>Nikotin er\u0151ss\u00e9ge<\/strong><\/td>\n<td>2% \/ 3% \/ 5%<\/td>\n<\/tr>\n<tr>\n<td><strong>\u00cdzm\u00f3dok<\/strong><\/td>\n<td>A, B, C, A+B, A+C, B+C<\/td>\n<\/tr>\n<tr>\n<td><strong>Olajtart\u00e1ly<\/strong><\/td>\n<td>3 k\u00fcl\u00f6n\u00e1ll\u00f3 tart\u00e1ly<\/td>\n<\/tr>\n<tr>\n<td><strong>Tekercs<\/strong><\/td>\n<td>H\u00e1romh\u00e1l\u00f3s tekercs<\/td>\n<\/tr>\n<tr>\n<td><strong>Akkumul\u00e1tor<\/strong><\/td>\n<td>850 mAh \u00fajrat\u00f6lthet\u0151<\/td>\n<\/tr>\n<tr>\n<td><strong>LED-k\u00e9perny\u0151<\/strong><\/td>\n<td>Igen (akkumul\u00e1tor + puff kijelz\u0151)<\/td>\n<\/tr>\n<tr>\n<td><strong>T\u00f6lt\u0151port<\/strong><\/td>\n<td>C t\u00edpus\u00fa gyorst\u00f6lt\u00e9s<\/td>\n<\/tr>\n<tr>\n<td><strong>Csomagol\u00e1s<\/strong><\/td>\n<td>10 db\/csomag (nagykereskedelmi k\u00e9sz)<\/td>\n<\/tr>\n<\/tbody>\n<\/table>\n<h3>El\u00e9rhet\u0151 \u00edzek \ud83c\udf6d<\/h3>\n<p>V\u00e1lasszon a <strong>10 pr\u00e9mium \u00edzkombin\u00e1ci\u00f3<\/strong> k\u00f6z\u00fcl, amelyek minden \u00edzl\u00e9st kiel\u00e9g\u00edtenek:<\/p>\n<ul>\n<li>\ud83c\udf49\u2744\ufe0f G\u00f6r\u00f6gdinnye j\u00e9g \u00e9s eper mamba \u00e9s eper g\u00f6r\u00f6gdinnye<\/li>\n<li>\ud83c\udf4f\ud83c\udf47 Fuji j\u00e9g \u00e9s alm\u00e1s sz\u0151l\u0151 \u00e9s cseresznye gr\u00e1n\u00e1talma<\/li>\n<li>\ud83e\uded0\ud83c\udf6c \u00c1fonya j\u00e9g \u00e9s m\u00e1lna citrom \u00e9s g\u00f6r\u00f6gdinnye r\u00e1g\u00f3gumi<\/li>\n<li>\ud83e\uded0\ud83c\udf4a \u00c1fonya M\u00e1lna \u00e9s savany\u00fa anan\u00e1sz Narancs \u00e9s m\u00e1lna G\u00f6r\u00f6gdinnye<\/li>\n<li>\ud83c\udf47\ud83e\udd6d Sz\u0151l\u0151j\u00e9g \u00e9s mang\u00f3 \u0151szibarack \u00e9s \u00e1fony\u00e1s g\u00f6r\u00f6gdinnye<\/li>\n<li>\ud83c\udf53\ud83c\udf4b Eper j\u00e9g \u00e9s barack citrom \u00e9s kivi maracuja-Guj\u00e1vafa<\/li>\n<li>\ud83e\udd65\u26a1 Anan\u00e1szos k\u00f3kuszos \u00e9s \u00e1fony\u00e1s Red Bull \u00e9s g\u00f6r\u00f6gdinnye j\u00e9g<\/li>\n<li>\ud83c\udf53\ud83e\udd65 Epres kivi \u00e9s \u00e1fony\u00e1s k\u00f3kusz \u00e9s vegyes bogy\u00f3<\/li>\n<li>\ud83c\udf4b\ud83e\uded0 Citromos romantika \u00e9s \u00e1fony\u00e1s m\u00e1lna \u00e9s \u0151szibarack mentol<\/li>\n<li>\ud83c\udf51\ud83c\udf4f \u0150szibarack j\u00e9g \u00e9s feketeribizlis anan\u00e1sz j\u00e9g \u00e9s z\u00f6ld alm\u00e1s kiwi<\/li>\n<\/ul>\n<h3>T\u00f6k\u00e9letes a k\u00f6vetkez\u0151h\u00f6z:<\/h3>\n<p>A Bang Blaze 100K t\u00f6k\u00e9letes a neh\u00e9z g\u0151z\u00f6l\u0151kh\u00f6z, \u00edzel\u00edt\u0151kh\u00f6z \u00e9s azoknak, akik a legnagyobb v\u00e1ltozatoss\u00e1gra v\u00e1gynak egyetlen k\u00e9sz\u00fcl\u00e9kben. A Vape \u00fczletek \u00e9s nagykeresked\u0151k im\u00e1dni fogj\u00e1k <strong>t\u00f6meges csomagol\u00e1s\u00e1t, magas puffad\u00e1si sz\u00e1m\u00e1t \u00e9s sz\u00e9les \u00edzv\u00e1laszt\u00e9k\u00e1t<\/strong>, \u00edgy remek kieg\u00e9sz\u00edt\u0151je lehet minden \u00e1ruk\u00e9szletnek. \ud83c\udfea\ud83d\udce6<\/p>\n<h3>GYIK \ud83e\udd14<\/h3>\n<p><strong>K: Mennyi ideig b\u00edrja a Bang Blaze 100K?<\/strong><br \/>\nV: Ak\u00e1r 100 000 bef\u00faj\u00e1ssal hetekig vagy ak\u00e1r h\u00f3napokig is eltarthat a haszn\u00e1latt\u00f3l f\u00fcgg\u0151en.<\/p>\n<p><strong>K: Fel tudom t\u00f6lteni?<\/strong><br \/>\nV: Igen! 850 mAh-s \u00fajrat\u00f6lthet\u0151 akkumul\u00e1torral rendelkezik, Type-C gyorst\u00f6lt\u00e9ssel.<\/p>\n<p><strong>K: Hogyan v\u00e1lthatok \u00edzeket?<\/strong><br \/>\nV: Haszn\u00e1lja az \u00edzm\u00f3dv\u00e1laszt\u00f3t az A, B, C k\u00f6z\u00f6tti v\u00e1lt\u00e1shoz, vagy kombin\u00e1lja \u0151ket az A+B, A+C vagy B+C m\u00f3dokhoz.<\/p>\n<p><strong>K: J\u00f3 viszontelad\u00e1sra?<\/strong><br \/>\nV: Abszol\u00fat \u2013 10 db\/csomag nagykereskedelmi haszn\u00e1latra k\u00e9sz dobozban \u00e9rkezik, ide\u00e1lis vape boltok \u00e9s B2B v\u00e1s\u00e1rl\u00f3k sz\u00e1m\u00e1ra.<\/p>\n<p><strong>K: Vannak k\u00fcl\u00f6nb\u00f6z\u0151 nikotinszintek?<\/strong><br \/>\nV: Igen \u2013 \u00edzl\u00e9se szerint v\u00e1lasszon 2%, 3% vagy 5% nikotiner\u0151ss\u00e9g k\u00f6z\u00fcl.<\/p>\n<p>\ud83d\ude80 N\u00f6velje g\u0151z\u00f6l\u00e9si \u00e9lm\u00e9ny\u00e9t a <strong>Bang Blaze 100K<\/strong> seg\u00edts\u00e9g\u00e9vel \u2013 a <strong>t\u00f6k\u00e9letes, t\u00f6bb \u00edz\u0171, nagy kapacit\u00e1s\u00fa eldobhat\u00f3 g\u0151zzel<\/strong>, amelyet komoly felhaszn\u00e1l\u00f3k \u00e9s okos keresked\u0151k sz\u00e1m\u00e1ra fejlesztettek ki. Szerezd meg m\u00e9g ma, \u00e9s \u00e9lvezd az \u00edzek v\u00e1ltozatoss\u00e1g\u00e1t, mint m\u00e9g soha! \ud83d\udca8\ud83d\udd25<\/p>\n<p><img data-recalc-dims=\"1\" decoding=\"async\" style=\"max-width: 100%;height: auto;display: block;margin: 0 auto\" src=\"https:\/\/i0.wp.com\/aiviouvapes.com\/wp-content\/uploads\/2025\/09\/main-picture.png.webp?ssl=1\" alt=\"Bang Blaze 6 in 1 Vape\" title=\"\"><\/p>\n","protected":false},"excerpt":{"rendered":"<p>\ud83d\udd25 A t\u00f6k\u00e9letes <strong>100 000 puffad\u00e1sos eldobhat\u00f3 vape<\/strong> 6 az 1-ben \u00edzm\u00f3ddal \u2013 t\u00f6k\u00e9letes az \u00edzek kedvel\u0151inek, er\u0151s fogyaszt\u00f3knak \u00e9s nagykereskedelmi v\u00e1s\u00e1rl\u00f3knak! \ud83d\ude80<\/p>\n","protected":false},"featured_media":5847,"comment_status":"open","ping_status":"closed","template":"","meta":[],"product_brand":[],"product_cat":[346,1922],"product_tag":[],"class_list":{"0":"post-35315","1":"product","2":"type-product","3":"status-publish","4":"has-post-thumbnail","6":"product_cat-bang","7":"product_cat-uj","9":"first","10":"instock","11":"shipping-taxable","12":"purchasable","13":"product-type-variable","14":"has-default-attributes"},"jetpack_sharing_enabled":true,"tiered_pricing_type":"fixed","tiered_pricing_fixed_rules":{"30":9.3800000000000007815970093361102044582366943359375,"50":7.6500000000000003552713678800500929355621337890625,"100":7.410000000000000142108547152020037174224853515625,"200":6.79000000000000003552713678800500929355621337890625,"400":6.29999999999999982236431605997495353221893310546875},"tiered_pricing_product_settings":{"layout":"default","base_unit_name":{"singular":null,"plural":null},"default_variation":null},"tiered_pricing_minimum_quantity":10,"tiered_pricing_roles_data":[],"tiered_pricing_percentage_rules":[],"tiered_pricing_maximum_quantity":null,"tiered_pricing_quantity_step":"10","_links":{"self":[{"href":"https:\/\/ricovape.com\/hu\/wp-json\/wp\/v2\/product\/35315","targetHints":{"allow":["GET"]}}],"collection":[{"href":"https:\/\/ricovape.com\/hu\/wp-json\/wp\/v2\/product"}],"about":[{"href":"https:\/\/ricovape.com\/hu\/wp-json\/wp\/v2\/types\/product"}],"replies":[{"embeddable":true,"href":"https:\/\/ricovape.com\/hu\/wp-json\/wp\/v2\/comments?post=35315"}],"wp:featuredmedia":[{"embeddable":true,"href":"https:\/\/ricovape.com\/hu\/wp-json\/wp\/v2\/media\/5847"}],"wp:attachment":[{"href":"https:\/\/ricovape.com\/hu\/wp-json\/wp\/v2\/media?parent=35315"}],"wp:term":[{"taxonomy":"product_brand","embeddable":true,"href":"https:\/\/ricovape.com\/hu\/wp-json\/wp\/v2\/product_brand?post=35315"},{"taxonomy":"product_cat","embeddable":true,"href":"https:\/\/ricovape.com\/hu\/wp-json\/wp\/v2\/product_cat?post=35315"},{"taxonomy":"product_tag","embeddable":true,"href":"https:\/\/ricovape.com\/hu\/wp-json\/wp\/v2\/product_tag?post=35315"}],"curies":[{"name":"wp","href":"https:\/\/api.w.org\/{rel}","templated":true}]}}