{"id":34893,"date":"2026-03-12T04:24:29","date_gmt":"2026-03-12T04:24:29","guid":{"rendered":"https:\/\/stage.jrfer.com\/product\/poco-fr-80k-80000-puffs-4-az-1-ben-negyhalos-tekercs-ujratoltheto-eldobhato-vape\/"},"modified":"2026-04-07T11:00:40","modified_gmt":"2026-04-07T11:00:40","slug":"poco-fr-80k-80000-puffs-4-in-1-quad-mesh-coil-rechargeable-disposable-vape","status":"publish","type":"product","link":"https:\/\/ricovape.com\/hu\/termek\/poco-fr-80k-80000-puffs-4-in-1-quad-mesh-coil-rechargeable-disposable-vape\/","title":{"rendered":"POCO FR 80K | 80000 Puffs 4 az 1-ben n\u00e9gyh\u00e1l\u00f3s tekercs, \u00fajrat\u00f6lthet\u0151 eldobhat\u00f3 vape"},"content":{"rendered":"<h2>\ud83d\udd25 Mi\u00e9rt v\u00e1lassza a POCO FR 80000 Puffot?<\/h2>\n<ul>\n<li>\ud83d\udca8 <strong>T\u00f6meges, 80 000 bef\u00faj\u00e1s:<\/strong> Hossz\u00fa t\u00e1v\u00fa haszn\u00e1latra tervezt\u00e9k \u2013 ide\u00e1lis neh\u00e9z g\u0151z\u00f6l\u0151knek \u00e9s viszontelad\u00f3knak.<\/li>\n<li>\ud83c\udfa8 <strong>4 \u00edz 1 vape-ban:<\/strong> V\u00e1ltson k\u00f6nnyed\u00e9n n\u00e9gy pr\u00e9mium \u00edz k\u00f6z\u00f6tt a v\u00e9gtelen v\u00e1ltozatoss\u00e1g \u00e9rdek\u00e9ben.<\/li>\n<li>\u26a1 <strong>Quad Mesh Coil System:<\/strong> A 4x \u00edzfokoz\u00f3 h\u00e1l\u00f3s tekercsek sima g\u0151zt \u00e9s gazdag \u00edzt biztos\u00edtanak.<\/li>\n<li>\ud83d\udd0b <strong>650 mAh-s \u00fajrat\u00f6lthet\u0151 akkumul\u00e1tor:<\/strong> A Type-C gyorst\u00f6lt\u00e9s az utols\u00f3 sz\u00edv\u00e1sig egyenletes teljes\u00edtm\u00e9nyt biztos\u00edt.<\/li>\n<li>\ud83e\uddc3 <strong>60 ml-es E-folyad\u00e9k \u0171rtartalom:<\/strong> B\u0151s\u00e9ges folyad\u00e9kmennyis\u00e9g az ultrahossz\u00fa \u00e9lvezethez.<\/li>\n<li>\ud83d\udda5\ufe0f <strong>Kompakt \u00e9s strapab\u00edr\u00f3 kialak\u00edt\u00e1s:<\/strong> T\u00f6k\u00e9letesen illeszkedik a kezedbe, \u00e9s tart\u00f3s szerkezettel k\u00e9sz\u00fclt.<\/li>\n<li>\ud83c\udff7\ufe0f <strong>Nagykerbar\u00e1t:<\/strong> 10 db-os csomagol\u00e1s dobozonk\u00e9nt \u2013 ide\u00e1lis vape \u00fczletek \u00e9s forgalmaz\u00f3k sz\u00e1m\u00e1ra.<\/li>\n<\/ul>\n<p><img data-recalc-dims=\"1\" decoding=\"async\" style=\"max-width: 100%;height: auto;display: block;margin: 0 auto\" src=\"https:\/\/i0.wp.com\/aiviouvapes.com\/wp-content\/uploads\/2025\/11\/1111.jpg?ssl=1\" alt=\"POCO FR 80K\" title=\"\"><br \/>\n<img data-recalc-dims=\"1\" decoding=\"async\" style=\"max-width: 100%;height: auto;display: block;margin: 0 auto\" src=\"https:\/\/i0.wp.com\/aiviouvapes.com\/wp-content\/uploads\/2025\/11\/2222.jpg?ssl=1\" alt=\"POCO FR 80K\" title=\"\"><\/p>\n<p>\u00a0<\/p>\n<h2>\u2699\ufe0f M\u0171szaki adatok<\/h2>\n<tbody>\n<tr>\n<td><strong>Puff Count<\/strong><\/td>\n<td>80 000 f\u00faj\u00e1s<\/td>\n<\/tr>\n<tr>\n<td><strong>E-folyad\u00e9k kapacit\u00e1s<\/strong><\/td>\n<td>60 ml<\/td>\n<\/tr>\n<tr>\n<td><strong>Nikotin er\u0151ss\u00e9ge<\/strong><\/td>\n<td>5%<\/td>\n<\/tr>\n<tr>\n<td><strong>Akkumul\u00e1tor<\/strong><\/td>\n<td>650 mAh \u00fajrat\u00f6lthet\u0151<\/td>\n<\/tr>\n<tr>\n<td><strong>T\u00f6lt\u0151port<\/strong><\/td>\n<td>C t\u00edpus\u00fa<\/td>\n<\/tr>\n<tr>\n<td><strong>Tekercs t\u00edpusa<\/strong><\/td>\n<td>N\u00e9gy mesh tekercs (x4)<\/td>\n<\/tr>\n<tr>\n<td><strong>Eszk\u00f6z m\u00e9rete<\/strong><\/td>\n<td>100,5 \u00d7 42 \u00d7 44 mm<\/td>\n<\/tr>\n<tr>\n<td><strong>Csomagol\u00e1s<\/strong><\/td>\n<td>10 db kijelz\u0151 dobozonk\u00e9nt<\/td>\n<\/tr>\n<\/tbody>\n<\/table>\n<h2>\ud83c\udf53 \u00cdzgy\u0171jtem\u00e9ny<\/h2>\n<p>Tapasztalja meg a POCO FR <strong>4 az 1-ben \u00edzrendszer\u00e9t<\/strong> \u2013 a sima \u00e1tmenetek \u00e9s a kiegyens\u00falyozott \u00edz \u00e9rdek\u00e9ben. Mindegyik komb\u00f3 a gy\u00fcm\u00f6lcs\u00f6s, jeges \u00e9s \u00e9des t\u00f3nusok egyedi f\u00fazi\u00f3j\u00e1t k\u00edn\u00e1lja, hogy minden \u00edzl\u00e9st kiel\u00e9g\u00edtsen. \ud83d\ude0b\ud83d\udc47<\/p>\n<ul>\n<li><b>1.<\/b>Epres m\u00e1lna cseresznye \u2013 g\u00f6r\u00f6gdinnye licsi \u2013 \u00e1fony\u00e1s eper \u2013 ban\u00e1ntorta<\/li>\n<li><b>2.<\/b>Epres g\u00f6r\u00f6gdinnye \u2013 epres m\u00e1lna kiwi \u2013 anan\u00e1sz alma \u2013 cseresznye \u00e1fonya<\/li>\n<li><b>3.<\/b>\u00c1fonya eper \u2013 sz\u0151l\u0151 \u00e1fonya \u0151szibarack \u2013 energiaital \u2013 \u00e1fony\u00e1s g\u00f6r\u00f6gdinnye<\/li>\n<li><b>4.<\/b>\u00c1fonya m\u00e1lna limon\u00e1d\u00e9 \u2013 epres kivi \u2013 epres mang\u00f3 \u2013 vegyes bogy\u00f3<\/li>\n<li><b>5.<\/b>Epres cseresznye \u2013 m\u00e1lna g\u00f6r\u00f6gdinnye \u2013 \u00e1fony\u00e1s cseresznye k\u00f3la \u2013 mang\u00f3 anan\u00e1sz<\/li>\n<li><b>6.<\/b>Cseresznyebarack citrom \u2013 h\u0171v\u00f6s menta \u2013 g\u00f6r\u00f6gdinnye r\u00e1g\u00f3gumi \u2013 sz\u0151l\u0151j\u00e9g<\/li>\n<li><b>7.<\/b>Szeder \u00e1fonya \u2013 eper ban\u00e1n \u2013 \u00e1fony\u00e1s m\u00e1lna cseresznye \u2013 \u00e1fony\u00e1s kivi<\/li>\n<li><b>8.<\/b>G\u00f6r\u00f6gdinnye j\u00e9g \u2013 anan\u00e1szos k\u00f3kusz \u2013 \u0151szibarack mang\u00f3 g\u00f6r\u00f6gdinnye \u2013 cseresznyebarack citrom<\/li>\n<li><b>9.<\/b>Epersz\u0151l\u0151 \u2013 alm\u00e1s \u0151szibarack \u2013 epres g\u00f6r\u00f6gdinnye \u2013 fekete j\u00e9gs\u00e1rk\u00e1nygy\u00fcm\u00f6lcs eper<\/li>\n<li><b>10.<\/b>\u00c1fonya savany\u00fa m\u00e1lna \u2013 Kiwi anan\u00e1sz j\u00e9g \u2013 sz\u0151l\u0151cseresznye \u2013 Alo\u00e9 sz\u0151l\u0151<\/li>\n<li><strong>11.<\/strong>Eper m\u00e1lna \u2013 citromos lime \u2013 \u00e1fony\u00e1s fekete j\u00e9g \u2013 maracuja Kiwi guava<\/li>\n<li><strong>12.<\/strong>Berry Cherry Lime \u2013 Savany\u00fa Alma \u2013 \u0150szibarack \u00c1fonya Puha Cukorka \u2013 Eper K\u00f3la<\/li>\n<li><strong>13.<\/strong>Fekete j\u00e9g s\u00e1rk\u00e1nygy\u00fcm\u00f6lcs eper \u2013 g\u00f6r\u00f6gdinnye j\u00e9g \u2013 \u00e1fony\u00e1s j\u00e9g \u2013 barackj\u00e9g<\/li>\n<li><strong>14.<\/strong>Savany\u00fa alma \u2013 G\u00f6r\u00f6gdinnye M\u00e9sz \u2013 M\u00e1ln\u00e1s G\u00f6r\u00f6gdinnye Licsi \u2013 Eper k\u00f3la<\/li>\n<li><strong>15.<\/strong>Alo\u00e9 Sz\u0151l\u0151 \u2013 M\u00e1lna \u0151szibarack M\u00e9sz \u2013 \u0150szibarack Mang\u00f3 G\u00f6r\u00f6gdinnye \u2013 Coca K\u00f3la<\/li>\n<\/ul>\n<h2>\ud83d\udcac Gyakran Ism\u00e9telt K\u00e9rd\u00e9sek (GYIK)<\/h2>\n<p><strong>K:<\/strong> Mennyi ideig tart egy POCO FR 80000?<br \/>\n<strong>V:<\/strong> Ak\u00e1r 80 000 f\u00faj\u00e1ssal t\u00f6bb h\u00e9tig is eltarthat a g\u0151z\u00f6l\u00e9si szok\u00e1sait\u00f3l f\u00fcgg\u0151en.<\/p>\n<p><strong>K:<\/strong> Fel tudom t\u00f6lteni?<br \/>\n<strong>V:<\/strong> Igen! A 650 mAh-s akkumul\u00e1tor C t\u00edpus\u00fa \u00fajrat\u00f6lthet\u0151, \u00edgy hat\u00e9kony \u00fajrat\u00f6lt\u00e9st biztos\u00edt a hossz\u00fa t\u00e1v\u00fa haszn\u00e1lathoz.<\/p>\n<p><strong>K:<\/strong> T\u00f6bb \u00edzt is tartalmaz?<br \/>\n<strong>V:<\/strong> Term\u00e9szetesen \u2013 minden eszk\u00f6z n\u00e9gy k\u00fcl\u00f6nb\u00f6z\u0151 \u00edzt tartalmaz, amelyek k\u00f6z\u00f6tt b\u00e1rmikor v\u00e1lthat!<\/p>\n<p><strong>K:<\/strong> Kinek a legjobb ez az eszk\u00f6z?<br \/>\n<strong>V:<\/strong> T\u00f6k\u00e9letes a <strong>neh\u00e9z g\u0151z\u00f6k kedvel\u0151inek, az \u00edzek kedvel\u0151inek<\/strong> \u00e9s a <strong>nagykereskedelmi forgalmaz\u00f3knak<\/strong>, akik pr\u00e9mium teljes\u00edtm\u00e9nyre \u00e9s hosszan tart\u00f3 el\u00e9gedetts\u00e9gre v\u00e1gynak.<\/p>\n<h2>\ud83d\ude80 Ide\u00e1lis<\/h2>\n<p>A <strong>POCO FR 80K 4 az 1-ben eldobhat\u00f3 vape<\/strong> kiv\u00e1l\u00f3 v\u00e1laszt\u00e1s a <strong>kiskeresked\u0151k, vape boltok<\/strong> \u00e9s <strong>forgalmaz\u00f3k<\/strong> sz\u00e1m\u00e1ra, akik \u00e9rt\u00e9kelik az \u00edzek v\u00e1ltozatoss\u00e1g\u00e1t, a teljes\u00edtm\u00e9nyt \u00e9s a k\u00e9nyelmet. Ide\u00e1lis az <strong>eur\u00f3pai piacok<\/strong>nak \u00e9s mindenkinek, aki er\u0151teljes felh\u0151kre v\u00e1gyik minim\u00e1lis karbantart\u00e1s mellett. \ud83c\udf2c\ufe0f\ud83d\udc8e<\/p>\n","protected":false},"excerpt":{"rendered":"<p>Fedezze fel a <strong>POCO FR 80000 Puffs Eldobhat\u00f3 Vape-et<\/strong> \u2013 <strong>4 \u00edzzel egy eszk\u00f6zben<\/strong>, <strong>650 mAh Type-C \u00fajrat\u00f6lthet\u0151 akkumul\u00e1torral<\/strong> \u00e9s <strong>quad mesh tekercs<\/strong> technol\u00f3gi\u00e1val a t\u00f6k\u00e9letes, hosszan tart\u00f3 g\u0151z\u00f6l\u00e9s \u00e9lm\u00e9ny\u00e9\u00e9rt. T\u00f6k\u00e9letes kis- \u00e9s nagykereskedelmi piacokra Eur\u00f3pa szerte! \ud83c\udf0d\ud83d\udca8<\/p>\n","protected":false},"featured_media":6675,"comment_status":"open","ping_status":"closed","template":"","meta":[],"product_brand":[],"product_cat":[1545,1406,1365,1439,1598,1737],"product_tag":[],"class_list":{"0":"post-34893","1":"product","2":"type-product","3":"status-publish","4":"has-post-thumbnail","6":"product_cat-eldobhato-vapes-lengyelorszagban","7":"product_cat-eldobhato-vapes-magyarorszagon","8":"product_cat-eldobhato-vapes-nemetorszagban","9":"product_cat-eldobhato-vapes-olaszorszagban","10":"product_cat-eldobhato-vapes-spanyolorszagban","11":"product_cat-poco","13":"first","14":"instock","15":"shipping-taxable","16":"purchasable","17":"product-type-variable","18":"has-default-attributes"},"jetpack_sharing_enabled":true,"tiered_pricing_type":"fixed","tiered_pricing_fixed_rules":{"100":9.5,"200":8.9000000000000003552713678800500929355621337890625,"500":8.4000000000000003552713678800500929355621337890625},"tiered_pricing_product_settings":{"layout":"default","base_unit_name":{"singular":null,"plural":null},"default_variation":null},"tiered_pricing_minimum_quantity":50,"tiered_pricing_roles_data":[],"tiered_pricing_percentage_rules":[],"tiered_pricing_maximum_quantity":null,"tiered_pricing_quantity_step":"10","_links":{"self":[{"href":"https:\/\/ricovape.com\/hu\/wp-json\/wp\/v2\/product\/34893","targetHints":{"allow":["GET"]}}],"collection":[{"href":"https:\/\/ricovape.com\/hu\/wp-json\/wp\/v2\/product"}],"about":[{"href":"https:\/\/ricovape.com\/hu\/wp-json\/wp\/v2\/types\/product"}],"replies":[{"embeddable":true,"href":"https:\/\/ricovape.com\/hu\/wp-json\/wp\/v2\/comments?post=34893"}],"wp:featuredmedia":[{"embeddable":true,"href":"https:\/\/ricovape.com\/hu\/wp-json\/wp\/v2\/media\/6675"}],"wp:attachment":[{"href":"https:\/\/ricovape.com\/hu\/wp-json\/wp\/v2\/media?parent=34893"}],"wp:term":[{"taxonomy":"product_brand","embeddable":true,"href":"https:\/\/ricovape.com\/hu\/wp-json\/wp\/v2\/product_brand?post=34893"},{"taxonomy":"product_cat","embeddable":true,"href":"https:\/\/ricovape.com\/hu\/wp-json\/wp\/v2\/product_cat?post=34893"},{"taxonomy":"product_tag","embeddable":true,"href":"https:\/\/ricovape.com\/hu\/wp-json\/wp\/v2\/product_tag?post=34893"}],"curies":[{"name":"wp","href":"https:\/\/api.w.org\/{rel}","templated":true}]}}