{"id":33413,"date":"2025-09-11T12:58:16","date_gmt":"2025-09-11T12:58:16","guid":{"rendered":"https:\/\/stage.jrfer.com\/product\/bang-legend-120k-5-az-1-ben-120-000-puff-5-uzemmodu-omlesztett-eldobhato-vape-nagykereskedelemben\/"},"modified":"2026-04-07T12:00:37","modified_gmt":"2026-04-07T12:00:37","slug":"bang-legend-120k-5-in-1-120000-puffs-mega-disposable-vape-with-5-flavor-modes","status":"publish","type":"product","link":"https:\/\/ricovape.com\/hu\/termek\/bang-legend-120k-5-in-1-120000-puffs-mega-disposable-vape-with-5-flavor-modes\/","title":{"rendered":"Bang Legend 120K 5 az 1-ben 120 000 Puff | 5 \u00fczemm\u00f3d\u00fa \u00f6mlesztett eldobhat\u00f3 vape nagykereskedelemben"},"content":{"rendered":"<h2>Mi\u00e9rt v\u00e1lassza a Bang Legend 120K-t?<\/h2>\n<ul>\n<li>\ud83d\udca8 <strong>Hatalmas bef\u00faj\u00e1si kapacit\u00e1s<\/strong> \u2013 Ak\u00e1r 120 000 bef\u00faj\u00e1s a hetekig tart\u00f3 folyamatos g\u0151z\u00f6l\u00e9shez.<\/li>\n<li>\ud83c\udfaf <strong>5 f\u00fcggetlen \u00edz<\/strong> \u2013 minden tart\u00e1lynak saj\u00e1t h\u00e1l\u00f3tekercse van a tiszta, keveretlen \u00edz \u00e9rdek\u00e9ben.<\/li>\n<li>\ud83d\udd04 <strong>Egyszer\u0171 \u00edzv\u00e1lt\u00e1s<\/strong> \u2013 Forgassa el a sz\u00e1jr\u00e9szt, hogy azonnal v\u00e1ltson egy m\u00e1sik \u00edztart\u00e1lyra.<\/li>\n<li>\ud83d\udd0b <strong>\u00dajrat\u00f6lthet\u0151 teljes\u00edtm\u00e9ny<\/strong> \u2013 850 mAh-s akkumul\u00e1tor C-t\u00edpus\u00fa gyorst\u00f6lt\u00e9ssel a minim\u00e1lis \u00e1ll\u00e1sid\u0151 \u00e9rdek\u00e9ben.<\/li>\n<li>\ud83d\udcdf <strong>Intelligens LED-k\u00e9perny\u0151<\/strong> \u2013 Megjelen\u00edti az akkumul\u00e1tor t\u00f6lt\u00f6tts\u00e9gi szintj\u00e9t, a puffad\u00e1sok sz\u00e1m\u00e1t \u00e9s az aktu\u00e1lisan kiv\u00e1lasztott \u00edzt.<\/li>\n<li>\u2699\ufe0f <strong>Pr\u00e9mium diz\u00e1jn<\/strong> \u2013 \u00d6t h\u00e1l\u00f3s tekercs sima, \u00edzletes felh\u0151ket biztos\u00edt minden egyes sz\u00edv\u00e1sn\u00e1l.<\/li>\n<li>\ud83d\udce6 <strong>Nagykereskedelmi haszn\u00e1latra k\u00e9sz<\/strong> \u2013 10 db-os csomagol\u00e1s dobozonk\u00e9nt a forgalmaz\u00f3knak, a vape-boltoknak \u00e9s a t\u00f6meges v\u00e1s\u00e1rl\u00f3knak.<\/li>\n<li>\u2705 <strong>T\u00f6bb nikotin opci\u00f3<\/strong> \u2013 2%, 3% \u00e9s 5% nikotintartalm\u00fa v\u00e1ltozatban kaphat\u00f3.<\/li>\n<\/ul>\n<h3>M\u0171szaki adatok<\/h3>\n<table border=\"1\" cellpadding=\"6\">\n<tbody>\n<tr>\n<td><strong>Term\u00e9kn\u00e9v<\/strong><\/td>\n<td>Bang Legend 120K<\/td>\n<\/tr>\n<tr>\n<td><strong>Puff Count<\/strong><\/td>\n<td>Ak\u00e1r 120 000<\/td>\n<\/tr>\n<tr>\n<td><strong>Nikotin er\u0151ss\u00e9ge<\/strong><\/td>\n<td>2% \/ 3% \/ 5%<\/td>\n<\/tr>\n<tr>\n<td><strong>\u00cdzm\u00f3dok<\/strong><\/td>\n<td>5 f\u00fcggetlen \u00edz (v\u00e1lt\u00e1s a forgat\u00f3 sz\u00e1jr\u00e9sz seg\u00edts\u00e9g\u00e9vel)<\/td>\n<\/tr>\n<tr>\n<td><strong>Olajtart\u00e1ly<\/strong><\/td>\n<td>5 k\u00fcl\u00f6n\u00e1ll\u00f3 tart\u00e1ly<\/td>\n<\/tr>\n<tr>\n<td><strong>Tekercs<\/strong><\/td>\n<td>5 mesh tekercs<\/td>\n<\/tr>\n<tr>\n<td><strong>Akkumul\u00e1tor<\/strong><\/td>\n<td>850 mAh \u00fajrat\u00f6lthet\u0151<\/td>\n<\/tr>\n<tr>\n<td><strong>LED-k\u00e9perny\u0151<\/strong><\/td>\n<td>Igen \u2013 akkumul\u00e1tor, puffad\u00e1ssz\u00e1m, akt\u00edv \u00edzjelz\u0151<\/td>\n<\/tr>\n<tr>\n<td><strong>T\u00f6lt\u0151port<\/strong><\/td>\n<td>C t\u00edpus\u00fa gyorst\u00f6lt\u00e9s<\/td>\n<\/tr>\n<tr>\n<td><strong>Csomagol\u00e1s<\/strong><\/td>\n<td>10 db\/csomag (nagykereskedelmi k\u00e9sz)<\/td>\n<\/tr>\n<\/tbody>\n<\/table>\n<h3>El\u00e9rhet\u0151 \u00edzek \ud83c\udf53\ud83c\udf49<\/h3>\n<p>A sz\u00e1jr\u00e9sz minden egyes poz\u00edci\u00f3ja egyetlen, k\u00fcl\u00f6n\u00e1ll\u00f3 tart\u00e1lyt aktiv\u00e1l. \u00cdme n\u00e9h\u00e1ny el\u00e9rhet\u0151 pr\u00e9mium \u00edzkombin\u00e1ci\u00f3:<\/p>\n<ul>\n<li>Energiaital \u2022 \u00c1fonyacseresznye \u2022 Alma sz\u0151l\u0151 \u2022 G\u00f6r\u00f6gdinnye s\u00e1rk\u00e1nygy\u00fcm\u00f6lcs \u2022 Mamba<\/li>\n<li>Energiaital \u2022 Barackfagylalt \u2022 Mang\u00f3fagylalt \u2022 \u00c1fonya-sz\u0151l\u0151 \u2022 Feketeribizli<\/li>\n<li>\u00c1fonya m\u00e1lna \u2022 \u0150szibarack Mang\u00f3 G\u00f6r\u00f6gdinnye \u2022 Cseresznye k\u00f3la \u2022 Sz\u0151l\u0151 Szeder J\u00e9g \u2022 Mang\u00f3 Barack S\u00e1rgabarack<\/li>\n<li>\u00c1fonya m\u00e1lna \u2022 Fekete s\u00e1rk\u00e1ny j\u00e9g \u2022 Sziv\u00e1rv\u00e1nycukor \u2022 Fuji j\u00e9g \u2022 G\u00f6r\u00f6gdinnye, savany\u00fa barack<\/li>\n<li>\u00c1fonya j\u00e9g \u2022 Kiwi golgotagy\u00fcm\u00f6lcs Guava \u2022 Tripla dinnye \u2022 \u0150szibarack anan\u00e1sz \u2022 Szenved\u00e9lyes cs\u00f3k<\/li>\n<li>\u00c1fonya j\u00e9g \u2022 G\u00f6r\u00f6gdinnye r\u00e1g\u00f3gumi \u2022 Savany\u00fa alma m\u00e1lna \u2022 L\u00f3tuszgy\u00fcm\u00f6lcs mang\u00f3 dinnye \u2022 Maracuja Kiwi Lime<\/li>\n<li>G\u00f6r\u00f6gdinnye j\u00e9g \u2022 Vegyes bogy\u00f3k \u2022 Almak\u00f6rte \u2022 \u00c1fonya menta \u2022 Ny\u00e1ri id\u0151<\/li>\n<li>G\u00f6r\u00f6gdinnye j\u00e9g \u2022 Epermang\u00f3 \u2022 Kaliforniai cseresznye \u2022 \u00c1fonya \u0151szibarack j\u00e9g \u2022 Bogy\u00f3 Cool<\/li>\n<li>Epres g\u00f6r\u00f6gdinnye \u2022 Sz\u0151l\u0151j\u00e9g \u2022 V\u00f6r\u00f6s Mojito \u2022 Ban\u00e1nfagylalt \u2022 Citromos lime<\/li>\n<li>Epres g\u00f6r\u00f6gdinnye \u2022 s\u00e1rgadinnye alma \u2022 k\u00f3la j\u00e9g \u2022 mang\u00f3 \u0151szibarack \u2022 szerelem 66<\/li>\n<li>Eper Kiwi \u2022 Eper ban\u00e1n \u2022 Licsi j\u00e9g \u2022 G\u00f6r\u00f6gdinnyebogy\u00f3 \u2022 Maracuja Mang\u00f3<\/li>\n<li>Epres kivi \u2022 \u00c1fonya g\u00f6r\u00f6gdinnye \u2022 Medvekaramel \u2022 \u00c1fonya r\u00e1g\u00f3gumi \u2022 Savany\u00fa mang\u00f3 anan\u00e1sz<\/li>\n<\/ul>\n<h3>Hogyan m\u0171k\u00f6dik<\/h3>\n<ul>\n<li>\ud83d\udd04 <strong>\u00cdzek v\u00e1lt\u00e1sa:<\/strong> \u00daj tart\u00e1ly aktiv\u00e1l\u00e1s\u00e1hoz forgassa el a fels\u0151 f\u00fav\u00f3k\u00e1t, am\u00edg a hely\u00e9re nem kattan.<\/li>\n<li>\ud83d\udee2\ufe0f <strong>\u00cdzek sz\u00e9tv\u00e1laszt\u00e1sa:<\/strong> Mind az 5 tart\u00e1ly teljesen f\u00fcggetlen, saj\u00e1t tekercssel rendelkezik, \u00edgy nem keveredik \u00f6ssze az \u00edzek.<\/li>\n<li>\ud83d\udcdf <strong>K\u00f6vesse nyomon a Vape-et:<\/strong> A LED-k\u00e9perny\u0151 mutatja az akkumul\u00e1tor t\u00f6lt\u00f6tts\u00e9gi szintj\u00e9t, a puffad\u00e1sok sz\u00e1m\u00e1t \u00e9s az akt\u00edv tart\u00e1lyt.<\/li>\n<li>\ud83d\udd0c <strong>K\u00f6nny\u0171 \u00fajrat\u00f6lt\u00e9s:<\/strong> Haszn\u00e1lja a Type-C portot a gyors t\u00f6lt\u00e9shez \u00e9s a g\u0151z\u00f6l\u00e9shez.<\/li>\n<\/ul>\n<h3>T\u00f6k\u00e9letes a k\u00f6vetkez\u0151h\u00f6z:<\/h3>\n<p>A Bang Legend 120K a t\u00f6k\u00e9letes v\u00e1laszt\u00e1s a <strong>s\u00falyos felhaszn\u00e1l\u00f3k<\/strong> sz\u00e1m\u00e1ra, akik tart\u00f3s teljes\u00edtm\u00e9nyre v\u00e1gynak, az <strong>\u00edzkeres\u0151k<\/strong> sz\u00e1m\u00e1ra, akik szeretik a v\u00e1ltozatoss\u00e1got, \u00e9s a <strong>vape boltok vagy nagykeresked\u0151k<\/strong> sz\u00e1m\u00e1ra, akiknek megb\u00edzhat\u00f3, magas \u00e1rr\u00e9ssel rendelkez\u0151 term\u00e9kekre van sz\u00fcks\u00e9g\u00fck. \ud83c\udfea\ud83d\udce6<\/p>\n<h3>GYIK \ud83e\udd14<\/h3>\n<p><strong>K: Keverhetek \u00edzeket?<\/strong><br \/>\nV: Nem. A Bang Legend 120K 5 k\u00fcl\u00f6n\u00e1ll\u00f3 tart\u00e1llyal rendelkezik \u2013 az \u00edzek f\u00fcggetlenek maradnak. A sz\u00e1jr\u00e9sz forgat\u00e1s\u00e1val v\u00e1lthat \u00edzeket.<\/p>\n<p><strong>K: Hogyan v\u00e1lthatok az \u00edzek k\u00f6z\u00f6tt?<\/strong><br \/>\nV: Forgassa el a fels\u0151 f\u00fav\u00f3k\u00e1t, am\u00edg a hely\u00e9re nem kattan \u2013 a LED-k\u00e9perny\u0151 mutatja, melyik \u00edzes\u00edt\u0151tart\u00e1ly akt\u00edv.<\/p>\n<p><strong>K: \u00dajrat\u00f6lthet\u0151?<\/strong><br \/>\nV: Igen, 850 mAh-s \u00fajrat\u00f6lthet\u0151 akkumul\u00e1torral rendelkezik, C t\u00edpus\u00fa gyorst\u00f6lt\u00e9ssel.<\/p>\n<p><strong>K: Mennyi ideig tart a 120 000 bef\u00faj\u00e1s?<\/strong><br \/>\nV: Felhaszn\u00e1l\u00e1st\u00f3l f\u00fcgg. A m\u00e9rs\u00e9kelt felhaszn\u00e1l\u00f3k hetekig vagy h\u00f3napokig \u00e9lvezhetik. A puffad\u00e1ssz\u00e1ml\u00e1l\u00f3 seg\u00edt nyomon k\u00f6vetni.<\/p>\n<p><strong>K: Milyen er\u0151ss\u00e9g\u0171 nikotin kaphat\u00f3?<\/strong><br \/>\nV: V\u00e1lasszon a 2%, 3% vagy 5% k\u00f6z\u00fcl a piact\u00f3l vagy a szem\u00e9lyes preferenci\u00e1kt\u00f3l f\u00fcgg\u0151en.<\/p>\n<p><strong>K: Mi a nagykereskedelmi csomagol\u00e1s?<\/strong><br \/>\nV: Minden doboz 10 db-ot tartalmaz, t\u00f6k\u00e9letes a kiskereskedelmi bemutat\u00f3khoz \u00e9s a t\u00f6meges rendel\u00e9sekhez.<\/p>\n<p><strong>K: Hogyan t\u00e1roljam?<\/strong><br \/>\nV: A legjobb \u00edzmin\u0151s\u00e9g \u00e9rdek\u00e9ben tartsa h\u0171v\u00f6s, sz\u00e1raz helyen, t\u00e1vol a k\u00f6zvetlen napf\u00e9nyt\u0151l.<\/p>\n<h3>Rakt\u00e1rra k\u00e9sz<\/h3>\n<p>Vigye be \u00fczlet\u00e9be a <strong>Bang Legend 120K<\/strong>-t \u2013 egy hosszan tart\u00f3, \u00fajrat\u00f6lthet\u0151, forgathat\u00f3, t\u00f6bbsz\u00f6r\u00f6s \u00edzes\u00edt\u00e9s\u0171 eldobhat\u00f3 term\u00e9ket, amely a h\u00e9tk\u00f6znapi \u00e9s neh\u00e9z felhaszn\u00e1l\u00f3k ig\u00e9nyeit is kiel\u00e9g\u00edti. Rendeljen nagykereskedelmet m\u00e9g ma, \u00e9s \u00fcgyfelei visszat\u00e9rjenek! \ud83d\ude9a\ud83d\udcbc<\/p>\n","protected":false},"excerpt":{"rendered":"<p>\ud83d\udd25 <strong>Ak\u00e1r 120 000 f\u00faj\u00e1s<\/strong> 5 f\u00fcggetlen aromatart\u00e1llyal \u2013 egyszer\u0171en forgassa el a fels\u0151 sz\u00e1jr\u00e9szt az \u00edzek v\u00e1lt\u00e1s\u00e1hoz. Az \u00fajrat\u00f6lthet\u0151, LED-es k\u00e9perny\u0151 \u00e9s a nagykereskedelmi haszn\u00e1latra k\u00e9sz csomagol\u00e1s t\u00f6k\u00e9letess\u00e9 teszik a vape \u00fczletek \u00e9s a neh\u00e9z felhaszn\u00e1l\u00f3k sz\u00e1m\u00e1ra. \ud83d\ude80<\/p>\n","protected":false},"featured_media":5856,"comment_status":"open","ping_status":"closed","template":"","meta":[],"product_brand":[],"product_cat":[346,1922],"product_tag":[],"class_list":{"0":"post-33413","1":"product","2":"type-product","3":"status-publish","4":"has-post-thumbnail","6":"product_cat-bang","7":"product_cat-uj","9":"first","10":"instock","11":"shipping-taxable","12":"purchasable","13":"product-type-variable","14":"has-default-attributes"},"jetpack_sharing_enabled":true,"tiered_pricing_type":"fixed","tiered_pricing_fixed_rules":{"30":11.300000000000000710542735760100185871124267578125,"50":8.269999999999999573674358543939888477325439453125,"100":8.019999999999999573674358543939888477325439453125,"200":7.410000000000000142108547152020037174224853515625,"400":7.04000000000000003552713678800500929355621337890625},"tiered_pricing_product_settings":{"layout":"default","base_unit_name":{"singular":null,"plural":null},"default_variation":null},"tiered_pricing_minimum_quantity":10,"tiered_pricing_roles_data":[],"tiered_pricing_percentage_rules":[],"tiered_pricing_maximum_quantity":null,"tiered_pricing_quantity_step":"10","_links":{"self":[{"href":"https:\/\/ricovape.com\/hu\/wp-json\/wp\/v2\/product\/33413","targetHints":{"allow":["GET"]}}],"collection":[{"href":"https:\/\/ricovape.com\/hu\/wp-json\/wp\/v2\/product"}],"about":[{"href":"https:\/\/ricovape.com\/hu\/wp-json\/wp\/v2\/types\/product"}],"replies":[{"embeddable":true,"href":"https:\/\/ricovape.com\/hu\/wp-json\/wp\/v2\/comments?post=33413"}],"wp:featuredmedia":[{"embeddable":true,"href":"https:\/\/ricovape.com\/hu\/wp-json\/wp\/v2\/media\/5856"}],"wp:attachment":[{"href":"https:\/\/ricovape.com\/hu\/wp-json\/wp\/v2\/media?parent=33413"}],"wp:term":[{"taxonomy":"product_brand","embeddable":true,"href":"https:\/\/ricovape.com\/hu\/wp-json\/wp\/v2\/product_brand?post=33413"},{"taxonomy":"product_cat","embeddable":true,"href":"https:\/\/ricovape.com\/hu\/wp-json\/wp\/v2\/product_cat?post=33413"},{"taxonomy":"product_tag","embeddable":true,"href":"https:\/\/ricovape.com\/hu\/wp-json\/wp\/v2\/product_tag?post=33413"}],"curies":[{"name":"wp","href":"https:\/\/api.w.org\/{rel}","templated":true}]}}