{"id":31373,"date":"2025-07-07T09:21:41","date_gmt":"2025-07-07T09:21:41","guid":{"rendered":"https:\/\/stage.jrfer.com\/product\/okso-shisha-hookah-mega-50k-50-000-puff-tripla-mesh-tekercses-omlesztett-eldobhato-vape\/"},"modified":"2026-04-07T13:01:55","modified_gmt":"2026-04-07T13:01:55","slug":"okso-shisha-hookah-mega-50000","status":"publish","type":"product","link":"https:\/\/ricovape.com\/hu\/termek\/okso-shisha-hookah-mega-50000\/","title":{"rendered":"OKSO Shisha Hookah Mega 50K | 50 000 puff tripla mesh tekercses \u00f6mlesztett eldobhat\u00f3 vape"},"content":{"rendered":"<h2>Mi\u00e9rt v\u00e1lassza az OKSO Shisha Hookah Mega 50000 term\u00e9ket?<\/h2>\n<ul>\n<li><strong>Hatalmas bef\u00faj\u00e1si kapacit\u00e1s:<\/strong> Ak\u00e1r 50 000 bef\u00faj\u00e1s az ultrahossz\u00fa kezel\u00e9sekhez \ud83d\ude80<\/li>\n<li><strong>Triple Mesh Coil:<\/strong> S\u0171r\u0171 g\u0151z \u00e9s mer\u00e9sz \u00edzek minden felf\u00faj\u00e1sban \ud83c\udf2c\ufe0f<\/li>\n<li><strong>Hatalmas, 40 ml-es E-folyad\u00e9ktart\u00e1ly:<\/strong> El\u0151re felt\u00f6ltve a hetekig tart\u00f3 megszak\u00edt\u00e1s n\u00e9lk\u00fcli g\u0151z\u00f6l\u00e9s\u00e9rt \ud83d\udce6<\/li>\n<li><strong>Rugalmas nikotin opci\u00f3k:<\/strong> 0%, 2%, 3% \u00e9s 5% minden preferencia szerint \ud83d\udca7<\/li>\n<li><strong>\u00dajrat\u00f6lthet\u0151 1100 mAh-s akkumul\u00e1tor:<\/strong> C t\u00edpus\u00fa t\u00f6lt\u00e9s a gyors \u00e9s megb\u00edzhat\u00f3 energiaell\u00e1t\u00e1s \u00e9rdek\u00e9ben \ud83d\udd0b\u26a1<\/li>\n<li><strong>LED intelligens k\u00e9perny\u0151:<\/strong> K\u00f6vesse nyomon az akkumul\u00e1tor \u00e9s az e-folyad\u00e9k t\u00f6lt\u00f6tts\u00e9gi szintj\u00e9t val\u00f3s id\u0151ben \ud83d\udcca<\/li>\n<li><strong>\u00c1ll\u00edthat\u00f3 l\u00e9g\u00e1raml\u00e1s:<\/strong> Szabja testre h\u00faz\u00e1si ellen\u00e1ll\u00e1s\u00e1t a v\u00edzipip\u00e1hoz hasonl\u00f3 \u00e9lm\u00e9ny \u00e9rdek\u00e9ben \ud83c\udfaf<\/li>\n<li><strong>Pr\u00e9mium kialak\u00edt\u00e1s:<\/strong> Kompakt, 141 g-os test, k\u00e9nyelmesen hordozhat\u00f3 \u00e9s b\u00e1rhol haszn\u00e1lhat\u00f3 \ud83d\udc5c<\/li>\n<li><strong>Nagykereskedelmi haszn\u00e1latra k\u00e9sz:<\/strong> A t\u00f6meges csomagol\u00e1s t\u00f6k\u00e9letess\u00e9 teszi a forgalmaz\u00f3k \u00e9s kiskeresked\u0151k sz\u00e1m\u00e1ra \ud83c\udfea<\/li>\n<\/ul>\n<h3>M\u0171szaki adatok<\/h3>\n<tbody>\n<tr>\n<td><strong>Puff kapacit\u00e1s:<\/strong><\/td>\n<td>Ak\u00e1r 50 000 f\u00faj\u00e1s<\/td>\n<\/tr>\n<tr>\n<td><strong>E-folyad\u00e9k kapacit\u00e1s:<\/strong><\/td>\n<td>40 ml<\/td>\n<\/tr>\n<tr>\n<td><strong>Tekercs t\u00edpusa:<\/strong><\/td>\n<td>H\u00e1romh\u00e1l\u00f3s tekercs<\/td>\n<\/tr>\n<tr>\n<td><strong>Akkumul\u00e1tor:<\/strong><\/td>\n<td>1100 mAh \u00fajrat\u00f6lthet\u0151, C t\u00edpus\u00fa t\u00f6lt\u00e9s<\/td>\n<\/tr>\n<tr>\n<td><strong>Nikotin opci\u00f3k:<\/strong><\/td>\n<td>0%, 2%, 3%, 5%<\/td>\n<\/tr>\n<tr>\n<td><strong>Kijelz\u0151:<\/strong><\/td>\n<td>LED intelligens k\u00e9perny\u0151 (akkumul\u00e1tor \u00e9s e-liquid szint)<\/td>\n<\/tr>\n<tr>\n<td><strong>L\u00e9g\u00e1raml\u00e1s:<\/strong><\/td>\n<td>\u00c1ll\u00edthat\u00f3 h\u00faz\u00e1si ellen\u00e1ll\u00e1s<\/td>\n<\/tr>\n<tr>\n<td><strong>S\u00faly \u00e9s m\u00e9ret:<\/strong><\/td>\n<td>141 g | 43\u00d743\u00d7135 mm<\/td>\n<\/tr>\n<\/tbody>\n<\/table>\n<h3>\u00cdzv\u00e1laszt\u00e1s<\/h3>\n<p>Az <strong>OKSO Shisha Hookah Mega 50K<\/strong> v\u00edzipipa st\u00edlus\u00fa \u00edzeket hoz mer\u00e9sz, friss\u00edt\u0151 kever\u00e9kekben. \u00cdme a kiemel\u00e9sek:<\/p>\n<ul>\n<li><strong>Buja J\u00e9g:<\/strong> \u00c9des g\u00f6r\u00f6gdinnye jeges, h\u0171v\u00f6s csavarral \ud83c\udf49\u2744\ufe0f<\/li>\n<li><strong>K\u00e9t alma:<\/strong> Klasszikus dupla alm\u00e1s shisha \u00edz \ud83c\udf4f\ud83c\udf4e<\/li>\n<li><strong>Epres g\u00f6r\u00f6gdinnye r\u00e1g\u00f3gumi:<\/strong> Gy\u00fcm\u00f6lcs\u00f6s, l\u00e9d\u00fas \u00e9s \u00e9des, cukorka hangulattal \ud83c\udf53\ud83c\udf49\ud83c\udf6c<\/li>\n<li><strong>\u0150szibarack j\u00e9g:<\/strong> l\u00e9d\u00fas \u0151szibarack friss\u00edt\u0151 j\u00e9ggel egyens\u00falyozva \ud83c\udf51\u2744\ufe0f<\/li>\n<li><strong>\u00c1fonya m\u00e1lna cseresznye:<\/strong> Tripla bogy\u00f3s robban\u00e1s \ud83e\uded0\ud83c\udf47\ud83c\udf52<\/li>\n<li><strong>Szerelem 66:<\/strong> Egzotikus v\u00edzipip\u00e1val ihletett kever\u00e9k gy\u00fcm\u00f6lcs\u00f6s \u00fct\u00e9ssel \ud83d\udc95\ud83c\udf4d<\/li>\n<li><strong>Mang\u00f3j\u00e9g:<\/strong> Tr\u00f3pusi mang\u00f3 jeges fel\u00fclettel p\u00e1ros\u00edtva \ud83e\udd6d\u2744\ufe0f<\/li>\n<li><strong>Epres Kiwi:<\/strong> \u00c9des \u00e9s cs\u00edp\u0151s, friss\u00edt\u0151 p\u00e1ros \ud83c\udf53\ud83e\udd5d<\/li>\n<li><strong>H\u00f6lgy Killa:<\/strong> Mer\u00e9sz, tr\u00f3pusi f\u00fazi\u00f3 finom \u00e9dess\u00e9ggel \ud83c\udf34\ud83c\udf53<\/li>\n<li><strong>Sz\u0151l\u0151j\u00e9g:<\/strong> Klasszikus sz\u0151l\u0151\u00edz fagyos sz\u00e9llel \ud83c\udf47\u2744\ufe0f<\/li>\n<\/ul>\n<h3>T\u00f6k\u00e9letes Vaper-ek \u00e9s forgalmaz\u00f3k sz\u00e1m\u00e1ra<\/h3>\n<p>Az <strong>OKSO Shisha Hookah Mega 50K<\/strong> az <strong>er\u0151s felhaszn\u00e1l\u00f3knak, az \u00edzek szerelmeseinek \u00e9s a v\u00edzipipa rajong\u00f3knak<\/strong> k\u00e9sz\u00fclt. 50 000 felf\u00faj\u00e1ssal, h\u00e1rmas h\u00e1l\u00f3s tekercs\u00e9vel \u00e9s sz\u00e9les nikotinv\u00e1laszt\u00e9k\u00e1val t\u00f6k\u00e9letes v\u00e1laszt\u00e1s a nagy kereslet\u0171 term\u00e9kek k\u00e9szlet\u00e9t keres\u0151 vape boltok, forgalmaz\u00f3k \u00e9s nagykeresked\u0151k sz\u00e1m\u00e1ra. \ud83d\udce6\ud83d\udcaf<\/p>\n<h3>GYIK<\/h3>\n<ul>\n<li><strong>Meddig tart az OKSO 50K?<\/strong><br \/>\nAk\u00e1r 50 000 bef\u00faj\u00e1ssal \u00e9s 40 ml e-liquiddel a haszn\u00e1latt\u00f3l f\u00fcgg\u0151en hetekig is kitart.<\/li>\n<li><strong>Van-e nikotinmentes opci\u00f3?<\/strong><br \/>\nIgen, 0%, 2%, 3% \u00e9s 5% nikotinszinttel rendelkezik.<\/li>\n<li><strong>\u00dajrat\u00f6lthet\u0151?<\/strong><br \/>\nIgen, nagy teljes\u00edtm\u00e9ny\u0171, 1100 mAh-s \u00fajrat\u00f6lthet\u0151 akkumul\u00e1torral rendelkezik, C t\u00edpus\u00fa t\u00f6lt\u00e9ssel.<\/li>\n<li><strong>Miben k\u00fcl\u00f6nb\u00f6zik a t\u00f6bbi eldobhat\u00f3t\u00f3l?<\/strong><br \/>\nA h\u00e1rmas h\u00e1l\u00f3s tekercs, a l\u00e9g\u00e1raml\u00e1s-szab\u00e1lyoz\u00e1s, a LED-k\u00e9perny\u0151 \u00e9s a hatalmas puffad\u00e1ssz\u00e1m pr\u00e9mium opci\u00f3ss\u00e1 teszik.<\/li>\n<li><strong>Nagykereskedelemre alkalmas?<\/strong><br \/>\nAbszol\u00fat! T\u00f6megesen k\u00e9szen \u00e1ll, \u00e9s n\u00e9pszer\u0171 a shisha st\u00edlus\u00fa \u00edzek kedvel\u0151i k\u00f6r\u00e9ben, ide\u00e1lis a kiskereskedelmi polcok \u00e9s a forgalmaz\u00f3k sz\u00e1m\u00e1ra.<\/li>\n<\/ul>\n","protected":false},"excerpt":{"rendered":"<p>Az <strong>OKSO Shisha Hookah Mega 50000<\/strong> \ud83d\udca8 egy nagy teljes\u00edtm\u00e9ny\u0171 eldobhat\u00f3 vape hatalmas puffad\u00e1ssz\u00e1mmal, h\u00e1rmas h\u00e1l\u00f3s tekercs teljes\u00edtm\u00e9nnyel \u00e9s pr\u00e9mium v\u00edzipip\u00e1val ihletett \u00edzekkel. T\u00f6k\u00e9letes a neh\u00e9z g\u0151z\u00f6l\u0151knek, vape boltoknak \u00e9s nagybani v\u00e1s\u00e1rl\u00f3knak.<\/p>\n","protected":false},"featured_media":1612,"comment_status":"open","ping_status":"closed","template":"","meta":[],"product_brand":[],"product_cat":[617,1843],"product_tag":[],"class_list":{"0":"post-31373","1":"product","2":"type-product","3":"status-publish","4":"has-post-thumbnail","6":"product_cat-40000-puff-eldobhato-vape","7":"product_cat-okso","9":"first","10":"instock","11":"shipping-taxable","12":"purchasable","13":"product-type-variable","14":"has-default-attributes"},"jetpack_sharing_enabled":true,"tiered_pricing_type":"fixed","tiered_pricing_fixed_rules":{"30":9.5,"50":8.9000000000000003552713678800500929355621337890625,"100":7.9000000000000003552713678800500929355621337890625,"200":7.20000000000000017763568394002504646778106689453125},"tiered_pricing_product_settings":{"layout":"default","base_unit_name":{"singular":null,"plural":null},"default_variation":null},"tiered_pricing_minimum_quantity":10,"tiered_pricing_roles_data":[],"tiered_pricing_percentage_rules":[],"tiered_pricing_maximum_quantity":null,"tiered_pricing_quantity_step":"10","_links":{"self":[{"href":"https:\/\/ricovape.com\/hu\/wp-json\/wp\/v2\/product\/31373","targetHints":{"allow":["GET"]}}],"collection":[{"href":"https:\/\/ricovape.com\/hu\/wp-json\/wp\/v2\/product"}],"about":[{"href":"https:\/\/ricovape.com\/hu\/wp-json\/wp\/v2\/types\/product"}],"replies":[{"embeddable":true,"href":"https:\/\/ricovape.com\/hu\/wp-json\/wp\/v2\/comments?post=31373"}],"wp:featuredmedia":[{"embeddable":true,"href":"https:\/\/ricovape.com\/hu\/wp-json\/wp\/v2\/media\/1612"}],"wp:attachment":[{"href":"https:\/\/ricovape.com\/hu\/wp-json\/wp\/v2\/media?parent=31373"}],"wp:term":[{"taxonomy":"product_brand","embeddable":true,"href":"https:\/\/ricovape.com\/hu\/wp-json\/wp\/v2\/product_brand?post=31373"},{"taxonomy":"product_cat","embeddable":true,"href":"https:\/\/ricovape.com\/hu\/wp-json\/wp\/v2\/product_cat?post=31373"},{"taxonomy":"product_tag","embeddable":true,"href":"https:\/\/ricovape.com\/hu\/wp-json\/wp\/v2\/product_tag?post=31373"}],"curies":[{"name":"wp","href":"https:\/\/api.w.org\/{rel}","templated":true}]}}