{"id":30993,"date":"2026-03-12T04:24:30","date_gmt":"2026-03-12T04:24:30","guid":{"rendered":"https:\/\/stage.jrfer.com\/product\/uzy-tornado-20k-28ml-20000-puff-led-kijelzo-tartos-mega-tank-eldobhato-vape-nagyker\/"},"modified":"2026-04-07T10:50:41","modified_gmt":"2026-04-07T10:50:41","slug":"uzy-tornado-20k-28ml-20000-puffs-led-display-long-lasting-mega-tank-disposable-vape-wholesale","status":"publish","type":"product","link":"https:\/\/ricovape.com\/hu\/termek\/uzy-tornado-20k-28ml-20000-puffs-led-display-long-lasting-mega-tank-disposable-vape-wholesale\/","title":{"rendered":"UZY Tornado 20K | 28ml, 20000 puff, LED kijelz\u0151, tart\u00f3s, mega tank, eldobhat\u00f3 vape nagyker"},"content":{"rendered":"<p>Az <\/p>\n<p><strong>UZY Tornado 20000 felf\u00faj\u00e1s<\/strong> massz\u00edv \u00e9lettartamot, mer\u00e9sz \u00edzt \u00e9s pr\u00e9mium g\u0151z\u00f6l\u00e9si \u00e9lm\u00e9nyt biztos\u00edt egy karcs\u00fa, k\u00f6nnyen haszn\u00e1lhat\u00f3 kialak\u00edt\u00e1sban. Hatalmas, 28 ml-es e-liquid kapacit\u00e1s\u00e1val, 850 mAh-s \u00fajrat\u00f6lthet\u0151 akkumul\u00e1tor\u00e1val, valamint intelligens LED-k\u00e9perny\u0151j\u00e9vel, amely mutatja az akkumul\u00e1tor \u00e9s az e-juice t\u00f6lt\u00f6tts\u00e9gi szintj\u00e9t, mind a mindennapi felhaszn\u00e1l\u00f3knak, mind a neh\u00e9z g\u0151z\u00f6s\u00f6k sz\u00e1m\u00e1ra k\u00e9sz\u00fclt, akik gond n\u00e9lk\u00fcl szeretn\u00e9nek megb\u00edzhat\u00f3s\u00e1got ny\u00fajtani. \ud83d\udcaf<\/p>\n<h2>Mi\u00e9rt v\u00e1lassza az UZY Tornado 20K-t? \ud83c\udf2a\ufe0f<\/h2>\n<ul>\n<li>\ud83d\udd25 <strong>Ak\u00e1r 20 000 f\u00faj\u00e1s<\/strong> \u2013 hosszan tart\u00f3 teljes\u00edtm\u00e9ny hosszabb haszn\u00e1lathoz.<\/li>\n<li>\ud83d\udca7 <strong>Nagy, 28 ml-es e-liquid-kapacit\u00e1s<\/strong> a kevesebb csere\u00e9rt \u00e9s t\u00f6bb \u00e9rt\u00e9k\u00e9rt.<\/li>\n<li>\u26a1 <strong>850 mAh \u00fajrat\u00f6lthet\u0151 akkumul\u00e1tor<\/strong> gyors Type-C t\u00f6lt\u00e9ssel.<\/li>\n<li>\ud83d\udcfa <strong>Intelligens LED-kijelz\u0151<\/strong>, amely az akkumul\u00e1tor t\u00f6lt\u00f6tts\u00e9gi szintj\u00e9t \u00e9s a marad\u00e9k e-juice t\u00f6lt\u00f6tts\u00e9gi szintj\u00e9t mutatja.<\/li>\n<li>\ud83c\udf6d <strong>12 pr\u00e9mium \u00edz<\/strong> a tiszta, kiel\u00e9g\u00edt\u0151 \u00edz \u00e9rdek\u00e9ben.<\/li>\n<li>\ud83d\udc4c Kezd\u0151bar\u00e1t \u00e9s t\u00f6k\u00e9letes a gondtalan napi g\u0151z\u00f6l\u00e9shez.<\/li>\n<li>\ud83d\udce6 A nagy kereslet miatt kiv\u00e1l\u00f3 <strong>nagykeresked\u0151k, forgalmaz\u00f3k \u00e9s vape \u00fczletek<\/strong> sz\u00e1m\u00e1ra.<\/li>\n<\/ul>\n<h3>Az UZY Tornado 20K m\u0171szaki adatai<\/h3>\n<tbody>\n<tr>\n<td>Puff Count<\/td>\n<td>Ak\u00e1r 20 000 f\u00faj\u00e1s<\/td>\n<\/tr>\n<tr>\n<td>E-folyad\u00e9k kapacit\u00e1s<\/td>\n<td>28 ml el\u0151ret\u00f6lt\u00f6tt<\/td>\n<\/tr>\n<tr>\n<td>Nikotinszint<\/td>\n<td>0% \/ 2% \/ 3% \/ 5%<\/td>\n<\/tr>\n<tr>\n<td>Akkumul\u00e1torkapacit\u00e1s<\/td>\n<td>850 mAh \u00fajrat\u00f6lthet\u0151<\/td>\n<\/tr>\n<tr>\n<td>T\u00f6lt\u00e9s<\/td>\n<td>C t\u00edpus\u00fa gyorst\u00f6lt\u00e9s<\/td>\n<\/tr>\n<tr>\n<td>Tekercs t\u00edpusa<\/td>\n<td>Advanced Mesh Coil<\/td>\n<\/tr>\n<tr>\n<td>Eszk\u00f6z t\u00edpusa<\/td>\n<td>Eldobhat\u00f3 vape<\/td>\n<\/tr>\n<tr>\n<td>El\u00e9rhet\u0151 \u00edzek<\/td>\n<td>12 \u00edz<\/td>\n<\/tr>\n<\/tbody>\n<\/table>\n<h3>El\u00e9rhet\u0151 \u00edzek \ud83c\udf52\ud83e\uddca<\/h3>\n<ul>\n<li><strong>Epres g\u00f6r\u00f6gdinnye<\/strong> \u2013 \u00e9des, l\u00e9d\u00fas, t\u00f6k\u00e9letes egyens\u00faly.<\/li>\n<li><strong>\u00c1fonya a j\u00e9gen<\/strong> \u2013 h\u0171t\u00f6tt bogy\u00f3s frissess\u00e9g.<\/li>\n<li><strong>\u0150szibarack mang\u00f3 anan\u00e1sz<\/strong> \u2013 tr\u00f3pusi tri\u00f3 robban\u00e1sa.<\/li>\n<li><strong>Sz\u0151l\u0151j\u00e9g<\/strong> \u2013 jeges, mer\u00e9sz sz\u0151l\u0151\u00edz.<\/li>\n<li><strong>G\u00f6r\u00f6gdinnye j\u00e9g<\/strong> \u2013 friss\u00edt\u0151 ny\u00e1ri hangulat.<\/li>\n<li><strong>Barack j\u00e9g<\/strong> \u2013 sima \u0151szibarack fagyos csavarral.<\/li>\n<li><strong>Epres kiwi<\/strong> \u2013 \u00e9des-fanyar gy\u00fcm\u00f6lcs\u00f6s kombin\u00e1ci\u00f3.<\/li>\n<li><strong>\u00c1fonya M\u00e1lna<\/strong> \u2013 klasszikus bogy\u00f3kever\u00e9k.<\/li>\n<li><strong>Kiwi passi\u00f3gy\u00fcm\u00f6lcs<\/strong> \u2013 egzotikus \u00e9s \u00e9l\u00e9nk.<\/li>\n<li><strong>\u00daR K\u00e9k<\/strong> \u2013 titokzatos vegyes bogy\u00f3s \u00edz.<\/li>\n<li><strong>H\u00e1rmas Mang\u00f3 J\u00e9g<\/strong> \u2013 r\u00e9teges mang\u00f3 j\u00e9ggel.<\/li>\n<li><strong>Red Energia J\u00e9g<\/strong> \u2013 energikus ital st\u00edlus\u00fa \u00edz.<\/li>\n<\/ul>\n<h3>T\u00f6k\u00e9letes a k\u00f6vetkez\u0151h\u00f6z: \ud83d\udca8<\/h3>\n<p>Ez az eszk\u00f6z ide\u00e1lis <strong>neh\u00e9z g\u0151z\u00f6l\u0151knek, \u00edzkeres\u0151knek, vape-boltoknak, online \u00e1rus\u00edt\u00f3knak \u00e9s nagykereskedelmi forgalmaz\u00f3knak<\/strong>, akik olyan tart\u00f3s, funkci\u00f3kkal teli vape-t k\u00edn\u00e1lnak, amelyet a v\u00e1s\u00e1rl\u00f3k szeretnek.<\/p>\n<p>\u00d6sszess\u00e9g\u00e9ben elmondhat\u00f3, hogy az<strong> UZY Tornado 20000 Puffs LED Display Edition<\/strong> egy nagy teljes\u00edtm\u00e9ny\u0171 eldobhat\u00f3, amelyet a maxim\u00e1lis \u00e9rt\u00e9k, gazdag \u00edz \u00e9s k\u00e9nyelem \u00e9rdek\u00e9ben terveztek. Legyen sz\u00f3 nagy felhaszn\u00e1l\u00f3r\u00f3l, \u00edzkutat\u00f3r\u00f3l vagy bolttulajdonosr\u00f3l, aki pr\u00e9mium, nagy kereslet\u0171 term\u00e9ket keres, a Tornado 20K a t\u00f6k\u00e9letes v\u00e1laszt\u00e1s. \ud83c\udf2a\ufe0f\ud83d\udd25<\/p>\n<p><strong>Tapasztalja meg a hosszan tart\u00f3 teljes\u00edtm\u00e9nyt \u2013 v\u00e1lassza az UZY Tornado-t m\u00e9g ma.<\/strong><\/p>\n<h3>GYIK \u2753<\/h3>\n<p><strong>K: Mennyi ideig b\u00edrja az UZY Tornado 20K?<\/strong><br \/>\nHaszn\u00e1latt\u00f3l f\u00fcgg\u0151en 20 000 puffad\u00e1sos kapacit\u00e1s\u00e1nak k\u00f6sz\u00f6nhet\u0151en t\u00f6bb napig is kib\u00edrja.<\/p>\n<p><strong>K: Az eszk\u00f6z \u00fajrat\u00f6lthet\u0151?<\/strong><br \/>\nIgen! Gyors Type-C t\u00f6lt\u00e9st haszn\u00e1l.<\/p>\n<p><strong>K: Mutatja az akkumul\u00e1tor \u00e9s az e-liquid t\u00f6lt\u00f6tts\u00e9gi szintj\u00e9t?<\/strong><br \/>\nIgen, a LED-k\u00e9perny\u0151 mindkett\u0151t val\u00f3s id\u0151ben mutatja.<\/p>\n<p><strong>K: Alkalmas kezd\u0151knek?<\/strong><br \/>\nEgy\u00e1ltal\u00e1n \u2013 csak l\u00e9legezzen be az aktiv\u00e1l\u00e1shoz, nincs sz\u00fcks\u00e9g be\u00e1ll\u00edt\u00e1sra.<\/p>\n<p><strong>K: Alkalmas nagykereskedelmi rendel\u00e9sekhez?<\/strong><br \/>\nIgen, a Tornado 20K nagyon n\u00e9pszer\u0171 a vape boltok \u00e9s a nagy mennyis\u00e9gben v\u00e1s\u00e1rl\u00f3k k\u00f6r\u00e9ben a hossz\u00fa \u00e9lettartama \u00e9s a pr\u00e9mium szolg\u00e1ltat\u00e1sai miatt.<\/p>\n","protected":false},"excerpt":{"rendered":"<p> \u00c9lvezze az UZY Tornado 20K-t hatalmas, 28 ml-es e-folyad\u00e9kkapacit\u00e1ssal, 850 mAh-s \u00fajrat\u00f6lthet\u0151 akkumul\u00e1torral \u00e9s intelligens LED-k\u00e9perny\u0151vel, amely val\u00f3s idej\u0171 akkumul\u00e1tor- \u00e9s e-juice-szintet mutat a teljes k\u00e9nyelem \u00e9rdek\u00e9ben. \u26a1\ud83d\udca8<\/p>\n","protected":false},"featured_media":6700,"comment_status":"open","ping_status":"closed","template":"","meta":[],"product_brand":[],"product_cat":[511,1545,1406,1365,1439,1598,1886],"product_tag":[1761,1817,1788,1735,1844],"class_list":{"0":"post-30993","1":"product","2":"type-product","3":"status-publish","4":"has-post-thumbnail","6":"product_cat-20000-puff-eldobhato-vape","7":"product_cat-eldobhato-vapes-lengyelorszagban","8":"product_cat-eldobhato-vapes-magyarorszagon","9":"product_cat-eldobhato-vapes-nemetorszagban","10":"product_cat-eldobhato-vapes-olaszorszagban","11":"product_cat-eldobhato-vapes-spanyolorszagban","12":"product_cat-uzy","13":"product_tag-20k-eldobhato-vape","14":"product_tag-hosszan-tarto-vape-28ml","15":"product_tag-led-kijelzos-vape-toll","16":"product_tag-nagykereskedelmi-eldobhato-vape","17":"product_tag-uzy-tornado-20000-fujas","19":"first","20":"instock","21":"shipping-taxable","22":"purchasable","23":"product-type-variable","24":"has-default-attributes"},"jetpack_sharing_enabled":true,"tiered_pricing_type":"fixed","tiered_pricing_fixed_rules":{"30":7.28000000000000024868995751603506505489349365234375,"50":5.92999999999999971578290569595992565155029296875,"100":5.45999999999999996447286321199499070644378662109375,"200":5.160000000000000142108547152020037174224853515625,"400":4.13999999999999968025576890795491635799407958984375},"tiered_pricing_product_settings":{"layout":"default","base_unit_name":{"singular":null,"plural":null},"default_variation":null},"tiered_pricing_minimum_quantity":10,"tiered_pricing_roles_data":[],"tiered_pricing_percentage_rules":[],"tiered_pricing_maximum_quantity":null,"tiered_pricing_quantity_step":"10","_links":{"self":[{"href":"https:\/\/ricovape.com\/hu\/wp-json\/wp\/v2\/product\/30993","targetHints":{"allow":["GET"]}}],"collection":[{"href":"https:\/\/ricovape.com\/hu\/wp-json\/wp\/v2\/product"}],"about":[{"href":"https:\/\/ricovape.com\/hu\/wp-json\/wp\/v2\/types\/product"}],"replies":[{"embeddable":true,"href":"https:\/\/ricovape.com\/hu\/wp-json\/wp\/v2\/comments?post=30993"}],"wp:featuredmedia":[{"embeddable":true,"href":"https:\/\/ricovape.com\/hu\/wp-json\/wp\/v2\/media\/6700"}],"wp:attachment":[{"href":"https:\/\/ricovape.com\/hu\/wp-json\/wp\/v2\/media?parent=30993"}],"wp:term":[{"taxonomy":"product_brand","embeddable":true,"href":"https:\/\/ricovape.com\/hu\/wp-json\/wp\/v2\/product_brand?post=30993"},{"taxonomy":"product_cat","embeddable":true,"href":"https:\/\/ricovape.com\/hu\/wp-json\/wp\/v2\/product_cat?post=30993"},{"taxonomy":"product_tag","embeddable":true,"href":"https:\/\/ricovape.com\/hu\/wp-json\/wp\/v2\/product_tag?post=30993"}],"curies":[{"name":"wp","href":"https:\/\/api.w.org\/{rel}","templated":true}]}}