{"id":30941,"date":"2025-09-11T12:58:17","date_gmt":"2025-09-11T12:58:17","guid":{"rendered":"https:\/\/stage.jrfer.com\/product\/bang-king-ice-cool-60k-60000-puffs-allithato-hutesu-omlesztett-eldobhato-vape\/"},"modified":"2026-04-07T11:56:37","modified_gmt":"2026-04-07T11:56:37","slug":"bang-king-ice-cool-60k-60000-puffs-5-level-adjustable-coolness-bulk-disposable-vape","status":"publish","type":"product","link":"https:\/\/ricovape.com\/hu\/termek\/bang-king-ice-cool-60k-60000-puffs-5-level-adjustable-coolness-bulk-disposable-vape\/","title":{"rendered":"BANG KING ICE COOL 60K 60000 Puffs | \u00e1ll\u00edthat\u00f3 h\u0171t\u00e9s\u0171 \u00f6mlesztett eldobhat\u00f3 vape"},"content":{"rendered":"<h2>Mi\u00e9rt v\u00e1lassza a Bang King Ice Cool 60K-t?<\/h2>\n<ul>\n<li>\ud83d\udd25 <strong>Ak\u00e1r 60 000 f\u00faj\u00e1s<\/strong> \u2013 sokkal tart\u00f3sabb, mint a hagyom\u00e1nyos eldobhat\u00f3ak<\/li>\n<li>\u2744\ufe0f <strong>5 \u00e1ll\u00edthat\u00f3 h\u0171t\u00e9si fokozat<\/strong> \u2013 tedd szem\u00e9lyre a g\u0151z\u00f6l\u00e9s \u00e9lm\u00e9ny\u00e9t<\/li>\n<li>\ud83d\udd0b <strong>850 mAh \u00fajrat\u00f6lthet\u0151 akkumul\u00e1tor<\/strong> Type-C gyorst\u00f6lt\u00e9ssel<\/li>\n<li>\ud83d\udca7 <strong>25 ml el\u0151ret\u00f6lt\u00f6tt e-liquid<\/strong> \u2013 hossz\u00fa kezel\u00e9sek ut\u00e1nt\u00f6lt\u00e9s n\u00e9lk\u00fcl<\/li>\n<li>\ud83c\udf00 <strong>Mesh 1,0\u03a9 tekercs<\/strong> \u2013 sima g\u0151zt \u00e9s mer\u00e9sz \u00edzt biztos\u00edt<\/li>\n<li>\ud83d\udcfa <strong>LED k\u00e9perny\u0151<\/strong> \u2013 val\u00f3s id\u0151ben mutatja az akkumul\u00e1tor \u00e9s az e-liquid t\u00f6lt\u00f6tts\u00e9gi szintj\u00e9t<\/li>\n<li>\ud83c\udf1f <strong>Nikotin er\u0151ss\u00e9gei<\/strong>: 2%, 3%, 5% \u2013 az enyh\u00e9t\u0151l az er\u0151s el\u00e9gedetts\u00e9gig<\/li>\n<li>\ud83d\udce6 <strong>10 db csomagonk\u00e9nt<\/strong> \u2013 nagykereskedelmi k\u00e9szen \u00e1ll a forgalmaz\u00f3k \u00e9s a kiskereskedelmi \u00fczletek sz\u00e1m\u00e1ra<\/li>\n<\/ul>\n<h3>M\u0171szaki adatok<\/h3>\n<table border=\"1\" cellpadding=\"6\">\n<tbody>\n<tr>\n<td><strong>Term\u00e9kn\u00e9v<\/strong><\/td>\n<td>Bang King Ice Cool 60K<\/td>\n<\/tr>\n<tr>\n<td><strong>Puff Count<\/strong><\/td>\n<td>Ak\u00e1r 60 000 f\u00faj\u00e1s<\/td>\n<\/tr>\n<tr>\n<td><strong>Nikotin er\u0151ss\u00e9ge<\/strong><\/td>\n<td>2% \/ 3% \/ 5%<\/td>\n<\/tr>\n<tr>\n<td><strong>E-folyad\u00e9k kapacit\u00e1s<\/strong><\/td>\n<td>25 ml<\/td>\n<\/tr>\n<tr>\n<td><strong>Tekercs<\/strong><\/td>\n<td>Mesh 1,0\u03a9<\/td>\n<\/tr>\n<tr>\n<td><strong>Akkumul\u00e1tor<\/strong><\/td>\n<td>850 mAh \u00fajrat\u00f6lthet\u0151<\/td>\n<\/tr>\n<tr>\n<td><strong>\u00c1ll\u00edthat\u00f3 h\u0171t\u00e9s<\/strong><\/td>\n<td>5 szint<\/td>\n<\/tr>\n<tr>\n<td><strong>LED-k\u00e9perny\u0151<\/strong><\/td>\n<td>Igen \u2013 akkumul\u00e1tor- \u00e9s e-folyad\u00e9k-jelz\u0151k<\/td>\n<\/tr>\n<tr>\n<td><strong>T\u00f6lt\u0151port<\/strong><\/td>\n<td>C t\u00edpus\u00fa<\/td>\n<\/tr>\n<tr>\n<td><strong>Csomagol\u00e1s<\/strong><\/td>\n<td>10 db\/csomag (nagykereskedelmi k\u00e9sz)<\/td>\n<\/tr>\n<tr>\n<td><strong>\u00cdzek<\/strong><\/td>\n<td>12 pr\u00e9mium opci\u00f3<\/td>\n<\/tr>\n<\/tbody>\n<\/table>\n<h3>\u00cdzv\u00e1laszt\u00e9k \ud83c\udf6d<\/h3>\n<ul>\n<li><strong>K\u00e9k Razz J\u00e9g<\/strong> \u2013 \u00e9des-fanyar k\u00e9k m\u00e1lna jeges befejez\u00e9ssel \u2744\ufe0f<\/li>\n<li><strong>Epres g\u00f6r\u00f6gdinnye<\/strong> \u2013 l\u00e9d\u00fas bogy\u00f3k \u00e9s dinnye friss\u00edt\u0151 p\u00e1rosa \ud83c\udf53\ud83c\udf49<\/li>\n<li><strong>G\u00f6r\u00f6gdinnye j\u00e9g<\/strong> \u2013 ropog\u00f3s g\u00f6r\u00f6gdinnye \u00fct\u00e9s h\u0171v\u00f6s \u00fct\u00e9ssel \ud83e\uddca<\/li>\n<li><strong>Barack j\u00e9g<\/strong> \u2013 \u00e9des barack fagyos frissess\u00e9ggel r\u00e9tegezve \ud83c\udf51<\/li>\n<li><strong>Sz\u0151l\u0151 j\u00e9g<\/strong> \u2013 mer\u00e9sz sz\u0151l\u0151 jeges kil\u00e9gz\u00e9ssel \ud83c\udf47<\/li>\n<li><strong>Ijeszt\u0151 bogy\u00f3<\/strong> \u2013 titokzatos bogy\u00f3kever\u00e9k a kalandos g\u0151z\u00f6kh\u00f6z \ud83d\udc7b<\/li>\n<li><strong>Cseresznye Strazz<\/strong> \u2013 sima cseresznye epres csavarral \ud83c\udf52<\/li>\n<li><strong>Mang\u00f3 M\u00e1gikus<\/strong> \u2013 tr\u00f3pusi mang\u00f3 \u00e9dess\u00e9g \ud83e\udd6d<\/li>\n<li><strong>Epers\u00e1rk\u00e1nygy\u00fcm\u00f6lcs<\/strong> \u2013 egzotikus kever\u00e9k \u00e9l\u00e9nk jegyekkel \ud83c\udf3a<\/li>\n<li><strong>Tigrisv\u00e9r<\/strong> \u2013 mer\u00e9sz tr\u00f3pusi f\u00fazi\u00f3 \ud83d\udc2f<\/li>\n<li><strong>Ny\u00e1ri Loccsan\u00e1s<\/strong> \u2013 friss\u00edt\u0151, t\u00f6bb gy\u00fcm\u00f6lcs\u00f6t tartalmaz\u00f3 kever\u00e9k \u2600\ufe0f<\/li>\n<li><strong>Savany\u00fa Buja Gumitartalm\u00fa<\/strong> \u2013 cukorka ihlette \u00e9des-savany\u00fa \u00e9lvezet \ud83c\udf6c<\/li>\n<\/ul>\n<h3>GYIK \ud83e\udd14<\/h3>\n<p><strong>K: Mennyi ideig m\u0171k\u00f6dik egy eszk\u00f6z?<\/strong><br \/>\nV: Ak\u00e1r 60 000 felf\u00faj\u00e1ssal \u00e9s 25 ml e-liquiddel, haszn\u00e1latt\u00f3l f\u00fcgg\u0151en hetekt\u0151l h\u00f3napokig kitart.<\/p>\n<p><strong>K: A Bang King Ice Cool 60K \u00fajrat\u00f6lthet\u0151?<\/strong><br \/>\nV: Igen, 850 mAh-s \u00fajrat\u00f6lthet\u0151 akkumul\u00e1torral rendelkezik, C t\u00edpus\u00fa gyorst\u00f6lt\u00e9ssel.<\/p>\n<p><strong>K: Be\u00e1ll\u00edthatom a h\u0171t\u00e9si szintet?<\/strong><br \/>\nV: Igen, 5 fokozatban \u00e1ll\u00edthat\u00f3 h\u0171t\u00e9si fokozattal rendelkezik, hogy megfeleljen az \u00d6n ig\u00e9nyeinek.<\/p>\n<p><strong>K: Milyen er\u0151ss\u00e9g\u0171 nikotin kaphat\u00f3?<\/strong><br \/>\nV: El\u00e9rhet\u0151 2%, 3% \u00e9s 5% k\u00fcl\u00f6nb\u00f6z\u0151 \u00fcgyf\u00e9lig\u00e9nyekhez.<\/p>\n<p><strong>K: Alkalmas nagykereskedelemre?<\/strong><br \/>\nV: Igen, 10 darabos kiszerel\u00e9sben kaphat\u00f3, forgalmaz\u00f3knak \u00e9s vape boltoknak optimaliz\u00e1lva.<\/p>\n<h3>T\u00f6k\u00e9letes az \u00d6n sz\u00e1m\u00e1ra \u2705<\/h3>\n<p>A <\/p>\n<p><strong>Bang King Ice Cool 60K<\/strong> a <em>neh\u00e9z g\u0151z\u00f6l\u0151kh\u00f6z, \u00edzkeres\u0151kh\u00f6z, kiskereskedelmi \u00fczletekhez \u00e9s nagykeresked\u0151kh\u00f6z k\u00e9sz\u00fclt<\/em>. Hatalmas puffad\u00e1si sz\u00e1m\u00e1val, \u00e1ll\u00edthat\u00f3 h\u0171t\u00e9s\u00e9vel, LED-kijelz\u0151j\u00e9vel \u00e9s 12 pr\u00e9mium \u00edzvil\u00e1g\u00e1val egy bestseller, amely egyes\u00edti a v\u00e1s\u00e1rl\u00f3i el\u00e9gedetts\u00e9get az er\u0151s \u00e9rt\u00e9kes\u00edt\u00e9si potenci\u00e1llal \ud83c\udf1f.<\/p>\n","protected":false},"excerpt":{"rendered":"<p><strong>60 000 bef\u00faj\u00e1s eldobhat\u00f3 vape<\/strong> 5 fokozatban \u00e1ll\u00edthat\u00f3 h\u0171t\u00e9ssel, LED-kijelz\u0151vel \u00e9s 12 pr\u00e9mium \u00edzzel \u2013 vape boltok, nagykeresked\u0151k \u00e9s nagy felhaszn\u00e1l\u00f3k sz\u00e1m\u00e1ra k\u00e9sz\u00fclt \ud83d\ude80.<\/p>\n","protected":false},"featured_media":5869,"comment_status":"open","ping_status":"closed","template":"","meta":[],"product_brand":[],"product_cat":[346,1922],"product_tag":[],"class_list":{"0":"post-30941","1":"product","2":"type-product","3":"status-publish","4":"has-post-thumbnail","6":"product_cat-bang","7":"product_cat-uj","9":"first","10":"instock","11":"shipping-taxable","12":"purchasable","13":"product-type-variable","14":"has-default-attributes"},"jetpack_sharing_enabled":true,"tiered_pricing_type":"fixed","tiered_pricing_fixed_rules":{"30":8.4000000000000003552713678800500929355621337890625,"50":6.6699999999999999289457264239899814128875732421875,"100":6.4199999999999999289457264239899814128875732421875,"200":5.79999999999999982236431605997495353221893310546875,"400":5.4900000000000002131628207280300557613372802734375},"tiered_pricing_product_settings":{"layout":"default","base_unit_name":{"singular":null,"plural":null},"default_variation":null},"tiered_pricing_minimum_quantity":10,"tiered_pricing_roles_data":[],"tiered_pricing_percentage_rules":[],"tiered_pricing_maximum_quantity":null,"tiered_pricing_quantity_step":"10","_links":{"self":[{"href":"https:\/\/ricovape.com\/hu\/wp-json\/wp\/v2\/product\/30941","targetHints":{"allow":["GET"]}}],"collection":[{"href":"https:\/\/ricovape.com\/hu\/wp-json\/wp\/v2\/product"}],"about":[{"href":"https:\/\/ricovape.com\/hu\/wp-json\/wp\/v2\/types\/product"}],"replies":[{"embeddable":true,"href":"https:\/\/ricovape.com\/hu\/wp-json\/wp\/v2\/comments?post=30941"}],"wp:featuredmedia":[{"embeddable":true,"href":"https:\/\/ricovape.com\/hu\/wp-json\/wp\/v2\/media\/5869"}],"wp:attachment":[{"href":"https:\/\/ricovape.com\/hu\/wp-json\/wp\/v2\/media?parent=30941"}],"wp:term":[{"taxonomy":"product_brand","embeddable":true,"href":"https:\/\/ricovape.com\/hu\/wp-json\/wp\/v2\/product_brand?post=30941"},{"taxonomy":"product_cat","embeddable":true,"href":"https:\/\/ricovape.com\/hu\/wp-json\/wp\/v2\/product_cat?post=30941"},{"taxonomy":"product_tag","embeddable":true,"href":"https:\/\/ricovape.com\/hu\/wp-json\/wp\/v2\/product_tag?post=30941"}],"curies":[{"name":"wp","href":"https:\/\/api.w.org\/{rel}","templated":true}]}}