{"id":29670,"date":"2025-07-07T09:20:26","date_gmt":"2025-07-07T09:20:26","guid":{"rendered":"https:\/\/stage.jrfer.com\/product\/randm-digitalis-doboz-12k-12000-puff-lcd-kepernyos-ujratoltheto-omlesztett-eldobhato-vape\/"},"modified":"2026-04-07T14:05:35","modified_gmt":"2026-04-07T14:05:35","slug":"randm-digital-box-12000-puffs","status":"publish","type":"product","link":"https:\/\/ricovape.com\/hu\/termek\/randm-digital-box-12000-puffs\/","title":{"rendered":"RandM digit\u00e1lis doboz 12K 12000 Puff | lcd k\u00e9perny\u0151s \u00fajrat\u00f6lthet\u0151 \u00f6mlesztett eldobhat\u00f3 vape"},"content":{"rendered":"<h2>Mi\u00e9rt v\u00e1lassza a RandM Digital Box 12000 Puffot?<\/h2>\n<ul>\n<li><strong>T\u00f6meges puffad\u00e1s:<\/strong> Ak\u00e1r 12 000 finom \u00e9s \u00edzletes puffad\u00e1s \ud83d\udca8<\/li>\n<li><strong>Nagy tart\u00e1ly:<\/strong> 20 ml-es e-liquid hosszantart\u00f3 kezel\u00e9sekhez, ut\u00e1nt\u00f6lt\u00e9s n\u00e9lk\u00fcl \ud83d\udca7<\/li>\n<li><strong>\u00dajrat\u00f6lthet\u0151 teljes\u00edtm\u00e9ny:<\/strong> 850 mAh-s akkumul\u00e1tor C t\u00edpus\u00fa gyorst\u00f6lt\u00e9ssel \ud83d\udd0b<\/li>\n<li><strong>Mesh Coil Flavor:<\/strong> 1\u03a9 h\u00e1l\u00f3s tekercs az egyenletes \u00e9s kiel\u00e9g\u00edt\u0151 g\u0151z\u00e9rt \ud83c\udf2c\ufe0f<\/li>\n<li><strong>Intelligens LCD-k\u00e9perny\u0151:<\/strong> Val\u00f3s idej\u0171 puffad\u00e1s- \u00e9s akkumul\u00e1tork\u00f6vet\u00e9s \ud83d\udcca<\/li>\n<li><strong>Hordozhat\u00f3 \u00e9s st\u00edlusos:<\/strong> Kompakt, ergonomikus kialak\u00edt\u00e1s az \u00fatk\u00f6zbeni g\u0151z\u00f6l\u00e9shez \u2728<\/li>\n<li><strong>Nagykereskedelembar\u00e1t:<\/strong> Nagy kereslet\u0171 eldobhat\u00f3, ide\u00e1lis viszontelad\u00f3k sz\u00e1m\u00e1ra \ud83d\udce6<\/li>\n<\/ul>\n<h3>M\u0171szaki adatok<\/h3>\n<tbody>\n<tr>\n<td><strong>Puffok sz\u00e1ma:<\/strong><\/td>\n<td>Ak\u00e1r 12 000 f\u00faj\u00e1s<\/td>\n<\/tr>\n<tr>\n<td><strong>E-folyad\u00e9k kapacit\u00e1sa:<\/strong><\/td>\n<td>20 ml<\/td>\n<\/tr>\n<tr>\n<td><strong>Akkumul\u00e1torkapacit\u00e1s:<\/strong><\/td>\n<td>850 mAh \u00fajrat\u00f6lthet\u0151<\/td>\n<\/tr>\n<tr>\n<td><strong>Tekercs:<\/strong><\/td>\n<td>1\u03a9 mesh tekercs<\/td>\n<\/tr>\n<tr>\n<td><strong>Kijelz\u0151:<\/strong><\/td>\n<td>LCD k\u00e9perny\u0151 (puffad\u00e1s \u00e9s akkumul\u00e1tor jelz\u0151)<\/td>\n<\/tr>\n<tr>\n<td><strong>T\u00f6lt\u00e9s:<\/strong><\/td>\n<td>C t\u00edpus\u00fa gyorst\u00f6lt\u00e9s<\/td>\n<\/tr>\n<\/tbody>\n<\/table>\n<h3>\u00cdzv\u00e1laszt\u00e1s<\/h3>\n<p>A <strong>RandM Digital Box 12000<\/strong> <strong>40+ csod\u00e1latos \u00edzt<\/strong> k\u00edn\u00e1l, hogy minden v\u00e1gyat kiel\u00e9g\u00edtsen \ud83c\udf6d:<\/p>\n<ul>\n<li><strong>Alma Bogy\u00f3 Robban\u00e1s:<\/strong> Ropog\u00f3s alma bogy\u00f3s \u00e9dess\u00e9ggel \ud83c\udf4f\ud83e\uded0<\/li>\n<li><strong>Almafah\u00e9j:<\/strong> Meleg \u00e9s gy\u00fcm\u00f6lcs\u00f6s, f\u0171szeres csavarral \ud83c\udf4e\ud83c\udf3f<\/li>\n<li><strong>Ban\u00e1nj\u00e9g:<\/strong> Kr\u00e9mes ban\u00e1n h\u0171v\u00f6s lecseng\u00e9ssel \ud83c\udf4c\u2744\ufe0f<\/li>\n<li><strong>Bogy\u00f3s limon\u00e1d\u00e9:<\/strong> cs\u00edp\u0151s limon\u00e1d\u00e9 vegyes bogy\u00f3s gy\u00fcm\u00f6lcs\u00f6kkel \ud83c\udf4b\ud83e\uded0<\/li>\n<li><strong>Bing\u00f3 \u00d6sszet\u00f6rni:<\/strong> Gy\u00fcm\u00f6lcs\u00f6s cukorka ihlette sorozat \ud83c\udf6d<\/li>\n<li><strong>Fekete j\u00e9g:<\/strong> Mer\u00e9sz mentol s\u00f6t\u00e9t bogy\u00f3s h\u0171t\u00e9ssel \u2744\ufe0f<\/li>\n<li><strong>K\u00e9k Razz Limon\u00e1d\u00e9:<\/strong> \u00c9des \u00e9s fanyar f\u00fazi\u00f3s \ud83c\udf4b\ud83e\uded0<\/li>\n<li><strong>\u00c1fonya r\u00e1g\u00f3gumi:<\/strong> Gy\u00fcm\u00f6lcs\u00f6s r\u00e1g\u00f3gumi \ud83e\uded0\ud83c\udf6c<\/li>\n<li><strong>\u00c1fonya cseresznye \u00e1fonya:<\/strong> h\u00e1rmas bogy\u00f3 robban\u00e1s \ud83c\udf52\ud83e\uded0<\/li>\n<li><strong>\u00c1fonya Kiwi:<\/strong> tr\u00f3pusi gy\u00fcm\u00f6lcs\u00f6s kever\u00e9k \ud83e\uded0\ud83e\udd5d<\/li>\n<li><strong>\u00c1fonya a j\u00e9gen:<\/strong> Klasszikus \u00e1fonya jeges felfriss\u00edt\u00e9ssel \u2744\ufe0f<\/li>\n<li><strong>\u00c1fonya M\u00e1lna:<\/strong> \u00c9des-fanyar bogy\u00f3s du\u00f3 \ud83e\uded0\ud83c\udf53<\/li>\n<li><strong>K\u00e9kes m\u00e1lna:<\/strong> Cs\u00edp\u0151s \u00e9s savany\u00fa m\u00e1lna \ud83c\udf47<\/li>\n<li><strong>Cseresznye:<\/strong> Mer\u00e9sz \u00e9s l\u00e9d\u00fas cseresznye \ud83c\udf52<\/li>\n<li><strong>Cseresznye:<\/strong> cseresznye \u00e9rett bogy\u00f3kkal keverve \ud83c\udf52\ud83e\uded0<\/li>\n<li><strong>Cseresznye K\u00f3la:<\/strong> Klasszikus k\u00f3la cseresznye csavarral \ud83e\udd64\ud83c\udf52<\/li>\n<li><strong>H\u0171v\u00f6s menta:<\/strong> Friss\u00edt\u0151 \u00e9s jeges menta \ud83c\udf31\u2744\ufe0f<\/li>\n<li><strong>Dr K\u00e9k:<\/strong> titokzatos h\u0171v\u00f6s bogy\u00f3kever\u00e9k \ud83d\udc99<\/li>\n<li><strong>S\u00e1rk\u00e1nygy\u00fcm\u00f6lcs j\u00e9g:<\/strong> Egzotikus s\u00e1rk\u00e1nygy\u00fcm\u00f6lcs h\u0171s\u00edt\u0151vel \u2744\ufe0f<\/li>\n<li><strong>Gy\u00fcm\u00f6lcs\u00f6s f\u00fazi\u00f3:<\/strong> Vegyes gy\u00fcm\u00f6lcs\u00f6k \ud83c\udf4d\ud83c\udf53\ud83c\udf4a<\/li>\n<li><strong>Sz\u0151l\u0151j\u00e9g:<\/strong> L\u00e9d\u00fas sz\u0151l\u0151 h\u0171s\u00edt\u0151 bevonattal \ud83c\udf47\u2744\ufe0f<\/li>\n<li><strong>Sz\u0151l\u0151menta:<\/strong> \u00c9des sz\u0151l\u0151 ment\u00e1s h\u0171v\u00f6ss\u00e9ggel \ud83c\udf47\ud83c\udf31<\/li>\n<li><strong>J\u00e9gpop:<\/strong> \u00c9des cukorka j\u00e9gcsemege \ud83c\udf6d\u2744\ufe0f<\/li>\n<li><strong>Kiwi Szenved\u00e9ly Gy\u00fcm\u00f6lcs Guj\u00e1vafa:<\/strong> Tr\u00f3pusi gy\u00fcm\u00f6lcs tri\u00f3 \ud83e\udd5d\ud83c\udf48<\/li>\n<li><strong>Citrom \u00e9s M\u00e9sz:<\/strong> Zamatos citruskombin\u00e1ci\u00f3 \ud83c\udf4b\ud83c\udf48<\/li>\n<li><strong>Szerelem 66:<\/strong> Egzotikus \u00e9des \u00e9s gy\u00fcm\u00f6lcs\u00f6s f\u00fazi\u00f3 \u2764\ufe0f\ud83c\udf53<\/li>\n<li><strong>Buja J\u00e9g:<\/strong> friss\u00edt\u0151 g\u00f6r\u00f6gdinnye h\u0171s\u00edt\u0151 \ud83c\udf49\u2744\ufe0f<\/li>\n<li><strong>Mang\u00f3 On J\u00e9g:<\/strong> \u00c9des mang\u00f3 jeges kil\u00e9gz\u00e9ssel \ud83e\udd6d\u2744\ufe0f<\/li>\n<li><strong>Kevert bogy\u00f3s gy\u00fcm\u00f6lcs\u00f6k:<\/strong> l\u00e9d\u00fas bogy\u00f3kever\u00e9k \ud83e\uded0\ud83c\udf53<\/li>\n<li><strong>Barack j\u00e9g:<\/strong> \u00c9des \u0151szibarack h\u0171s\u00edt\u0151 bevonattal \ud83c\udf51\u2744\ufe0f<\/li>\n<li><strong>\u0150szibarack mang\u00f3:<\/strong> Tr\u00f3pusi gy\u00fcm\u00f6lcs p\u00e1ros \ud83c\udf51\ud83e\udd6d<\/li>\n<li><strong>Anan\u00e1sz j\u00e9g:<\/strong> cs\u00edp\u0151s anan\u00e1sz hidegen \ud83c\udf4d\u2744\ufe0f<\/li>\n<li><strong>R\u00f3zsasz\u00edn limon\u00e1d\u00e9:<\/strong> friss\u00edt\u0151 \u00e9des limon\u00e1d\u00e9 \ud83c\udf4b\ud83c\udf53<\/li>\n<li><strong>M\u00e1lna g\u00f6r\u00f6gdinnye:<\/strong> A l\u00e9d\u00fas bogy\u00f3 a friss dinny\u00e9vel tal\u00e1lkozik \ud83c\udf53\ud83c\udf49<\/li>\n<li><strong>Piros alma j\u00e9g:<\/strong> Ropog\u00f3s alma jeges frissess\u00e9ggel \ud83c\udf4e\u2744\ufe0f<\/li>\n<li><strong>Red Energia J\u00e9g:<\/strong> Mer\u00e9sz energiaital-h\u0171t\u00e9s \u26a1\u2744\ufe0f<\/li>\n<li><strong>Eperban\u00e1n:<\/strong> Kr\u00e9mes ban\u00e1n \u00e9des eperrel \ud83c\udf4c\ud83c\udf53<\/li>\n<li><strong>Epres f\u00e1nk:<\/strong> \u00c9des m\u00e1zas epres f\u00e1nk \ud83c\udf69\ud83c\udf53<\/li>\n<li><strong>Epersz\u0151l\u0151:<\/strong> L\u00e9d\u00fas eper sz\u0151l\u0151vel \ud83c\udf53\ud83c\udf47<\/li>\n<li><strong>Eperj\u00e9g:<\/strong> Klasszikus eper h\u0171t\u00e9ssel \u2744\ufe0f\ud83c\udf53<\/li>\n<li><strong>Epres kiwi:<\/strong> \u00c9des eper kivivel \ud83c\udf53\ud83e\udd5d<\/li>\n<li><strong>Eperpomp (gr\u00e1n\u00e1talma):<\/strong> cs\u00edp\u0151s eper-gr\u00e1n\u00e1talma p\u00e1ros \ud83c\udf53\ud83c\udf4e<\/li>\n<li><strong>Eper Red Bull:<\/strong> Energia \u00e1ltal ihletett eperr\u00fag\u00e1s \u26a1\ud83c\udf53<\/li>\n<li><strong>Epres g\u00f6r\u00f6gdinnye:<\/strong> Gy\u00fcm\u00f6lcs\u00f6s ny\u00e1r kedvence \ud83c\udf53\ud83c\udf49<\/li>\n<li><strong>K\u00e9t alma:<\/strong> Piros \u00e9s z\u00f6ld alma kever\u00e9k \ud83c\udf4f\ud83c\udf4e<\/li>\n<li><strong>Vimto:<\/strong> Egzotikus sz\u00e9nsavas bogy\u00f3s sz\u00f3da \ud83e\udd64<\/li>\n<li><strong>G\u00f6r\u00f6gdinnye r\u00e1g\u00f3gumi:<\/strong> L\u00e9d\u00fas r\u00e1g\u00f3gumi g\u00f6r\u00f6gdinny\u00e9vel \ud83c\udf49\ud83c\udf6c<\/li>\n<li><strong>G\u00f6r\u00f6gdinnye j\u00e9g:<\/strong> friss\u00edt\u0151 g\u00f6r\u00f6gdinnye jeges \u00fct\u00e9ssel \ud83c\udf49\u2744\ufe0f<\/li>\n<\/ul>\n<h3>T\u00f6k\u00e9letes neh\u00e9z felhaszn\u00e1l\u00f3k \u00e9s nagykeresked\u00e9sek sz\u00e1m\u00e1ra<\/h3>\n<p>A <strong>RandM Digital Box 12000 Puffs<\/strong> t\u00f6k\u00e9letes a <strong>er\u0151s g\u0151z\u00f6s\u00f6knek, az \u00edzek szerelmeseinek, a vape boltoknak \u00e9s a forgalmaz\u00f3knak<\/strong>. <strong>LCD-kijelz\u0151j\u00e9vel, mesh tekercs\u00e9vel \u00e9s 40+ legkelend\u0151bb \u00edz\u00e9vel<\/strong> ez az eszk\u00f6z k\u00f6telez\u0151 darab a kis- \u00e9s nagykereskedelmi piacokon egyar\u00e1nt.<\/p>\n<h3>GYIK<\/h3>\n<ul>\n<li><strong>H\u00e1ny bef\u00faj\u00e1s eszk\u00f6z\u00f6nk\u00e9nt?<\/strong><br \/>\nAk\u00e1r 12 000 f\u00faj\u00e1s.<\/li>\n<li><strong>\u00dajrat\u00f6lthet\u0151?<\/strong><br \/>\nIgen, 850 mAh-s \u00fajrat\u00f6lthet\u0151 akkumul\u00e1torral rendelkezik, C t\u00edpus\u00fa t\u00f6lt\u00e9ssel.<\/li>\n<li><strong>Van kijelz\u0151je?<\/strong><br \/>\nIgen, az LCD-k\u00e9perny\u0151 mutatja a puffad\u00e1sok sz\u00e1m\u00e1t \u00e9s az akkumul\u00e1tor \u00e9lettartam\u00e1t.<\/li>\n<li><strong>H\u00e1ny \u00edz \u00e9rhet\u0151 el?<\/strong><br \/>\nT\u00f6bb mint 40 finom \u00edz k\u00f6z\u00fcl v\u00e1laszthat.<\/li>\n<li><strong>Ki v\u00e1s\u00e1rolja meg ezt?<\/strong><br \/>\nIde\u00e1lis <strong>h\u00e9tk\u00f6znapi g\u0151z\u00f6l\u0151knek, nagy felhaszn\u00e1l\u00f3knak, vape boltoknak \u00e9s nagykereskedelmi forgalmaz\u00f3knak<\/strong>.<\/li>\n<\/ul>\n","protected":false},"excerpt":{"rendered":"<p>A <strong>RandM Digital Box 12000 Puffs<\/strong> \ud83d\udce6 hosszan tart\u00f3 teljes\u00edtm\u00e9nyt, 20 ml \u00edzletes e-folyad\u00e9kot, <strong>LCD-k\u00e9perny\u0151t<\/strong> \u00e9s \u00fajrat\u00f6lthet\u0151 850 mAh-s akkumul\u00e1tort k\u00edn\u00e1l \u2013 \u00edgy t\u00f6k\u00e9letes v\u00e1laszt\u00e1s neh\u00e9z g\u0151z\u00f6l\u0151kh\u00f6z, vape boltokhoz \u00e9s nagykereskedelmi forgalmaz\u00e1shoz.<\/p>\n","protected":false},"featured_media":1138,"comment_status":"open","ping_status":"closed","template":"","meta":[],"product_brand":[],"product_cat":[452,862,1013,826,1261,1294,1225,1327,1471,1545,1406,1365,1509,1439,2176,1598,1674,1636,400,387,1046,900],"product_tag":[],"class_list":{"0":"post-29670","1":"product","2":"type-product","3":"status-publish","4":"has-post-thumbnail","6":"product_cat-12000-puff-eldobhato-vape","7":"product_cat-big-puffs-vapes","8":"product_cat-digitalis-doboz-vapes","9":"product_cat-eldobhato-vape-tipusok","10":"product_cat-eldobhato-vapes-ausztriaban","11":"product_cat-eldobhato-vapes-belgiumban","12":"product_cat-eldobhato-vapes-europaban","13":"product_cat-eldobhato-vapes-franciaorszagban","14":"product_cat-eldobhato-vapes-hollandiaban","15":"product_cat-eldobhato-vapes-lengyelorszagban","16":"product_cat-eldobhato-vapes-magyarorszagon","17":"product_cat-eldobhato-vapes-nemetorszagban","18":"product_cat-eldobhato-vapes-norvegiaban","19":"product_cat-eldobhato-vapes-olaszorszagban","20":"product_cat-eldobhato-vapes-portugaliaban","21":"product_cat-eldobhato-vapes-spanyolorszagban","22":"product_cat-eldobhato-vapes-svajcban","23":"product_cat-eldobhato-vapes-svedorszagban","24":"product_cat-kulonbozo-puffadasu-eldobhato-gozok","25":"product_cat-randm","26":"product_cat-smart-screen-vapes","27":"product_cat-ujratoltheto-vapes","29":"first","30":"instock","31":"shipping-taxable","32":"purchasable","33":"product-type-variable","34":"has-default-attributes"},"jetpack_sharing_enabled":true,"tiered_pricing_type":"fixed","tiered_pricing_fixed_rules":{"30":7.339999999999999857891452847979962825775146484375,"50":6.230000000000000426325641456060111522674560546875,"100":5.63999999999999968025576890795491635799407958984375,"200":5.339999999999999857891452847979962825775146484375,"400":4.94000000000000039079850466805510222911834716796875},"tiered_pricing_product_settings":{"layout":"default","base_unit_name":{"singular":null,"plural":null},"default_variation":null},"tiered_pricing_minimum_quantity":10,"tiered_pricing_roles_data":[],"tiered_pricing_percentage_rules":[],"tiered_pricing_maximum_quantity":null,"tiered_pricing_quantity_step":"10","_links":{"self":[{"href":"https:\/\/ricovape.com\/hu\/wp-json\/wp\/v2\/product\/29670","targetHints":{"allow":["GET"]}}],"collection":[{"href":"https:\/\/ricovape.com\/hu\/wp-json\/wp\/v2\/product"}],"about":[{"href":"https:\/\/ricovape.com\/hu\/wp-json\/wp\/v2\/types\/product"}],"replies":[{"embeddable":true,"href":"https:\/\/ricovape.com\/hu\/wp-json\/wp\/v2\/comments?post=29670"}],"wp:featuredmedia":[{"embeddable":true,"href":"https:\/\/ricovape.com\/hu\/wp-json\/wp\/v2\/media\/1138"}],"wp:attachment":[{"href":"https:\/\/ricovape.com\/hu\/wp-json\/wp\/v2\/media?parent=29670"}],"wp:term":[{"taxonomy":"product_brand","embeddable":true,"href":"https:\/\/ricovape.com\/hu\/wp-json\/wp\/v2\/product_brand?post=29670"},{"taxonomy":"product_cat","embeddable":true,"href":"https:\/\/ricovape.com\/hu\/wp-json\/wp\/v2\/product_cat?post=29670"},{"taxonomy":"product_tag","embeddable":true,"href":"https:\/\/ricovape.com\/hu\/wp-json\/wp\/v2\/product_tag?post=29670"}],"curies":[{"name":"wp","href":"https:\/\/api.w.org\/{rel}","templated":true}]}}