{"id":29132,"date":"2025-07-07T09:21:41","date_gmt":"2025-07-07T09:21:41","guid":{"rendered":"https:\/\/stage.jrfer.com\/product\/okso-crystal-bar-800-puffs-kompakt-halos-tekercs-eldobhato-vape\/"},"modified":"2026-04-07T12:59:57","modified_gmt":"2026-04-07T12:59:57","slug":"okso-crystal-bar-800","status":"publish","type":"product","link":"https:\/\/ricovape.com\/hu\/termek\/okso-crystal-bar-800\/","title":{"rendered":"OKSO Crystal Bar 800 Puffs | kompakt h\u00e1l\u00f3s tekercs eldobhat\u00f3 vape"},"content":{"rendered":"<h2>Mi\u00e9rt v\u00e1lassza az OKSO Crystal Bar 800-at?<\/h2>\n<ul>\n<li><strong>800 f\u00faj\u00e1s:<\/strong> M\u00e9ret\u00e9hez k\u00e9pest hosszan tart\u00f3 teljes\u00edtm\u00e9ny \ud83d\udd25<\/li>\n<li><strong>Mesh Coil technol\u00f3gia:<\/strong> Gazdag, egyenletes \u00edz az els\u0151 felf\u00faj\u00e1st\u00f3l az utols\u00f3ig \ud83c\udf2c\ufe0f<\/li>\n<li><strong>2 ml el\u0151ret\u00f6lt\u00f6tt E-Liquid:<\/strong> Nincs ut\u00e1nt\u00f6lt\u00e9s, nincs probl\u00e9ma \u2705<\/li>\n<li><strong>Nikotin rugalmass\u00e1g:<\/strong> 0%, 2%, 3% \u00e9s 5% minden t\u00edpus\u00fa g\u0151z\u00f6l\u0151h\u00f6z kaphat\u00f3 \ud83d\udca7<\/li>\n<li><strong>400 mAh-s akkumul\u00e1tor:<\/strong> Megb\u00edzhat\u00f3 teljes\u00edtm\u00e9ny, amely mind a 800 f\u00faj\u00e1sig kitart \ud83d\udd0b<\/li>\n<li><strong>RGB LED vil\u00e1g\u00edt\u00e1s:<\/strong> St\u00edlusos f\u00e9nyeffektus minden f\u00faj\u00e1ssal \ud83c\udf08<\/li>\n<li><strong>Extra k\u00f6nny\u0171 kialak\u00edt\u00e1s:<\/strong> Mind\u00f6ssze 36 g \u2013 k\u00f6nnyen hordozhat\u00f3, diszkr\u00e9t \u00e9s utaz\u00e1sbar\u00e1t \ud83c\udf92<\/li>\n<li><strong>Nagykereskedelmi k\u00e9szenl\u00e9t:<\/strong> T\u00f6k\u00e9letes vape boltok, forgalmaz\u00f3k \u00e9s B2B v\u00e1s\u00e1rl\u00f3k sz\u00e1m\u00e1ra \ud83c\udfea<\/li>\n<\/ul>\n<h3>M\u0171szaki adatok<\/h3>\n<tbody>\n<tr>\n<td><strong>Puff kapacit\u00e1s:<\/strong><\/td>\n<td>800 f\u00faj\u00e1s<\/td>\n<\/tr>\n<tr>\n<td><strong>E-folyad\u00e9k kapacit\u00e1s:<\/strong><\/td>\n<td>2 ml<\/td>\n<\/tr>\n<tr>\n<td><strong>Tekercs t\u00edpusa:<\/strong><\/td>\n<td>H\u00e1l\u00f3 tekercs<\/td>\n<\/tr>\n<tr>\n<td><strong>Akkumul\u00e1tor:<\/strong><\/td>\n<td>400 mAh<\/td>\n<\/tr>\n<tr>\n<td><strong>Nikotin opci\u00f3k:<\/strong><\/td>\n<td>0%, 2%, 3%, 5%<\/td>\n<\/tr>\n<tr>\n<td><strong>Vil\u00e1g\u00edt\u00e1s:<\/strong><\/td>\n<td>RGB LED-effektus<\/td>\n<\/tr>\n<tr>\n<td><strong>S\u00faly:<\/strong><\/td>\n<td>36 g (ultrak\u00f6nny\u0171)<\/td>\n<\/tr>\n<\/tbody>\n<\/table>\n<h3>\u00cdzv\u00e1laszt\u00e1s<\/h3>\n<p>Az <strong>OKSO Crystal Bar 800<\/strong> friss\u00edt\u0151 \u00e9s mer\u00e9sz \u00edzek sz\u00e9les v\u00e1laszt\u00e9k\u00e1ban kaphat\u00f3, hogy minden \u00edzl\u00e9snek megfeleljen:<\/p>\n<ul>\n<li><strong>Menta:<\/strong> Ropog\u00f3s \u00e9s friss\u00edt\u0151 mentolsug\u00e1r \u2744\ufe0f<\/li>\n<li><strong>Barack j\u00e9g:<\/strong> L\u00e9d\u00fas \u0151szibarack fagyos befejez\u00e9ssel \ud83c\udf51\u2744\ufe0f<\/li>\n<li><strong>R\u00f3zsasz\u00edn citrom:<\/strong> \u00c9des \u00e9s cs\u00edp\u0151s citruskever\u00e9k \ud83c\udf4b\u2728<\/li>\n<li><strong>Tigrisv\u00e9r:<\/strong> Egzotikus gy\u00fcm\u00f6lcs\u00f6s f\u00fazi\u00f3 mer\u00e9sz \u00fct\u00e9ssel \ud83d\udc05\ud83c\udf53\ud83c\udf49<\/li>\n<li><strong>Sz\u0151l\u0151j\u00e9g:<\/strong> Klasszikus sz\u0151l\u0151 jeges \u00fct\u00e9ssel \ud83c\udf47\u2744\ufe0f<\/li>\n<li><strong>G\u00f6r\u00f6gdinnye j\u00e9g:<\/strong> H\u0171v\u00f6s \u00e9s l\u00e9d\u00fas g\u00f6r\u00f6gdinnye \ud83c\udf49\u2744\ufe0f<\/li>\n<li><strong>K\u00e9k Razz J\u00e9g:<\/strong> fanyar k\u00e9k m\u00e1lna friss\u00edt\u0151 hideggel \ud83e\uded0\u2744\ufe0f<\/li>\n<li><strong>Peach Mango G\u00f6r\u00f6gdinnye:<\/strong> Tr\u00f3pusi gy\u00fcm\u00f6lcs\u00f6k kever\u00e9ke az \u00e9des vape-hoz \ud83c\udf51\ud83e\udd6d\ud83c\udf49<\/li>\n<li><strong>Cseresznye J\u00e9g:<\/strong> cseresznye hideg j\u00e9ggel keverve \ud83c\udf52\u2744\ufe0f<\/li>\n<li><strong>Eperj\u00e9g:<\/strong> Friss eper hideg sz\u00e9llel \ud83c\udf53\u2744\ufe0f<\/li>\n<\/ul>\n<h3>Mindennapi haszn\u00e1latra \u00e9s nagykeresked\u00e9sre t\u00f6k\u00e9letes<\/h3>\n<p>Az <strong>OKSO Crystal Bar 800<\/strong> ide\u00e1lis v\u00e1laszt\u00e1s <strong>alkalmi felhaszn\u00e1l\u00f3knak, kezd\u0151knek \u00e9s \u00fatk\u00f6zbeni g\u0151z\u00f6s\u00f6knek<\/strong>. K\u00f6nny\u0171 kialak\u00edt\u00e1s\u00e1nak \u00e9s st\u00edlusos RGB vil\u00e1g\u00edt\u00e1s\u00e1nak k\u00f6sz\u00f6nhet\u0151en egyszerre funkcion\u00e1lis \u00e9s sz\u00f3rakoztat\u00f3. A <strong>nagykeresked\u0151k \u00e9s a vape boltok<\/strong> sz\u00e1m\u00e1ra a 800 puff form\u00e1tum t\u00f6bb nikotiner\u0151ss\u00e9ggel teszi n\u00e9pszer\u0171v\u00e9, gyorsan eladhat\u00f3 eldobhat\u00f3v\u00e1. \ud83d\udce6\ud83d\udcaf<\/p>\n<h3>GYIK<\/h3>\n<ul>\n<li><strong>Mennyi ideig b\u00edrja az OKSO Crystal Bar 800?<\/strong><br \/>\nAk\u00e1r 800 bef\u00faj\u00e1st biztos\u00edt, ami a haszn\u00e1latt\u00f3l f\u00fcgg\u0151en \u00e1ltal\u00e1ban t\u00f6bb napig tart.<\/li>\n<li><strong>\u00dajrat\u00f6lthet\u0151?<\/strong><br \/>\nNem, el\u0151re fel van t\u00f6ltve, \u00e9s k\u00e9nyelmes, eldobhat\u00f3 haszn\u00e1latra k\u00e9sz\u00fclt.<\/li>\n<li><strong>Nikotinmentes v\u00e1ltozatban is kaphat\u00f3?<\/strong><br \/>\nIgen, 0%, 2%, 3% \u00e9s 5% nikotint tartalmaz.<\/li>\n<li><strong>Nagykereskedelemre alkalmas?<\/strong><br \/>\nIgen, kompakt kialak\u00edt\u00e1sa, t\u00f6bbf\u00e9le \u00edze \u00e9s n\u00e9pszer\u0171 puffad\u00e1sa t\u00f6k\u00e9letess\u00e9 teszi a B2B v\u00e1s\u00e1rl\u00f3k \u00e9s kiskereskedelmi \u00fczletek sz\u00e1m\u00e1ra.<\/li>\n<li><strong>Mit\u0151l egyedi?<\/strong><br \/>\nA k\u00f6nny\u0171, krist\u00e1lytiszta kialak\u00edt\u00e1s, a h\u00e1l\u00f3s tekercs az \u00edz\u00e9rt \u00e9s a st\u00edlusos RGB vil\u00e1g\u00edt\u00e1s megk\u00fcl\u00f6nb\u00f6zteti a t\u00f6bbi eldobhat\u00f3 term\u00e9kt\u0151l.<\/li>\n<\/ul>\n","protected":false},"excerpt":{"rendered":"<p>Az <strong>OKSO Crystal Bar 800<\/strong> \ud83d\udca8 egy k\u00f6nny\u0171, \u00edzletes eldobhat\u00f3 vape, amelyet az alkalmi \u00e9s m\u00e9rs\u00e9kelt felhaszn\u00e1l\u00f3k sz\u00e1m\u00e1ra terveztek. A <strong>h\u00e1l\u00f3s tekercs technol\u00f3gi\u00e1nak<\/strong> \u00e9s az ak\u00e1r <strong>800 f\u00faj\u00e1s<\/strong>nak k\u00f6sz\u00f6nhet\u0151en sima \u00fct\u00e9seket \u00e9s mer\u00e9sz \u00edzt biztos\u00edt egy karcs\u00fa, zsebbar\u00e1t kialak\u00edt\u00e1sban.<\/p>\n","protected":false},"featured_media":1656,"comment_status":"open","ping_status":"closed","template":"","meta":[],"product_brand":[],"product_cat":[727,1843],"product_tag":[],"class_list":{"0":"post-29132","1":"product","2":"type-product","3":"status-publish","4":"has-post-thumbnail","6":"product_cat-800-puff-eldobhato-vape","7":"product_cat-okso","9":"first","10":"instock","11":"shipping-taxable","12":"purchasable","13":"product-type-variable","14":"has-default-attributes"},"jetpack_sharing_enabled":true,"tiered_pricing_type":"fixed","tiered_pricing_fixed_rules":{"30":4.57000000000000028421709430404007434844970703125,"50":2.839999999999999857891452847979962825775146484375,"100":2.279999999999999804600747665972448885440826416015625,"200":2.100000000000000088817841970012523233890533447265625,"400":1.729999999999999982236431605997495353221893310546875},"tiered_pricing_product_settings":{"layout":"default","base_unit_name":{"singular":null,"plural":null},"default_variation":null},"tiered_pricing_minimum_quantity":10,"tiered_pricing_roles_data":[],"tiered_pricing_percentage_rules":[],"tiered_pricing_maximum_quantity":null,"tiered_pricing_quantity_step":"10","_links":{"self":[{"href":"https:\/\/ricovape.com\/hu\/wp-json\/wp\/v2\/product\/29132","targetHints":{"allow":["GET"]}}],"collection":[{"href":"https:\/\/ricovape.com\/hu\/wp-json\/wp\/v2\/product"}],"about":[{"href":"https:\/\/ricovape.com\/hu\/wp-json\/wp\/v2\/types\/product"}],"replies":[{"embeddable":true,"href":"https:\/\/ricovape.com\/hu\/wp-json\/wp\/v2\/comments?post=29132"}],"wp:featuredmedia":[{"embeddable":true,"href":"https:\/\/ricovape.com\/hu\/wp-json\/wp\/v2\/media\/1656"}],"wp:attachment":[{"href":"https:\/\/ricovape.com\/hu\/wp-json\/wp\/v2\/media?parent=29132"}],"wp:term":[{"taxonomy":"product_brand","embeddable":true,"href":"https:\/\/ricovape.com\/hu\/wp-json\/wp\/v2\/product_brand?post=29132"},{"taxonomy":"product_cat","embeddable":true,"href":"https:\/\/ricovape.com\/hu\/wp-json\/wp\/v2\/product_cat?post=29132"},{"taxonomy":"product_tag","embeddable":true,"href":"https:\/\/ricovape.com\/hu\/wp-json\/wp\/v2\/product_tag?post=29132"}],"curies":[{"name":"wp","href":"https:\/\/api.w.org\/{rel}","templated":true}]}}