{"id":27896,"date":"2025-07-07T09:20:26","date_gmt":"2025-07-07T09:20:26","guid":{"rendered":"https:\/\/stage.jrfer.com\/product\/mrvi-18k-18000-puffs-kettos-halos-tekercs-es-4-futesi-mod-omlesztett-eldobhato-vape\/"},"modified":"2026-04-07T14:02:15","modified_gmt":"2026-04-07T14:02:15","slug":"mrvi-18000-puffs","status":"publish","type":"product","link":"https:\/\/ricovape.com\/hu\/termek\/mrvi-18000-puffs\/","title":{"rendered":"MRVI 18K 18000 Puffs | kett\u0151s h\u00e1l\u00f3s tekercs \u00e9s 4 f\u0171t\u00e9si m\u00f3d \u00f6mlesztett eldobhat\u00f3 vape"},"content":{"rendered":"<h2>Mi\u00e9rt v\u00e1lassza az MRVI 18000 Puffot?<\/h2>\n<ul>\n<li><strong>Magas puffad\u00e1ssz\u00e1m:<\/strong> Ak\u00e1r 18 000 bef\u00faj\u00e1s a hosszan tart\u00f3 \u00e9lvezet\u00e9rt \ud83d\udca8<\/li>\n<li><strong>Nagy E-folyad\u00e9k kapacit\u00e1s:<\/strong> A 26 ml-es tart\u00e1ly cs\u00f6kkenti az ut\u00e1nt\u00f6lt\u00e9si neh\u00e9zs\u00e9geket \ud83d\udca7<\/li>\n<li><strong>\u00dajrat\u00f6lthet\u0151 akkumul\u00e1tor:<\/strong> 600 mAh, Type-C gyorst\u00f6lt\u00e9ssel \ud83d\udd0b<\/li>\n<li><strong>Kett\u0151s h\u00e1l\u00f3s tekercs:<\/strong> sima, gazdag \u00edz minden felf\u00faj\u00e1ssal \ud83c\udf2c\ufe0f<\/li>\n<li><strong>\u00c1ll\u00edthat\u00f3 f\u0171t\u00e9s:<\/strong> N\u00e9gy f\u0171t\u00e9si m\u00f3d a szem\u00e9lyre szabott g\u0151z\u00f6l\u00e9shez \ud83d\udd25<\/li>\n<li><strong>Hordozhat\u00f3 kialak\u00edt\u00e1s:<\/strong> Kompakt 43&#215;23,7&#215;99 mm, k\u00f6nnyen hordozhat\u00f3 b\u00e1rhov\u00e1 \ud83c\udf92<\/li>\n<li><strong>Nagykereskedelemre t\u00f6k\u00e9letes:<\/strong> Nagy ig\u00e9ny\u0171 eldobhat\u00f3, vonz\u00f3 funkci\u00f3kkal \ud83d\udce6<\/li>\n<\/ul>\n<h3>M\u0171szaki adatok<\/h3>\n<tbody>\n<tr>\n<td><strong>Puffok sz\u00e1ma:<\/strong><\/td>\n<td>Ak\u00e1r 18 000 f\u00faj\u00e1s<\/td>\n<\/tr>\n<tr>\n<td><strong>E-folyad\u00e9k kapacit\u00e1sa:<\/strong><\/td>\n<td>26 ml<\/td>\n<\/tr>\n<tr>\n<td><strong>Akkumul\u00e1tor:<\/strong><\/td>\n<td>600 mAh \u00fajrat\u00f6lthet\u0151<\/td>\n<\/tr>\n<tr>\n<td><strong>Tekercs:<\/strong><\/td>\n<td>Kett\u0151s 1,0 \u03a9-os h\u00e1l\u00f3tekercs<\/td>\n<\/tr>\n<tr>\n<td><strong>F\u0171t\u00e9si m\u00f3dok:<\/strong><\/td>\n<td>4 \u00e1ll\u00edthat\u00f3 be\u00e1ll\u00edt\u00e1s<\/td>\n<\/tr>\n<tr>\n<td><strong>T\u00f6lt\u00e9s:<\/strong><\/td>\n<td>C t\u00edpus\u00fa gyorst\u00f6lt\u00e9s<\/td>\n<\/tr>\n<tr>\n<td><strong>M\u00e9retek:<\/strong><\/td>\n<td>43&#215;23,7&#215;99 mm<\/td>\n<\/tr>\n<\/tbody>\n<\/table>\n<h3>\u00cdzv\u00e1laszt\u00e1s<\/h3>\n<p>Az <strong>MRVI 18000 Puffs<\/strong> sz\u00e1mos <strong>finom \u00e9s friss\u00edt\u0151 \u00edzben<\/strong> kaphat\u00f3, hogy minden \u00edzl\u00e9snek megfeleljen \ud83c\udf6d:<\/p>\n<ul>\n<li><strong>Szeder \u00e1fonya:<\/strong> \u00c9des-fanyar bogy\u00f3s kever\u00e9k \ud83e\uded0\ud83c\udf52<\/li>\n<li><strong>Citrom M\u00e9sz:<\/strong> Zavaros citrusos friss\u00edt\u0151 \ud83c\udf4b\ud83c\udf48<\/li>\n<li><strong>Fuji J\u00e9g:<\/strong> Ropog\u00f3s Fuji alma fagyos hideggel \ud83c\udf4f\u2744\ufe0f<\/li>\n<li><strong>Sz\u0151l\u0151j\u00e9g:<\/strong> L\u00e9d\u00fas sz\u0151l\u0151 jeges kil\u00e9gz\u00e9ssel \ud83c\udf47\u2744\ufe0f<\/li>\n<li><strong>Cseresznye g\u00f6r\u00f6gdinnye:<\/strong> cseresznye friss dinny\u00e9vel keverve \ud83c\udf52\ud83c\udf49<\/li>\n<li><strong>Epres Kiwi Ice:<\/strong> Gy\u00fcm\u00f6lcs\u00f6s du\u00f3 h\u0171v\u00f6s csavarral \ud83c\udf53\ud83e\udd5d\u2744\ufe0f<\/li>\n<li><strong>G\u00f6r\u00f6gdinnye j\u00e9g:<\/strong> Friss\u00edt\u0151 dinnye jeges befejez\u00e9ssel \ud83c\udf49\u2744\ufe0f<\/li>\n<li><strong>\u0150szibarack mang\u00f3:<\/strong> Tr\u00f3pusi \u00e9dess\u00e9g minden felf\u00faj\u00e1sban \ud83c\udf51\ud83e\udd6d<\/li>\n<li><strong>Anan\u00e1szos eper ban\u00e1n:<\/strong> egzotikus gy\u00fcm\u00f6lcs\u00f6s kokt\u00e9l \ud83c\udf4d\ud83c\udf53\ud83c\udf4c<\/li>\n<li><strong>K\u00e9k Razz J\u00e9g:<\/strong> cs\u00edp\u0151s k\u00e9k m\u00e1lna fagyos sz\u00e9llel \ud83d\udc99\u2744\ufe0f<\/li>\n<\/ul>\n<h3>T\u00f6k\u00e9letes neh\u00e9z felhaszn\u00e1l\u00f3k \u00e9s nagykeresked\u00e9sek sz\u00e1m\u00e1ra<\/h3>\n<p>Az <strong>MRVI 18000 Puffs<\/strong> a <strong>nagy felhaszn\u00e1l\u00f3k, az \u00edzek kedvel\u0151i, a vape boltok \u00e9s a nagykereskedelmi forgalmaz\u00f3k sz\u00e1m\u00e1ra k\u00e9sz\u00fclt<\/strong>. A <strong>kett\u0151s h\u00e1l\u00f3s tekercsekkel, 4 f\u0171t\u00e9si m\u00f3ddal \u00e9s 10 finom \u00edzzel<\/strong> ez egy megb\u00edzhat\u00f3 \u00e9s ig\u00e9nyes v\u00e1laszt\u00e1s szem\u00e9lyes haszn\u00e1latra \u00e9s t\u00f6meges viszontelad\u00e1sra egyar\u00e1nt.<\/p>\n<h3>GYIK<\/h3>\n<ul>\n<li><strong>H\u00e1ny f\u00faj\u00e1sig tart?<\/strong><br \/>\nMinden eszk\u00f6z ak\u00e1r 18 000 f\u00faj\u00e1st is kiad.<\/li>\n<li><strong>\u00dajrat\u00f6lthet\u0151?<\/strong><br \/>\nIgen, 600 mAh-s \u00fajrat\u00f6lthet\u0151 akkumul\u00e1torral rendelkezik, C t\u00edpus\u00fa t\u00f6lt\u00e9ssel.<\/li>\n<li><strong>Be\u00e1ll\u00edthatom a f\u0171t\u00e9st?<\/strong><br \/>\nIgen, v\u00e1lasszon 4 k\u00fcl\u00f6nb\u00f6z\u0151 f\u0171t\u00e9si m\u00f3d k\u00f6z\u00fcl a g\u0151z szem\u00e9lyre szab\u00e1s\u00e1hoz.<\/li>\n<li><strong>H\u00e1ny \u00edz \u00e9rhet\u0151 el?<\/strong><br \/>\nJelenleg 10 \u00fcd\u00edt\u0151 \u00edzben kaphat\u00f3.<\/li>\n<li><strong>Ki v\u00e1s\u00e1rolja meg ezt?<\/strong><br \/>\nT\u00f6k\u00e9letes <strong>neh\u00e9z g\u0151z\u00f6l\u0151kh\u00f6z, \u00edzkeres\u0151kh\u00f6z, vape boltokhoz \u00e9s nagykereskedelmi forgalmaz\u00e1shoz<\/strong>.<\/li>\n<\/ul>\n","protected":false},"excerpt":{"rendered":"<p>Az <strong>MRVI 18000 Puffs<\/strong> \ud83d\ude80 er\u0151t, \u00edzt \u00e9s tart\u00f3ss\u00e1got biztos\u00edt a 26 ml-es e-folyad\u00e9kkal, a <strong>kett\u0151s h\u00e1l\u00f3s tekercsekkel<\/strong> \u00e9s az <strong>\u00e1ll\u00edthat\u00f3 f\u0171t\u00e9si m\u00f3dokkal<\/strong> \u2013 t\u00f6k\u00e9letesen illeszkedik a mindennapi g\u0151z\u00f6l\u0151kh\u00f6z, vape boltokhoz \u00e9s nagykereskedelmi v\u00e1s\u00e1rl\u00f3khoz.<\/p>\n","protected":false},"featured_media":1147,"comment_status":"open","ping_status":"closed","template":"","meta":[],"product_brand":[],"product_cat":[472,862,1013,1084,826,1261,1294,1225,1327,1471,1545,1406,1365,1509,1439,2176,1598,1674,1636,400,1708,1046,900],"product_tag":[],"class_list":{"0":"post-27896","1":"product","2":"type-product","3":"status-publish","4":"has-post-thumbnail","6":"product_cat-18000-puff-eldobhato-vape","7":"product_cat-big-puffs-vapes","8":"product_cat-digitalis-doboz-vapes","9":"product_cat-dual-mesh-vapes","10":"product_cat-eldobhato-vape-tipusok","11":"product_cat-eldobhato-vapes-ausztriaban","12":"product_cat-eldobhato-vapes-belgiumban","13":"product_cat-eldobhato-vapes-europaban","14":"product_cat-eldobhato-vapes-franciaorszagban","15":"product_cat-eldobhato-vapes-hollandiaban","16":"product_cat-eldobhato-vapes-lengyelorszagban","17":"product_cat-eldobhato-vapes-magyarorszagon","18":"product_cat-eldobhato-vapes-nemetorszagban","19":"product_cat-eldobhato-vapes-norvegiaban","20":"product_cat-eldobhato-vapes-olaszorszagban","21":"product_cat-eldobhato-vapes-portugaliaban","22":"product_cat-eldobhato-vapes-spanyolorszagban","23":"product_cat-eldobhato-vapes-svajcban","24":"product_cat-eldobhato-vapes-svedorszagban","25":"product_cat-kulonbozo-puffadasu-eldobhato-gozok","26":"product_cat-mrvi","27":"product_cat-smart-screen-vapes","28":"product_cat-ujratoltheto-vapes","30":"first","31":"instock","32":"shipping-taxable","33":"purchasable","34":"product-type-variable","35":"has-default-attributes"},"jetpack_sharing_enabled":true,"tiered_pricing_type":"fixed","tiered_pricing_fixed_rules":{"100":5.61000000000000031974423109204508364200592041015625,"200":4.87000000000000010658141036401502788066864013671875,"400":4.57000000000000028421709430404007434844970703125},"tiered_pricing_product_settings":{"layout":"default","base_unit_name":{"singular":null,"plural":null},"default_variation":null},"tiered_pricing_minimum_quantity":50,"tiered_pricing_roles_data":[],"tiered_pricing_percentage_rules":[],"tiered_pricing_maximum_quantity":null,"tiered_pricing_quantity_step":"10","_links":{"self":[{"href":"https:\/\/ricovape.com\/hu\/wp-json\/wp\/v2\/product\/27896","targetHints":{"allow":["GET"]}}],"collection":[{"href":"https:\/\/ricovape.com\/hu\/wp-json\/wp\/v2\/product"}],"about":[{"href":"https:\/\/ricovape.com\/hu\/wp-json\/wp\/v2\/types\/product"}],"replies":[{"embeddable":true,"href":"https:\/\/ricovape.com\/hu\/wp-json\/wp\/v2\/comments?post=27896"}],"wp:featuredmedia":[{"embeddable":true,"href":"https:\/\/ricovape.com\/hu\/wp-json\/wp\/v2\/media\/1147"}],"wp:attachment":[{"href":"https:\/\/ricovape.com\/hu\/wp-json\/wp\/v2\/media?parent=27896"}],"wp:term":[{"taxonomy":"product_brand","embeddable":true,"href":"https:\/\/ricovape.com\/hu\/wp-json\/wp\/v2\/product_brand?post=27896"},{"taxonomy":"product_cat","embeddable":true,"href":"https:\/\/ricovape.com\/hu\/wp-json\/wp\/v2\/product_cat?post=27896"},{"taxonomy":"product_tag","embeddable":true,"href":"https:\/\/ricovape.com\/hu\/wp-json\/wp\/v2\/product_tag?post=27896"}],"curies":[{"name":"wp","href":"https:\/\/api.w.org\/{rel}","templated":true}]}}