{"id":26822,"date":"2025-07-07T09:21:41","date_gmt":"2025-07-07T09:21:41","guid":{"rendered":"https:\/\/stage.jrfer.com\/product\/okso-magic-mirror-50k-50000-puff-rgb-tukorbevonatu-eldobhato-vape\/"},"modified":"2026-04-07T12:57:16","modified_gmt":"2026-04-07T12:57:16","slug":"okso-magic-mirror-50000","status":"publish","type":"product","link":"https:\/\/ricovape.com\/hu\/termek\/okso-magic-mirror-50000\/","title":{"rendered":"OKSO Magic Mirror 50K | 50000 puff rgb t\u00fck\u00f6rbevonat\u00fa eldobhat\u00f3 vape"},"content":{"rendered":"<h2>Mi\u00e9rt v\u00e1lassza az OKSO Magic Mirror 50K-t?<\/h2>\n<ul>\n<li><strong>\u00d3ri\u00e1si 50 000 bef\u00faj\u00e1s:<\/strong> Hosszan tart\u00f3 kezel\u00e9sek kevesebb cser\u00e9vel \ud83d\udd25<\/li>\n<li><strong>Kett\u0151s h\u00e1l\u00f3s tekercs:<\/strong> Sima g\u0151z, gazdag \u00edz \u00e9s s\u0171r\u0171 felh\u0151k \ud83c\udf2c\ufe0f<\/li>\n<li><strong>40 ml el\u0151ret\u00f6lt\u00f6tt E-folyad\u00e9k:<\/strong> Megb\u00edzhat\u00f3, hossz\u00fa t\u00e1v\u00fa haszn\u00e1lat \ud83d\udca7<\/li>\n<li><strong>Nikotin opci\u00f3k:<\/strong> 0%, 2%, 3% \u00e9s 5% k\u00fcl\u00f6nb\u00f6z\u0151 ig\u00e9nyekhez \ud83d\udc4d<\/li>\n<li><strong>850 mAh \u00fajrat\u00f6lthet\u0151 akkumul\u00e1tor:<\/strong> Type-C gyorst\u00f6lt\u00e9ssel \ud83d\udd0b<\/li>\n<li><strong>T\u00fck\u00f6rf\u00e9nyez\u00e9s + RGB vil\u00e1g\u00edt\u00e1s:<\/strong> St\u00edlusos \u00e9s szemet gy\u00f6ny\u00f6rk\u00f6dtet\u0151 \ud83c\udf08<\/li>\n<li><strong>LED kijelz\u0151:<\/strong> Val\u00f3s idej\u0171 puffad\u00e1s- \u00e9s akkumul\u00e1tork\u00f6vet\u00e9s \ud83d\udcca<\/li>\n<li><strong>Gyermekz\u00e1r:<\/strong> Biztons\u00e1gosabb kialak\u00edt\u00e1s a nyugalom\u00e9rt \ud83d\udd12<\/li>\n<li><strong>Nagykereskedelmi k\u00e9szen \u00e1ll:<\/strong> T\u00f6meges csomagol\u00e1s ide\u00e1lis a B2B v\u00e1s\u00e1rl\u00f3k sz\u00e1m\u00e1ra \ud83d\udce6<\/li>\n<\/ul>\n<h3>M\u0171szaki adatok<\/h3>\n<tbody>\n<tr>\n<td><strong>Puff kapacit\u00e1s:<\/strong><\/td>\n<td>Ak\u00e1r 50 000 f\u00faj\u00e1s<\/td>\n<\/tr>\n<tr>\n<td><strong>E-folyad\u00e9k kapacit\u00e1sa:<\/strong><\/td>\n<td>40 ml<\/td>\n<\/tr>\n<tr>\n<td><strong>Akkumul\u00e1tor:<\/strong><\/td>\n<td>850 mAh \u00fajrat\u00f6lthet\u0151, C t\u00edpus\u00fa t\u00f6lt\u00e9s<\/td>\n<\/tr>\n<tr>\n<td><strong>Tekercs t\u00edpusa:<\/strong><\/td>\n<td>Kett\u0151s h\u00e1l\u00f3s tekercs<\/td>\n<\/tr>\n<tr>\n<td><strong>Nikotin opci\u00f3k:<\/strong><\/td>\n<td>0%, 2%, 3%, 5%<\/td>\n<\/tr>\n<tr>\n<td><strong>Tervez\u00e9s:<\/strong><\/td>\n<td>T\u00fckr\u00f6s kivitel RGB LED-effektusokkal<\/td>\n<\/tr>\n<tr>\n<td><strong>Kijelz\u0151:<\/strong><\/td>\n<td>LED akkumul\u00e1tor- \u00e9s puffad\u00e1sk\u00f6vet\u0151<\/td>\n<\/tr>\n<tr>\n<td><strong>Biztons\u00e1g:<\/strong><\/td>\n<td>Be\u00e9p\u00edtett gyerekz\u00e1r<\/td>\n<\/tr>\n<\/tbody>\n<\/table>\n<h3>\u00cdzv\u00e1laszt\u00e1s<\/h3>\n<p>Az <strong>OKSO Magic Mirror 50K<\/strong> 10 izgalmas \u00edzben kaphat\u00f3, mindegyiket \u00fagy tervezt\u00e9k, hogy megfeleljen a k\u00fcl\u00f6nb\u00f6z\u0151 \u00edzl\u00e9si preferenci\u00e1knak:<\/p>\n<ul>\n<li><strong>K\u00e9k Razz j\u00e9g:<\/strong> Fak\u00f3 k\u00e9k m\u00e1lna jeges frissess\u00e9ggel \ud83e\uded0\u2744\ufe0f<\/li>\n<li><strong>Buja j\u00e9g:<\/strong> Klasszikus g\u00f6r\u00f6gdinnye fagyos \u00fct\u00e9ssel \ud83c\udf49\u2744\ufe0f<\/li>\n<li><strong>Eperj\u00e9g:<\/strong> Mentollal kevert \u00e9des eper \ud83c\udf53\u2744\ufe0f<\/li>\n<li><strong>Sz\u0151l\u0151j\u00e9g:<\/strong> Mer\u00e9sz sz\u0151l\u0151 \u00edz h\u0171s\u00edt\u0151 lecseng\u00e9ssel \ud83c\udf47\u2744\ufe0f<\/li>\n<li><strong>SZERETET 66:<\/strong> Egzotikus gy\u00fcm\u00f6lcs\u00f6s kever\u00e9k v\u00edzipipa st\u00edlus\u00fa csavarral \ud83d\udc95<\/li>\n<li><strong>H\u00f6lgy Killa:<\/strong> tr\u00f3pusi kokt\u00e9lok ihlette \u00edz \ud83c\udf79<\/li>\n<li><strong>Menta j\u00e9g:<\/strong> Tiszta, friss\u00edt\u0151 menta h\u0171s\u00edt\u0151 \u00e9rint\u00e9ssel \ud83c\udf3f\u2744\ufe0f<\/li>\n<li><strong>Epres g\u00f6r\u00f6gdinnye:<\/strong> eper \u00e9s dinnye l\u00e9d\u00fas kombin\u00e1ci\u00f3ja \ud83c\udf53\ud83c\udf49<\/li>\n<li><strong>Kiwi passi\u00f3gy\u00fcm\u00f6lcs:<\/strong> \u00e9des, cs\u00edp\u0151s tr\u00f3pusi du\u00f3 \ud83e\udd5d\ud83e\udd6d<\/li>\n<li><strong>Kevert bogy\u00f3s gy\u00fcm\u00f6lcs\u00f6k:<\/strong> a mer\u00e9sz bogy\u00f3s \u00e9dess\u00e9g kever\u00e9ke \ud83c\udf53\ud83e\uded0\ud83c\udf52<\/li>\n<\/ul>\n<h3>T\u00f6k\u00e9letes neh\u00e9z felhaszn\u00e1l\u00f3k \u00e9s nagykereskedelmi v\u00e1s\u00e1rl\u00f3k sz\u00e1m\u00e1ra<\/h3>\n<p>Az <strong>OKSO Magic Mirror 50K<\/strong> a legjobb v\u00e1laszt\u00e1s a <strong>neh\u00e9z g\u0151z\u00f6k, az \u00edzek szerelmesei \u00e9s a vape boltok forgalmaz\u00f3i<\/strong> sz\u00e1m\u00e1ra. Hosszan tart\u00f3 puffad\u00e1ssz\u00e1ma, pr\u00e9mium diz\u00e1jnja \u00e9s sokoldal\u00fa nikotinv\u00e1laszt\u00e9ka kiv\u00e1l\u00f3 kieg\u00e9sz\u00edt\u0151je a <strong>nagykereskedelmi terjeszt\u00e9snek<\/strong>. \ud83d\udcaf\ud83d\ude80<\/p>\n<h3>GYIK<\/h3>\n<ul>\n<li><strong>Mennyi ideig tart?<\/strong><br \/>\nAk\u00e1r 50 000 bef\u00faj\u00e1ssal ak\u00e1r hetekig is kitart a haszn\u00e1latt\u00f3l f\u00fcgg\u0151en.<\/li>\n<li><strong>\u00dajrat\u00f6lthet\u0151?<\/strong><br \/>\nIgen, 850 mAh-s akkumul\u00e1torral rendelkezik, C t\u00edpus\u00fa gyorst\u00f6lt\u00e9ssel.<\/li>\n<li><strong>T\u00e1mogatja a nikotinmentes g\u0151z\u00f6l\u00e9st?<\/strong><br \/>\nIgen, 0% nikotin is el\u00e9rhet\u0151 a 2%, 3% \u00e9s 5% er\u0151ss\u00e9g mellett.<\/li>\n<li><strong>Mit\u0151l egyedi?<\/strong><br \/>\nA t\u00fck\u00f6rf\u00e9nyez\u00e9s, az RGB vil\u00e1g\u00edt\u00e1s \u00e9s a kett\u0151s h\u00e1l\u00f3s tekercs kiemeli.<\/li>\n<li><strong>Nagykereskedelemre alkalmas?<\/strong><br \/>\nAbszol\u00fat. Magas puffad\u00e1sa \u00e9s \u00edzv\u00e1laszt\u00e9ka er\u0151s elad\u00f3v\u00e1 teszi a vape boltokban \u00e9s a B2B piacokon.<\/li>\n<\/ul>\n","protected":false},"excerpt":{"rendered":"<p>Az <strong>OKSO Magic Mirror 50K<\/strong> \u2728 <strong>ak\u00e1r 50 000 bef\u00faj\u00e1st<\/strong> ad le pr\u00e9mium <strong>kett\u0151s h\u00e1l\u00f3s tekercs<\/strong>tel, hatalmas 40 ml-es e-folyad\u00e9kkal \u00e9s st\u00edlusos t\u00fck\u00f6rbevonattal RGB vil\u00e1g\u00edt\u00e1ssal. T\u00f6k\u00e9letes a <strong>nagykereskedelmi v\u00e1s\u00e1rl\u00f3knak, forgalmaz\u00f3knak \u00e9s nagy felhaszn\u00e1l\u00f3knak<\/strong>, akik hosszan tart\u00f3 teljes\u00edtm\u00e9nyt \u00e9s mer\u00e9sz \u00edzeket keresnek.<\/p>\n","protected":false},"featured_media":1667,"comment_status":"open","ping_status":"closed","template":"","meta":[],"product_brand":[],"product_cat":[617,1843],"product_tag":[],"class_list":{"0":"post-26822","1":"product","2":"type-product","3":"status-publish","4":"has-post-thumbnail","6":"product_cat-40000-puff-eldobhato-vape","7":"product_cat-okso","9":"first","10":"instock","11":"shipping-taxable","12":"purchasable","13":"product-type-variable","14":"has-default-attributes"},"jetpack_sharing_enabled":true,"tiered_pricing_type":"fixed","tiered_pricing_fixed_rules":{"30":9.5,"60":8.9000000000000003552713678800500929355621337890625,"100":8.300000000000000710542735760100185871124267578125,"200":7.9000000000000003552713678800500929355621337890625},"tiered_pricing_product_settings":{"layout":"default","base_unit_name":{"singular":null,"plural":null},"default_variation":null},"tiered_pricing_minimum_quantity":10,"tiered_pricing_roles_data":[],"tiered_pricing_percentage_rules":[],"tiered_pricing_maximum_quantity":null,"tiered_pricing_quantity_step":"10","_links":{"self":[{"href":"https:\/\/ricovape.com\/hu\/wp-json\/wp\/v2\/product\/26822","targetHints":{"allow":["GET"]}}],"collection":[{"href":"https:\/\/ricovape.com\/hu\/wp-json\/wp\/v2\/product"}],"about":[{"href":"https:\/\/ricovape.com\/hu\/wp-json\/wp\/v2\/types\/product"}],"replies":[{"embeddable":true,"href":"https:\/\/ricovape.com\/hu\/wp-json\/wp\/v2\/comments?post=26822"}],"wp:featuredmedia":[{"embeddable":true,"href":"https:\/\/ricovape.com\/hu\/wp-json\/wp\/v2\/media\/1667"}],"wp:attachment":[{"href":"https:\/\/ricovape.com\/hu\/wp-json\/wp\/v2\/media?parent=26822"}],"wp:term":[{"taxonomy":"product_brand","embeddable":true,"href":"https:\/\/ricovape.com\/hu\/wp-json\/wp\/v2\/product_brand?post=26822"},{"taxonomy":"product_cat","embeddable":true,"href":"https:\/\/ricovape.com\/hu\/wp-json\/wp\/v2\/product_cat?post=26822"},{"taxonomy":"product_tag","embeddable":true,"href":"https:\/\/ricovape.com\/hu\/wp-json\/wp\/v2\/product_tag?post=26822"}],"curies":[{"name":"wp","href":"https:\/\/api.w.org\/{rel}","templated":true}]}}