{"id":24950,"date":"2025-10-21T03:02:23","date_gmt":"2025-10-21T03:02:23","guid":{"rendered":"https:\/\/stage.jrfer.com\/product\/waspe-aiviou-6-az-1-ben-150-000-puff-leghosszabb-elettartamu-eldobhato-vape-led-kijelzovel\/"},"modified":"2026-04-07T11:44:25","modified_gmt":"2026-04-07T11:44:25","slug":"waspe-aiviou-6-in-1-150000-puffs-longest-lasting-disposable-vape-with-led-display","status":"publish","type":"product","link":"https:\/\/ricovape.com\/hu\/termek\/waspe-aiviou-6-in-1-150000-puffs-longest-lasting-disposable-vape-with-led-display\/","title":{"rendered":"WASPE AIVIOU 6 az 1-ben 150 000 Puff | leghosszabb \u00e9lettartam\u00fa eldobhat\u00f3 vape led kijelz\u0151vel"},"content":{"rendered":"<h2>WASPE AIVIOU 6 az 1-ben 150000 Puff \ud83d\udca8 | leghosszabb \u00e9lettartam\u00fa eldobhat\u00f3 vape led kijelz\u0151vel<\/h2>\n<h3>\ud83d\udd25 Mi\u00e9rt v\u00e1lassza a WASPE 150k 6 az 1-ben k\u00e9sz\u00fcl\u00e9ket?<\/h3>\n<ul>\n<li style=\"list-style-type: none\">\n<ul>\n<li>\ud83d\udda5\ufe0f <strong>Intelligens LED-kijelz\u0151:<\/strong> Az akkumul\u00e1tor \u00e9s az e-liquid t\u00f6lt\u00f6tts\u00e9gi szintj\u00e9t egyar\u00e1nt tiszt\u00e1n mutatja.<\/li>\n<li>\ud83c\udf0d <strong>Nikotin opci\u00f3k:<\/strong> 0%, 2% vagy 5% er\u0151ss\u00e9gben kaphat\u00f3.<\/li>\n<li>\ud83d\udca8 <strong>150 000 bef\u00faj\u00e1s:<\/strong> Meghosszabb\u00edtott g\u0151z\u00f6l\u0151er\u0151 a hosszan tart\u00f3 \u00e9lvezet\u00e9rt.<\/li>\n<li>\ud83c\udf08 <strong>6 az 1-ben \u00edzrendszer:<\/strong> z\u00f6kken\u0151mentesen v\u00e1lthat hat el\u0151ret\u00f6lt\u00f6tt \u00edz k\u00f6z\u00f6tt egy eszk\u00f6zben.<\/li>\n<li>\u2699\ufe0f <strong>Triple Mesh Coil (1,0 \u03a9):<\/strong> Sim\u00e1bb g\u0151zt \u00e9s er\u0151sebb \u00edzt biztos\u00edt.<\/li>\n<li>\ud83d\udd0b <strong>650 mAh \u00fajrat\u00f6lthet\u0151 akkumul\u00e1tor:<\/strong> C t\u00edpus\u00fa t\u00f6lt\u00e9s a megb\u00edzhat\u00f3 teljes\u00edtm\u00e9ny \u00e9rdek\u00e9ben.<\/li>\n<li>\ud83e\uddc3 <strong>T\u00f6meges, 64 ml-es E-folyad\u00e9k \u0171rtartalom:<\/strong> A tart\u00f3ss\u00e1gra \u00e9s az \u00edzek \u00e1lland\u00f3s\u00e1g\u00e1ra tervezt\u00e9k.<\/li>\n<\/ul>\n<\/li>\n<\/ul>\n<h3>\u2699\ufe0f M\u0171szaki adatok<\/h3>\n<tbody>\n<tr>\n<td><strong>Puff Count<\/strong><\/td>\n<td>150 000<\/td>\n<\/tr>\n<tr>\n<td><strong>Tekercs<\/strong><\/td>\n<td>Mesh tekercs 1,0 \u03a9 x 3<\/td>\n<\/tr>\n<tr>\n<td><strong>E-folyad\u00e9k kapacit\u00e1s<\/strong><\/td>\n<td>64 ml<\/td>\n<\/tr>\n<tr>\n<td><strong>Akkumul\u00e1tor<\/strong><\/td>\n<td>650 mAh \u00fajrat\u00f6lthet\u0151<\/td>\n<\/tr>\n<tr>\n<td><strong>T\u00f6lt\u00e9s<\/strong><\/td>\n<td>C t\u00edpus\u00fa gyorst\u00f6lt\u00e9s<\/td>\n<\/tr>\n<tr>\n<td><strong>Kijelz\u0151<\/strong><\/td>\n<td>LED akkumul\u00e1tor \u00e9s E-folyad\u00e9k visszajelz\u0151<\/td>\n<\/tr>\n<tr>\n<td><strong>Nikotin er\u0151ss\u00e9ge<\/strong><\/td>\n<td>0% \/ 2% \/ 5%<\/td>\n<\/tr>\n<\/tbody>\n<\/table>\n<h3>\ud83c\udf53 \u00cdzkombin\u00e1ci\u00f3k<\/h3>\n<ol>\n<li>G\u00f6r\u00f6gdinnye j\u00e9g \u2022 Citromos lime \u2022 Citrombarack<\/li>\n<li>\u00c1fonya-j\u00e9g \u2022 Eper-kiwi \u2022 Cseresznye-eper-j\u00e9g<\/li>\n<li>Red Bull Ice \u2022 M\u00e1lna pompa \u2022 Savany\u00fa mang\u00f3 eper<\/li>\n<li>Epres g\u00f6r\u00f6gdinnye \u2022 L\u00e9d\u00fas \u0151szibarackj\u00e9g \u2022 Triple Berry Ice<\/li>\n<li>Cherry Cola Ice \u2022 Epres Red Bull Ice \u2022 G\u00f6r\u00f6gdinnye m\u00e1lna<\/li>\n<li>Sz\u0151l\u0151j\u00e9g \u2022 Blue Razz Cherry \u2022 Strawberry Ice<\/li>\n<li>Vegyes bogy\u00f3s gy\u00fcm\u00f6lcs\u00f6k \u2022 Black Dragon Ice \u2022 Strawberry Cherry Cola<\/li>\n<li>Fizzy Cola Ice \u2022 Energiaital \u2022 Cherry Ice<\/li>\n<li>Eperban\u00e1n \u2022 Kiwi g\u00f6r\u00f6gdinnye \u2022 K\u00f3kuszos eper<\/li>\n<li>Red Bull Cola Ice \u2022 Epres m\u00e1lnacseresznye \u2022 Szeder s\u00e1rk\u00e1nygy\u00fcm\u00f6lcs<\/li>\n<li>Epres g\u00f6r\u00f6gdinnye r\u00e1g\u00f3gumi \u2022 Savany\u00fa mang\u00f3j\u00e9g \u2022 Epres sz\u0151l\u0151j\u00e9g<\/li>\n<li>Dinnye maracuja \u2022 Szederj\u00e9g \u2022 Almakiwi<\/li>\n<\/ol>\n<h3>\ud83d\udcac GYIK<\/h3>\n<p><strong>K:<\/strong> K\u00f6nnyen v\u00e1lthatok \u00edzeket?<br \/>\n<strong>V:<\/strong> Igen! A be\u00e9p\u00edtett v\u00e1laszt\u00f3 lehet\u0151v\u00e9 teszi a gyors \u00edzv\u00e1lt\u00e1st kisziv\u00e1rg\u00e1s vagy kevered\u00e9s n\u00e9lk\u00fcl.<\/p>\n<p><strong>K:<\/strong> Hogyan t\u00f6lthetem fel?<br \/>\n<strong>V:<\/strong> Haszn\u00e1ljon b\u00e1rmilyen C t\u00edpus\u00fa k\u00e1belt \u2013 a LED jelz\u0151f\u00e9ny mutatja a t\u00f6lt\u00e9s folyamat\u00e1t.<\/p>\n<p>\u00a0<\/p>\n<p>A <\/p>\n<p><strong>WASPE AIVIOU 6 az 1-ben 150 000 Puffs<\/strong> a t\u00f6k\u00e9letes eldobhat\u00f3 vape nagyfelhaszn\u00e1l\u00f3knak, \u00edzkeres\u0151knek \u00e9s B2B viszontelad\u00f3knak. \u00c9lvezze a leghosszabb ideig tart\u00f3 teljes\u00edtm\u00e9nyt \u00e9s v\u00e1ltozatoss\u00e1got egyetlen kompakt, krist\u00e1lytiszta k\u00e9sz\u00fcl\u00e9kben.<\/p>\n<p><img data-recalc-dims=\"1\" decoding=\"async\" style=\"max-width: 100%;height: auto;display: block;margin: 0 auto\" src=\"https:\/\/i0.wp.com\/ricovape.com\/wp-content\/uploads\/2025\/10\/%E5%9C%BA%E6%99%AF080000-%E6%8B%B7%E8%B4%9D.jpg?ssl=1\" alt=\"WASPE AIVIOU 6-in-1 150000 Puffs\" title=\"\"><\/p>\n","protected":false},"excerpt":{"rendered":"<p>Fedezze fel a <strong>WASPE AIVIOU 6-in-1<\/strong>-et \u2013 egy k\u00f6vetkez\u0151 gener\u00e1ci\u00f3s eldobhat\u00f3 vape-ot, amely <strong>150 000 f\u00faj\u00e1st<\/strong>, hat finom \u00edzt k\u00edn\u00e1l egyetlen eszk\u00f6zben, valamint \u00e1tl\u00e1tsz\u00f3 LED-k\u00e9perny\u0151t az akkumul\u00e1tor \u00e9s az e-folyad\u00e9k nyomon k\u00f6vet\u00e9s\u00e9hez. T\u00f6k\u00e9letes a vape-rajong\u00f3knak \u00e9s a hossz\u00fa t\u00e1v\u00fa felhaszn\u00e1l\u00f3knak!<\/p>\n","protected":false},"featured_media":6306,"comment_status":"open","ping_status":"closed","template":"","meta":[],"product_brand":[],"product_cat":[391,759,1151,1187,1922],"product_tag":[685,717,753,788,832,898,928,866,1034,965,995],"class_list":{"0":"post-24950","1":"product","2":"type-product","3":"status-publish","4":"has-post-thumbnail","6":"product_cat-waspe","7":"product_cat-100k-puffs-eldobhato-vape","8":"product_cat-a-legjobb-eldobhato-vape","9":"product_cat-olcso-ujratoltheto-eldobhato-vape","10":"product_cat-uj","11":"product_tag-150-000-fujas-eldobhato-vape-ujratoltheto","12":"product_tag-150-000-puff-eldobhato-vape-nagykereskedelem","13":"product_tag-6-az-1-ben-tobb-izu-eldobhato-vape","14":"product_tag-eldobhato-vape-led-kijelzovel","15":"product_tag-eldobhato-vape-tobbfele-izesitessel","16":"product_tag-legmagasabb-puffadasszamu-eldobhato-vape","17":"product_tag-legtartosabb-eldobhato-vape-150000-fujas","18":"product_tag-nagy-kapacitasu-eldobhato-e-cigi","19":"product_tag-nagykereskedelmi-eldobhato-vape-beszallito-europa","20":"product_tag-tobb-izu-eldobhato-vape-nagykereskedelem-europa","21":"product_tag-ultratartos-vape","23":"first","24":"instock","25":"shipping-taxable","26":"purchasable","27":"product-type-variable","28":"has-default-attributes"},"jetpack_sharing_enabled":true,"tiered_pricing_type":"fixed","tiered_pricing_fixed_rules":{"30":9.3800000000000007815970093361102044582366943359375,"50":7.6500000000000003552713678800500929355621337890625,"100":7.30999999999999960920149533194489777088165283203125,"200":6.519999999999999573674358543939888477325439453125,"400":6.230000000000000426325641456060111522674560546875},"tiered_pricing_product_settings":{"layout":"default","base_unit_name":{"singular":null,"plural":null},"default_variation":null},"tiered_pricing_minimum_quantity":10,"tiered_pricing_roles_data":[],"tiered_pricing_percentage_rules":[],"tiered_pricing_maximum_quantity":null,"tiered_pricing_quantity_step":"10","_links":{"self":[{"href":"https:\/\/ricovape.com\/hu\/wp-json\/wp\/v2\/product\/24950","targetHints":{"allow":["GET"]}}],"collection":[{"href":"https:\/\/ricovape.com\/hu\/wp-json\/wp\/v2\/product"}],"about":[{"href":"https:\/\/ricovape.com\/hu\/wp-json\/wp\/v2\/types\/product"}],"replies":[{"embeddable":true,"href":"https:\/\/ricovape.com\/hu\/wp-json\/wp\/v2\/comments?post=24950"}],"wp:featuredmedia":[{"embeddable":true,"href":"https:\/\/ricovape.com\/hu\/wp-json\/wp\/v2\/media\/6306"}],"wp:attachment":[{"href":"https:\/\/ricovape.com\/hu\/wp-json\/wp\/v2\/media?parent=24950"}],"wp:term":[{"taxonomy":"product_brand","embeddable":true,"href":"https:\/\/ricovape.com\/hu\/wp-json\/wp\/v2\/product_brand?post=24950"},{"taxonomy":"product_cat","embeddable":true,"href":"https:\/\/ricovape.com\/hu\/wp-json\/wp\/v2\/product_cat?post=24950"},{"taxonomy":"product_tag","embeddable":true,"href":"https:\/\/ricovape.com\/hu\/wp-json\/wp\/v2\/product_tag?post=24950"}],"curies":[{"name":"wp","href":"https:\/\/api.w.org\/{rel}","templated":true}]}}