{"id":24591,"date":"2026-03-12T04:24:31","date_gmt":"2026-03-12T04:24:31","guid":{"rendered":"https:\/\/stage.jrfer.com\/product\/bang-leader-50k-dual-pod-rendszer-50000-felfujas-40-ml-nagy-kapacitasu-omlesztett-eldobhato-vape\/"},"modified":"2026-04-07T10:28:32","modified_gmt":"2026-04-07T10:28:32","slug":"bang-leader-50k-dual-pod-system-50000-puffs-40ml-high-capacity-bulk-disposable-vape","status":"publish","type":"product","link":"https:\/\/ricovape.com\/hu\/termek\/bang-leader-50k-dual-pod-system-50000-puffs-40ml-high-capacity-bulk-disposable-vape\/","title":{"rendered":"Bang Leader 50K | dual pod rendszer 50000 felf\u00faj\u00e1s, 40 ml, nagy kapacit\u00e1s\u00fa, \u00f6mlesztett eldobhat\u00f3 vape"},"content":{"rendered":"<p>A <\/p>\n<p>\ud83c\udf1f <strong>A Bang Leader 50000 puffant\u00e1sos eldobhat\u00f3 vape<\/strong> egy olyan eszk\u00f6z, amelyet azok sz\u00e1m\u00e1ra terveztek, akik t\u00f6bbet keresnek. A szok\u00e1sos eldobhat\u00f3 term\u00e9kekt\u0151l elt\u00e9r\u0151en ez a k\u00e9szlet egy innovat\u00edv <strong>Dual Pod rendszerrel<\/strong> rendelkezik, amely elk\u00e9peszt\u0151 <strong>40 ml e-folyad\u00e9kot (20 ml + 20 ml)<\/strong> tartalmaz. Legyen sz\u00f3 kiskereskedelmi vape boltr\u00f3l, aki a legmen\u0151bb \u00faj term\u00e9ket keresi, vagy egy g\u0151z\u00f6l\u0151r\u0151l van sz\u00f3, aki belef\u00e1radt abba, hogy kifogy a gy\u00fcm\u00f6lcsl\u00e9, a Bang Leader p\u00e1ratlan teljes\u00edtm\u00e9nyt ny\u00fajt.<\/p>\n<p>A robusztus, 650 mAh-s \u00fajrat\u00f6lthet\u0151 akkumul\u00e1torral \u00e9s az \u00e1ll\u00edthat\u00f3 nikotiner\u0151ss\u00e9g-be\u00e1ll\u00edt\u00e1sokkal (0% \u00e9s 5%) k\u00f6z\u00f6tt minden ig\u00e9nyt kiel\u00e9g\u00edt. V\u00e1ltson az \u00edzek k\u00f6z\u00f6tt, \u00e9lvezze a hatalmas felh\u0151ket, \u00e9s tapasztalja meg a val\u00f3ban tart\u00f3s k\u00e9sz\u00fcl\u00e9k k\u00e9nyelm\u00e9t. \ud83d\udd25<\/p>\n<h2>Mi\u00e9rt v\u00e1lassza a Bang Leader 50000 puffant? \ud83c\udfc6<\/h2>\n<ul>\n<li><strong>\ud83e\udd2f Hatalmas, 50 000 puffad\u00e1sos kapacit\u00e1s:<\/strong> Az egyik leghosszabb \u00e9lettartam\u00fa k\u00e9sz\u00fcl\u00e9k a piacon, amely cs\u00f6kkenti a gyakori cser\u00e9k sz\u00fcks\u00e9gess\u00e9g\u00e9t. T\u00f6k\u00e9letes utaz\u00e1shoz vagy hossz\u00fa t\u00e1v\u00fa haszn\u00e1latra.<\/li>\n<li><strong>\ud83d\udd04 Innovat\u00edv Dual Pod technol\u00f3gia:<\/strong> Mi\u00e9rt el\u00e9gedjen meg egy tankkal? Ehhez az eszk\u00f6zh\u00f6z k\u00e9t 20 ml-es tok tartozik, amelyek \u00f6sszesen 40 ml pr\u00e9mium e-folyad\u00e9kot tartalmaznak. Ez biztos\u00edtja a friss \u00edzt az els\u0151 felf\u00faj\u00e1st\u00f3l az \u00f6tvenezredikig.<\/li>\n<li><strong>\ud83d\udd0b Megb\u00edzhat\u00f3 \u00e9s \u00fajrat\u00f6lthet\u0151:<\/strong> 650 mAh-s akkumul\u00e1torral \u00e9s Type-C t\u00f6lt\u00e9st\u00e1mogat\u00e1ssal (a k\u00e1bel nem tartoz\u00e9k) felszerelve, amely biztos\u00edtja, hogy az e-liquid utols\u00f3 cseppj\u00e9t is elp\u00e1rologtassa.<\/li>\n<li><strong>\ud83c\udf9a\ufe0f Testreszabott nikotiner\u0151ss\u00e9g:<\/strong> 0%, 2%, 3% \u00e9s 5% v\u00e1ltozatban kaphat\u00f3. Ak\u00e1r leszoktatja a nikotint, ak\u00e1r egy er\u0151s \u00fct\u00e9st keres, n\u00e1lunk megtal\u00e1lja a megfelel\u0151 szintet.<\/li>\n<li><strong>\ud83d\udcbc Legjobb t\u00f6meges \u00e9s nagykereskedelmi forgalomban:<\/strong> A magas puffad\u00e1ssz\u00e1m magasabb \u00e9rt\u00e9ket jelent. Ez a term\u00e9k kiv\u00e1l\u00f3 v\u00e1laszt\u00e1s a forgalmaz\u00f3k \u00e9s kiskeresked\u0151k sz\u00e1m\u00e1ra, akiknek c\u00e9lja a haszonkulcs n\u00f6vel\u00e9se egy nagy kereslet\u0171 term\u00e9kkel.<\/li>\n<\/ul>\n<h2>A Bang Leader 50K specifik\u00e1ci\u00f3i \ud83d\udcca<\/h2>\n<\/p>\n<thead>\n<tr>\n<th>Funkci\u00f3<\/th>\n<th>R\u00e9szletek<\/th>\n<\/tr>\n<\/thead>\n<tbody>\n<tr>\n<td><strong>Puff Count<\/strong><\/td>\n<td>Ak\u00e1r 50 000 sz\u00edv\u00e1s<\/td>\n<\/tr>\n<tr>\n<td><strong>E-folyad\u00e9k kapacit\u00e1s<\/strong><\/td>\n<td>40 ml \u00f6sszesen (kett\u0151s 20 ml-es tok)<\/td>\n<\/tr>\n<tr>\n<td><strong>Akkumul\u00e1torkapacit\u00e1s<\/strong><\/td>\n<td>650 mAh (\u00fajrat\u00f6lthet\u0151)<\/td>\n<\/tr>\n<tr>\n<td><strong>Nikotin er\u0151ss\u00e9ge<\/strong><\/td>\n<td>0%, 2%, 3%, 5% opci\u00f3k<\/td>\n<\/tr>\n<tr>\n<td><strong>T\u00f6lt\u0151port<\/strong><\/td>\n<td>C t\u00edpus\u00fa USB<\/td>\n<\/tr>\n<tr>\n<td><strong>Tekercs t\u00edpusa<\/strong><\/td>\n<td>Speci\u00e1lis mesh tekercs a tiszta \u00edz\u00e9rt<\/td>\n<\/tr>\n<tr>\n<td><strong>L\u00e9g\u00e1raml\u00e1s<\/strong><\/td>\n<td>MTL-hez vagy RDL-hez \u00e1ll\u00edthat\u00f3<\/td>\n<\/tr>\n<\/tbody>\n<\/table>\n<h2>Bang Leader 50 ezer \u00edzv\u00e1laszt\u00e9k \ud83c\udf47\ud83c\udf49<\/h2>\n<p>A Bang Leader 50K nem csak a m\u00e9retr\u0151l sz\u00f3l; az \u00edzl\u00e9sr\u0151l sz\u00f3l! Mindegyik k\u00e9sz\u00fcl\u00e9k izgalmas kett\u0151s \u00edz\u00e9lm\u00e9nyt vagy \u00f6sszetett kever\u00e9keket k\u00edn\u00e1l. \u00cdme a legkelend\u0151bb kombin\u00e1ci\u00f3k:<\/p>\n<ul>\n<li><strong>\ud83c\udf53\ud83c\udf52 Eper M\u00e1lna Cseresznye J\u00e9g &amp; Cseresznye:<\/strong> Bogy\u00f3s robban\u00e1s h\u0171v\u00f6s, jeges befejez\u00e9ssel, klasszikus \u00e9descseresznye puncsos p\u00e1ros\u00edt\u00e1ssal.<\/li>\n<li><strong>\ud83c\udf49\ud83d\udc02 G\u00f6r\u00f6gdinnye eper \u00e9s g\u00f6r\u00f6gdinnye Redbull:<\/strong> A ny\u00e1ri gy\u00fcm\u00f6lcs\u00f6k energiz\u00e1l\u00f3 italcsavarral tal\u00e1lkoznak.<\/li>\n<li><strong>\ud83c\udf47 Fekete sz\u0151l\u0151 \u00e9s z\u00f6ld sz\u0151l\u0151:<\/strong> A sz\u0151l\u0151 v\u00e9gs\u0151 csat\u00e1ja \u2013 a m\u00e9ly, gazdag \u00e9dess\u00e9g a ropog\u00f3s, fanyar frissess\u00e9g ellen.<\/li>\n<li><strong>\ud83c\udf4f\ud83e\udd5d Almak\u00f6rte \u00e9s kivi golgotagy\u00fcm\u00f6lcs guava:<\/strong> Egyik oldalon ropog\u00f3s gy\u00fcm\u00f6lcs\u00f6s kever\u00e9k, a m\u00e1sikon tr\u00f3pusi paradicsom.<\/li>\n<li><strong>\ud83c\udf4d\ud83c\udf4b Savany\u00fa anan\u00e1sz limon\u00e1d\u00e9 \u00e9s citromos lime Redbull:<\/strong> Zamatos, citrusos, \u00e9s t\u00f6k\u00e9letes azok sz\u00e1m\u00e1ra, akik szeretik a savany\u00fa \u00edzeket.<\/li>\n<li><strong>\ud83c\udf4c\ud83e\udd6d Ban\u00e1n j\u00e9g \u00e9s eper mang\u00f3:<\/strong> Tejsz\u00ednes ban\u00e1nfagy, sima tr\u00f3pusi gy\u00fcm\u00f6lcsturmixtal p\u00e1ros\u00edtva.<\/li>\n<li><strong>\ud83e\uded0 \u00c1fonya-savany\u00fa m\u00e1lna \u00e9s \u00e1fonya:<\/strong> Dupla adag \u00e1fonya savany\u00fa m\u00e1ln\u00e1s csavarral.<\/li>\n<li><strong>\ud83e\udd64\ud83c\udf4b Cseresznye k\u00f3la \u00e9s r\u00f3zsasz\u00edn limon\u00e1d\u00e9:<\/strong> Pezsg\u0151 \u00fcd\u00edt\u0151ital hangulat \u00fcd\u00edt\u0151 limon\u00e1d\u00e9val.<\/li>\n<li><strong>\ud83c\udf79 \u00c1fony\u00e1s m\u00e1ln\u00e1s limon\u00e1d\u00e9 \u00e9s epres m\u00e1ln\u00e1s cseresznyej\u00e9g:<\/strong> Bogy\u00f3k \u00e9s citrusf\u00e9l\u00e9k \u00f6sszetett kever\u00e9ke a kifinomult \u00edz\u00e9rt.<\/li>\n<li><strong>\ud83c\udf53\ud83e\udd5d Eper Kiwi &amp; Eper J\u00e9g:<\/strong> A klasszikus p\u00e1ros hideg eper \u00e9rz\u00e9ssel kieg\u00e9sz\u00edtve.<\/li>\n<li><strong>\ud83c\udf4d\ud83e\uddca Anan\u00e1sz passi\u00f3gy\u00fcm\u00f6lcs \u00e9s anan\u00e1szj\u00e9g:<\/strong> Tiszta egzotikus arany, amely \u00e9des maracuja jegyeket \u00e9s jeges anan\u00e1szos fel\u00fcd\u00fcl\u00e9st k\u00edn\u00e1l.<\/li>\n<li><strong>\ud83c\udf78 Lime M\u00e1lna Mojito \u00e9s Cseresznye M\u00e1lna M\u00e9sz:<\/strong> Kokt\u00e9l ihlette kever\u00e9k, amely zamatos, ment\u00e1s \u00e9s \u00e9des.<\/li>\n<li><strong>\ud83c\udfb2 V\u00e9letlenszer\u0171 \u00edzek:<\/strong> Nem tud d\u00f6nteni? V\u00e1laszd ezt a lehet\u0151s\u00e9get a gyors k\u00e9zbes\u00edt\u00e9shez \u00e9s egy kellemes meglepet\u00e9shez!<\/li>\n<\/ul>\n<h2>Kinek val\u00f3 ez a term\u00e9k? \ud83c\udfaf<\/h2>\n<p>A <strong>Bang Leader 50000 Puffs<\/strong> a v\u00e9gs\u0151 megold\u00e1s azoknak a <strong>s\u00falyos felhaszn\u00e1l\u00f3knak<\/strong>, akik belef\u00e1radtak abba, hogy k\u00e9t nap alatt elpusztulnak a g\u0151zeik. Az <strong>\u00edzszerz\u0151k<\/strong> sz\u00e1m\u00e1ra k\u00e9sz\u00fclt, akik v\u00e1ltozatoss\u00e1gra v\u00e1gynak an\u00e9lk\u00fcl, hogy t\u00f6bb eszk\u00f6zt kellene magukkal vinni\u00fck.<\/p>\n<p><strong>B2B v\u00e1s\u00e1rl\u00f3k \u00e9s Vape Shopok:<\/strong> Ez egy magas jegyet \u00e9rdeml\u0151 term\u00e9k, amely lesz\u00e1ll a polcokr\u00f3l. Egyed\u00fcl\u00e1ll\u00f3 \u00e9rt\u00e9kes\u00edt\u00e9si pontja (50 000 puff + Dual Pod) megk\u00f6nny\u00edti az elad\u00e1st a hagyom\u00e1nyos eldobhat\u00f3 term\u00e9kekhez k\u00e9pest. K\u00e9sz\u00edtsen k\u00e9szletet most a nagykereskedelmi forgalmaz\u00e1sra, \u00e9s k\u00edn\u00e1lja v\u00e1s\u00e1rl\u00f3inak a piacon a legjobb \u00e1r-\u00e9rt\u00e9ket! \ud83d\udce6\ud83d\ude9b<\/p>\n<h2>Gyakran Ism\u00e9telt K\u00e9rd\u00e9sek (GYIK) \u2753<\/h2>\n<h3>1. Hogyan m\u0171k\u00f6dnek a Dual Pods?<\/h3>\n<p>A k\u00e9sz\u00fcl\u00e9k k\u00e9t k\u00fcl\u00f6n 20 ml-es tart\u00e1lyt tartalmaz egy egys\u00e9gen bel\u00fcl. Ez hatalmas, 40 ml-es \u00f6sszkapacit\u00e1st tesz lehet\u0151v\u00e9, \u00edgy az eszk\u00f6z l\u00e9nyegesen tov\u00e1bb b\u00edrja, mint a hagyom\u00e1nyos egytart\u00e1lyos g\u0151z\u00f6k.<\/p>\n<h3>2. A Bang Leader 50000 \u00fajrat\u00f6lthet\u0151?<\/h3>\n<p>Igen! A hatalmas, 50 000 puffad\u00e1ssz\u00e1m t\u00e1mogat\u00e1sa \u00e9rdek\u00e9ben az eszk\u00f6z egy 650 mAh-s akkumul\u00e1torral rendelkezik, amely Type-C USB-porton kereszt\u00fcl t\u00f6lthet\u0151 (a k\u00e1bel \u00e1ltal\u00e1ban k\u00fcl\u00f6n v\u00e1s\u00e1rolhat\u00f3 meg), \u00edgy egy csepp gy\u00fcm\u00f6lcslevet sem vesz\u00edthet el.<\/p>\n<h3>3. Melyik a legjobb nikotiner\u0151ss\u00e9g sz\u00e1momra?<\/h3>\n<p>Ha megpr\u00f3b\u00e1l teljesen leszokni a nikotinr\u00f3l, v\u00e1lassza a <strong>0%<\/strong> lehet\u0151s\u00e9get. Az enyhe tal\u00e1lathoz v\u00e1lassza a <strong>2%-ot<\/strong>. Az er\u0151s doh\u00e1nyosok \u00e1ltal\u00e1ban az <strong>5%-ot<\/strong> r\u00e9szes\u00edtik el\u0151nyben a maxim\u00e1lis el\u00e9gedetts\u00e9g \u00e9rdek\u00e9ben.<\/p>\n<h3>4. K\u00edn\u00e1l nagykereskedelmi \u00e1rat?<\/h3>\n<p>Igen! T\u00f6meges megrendel\u00e9sekre specializ\u00e1l\u00f3dtunk vape \u00fczletek \u00e9s forgalmaz\u00f3k sz\u00e1m\u00e1ra. K\u00e9rj\u00fck, v\u00e1lassza ki a t\u00f6meges lehet\u0151s\u00e9geket, vagy vegye fel a kapcsolatot \u00e9rt\u00e9kes\u00edt\u00e9si csapatunkkal, ha versenyk\u00e9pes \u00e1rakat szeretne kapni nagy megrendel\u00e9sek eset\u00e9n.<\/p>\n","protected":false},"excerpt":{"rendered":"<p>A \ud83c\udf1f A Bang Leader 50000 puffant\u00e1sos eldobhat\u00f3 vape egy olyan eszk\u00f6z, amelyet azok sz\u00e1m\u00e1ra terveztek, akik t\u00f6bbet keresnek. A szok\u00e1sos eldobhat\u00f3 term\u00e9kekt\u0151l elt\u00e9r\u0151en ez a k\u00e9szlet egy innovat\u00edv Dual Pod rendszerrel rendelkezik, amely elk\u00e9peszt\u0151 40 ml e-folyad\u00e9kot (20 ml + 20 ml) tartalmaz. Legyen sz\u00f3 kiskereskedelmi vape boltr\u00f3l, aki a legmen\u0151bb \u00faj term\u00e9ket keresi, [&hellip;]<\/p>\n","protected":false},"featured_media":6791,"comment_status":"open","ping_status":"closed","template":"","meta":[],"product_brand":[],"product_cat":[617,692,346],"product_tag":[2133,2142,2151,2160,2169],"class_list":{"0":"post-24591","1":"product","2":"type-product","3":"status-publish","4":"has-post-thumbnail","6":"product_cat-40000-puff-eldobhato-vape","7":"product_cat-60000-puff-eldobhato-vape","8":"product_cat-bang","9":"product_tag-50000-puffs-vape","10":"product_tag-bang-leader-50000","11":"product_tag-bang-vape","12":"product_tag-dual-pod-eldobhato","13":"product_tag-ujratoltheto-vape","15":"first","16":"instock","17":"shipping-taxable","18":"purchasable","19":"product-type-variable","20":"has-default-attributes"},"jetpack_sharing_enabled":true,"tiered_pricing_type":"fixed","tiered_pricing_fixed_rules":{"30":8.5600000000000004973799150320701301097869873046875,"50":7,"100":6.480000000000000426325641456060111522674560546875,"200":6.089999999999999857891452847979962825775146484375,"400":5.5099999999999997868371792719699442386627197265625},"tiered_pricing_product_settings":{"layout":"default","base_unit_name":{"singular":null,"plural":null},"default_variation":null},"tiered_pricing_minimum_quantity":10,"tiered_pricing_roles_data":[],"tiered_pricing_percentage_rules":[],"tiered_pricing_maximum_quantity":null,"tiered_pricing_quantity_step":"10","_links":{"self":[{"href":"https:\/\/ricovape.com\/hu\/wp-json\/wp\/v2\/product\/24591","targetHints":{"allow":["GET"]}}],"collection":[{"href":"https:\/\/ricovape.com\/hu\/wp-json\/wp\/v2\/product"}],"about":[{"href":"https:\/\/ricovape.com\/hu\/wp-json\/wp\/v2\/types\/product"}],"replies":[{"embeddable":true,"href":"https:\/\/ricovape.com\/hu\/wp-json\/wp\/v2\/comments?post=24591"}],"wp:featuredmedia":[{"embeddable":true,"href":"https:\/\/ricovape.com\/hu\/wp-json\/wp\/v2\/media\/6791"}],"wp:attachment":[{"href":"https:\/\/ricovape.com\/hu\/wp-json\/wp\/v2\/media?parent=24591"}],"wp:term":[{"taxonomy":"product_brand","embeddable":true,"href":"https:\/\/ricovape.com\/hu\/wp-json\/wp\/v2\/product_brand?post=24591"},{"taxonomy":"product_cat","embeddable":true,"href":"https:\/\/ricovape.com\/hu\/wp-json\/wp\/v2\/product_cat?post=24591"},{"taxonomy":"product_tag","embeddable":true,"href":"https:\/\/ricovape.com\/hu\/wp-json\/wp\/v2\/product_tag?post=24591"}],"curies":[{"name":"wp","href":"https:\/\/api.w.org\/{rel}","templated":true}]}}