{"id":24375,"date":"2025-07-07T09:21:41","date_gmt":"2025-07-07T09:21:41","guid":{"rendered":"https:\/\/stage.jrfer.com\/product\/okso-shisha-max-40k-40000-puff-halos-tekercses-eldobhato-vape-allithato-teljesitmennyel\/"},"modified":"2026-04-07T12:54:17","modified_gmt":"2026-04-07T12:54:17","slug":"okso-shisha-max-40000","status":"publish","type":"product","link":"https:\/\/ricovape.com\/hu\/termek\/okso-shisha-max-40000\/","title":{"rendered":"OKSO Shisha Max 40K | 40000 puff h\u00e1l\u00f3s tekercses eldobhat\u00f3 vape \u00e1ll\u00edthat\u00f3 teljes\u00edtm\u00e9nnyel"},"content":{"rendered":"<h2>Mi\u00e9rt v\u00e1lassza az OKSO Shisha Max 40K-t?<\/h2>\n<ul>\n<li><strong>40 000 sz\u00edv\u00e1s:<\/strong> Extra hossz\u00fa \u00e9lettartam a megszak\u00edt\u00e1s n\u00e9lk\u00fcli g\u0151z\u00f6l\u00e9s\u00e9rt \ud83d\udd25<\/li>\n<li><strong>0,6\u03a9 Mesh Coil:<\/strong> Egyenletes, gazdag \u00e9s \u00edzletes sl\u00e1gerek \ud83c\udf2c\ufe0f<\/li>\n<li><strong>36 ml E-liquid:<\/strong> Nagy tart\u00e1ly a tart\u00f3s \u00e9lvezet\u00e9rt \ud83d\udca7<\/li>\n<li><strong>Nikotin rugalmass\u00e1g:<\/strong> V\u00e1lasszon a 0%, 2%, 3% vagy 5% k\u00f6z\u00fcl \ud83d\udc4d<\/li>\n<li><strong>\u00dajrat\u00f6lthet\u0151 800 mAh-s akkumul\u00e1tor:<\/strong> Megb\u00edzhat\u00f3 teljes\u00edtm\u00e9ny Type-C t\u00f6lt\u00e9ssel \ud83d\udd0b<\/li>\n<li><strong>LED kijelz\u0151:<\/strong> Tiszta puffad\u00e1s- \u00e9s akkumul\u00e1torfigyel\u00e9s \ud83d\udcca<\/li>\n<li><strong>\u00c1ll\u00edthat\u00f3 teljes\u00edtm\u00e9ny \u00e9s l\u00e9g\u00e1raml\u00e1s:<\/strong> Szabja szem\u00e9lyre a vape-j\u00e1t \u2699\ufe0f<\/li>\n<li><strong>Gyermekz\u00e1r:<\/strong> Biztons\u00e1gosabb haszn\u00e1lat be\u00e9p\u00edtett v\u00e9delemmel \ud83d\udd12<\/li>\n<li><strong>Nagykereskedelmi k\u00e9szen \u00e1ll:<\/strong> Ide\u00e1lis B2B v\u00e1s\u00e1rl\u00f3k \u00e9s vape \u00fczletek sz\u00e1m\u00e1ra \ud83d\udce6<\/li>\n<\/ul>\n<h3>M\u0171szaki adatok<\/h3>\n<tbody>\n<tr>\n<td><strong>Puff kapacit\u00e1s:<\/strong><\/td>\n<td>40 000 f\u00faj\u00e1s<\/td>\n<\/tr>\n<tr>\n<td><strong>E-folyad\u00e9k t\u00e9rfogata:<\/strong><\/td>\n<td>36 ml el\u0151ret\u00f6lt\u00f6tt<\/td>\n<\/tr>\n<tr>\n<td><strong>Tekercs t\u00edpusa:<\/strong><\/td>\n<td>0,6\u03a9 mesh tekercs<\/td>\n<\/tr>\n<tr>\n<td><strong>Akkumul\u00e1tor:<\/strong><\/td>\n<td>800 mAh \u00fajrat\u00f6lthet\u0151, C t\u00edpus\u00fa t\u00f6lt\u00e9s<\/td>\n<\/tr>\n<tr>\n<td><strong>Nikotin opci\u00f3k:<\/strong><\/td>\n<td>0%, 2%, 3%, 5%<\/td>\n<\/tr>\n<tr>\n<td><strong>Kijelz\u0151:<\/strong><\/td>\n<td>LED-k\u00e9perny\u0151 az akkumul\u00e1tor- \u00e9s puffad\u00e1sadatokhoz<\/td>\n<\/tr>\n<tr>\n<td><strong>L\u00e9g\u00e1raml\u00e1s \u00e9s teljes\u00edtm\u00e9ny:<\/strong><\/td>\n<td>Teljesen \u00e1ll\u00edthat\u00f3 be\u00e1ll\u00edt\u00e1sok<\/td>\n<\/tr>\n<tr>\n<td><strong>Biztons\u00e1g:<\/strong><\/td>\n<td>Gyermekz\u00e1r funkci\u00f3<\/td>\n<\/tr>\n<\/tbody>\n<\/table>\n<h3>\u00cdzv\u00e1laszt\u00e1s<\/h3>\n<p>Az <strong>OKSO Shisha Max 40K<\/strong> klasszikus \u00e9s egzotikus \u00edzek mer\u00e9sz kever\u00e9k\u00e9ben \u00e9rkezik, hogy minden \u00edzl\u00e9st kiel\u00e9g\u00edtsen:<\/p>\n<ul>\n<li><strong>K\u00e9t alma:<\/strong> Egy v\u00edzipipa klasszikus ropog\u00f3s alm\u00e1s \u00e9dess\u00e9ggel \ud83c\udf4f\ud83c\udf4e<\/li>\n<li><strong>Sz\u0151l\u0151menta:<\/strong> L\u00e9d\u00fas sz\u0151l\u0151, h\u0171v\u00f6s ment\u00e1val egyens\u00falyozva \ud83c\udf47\ud83c\udf3f<\/li>\n<li><strong>Cseresznye Fiesta:<\/strong> \u00c9des \u00e9s cs\u00edp\u0151s cseresznye \ud83c\udf52<\/li>\n<li><strong>Barack j\u00e9g:<\/strong> L\u00e9d\u00fas \u0151szibarack jeges friss\u00edt\u0151vel \ud83c\udf51\u2744\ufe0f<\/li>\n<li><strong>Var\u00e1zslatos szerelem:<\/strong> Egzotikus gy\u00fcm\u00f6lcs\u00f6s kever\u00e9k v\u00edzipipa st\u00edlus\u00fa csavarral \ud83d\udc95<\/li>\n<li><strong>Eper puncs:<\/strong> \u00c9des eper \u00fct\u0151s lecseng\u00e9ssel \ud83c\udf53\ud83e\udd4a<\/li>\n<li><strong>K\u00e9k Razz J\u00e9g:<\/strong> \u00e9l\u00e9nk k\u00e9k m\u00e1lna jeges r\u00fag\u00e1ssal \ud83e\uded0\u2744\ufe0f<\/li>\n<li><strong>Buja J\u00e9g:<\/strong> G\u00f6r\u00f6gdinnye \u00e9dess\u00e9g h\u0171s\u00edt\u0151 mentollal \ud83c\udf49\u2744\ufe0f<\/li>\n<li><strong>Epres g\u00f6r\u00f6gdinnye:<\/strong> L\u00e9d\u00fas eper-dinnye komb\u00f3 \ud83c\udf53\ud83c\udf49<\/li>\n<li><strong>Bogy\u00f3s Menta:<\/strong> Vegyes bogy\u00f3s gy\u00fcm\u00f6lcs\u00f6k friss menta egyens\u00faly\u00e1val \ud83c\udf53\ud83e\uded0\ud83c\udf3f<\/li>\n<\/ul>\n<h3>T\u00f6k\u00e9letes neh\u00e9z felhaszn\u00e1l\u00f3knak \u00e9s nagykereskedelmi forgalmaz\u00e1snak<\/h3>\n<p>Az <strong>OKSO Shisha Max 40K<\/strong> a <strong>neh\u00e9z g\u0151z\u00f6l\u0151kh\u00f6z, \u00edzel\u00edt\u0151kh\u00f6z \u00e9s vape bolti viszontelad\u00f3khoz k\u00e9sz\u00fclt<\/strong>. <strong>Magas puffad\u00e1ssz\u00e1m\u00e1val, pr\u00e9mium tekercstechnol\u00f3gi\u00e1j\u00e1val \u00e9s sokoldal\u00fa nikotinv\u00e1laszt\u00e9k\u00e1val<\/strong> kiv\u00e1l\u00f3an illeszkedik <strong>t\u00f6meges rendel\u00e9sekhez \u00e9s nagykereskedelmi forgalmaz\u00e1shoz<\/strong>. \ud83d\ude80\ud83d\udcaf<\/p>\n<h3>GYIK<\/h3>\n<ul>\n<li><strong>Mennyi ideig m\u0171k\u00f6dik egy eszk\u00f6z?<\/strong><br \/>\nAk\u00e1r 40 000 f\u00faj\u00e1s a haszn\u00e1lati szok\u00e1sokt\u00f3l f\u00fcgg\u0151en.<\/li>\n<li><strong>\u00dajrat\u00f6lthet\u0151?<\/strong><br \/>\nIgen, 800 mAh-s \u00fajrat\u00f6lthet\u0151 akkumul\u00e1torral \u00e9s C t\u00edpus\u00fa t\u00f6lt\u00e9ssel rendelkezik.<\/li>\n<li><strong>V\u00e1zolhatok nikotin n\u00e9lk\u00fcl?<\/strong><br \/>\nIgen, 0%-os nikotinban, valamint 2%, 3% \u00e9s 5%-os opci\u00f3kban kaphat\u00f3.<\/li>\n<li><strong>\u00c1ll\u00edthat\u00f3 a l\u00e9g\u00e1raml\u00e1s?<\/strong><br \/>\nIgen, a l\u00e9g\u00e1raml\u00e1st \u00e9s a teljes\u00edtm\u00e9nyt is be\u00e1ll\u00edthatja az egy\u00e9ni \u00e9lm\u00e9ny \u00e9rdek\u00e9ben.<\/li>\n<li><strong>J\u00f3 a nagykereskedelmi v\u00e1s\u00e1rl\u00f3knak?<\/strong><br \/>\nMagas puffad\u00e1si sz\u00e1ma \u00e9s \u00edzvil\u00e1ga ide\u00e1liss\u00e1 teszi a vape boltok \u00e9s forgalmaz\u00f3k sz\u00e1m\u00e1ra.<\/li>\n<\/ul>\n","protected":false},"excerpt":{"rendered":"<p>Az <strong>OKSO Shisha Max 40K<\/strong> \ud83d\udca8 <strong>40 000 f\u00faj\u00e1s<\/strong> sima \u00edzt biztos\u00edt <strong>0,6 \u03a9 mesh tekercs<\/strong>vel, 36 ml pr\u00e9mium l\u00e9vel \u00e9s \u00e1ll\u00edthat\u00f3 be\u00e1ll\u00edt\u00e1sokkal. T\u00f6k\u00e9letes <strong>nagykereskedelmi forgalmaz\u00f3knak, vape \u00fczleteknek \u00e9s neh\u00e9z felhaszn\u00e1l\u00f3knak<\/strong>, akik megb\u00edzhat\u00f3, hossz\u00fa t\u00e1v\u00fa teljes\u00edtm\u00e9nyt keresnek.<\/p>\n","protected":false},"featured_media":1737,"comment_status":"open","ping_status":"closed","template":"","meta":[],"product_brand":[],"product_cat":[617,1843],"product_tag":[],"class_list":{"0":"post-24375","1":"product","2":"type-product","3":"status-publish","4":"has-post-thumbnail","6":"product_cat-40000-puff-eldobhato-vape","7":"product_cat-okso","9":"first","10":"instock","11":"shipping-taxable","12":"purchasable","13":"product-type-variable","14":"has-default-attributes"},"jetpack_sharing_enabled":true,"tiered_pricing_type":"fixed","tiered_pricing_fixed_rules":{"30":7.62999999999999989341858963598497211933135986328125,"50":5.9000000000000003552713678800500929355621337890625,"100":5.28000000000000024868995751603506505489349365234375,"200":4.910000000000000142108547152020037174224853515625,"400":4.480000000000000426325641456060111522674560546875},"tiered_pricing_product_settings":{"layout":"default","base_unit_name":{"singular":null,"plural":null},"default_variation":null},"tiered_pricing_minimum_quantity":10,"tiered_pricing_roles_data":[],"tiered_pricing_percentage_rules":[],"tiered_pricing_maximum_quantity":null,"tiered_pricing_quantity_step":"10","_links":{"self":[{"href":"https:\/\/ricovape.com\/hu\/wp-json\/wp\/v2\/product\/24375","targetHints":{"allow":["GET"]}}],"collection":[{"href":"https:\/\/ricovape.com\/hu\/wp-json\/wp\/v2\/product"}],"about":[{"href":"https:\/\/ricovape.com\/hu\/wp-json\/wp\/v2\/types\/product"}],"replies":[{"embeddable":true,"href":"https:\/\/ricovape.com\/hu\/wp-json\/wp\/v2\/comments?post=24375"}],"wp:featuredmedia":[{"embeddable":true,"href":"https:\/\/ricovape.com\/hu\/wp-json\/wp\/v2\/media\/1737"}],"wp:attachment":[{"href":"https:\/\/ricovape.com\/hu\/wp-json\/wp\/v2\/media?parent=24375"}],"wp:term":[{"taxonomy":"product_brand","embeddable":true,"href":"https:\/\/ricovape.com\/hu\/wp-json\/wp\/v2\/product_brand?post=24375"},{"taxonomy":"product_cat","embeddable":true,"href":"https:\/\/ricovape.com\/hu\/wp-json\/wp\/v2\/product_cat?post=24375"},{"taxonomy":"product_tag","embeddable":true,"href":"https:\/\/ricovape.com\/hu\/wp-json\/wp\/v2\/product_tag?post=24375"}],"curies":[{"name":"wp","href":"https:\/\/api.w.org\/{rel}","templated":true}]}}