{"id":24347,"date":"2025-07-07T09:20:26","date_gmt":"2025-07-07T09:20:26","guid":{"rendered":"https:\/\/stage.jrfer.com\/product\/poco-bl10000-10k-puffs-allithato-legaramlas-omlesztett-eldobhato-vape\/"},"modified":"2026-04-07T13:57:53","modified_gmt":"2026-04-07T13:57:53","slug":"poco-bl10000-puffs","status":"publish","type":"product","link":"https:\/\/ricovape.com\/hu\/termek\/poco-bl10000-puffs\/","title":{"rendered":"POCO BL10000 10K Puffs | \u00e1ll\u00edthat\u00f3 l\u00e9g\u00e1raml\u00e1s \u00f6mlesztett eldobhat\u00f3 vape"},"content":{"rendered":"<h2>Mi\u00e9rt v\u00e1lassza a POCO BL10000-et?<\/h2>\n<ul>\n<li><strong>Hossz\u00fa \u00e9lettartam:<\/strong> Ak\u00e1r 10 000 bef\u00faj\u00e1s a verhetetlen \u00e9rt\u00e9k\u00e9rt \ud83d\udd25<\/li>\n<li><strong>Big Juice Tank:<\/strong> 20 ml-es e-liquid a kevesebb ut\u00e1nt\u00f6lt\u00e9s\u00e9rt \u00e9s t\u00f6bb \u00e9lvezet\u00e9rt \ud83d\udca7<\/li>\n<li><strong>\u00dajrat\u00f6lthet\u0151 teljes\u00edtm\u00e9ny:<\/strong> 650 mAh-s akkumul\u00e1tor C-t\u00edpus\u00fa gyorst\u00f6lt\u00e9ssel \ud83d\udd0b<\/li>\n<li><strong>\u00c1ll\u00edthat\u00f3 l\u00e9g\u00e1raml\u00e1s:<\/strong> A g\u0151ztermel\u00e9s testreszab\u00e1sa az \u00d6n st\u00edlus\u00e1nak megfelel\u0151en \ud83c\udf2c\ufe0f<\/li>\n<li><strong>Nikotiner\u0151ss\u00e9g:<\/strong> 5%-os el\u00e9gedetts\u00e9g a sima, er\u0151s \u00fct\u00e9sek\u00e9rt \u2705<\/li>\n<li><strong>Kompakt \u00e9s hordozhat\u00f3:<\/strong> K\u00f6nnyen hordozhat\u00f3, t\u00f6k\u00e9letes mindennapi g\u0151z\u00f6l\u00e9shez \ud83d\udc5c<\/li>\n<li><strong>Nagykeresked\u00e9sbar\u00e1t:<\/strong> Nagy kereslet\u0171 funkci\u00f3k a v\u00e1s\u00e1rl\u00f3k vonz\u00e1s\u00e1ra \ud83d\udce6<\/li>\n<\/ul>\n<h3>M\u0171szaki adatok<\/h3>\n<tbody>\n<tr>\n<td><strong>Puffok sz\u00e1ma:<\/strong><\/td>\n<td>Ak\u00e1r 10 000 f\u00faj\u00e1s<\/td>\n<\/tr>\n<tr>\n<td><strong>E-folyad\u00e9k kapacit\u00e1sa:<\/strong><\/td>\n<td>20 ml<\/td>\n<\/tr>\n<tr>\n<td><strong>Akkumul\u00e1tor:<\/strong><\/td>\n<td>650 mAh \u00fajrat\u00f6lthet\u0151<\/td>\n<\/tr>\n<tr>\n<td><strong>T\u00f6lt\u00e9s:<\/strong><\/td>\n<td>C t\u00edpus\u00fa gyorst\u00f6lt\u00e9s<\/td>\n<\/tr>\n<tr>\n<td><strong>Nikotin:<\/strong><\/td>\n<td>5%<\/td>\n<\/tr>\n<tr>\n<td><strong>L\u00e9g\u00e1raml\u00e1s:<\/strong><\/td>\n<td>Az egy\u00e9ni \u00e9lm\u00e9nyhez \u00e1ll\u00edthat\u00f3<\/td>\n<\/tr>\n<\/tbody>\n<\/table>\n<h3>\u00cdzv\u00e1laszt\u00e1s<\/h3>\n<p>Fedezzen fel <strong>15 izgalmas \u00edzt<\/strong> a <strong>POCO BL10000<\/strong> k\u00e9sz\u00fcl\u00e9kkel, amely az \u00edzek kedvel\u0151inek \u00e9s a v\u00e1ltozatoss\u00e1g kedvel\u0151inek k\u00e9sz\u00fclt \ud83c\udf6d:<\/p>\n<ul>\n<li><strong>Epres Kiwi:<\/strong> Az \u00e9des \u00e9s a cs\u00edp\u0151s l\u00e9d\u00fas kever\u00e9ke \ud83c\udf53\ud83e\udd5d<\/li>\n<li><strong>\u00c1fonya cseresznye k\u00f3la:<\/strong> Gy\u00fcm\u00f6lcs\u00f6s csavar a klasszikus k\u00f3l\u00e1n \ud83e\uded0\ud83c\udf52\ud83e\udd64<\/li>\n<li><strong>Fekete J\u00e9g S\u00e1rk\u00e1ny Gy\u00fcm\u00f6lcs Eper:<\/strong> Egzotikus \u00e9s men\u0151 \ud83d\udc09\ud83c\udf53\u2744\ufe0f<\/li>\n<li><strong>M\u00e1lna g\u00f6r\u00f6gdinnye:<\/strong> friss\u00edt\u0151 ny\u00e1ri gy\u00fcm\u00f6lcskever\u00e9k \ud83c\udf49\ud83c\udf47<\/li>\n<li><strong>Eperban\u00e1n:<\/strong> Sima \u00e9s kr\u00e9mes klasszikus \ud83c\udf53\ud83c\udf4c<\/li>\n<li><strong>Mang\u00f3narancsos grapefruit:<\/strong> Tr\u00f3pusi citrusrobban\u00e1s \ud83e\udd6d\ud83c\udf4a\ud83c\udf4a<\/li>\n<li><strong>\u0150szibarack \u00c1fonya Puha Cukorka:<\/strong> Gy\u00fcm\u00f6lcs\u00f6s \u00e9dess\u00e9g \ud83c\udf51\ud83e\uded0\ud83c\udf6c<\/li>\n<li><strong>Alo\u00e9 sz\u0151l\u0151:<\/strong> Egyedi, sima \u00e9s friss\u00edt\u0151 \ud83c\udf47\ud83c\udf3f<\/li>\n<li><strong>H\u0171v\u00f6s menta:<\/strong> Tiszta, ropog\u00f3s \u00e9s jeges \u2744\ufe0f\ud83c\udf31<\/li>\n<li><strong>Epermang\u00f3:<\/strong> \u00c9des \u00e9s tr\u00f3pusi f\u00fazi\u00f3 \ud83c\udf53\ud83e\udd6d<\/li>\n<li><strong>Szenved\u00e9ly Gy\u00fcm\u00f6lcs Kiwi Guj\u00e1vafa:<\/strong> Egzotikus sokgy\u00fcm\u00f6lcs \ud83e\udd5d\ud83e\udd6d\ud83e\udd64<\/li>\n<li><strong>Epres g\u00f6r\u00f6gdinnye:<\/strong> klasszikus friss\u00edt\u0151 komb\u00f3 \ud83c\udf53\ud83c\udf49<\/li>\n<li><strong>Alma \u0151szibarack:<\/strong> Ropog\u00f3s \u00e9s l\u00e9d\u00fas gy\u00fcm\u00f6lcs\u00f6s kever\u00e9k \ud83c\udf4f\ud83c\udf51<\/li>\n<li><strong>\u00c1fonya m\u00e1lna:<\/strong> \u00c9des \u00e9s fanyar bogy\u00f3s du\u00f3 \ud83e\uded0\ud83c\udf47<\/li>\n<li><strong>Sz\u0151l\u0151s feketeribizli sz\u00f3da:<\/strong> Pezsg\u0151 sz\u0151l\u0151sz\u00f3da csavarral \ud83c\udf47\ud83e\udd64<\/li>\n<\/ul>\n<h3>T\u00f6k\u00e9letes neh\u00e9z felhaszn\u00e1l\u00f3k \u00e9s nagykeresked\u00e9sek sz\u00e1m\u00e1ra<\/h3>\n<p>A <strong>POCO BL10000<\/strong> az <strong>er\u0151s felhaszn\u00e1l\u00f3knak, az \u00edzek kedvel\u0151inek, a vape boltoknak \u00e9s a t\u00f6meges v\u00e1s\u00e1rl\u00f3knak k\u00e9sz\u00fclt<\/strong>. \u00c1ll\u00edthat\u00f3 l\u00e9g\u00e1raml\u00e1ssal, nagy puffan\u00e1ssz\u00e1mmal \u00e9s 15 \u00ednycsikland\u00f3 \u00edzzel a legjobb v\u00e1laszt\u00e1s a kiskeresked\u0151k \u00e9s a forgalmaz\u00f3k sz\u00e1m\u00e1ra, akik egy bestsellert keresnek.<\/p>\n<h3>GYIK<\/h3>\n<ul>\n<li><strong>H\u00e1ny f\u00faj\u00e1sig tart?<\/strong><br \/>\nMinden eszk\u00f6z ak\u00e1r 10 000 f\u00faj\u00e1st is k\u00edn\u00e1l.<\/li>\n<li><strong>\u00dajrat\u00f6lthet\u0151?<\/strong><br \/>\nIgen, 650 mAh-s akkumul\u00e1torral rendelkezik, Type-C t\u00f6lt\u00e9ssel.<\/li>\n<li><strong>Milyen er\u0151ss\u00e9g\u0171 nikotin \u00e9rhet\u0151 el?<\/strong><br \/>\nA POCO BL10000 5%-os nikotint tartalmaz.<\/li>\n<li><strong>Van-e l\u00e9g\u00e1raml\u00e1s-szab\u00e1lyoz\u00e1s?<\/strong><br \/>\nIgen, be\u00e1ll\u00edthatja a l\u00e9g\u00e1raml\u00e1st a t\u00f6k\u00e9letes rajzol\u00e1shoz.<\/li>\n<li><strong>Ki v\u00e1s\u00e1rolja meg ezt?<\/strong><br \/>\nT\u00f6k\u00e9letes a <strong>neh\u00e9z g\u0151z\u00f6l\u0151knek, bolttulajdonosoknak \u00e9s nagykereskedelmi forgalmaz\u00f3knak<\/strong>.<\/li>\n<\/ul>\n","protected":false},"excerpt":{"rendered":"<p>A <strong>POCO BL10000<\/strong> \ud83d\udca8 ak\u00e1r <strong>10 000 bef\u00faj\u00e1st<\/strong> is k\u00e9pes leadni hatalmas <strong>20 ml-es e-folyad\u00e9k tart\u00e1llyal<\/strong>, \u00fajrat\u00f6lthet\u0151 akkumul\u00e1torral \u00e9s \u00e1ll\u00edthat\u00f3 l\u00e9g\u00e1raml\u00e1ssal \u2013 t\u00f6k\u00e9letes v\u00e1laszt\u00e1s a vape boltok, forgalmaz\u00f3k \u00e9s nagy felhaszn\u00e1l\u00f3k sz\u00e1m\u00e1ra.<\/p>\n","protected":false},"featured_media":1168,"comment_status":"open","ping_status":"closed","template":"","meta":[],"product_brand":[],"product_cat":[488,862,826,1261,1294,1225,1327,1471,1545,1406,1365,1509,1439,2176,1598,1674,1636,400,1737,900],"product_tag":[],"class_list":{"0":"post-24347","1":"product","2":"type-product","3":"status-publish","4":"has-post-thumbnail","6":"product_cat-10000-puff-eldobhato-vape","7":"product_cat-big-puffs-vapes","8":"product_cat-eldobhato-vape-tipusok","9":"product_cat-eldobhato-vapes-ausztriaban","10":"product_cat-eldobhato-vapes-belgiumban","11":"product_cat-eldobhato-vapes-europaban","12":"product_cat-eldobhato-vapes-franciaorszagban","13":"product_cat-eldobhato-vapes-hollandiaban","14":"product_cat-eldobhato-vapes-lengyelorszagban","15":"product_cat-eldobhato-vapes-magyarorszagon","16":"product_cat-eldobhato-vapes-nemetorszagban","17":"product_cat-eldobhato-vapes-norvegiaban","18":"product_cat-eldobhato-vapes-olaszorszagban","19":"product_cat-eldobhato-vapes-portugaliaban","20":"product_cat-eldobhato-vapes-spanyolorszagban","21":"product_cat-eldobhato-vapes-svajcban","22":"product_cat-eldobhato-vapes-svedorszagban","23":"product_cat-kulonbozo-puffadasu-eldobhato-gozok","24":"product_cat-poco","25":"product_cat-ujratoltheto-vapes","27":"first","28":"instock","29":"shipping-taxable","30":"purchasable","31":"product-type-variable","32":"has-default-attributes"},"jetpack_sharing_enabled":true,"tiered_pricing_type":"fixed","tiered_pricing_fixed_rules":{"100":7.69000000000000039079850466805510222911834716796875,"200":6.88999999999999968025576890795491635799407958984375,"400":6.13999999999999968025576890795491635799407958984375,"1000":5.69000000000000039079850466805510222911834716796875},"tiered_pricing_product_settings":{"layout":"default","base_unit_name":{"singular":null,"plural":null},"default_variation":null},"tiered_pricing_minimum_quantity":50,"tiered_pricing_roles_data":[],"tiered_pricing_percentage_rules":[],"tiered_pricing_maximum_quantity":null,"tiered_pricing_quantity_step":"10","_links":{"self":[{"href":"https:\/\/ricovape.com\/hu\/wp-json\/wp\/v2\/product\/24347","targetHints":{"allow":["GET"]}}],"collection":[{"href":"https:\/\/ricovape.com\/hu\/wp-json\/wp\/v2\/product"}],"about":[{"href":"https:\/\/ricovape.com\/hu\/wp-json\/wp\/v2\/types\/product"}],"replies":[{"embeddable":true,"href":"https:\/\/ricovape.com\/hu\/wp-json\/wp\/v2\/comments?post=24347"}],"wp:featuredmedia":[{"embeddable":true,"href":"https:\/\/ricovape.com\/hu\/wp-json\/wp\/v2\/media\/1168"}],"wp:attachment":[{"href":"https:\/\/ricovape.com\/hu\/wp-json\/wp\/v2\/media?parent=24347"}],"wp:term":[{"taxonomy":"product_brand","embeddable":true,"href":"https:\/\/ricovape.com\/hu\/wp-json\/wp\/v2\/product_brand?post=24347"},{"taxonomy":"product_cat","embeddable":true,"href":"https:\/\/ricovape.com\/hu\/wp-json\/wp\/v2\/product_cat?post=24347"},{"taxonomy":"product_tag","embeddable":true,"href":"https:\/\/ricovape.com\/hu\/wp-json\/wp\/v2\/product_tag?post=24347"}],"curies":[{"name":"wp","href":"https:\/\/api.w.org\/{rel}","templated":true}]}}