{"id":23639,"date":"2026-03-12T04:24:33","date_gmt":"2026-03-12T04:24:33","guid":{"rendered":"https:\/\/stage.jrfer.com\/product\/bang-legend-140k-harmas-lehetoseg-140-000-befujas-kettos-halo-ujratoltheto-omlesztett-eldobhato-vape\/"},"modified":"2026-04-07T09:55:19","modified_gmt":"2026-04-07T09:55:19","slug":"bang-legend-140k-triple-options-140000-puffs-dual-mesh-rechargeable-bulk-disposable-vape","status":"publish","type":"product","link":"https:\/\/ricovape.com\/hu\/termek\/bang-legend-140k-triple-options-140000-puffs-dual-mesh-rechargeable-bulk-disposable-vape\/","title":{"rendered":"BANG LEGEND 140K | h\u00e1rmas lehet\u0151s\u00e9g 140 000 bef\u00faj\u00e1s, kett\u0151s h\u00e1l\u00f3, \u00fajrat\u00f6lthet\u0151, \u00f6mlesztett eldobhat\u00f3 vape"},"content":{"rendered":"<h2>\ud83d\udd25 Mi\u00e9rt v\u00e1lassza a BANG LEGEND 140K-t?<\/h2>\n<ul>\n<li>\ud83d\udca5 Hatalmas <strong>140 000 puffad\u00e1si kapacit\u00e1s<\/strong> \u2013 az egyik legnagyobb eldobhat\u00f3 g\u0151z a piacon<\/li>\n<li>\ud83c\udfa8 <strong>H\u00e1rom opci\u00f3 (3 az 1-ben)<\/strong> \u2013 v\u00e1ltson h\u00e1rom \u00edz k\u00f6z\u00f6tt egy eszk\u00f6z\u00f6n<\/li>\n<li>\u2601\ufe0f <strong>Kett\u0151s h\u00e1l\u00f3s tekercs<\/strong> \u2013 sima \u00fct\u00e9sek, s\u0171r\u0171 felh\u0151k \u00e9s stabil \u00edzkibocs\u00e1t\u00e1s<\/li>\n<li>\ud83d\udd0b <strong>\u00dajrat\u00f6lthet\u0151 550 mAh-s akkumul\u00e1tor<\/strong> modern Type-C gyorst\u00f6lt\u00e9ssel<\/li>\n<li>\ud83d\udcb0 <strong>T\u00f6k\u00e9letes nagykereskedelmi \u00e9s t\u00f6meges megrendel\u00e9sekhez<\/strong> \u2013 ide\u00e1lis vape \u00fczletek \u00e9s forgalmaz\u00f3k sz\u00e1m\u00e1ra<\/li>\n<li>\ud83d\uded2 Magas \u00fcgyf\u00e9lmegtart\u00e1s \u2013 kevesebb csere, nagyobb el\u00e9gedetts\u00e9g<\/li>\n<\/ul>\n<hr \/>\n<h3>\ud83d\udccb BANG LEGEND 140K m\u0171szaki adatok<\/h3>\n<p><t\u00e1bla><\/p>\n<tbody>\n<tr>\n<td><strong>Term\u00e9kn\u00e9v<\/strong><\/td>\n<td>BANG LEGEND Triple Options eldobhat\u00f3 vape<\/td>\n<\/tr>\n<tr>\n<td><strong>\u00d6sszes sz\u00edv\u00e1s<\/strong><\/td>\n<td>Ak\u00e1r 140 000 f\u00faj\u00e1s<\/td>\n<\/tr>\n<tr>\n<td><strong>\u00cdzrendszer<\/strong><\/td>\n<td>3 az 1-ben h\u00e1rmas opci\u00f3k<\/td>\n<\/tr>\n<tr>\n<td><strong>Tekercs t\u00edpusa<\/strong><\/td>\n<td>1,0\u03a9 kett\u0151s h\u00e1l\u00f3s tekercs<\/td>\n<\/tr>\n<tr>\n<td><strong>Akkumul\u00e1torkapacit\u00e1s<\/strong><\/td>\n<td>550 mAh \u00fajrat\u00f6lthet\u0151<\/td>\n<\/tr>\n<tr>\n<td><strong>T\u00f6lt\u0151port<\/strong><\/td>\n<td>C t\u00edpus\u00fa gyorst\u00f6lt\u00e9s<\/td>\n<\/tr>\n<tr>\n<td><strong>Nikotin er\u0151ss\u00e9ge<\/strong><\/td>\n<td>T\u00f6bb opci\u00f3ban is el\u00e9rhet\u0151 (nagykereskedelemhez testreszabhat\u00f3)<\/td>\n<\/tr>\n<tr>\n<td><strong>C\u00e9lpiac<\/strong><\/td>\n<td>B2B nagykereskedelem, vape \u00fczletek, forgalmaz\u00f3k<\/td>\n<\/tr>\n<\/tbody>\n<\/table>\n<hr \/>\n<h3>\ud83c\udf08 BANG LEGEND 140K h\u00e1rmas \u00edzes\u00edt\u00e9si lehet\u0151s\u00e9gek (az \u00edzek bemutat\u00e1sa)<\/h3>\n<p><strong>Els\u0151 lehet\u0151s\u00e9g \ud83c\udf49\ud83c\udf6d<\/strong><br \/>\n\u00c9des \u00e9s j\u00e1t\u00e9kos kever\u00e9k h\u0171t\u00f6tt g\u00f6r\u00f6gdinny\u00e9vel, l\u00e1gy r\u00f3zsasz\u00edn gy\u00fcm\u00f6lcs\u00f6kkel \u00e9s cukorkaszer\u0171 \u00e9dess\u00e9ggel.<\/p>\n<p><strong>M\u00e1sodik lehet\u0151s\u00e9g \ud83c\udf51\ud83c\udf4b<\/strong><br \/>\nElmos\u00f3dott barackj\u00e9g, friss\u00edt\u0151 bogy\u00f3s-dinnye \u00e9s \u00e9l\u00e9nk citrusf\u00e9l\u00e9k h\u0171v\u00f6s lecseng\u00e9ssel.<\/p>\n<p><strong>Harmadik lehet\u0151s\u00e9g \ud83c\udf47\ud83e\udd6d<\/strong><br \/>\nS\u00f6t\u00e9t sz\u0151l\u0151j\u00e9g, tr\u00f3pusi mang\u00f3 \u00e9s vegyes bogy\u00f3k a mer\u00e9sz gy\u00fcm\u00f6lcs\u00f6s utaz\u00e1shoz.<\/p>\n<p><strong>Negyedik lehet\u0151s\u00e9g \ud83e\uded0\ud83c\udfdd\ufe0f<\/strong><br \/>\nJ\u00e9gk\u00e9k bogy\u00f3k, tr\u00f3pusi gy\u00fcm\u00f6lcs\u00f6k \u00e9s a h\u00edres Love66 h\u00e1zas\u00edt\u00e1s.<\/p>\n<p><strong>\u00d6t\u00f6dik lehet\u0151s\u00e9g \ud83e\udd65\ud83c\udf4d<\/strong><br \/>\nK\u00e9k-piros bogy\u00f3k, tr\u00f3pusi s\u00e1rga gy\u00fcm\u00f6lcs\u00f6k \u00e9s kr\u00e9mes k\u00f3kuszos anan\u00e1sz.<\/p>\n<p><strong>Hatodik lehet\u0151s\u00e9g \ud83c\udf53\ud83c\udf4d<\/strong><br \/>\nEpres dinnye, \u00e1fony\u00e1s \u0151szibarack \u00e9s m\u00e9lybogy\u00f3s anan\u00e1szj\u00e9g.<\/p>\n<p><strong>A hetedik lehet\u0151s\u00e9g \ud83e\udd5d\ud83c\udf52<\/strong><br \/>\nKiwi bogy\u00f3 kever\u00e9k, sz\u00e9nsavas dinnye \u00e9s \u00e1fony\u00e1s cseresznye f\u00fazi\u00f3.<\/p>\n<p><strong>Nyolcadik lehet\u0151s\u00e9g \ud83d\udc09\ud83c\udf47<\/strong><br \/>\nFekete s\u00e1rk\u00e1nyj\u00e9g, vegyes bogy\u00f3k \u00e9s sz\u0151l\u0151bogy\u00f3 ereje.<\/p>\n<p><strong>Kilencedik lehet\u0151s\u00e9g \u26a1\ud83e\udd6d<\/strong><br \/>\nNarancss\u00e1rga gy\u00fcm\u00f6lcs, energiak\u00e9k bogy\u00f3 \u00e9s ropog\u00f3s z\u00f6ld-lila gy\u00fcm\u00f6lcskever\u00e9k.<\/p>\n<p><strong>Tizedik lehet\u0151s\u00e9g \u2600\ufe0f\ud83c\udf4a<\/strong><br \/>\nH\u00e1romszoros citrusos t\u00f3nusok bogy\u00f3s gy\u00fcm\u00f6lcs\u00f6kkel \u00e9s m\u00e9lyk\u00e9k gy\u00fcm\u00f6lcsjegyekkel.<\/p>\n<p><strong>Tizenegyedik lehet\u0151s\u00e9g \ud83c\udf4b\ud83c\udf48<\/strong><br \/>\nFriss citrusf\u00e9l\u00e9k, gy\u00f3gyn\u00f6v\u00e9nyes dinnye \u00e9s r\u00f3zsasz\u00edn s\u00e1rk\u00e1nygy\u00fcm\u00f6lcs dinnye komb\u00f3.<\/p>\n<p><strong>Tizenkettedik lehet\u0151s\u00e9g \ud83c\udf4c\ud83c\udf66<\/strong><br \/>\nH\u0171t\u00f6tt s\u00e1rga gy\u00fcm\u00f6lcs, kr\u00e9mes r\u00f3zsasz\u00edn desszert t\u00f3nusok \u00e9s bogy\u00f3s dinnye befejez\u00e9s.<\/p>\n<hr \/>\n<h3>\u2753 Gyakran Ism\u00e9telt K\u00e9rd\u00e9sek (GYIK) a BANG LEGEND 140K-r\u00f3l<\/h3>\n<p><strong>K: Miben k\u00fcl\u00f6nb\u00f6zik a BANG LEGEND 140K a norm\u00e1l eldobhat\u00f3 eszk\u00f6z\u00f6kt\u0151l?<\/strong><br \/>\nV: Ak\u00e1r 140 000 felf\u00faj\u00e1st \u00e9s h\u00e1rom \u00edzt k\u00edn\u00e1l egyetlen k\u00e9sz\u00fcl\u00e9kben, m\u00edg a legt\u00f6bb eldobhat\u00f3 csak n\u00e9h\u00e1ny napig tart.<\/p>\n<p><strong>K: Ez a vape alkalmas neh\u00e9z felhaszn\u00e1l\u00f3k sz\u00e1m\u00e1ra?<\/strong><br \/>\nV: Igen \ud83d\udc4d Olyan neh\u00e9z felhaszn\u00e1l\u00f3k sz\u00e1m\u00e1ra k\u00e9sz\u00fclt, akik hossz\u00fa haszn\u00e1latot szeretn\u00e9nek gyakori csere n\u00e9lk\u00fcl.<\/p>\n<p><strong>K: Rendelhetik ezt a vape \u00fczletek t\u00f6megesen?<\/strong><br \/>\nV: Abszol\u00fat. Ez a term\u00e9k nagykereskedelmi, t\u00f6meges v\u00e1s\u00e1rl\u00e1sra \u00e9s nagy volumen\u0171 terjeszt\u00e9sre van optimaliz\u00e1lva.<\/p>\n<p><strong>K: Neh\u00e9z haszn\u00e1lni?<\/strong><br \/>\nV: Egy\u00e1ltal\u00e1n nem. Egyszer\u0171en l\u00e9legezze be a g\u0151z\u00f6l\u00e9shez. Ha az akkumul\u00e1tor lemer\u00fcl\u0151ben van, t\u00f6ltse fel Type-C k\u00e1bellel.<\/p>\n<p><strong>K: Testreszabhat\u00f3k az \u00edzek \u00e9s a nikotin er\u0151ss\u00e9ge a B2B rendel\u00e9sekhez?<\/strong><br \/>\nV: Igen. A t\u00f6meges v\u00e1s\u00e1rl\u00f3k megbesz\u00e9lhetik az \u00edzek \u00e9s a nikotinszintek testreszab\u00e1si lehet\u0151s\u00e9geit.<\/p>\n<hr \/>\n<p>A <\/p>\n<p><strong>BANG LEGEND 140K h\u00e1rmas opci\u00f3s eldobhat\u00f3 vape<\/strong> neh\u00e9z felhaszn\u00e1l\u00f3k, \u00edzkeres\u0151k \u00e9s professzion\u00e1lis vape-keresked\u0151k sz\u00e1m\u00e1ra k\u00e9sz\u00fclt. Rendk\u00edv\u00fcl magas puffad\u00e1ssz\u00e1m\u00e1nak, h\u00e1romszoros \u00edz\u0171 rugalmass\u00e1g\u00e1nak \u00e9s \u00fajrat\u00f6lthet\u0151 teljes\u00edtm\u00e9ny\u00e9nek k\u00f6sz\u00f6nhet\u0151en kiv\u00e1l\u00f3 v\u00e1laszt\u00e1s a vape boltok, nagykeresked\u0151k \u00e9s forgalmaz\u00f3k sz\u00e1m\u00e1ra, akik igazi z\u00e1szl\u00f3shaj\u00f3 eldobhat\u00f3 eszk\u00f6zt szeretn\u00e9nek k\u00edn\u00e1lni. \ud83d\udca8\ud83d\udcbc<\/p>\n<p><strong>Nagy k\u00e9szlet. Eladni okosan. Legyen legenda.<\/strong> \ud83c\udfc6<\/p>\n<p><img data-recalc-dims=\"1\" loading=\"lazy\" decoding=\"async\" class=\"alignnone size-full wp-image-96630\" src=\"https:\/\/i0.wp.com\/aiviouvapes.com\/wp-content\/uploads\/2025\/12\/BANG-LEGEND-140K-13.jpg?resize=1196%2C1920&#038;ssl=1\" alt=\"BANG-LEGEND-140K vape\" width=\"1196\" height=\"1920\" title=\"\"><\/p>\n","protected":false},"excerpt":{"rendered":"<p>\ud83d\udd25 Mi\u00e9rt v\u00e1lassza a BANG LEGEND 140K-t? \ud83d\udca5 Hatalmas 140 000 puffad\u00e1si kapacit\u00e1s \u2013 az egyik legnagyobb eldobhat\u00f3 g\u0151z a piacon \ud83c\udfa8 H\u00e1rom opci\u00f3 (3 az 1-ben) \u2013 v\u00e1ltson h\u00e1rom \u00edz k\u00f6z\u00f6tt egy eszk\u00f6z\u00f6n \u2601\ufe0f Kett\u0151s h\u00e1l\u00f3s tekercs \u2013 sima \u00fct\u00e9sek, s\u0171r\u0171 felh\u0151k \u00e9s stabil \u00edzkibocs\u00e1t\u00e1s \ud83d\udd0b \u00dajrat\u00f6lthet\u0151 550 mAh-s akkumul\u00e1tor modern Type-C gyorst\u00f6lt\u00e9ssel \ud83d\udcb0 [&hellip;]<\/p>\n","protected":false},"featured_media":6857,"comment_status":"open","ping_status":"closed","template":"","meta":[],"product_brand":[],"product_cat":[346],"product_tag":[1130,1168,1735,1239,1205],"class_list":{"0":"post-23639","1":"product","2":"type-product","3":"status-publish","4":"has-post-thumbnail","6":"product_cat-bang","7":"product_tag-140-000-fujas-vape","8":"product_tag-bang-legend-140k-eldobhato-vape","9":"product_tag-nagykereskedelmi-eldobhato-vape","10":"product_tag-tripla-izu-eldobhato-vape","11":"product_tag-ujratoltheto-omlesztett-eldobhato-vape","13":"first","14":"instock","15":"shipping-taxable","16":"purchasable","17":"product-type-variable","18":"has-default-attributes"},"jetpack_sharing_enabled":true,"tiered_pricing_type":"fixed","tiered_pricing_fixed_rules":{"30":8.1699999999999999289457264239899814128875732421875,"50":6.61000000000000031974423109204508364200592041015625,"100":6.089999999999999857891452847979962825775146484375,"200":5.70000000000000017763568394002504646778106689453125,"400":5.12000000000000010658141036401502788066864013671875},"tiered_pricing_product_settings":{"layout":"default","base_unit_name":{"singular":null,"plural":null},"default_variation":null},"tiered_pricing_minimum_quantity":10,"tiered_pricing_roles_data":[],"tiered_pricing_percentage_rules":[],"tiered_pricing_maximum_quantity":null,"tiered_pricing_quantity_step":"10","_links":{"self":[{"href":"https:\/\/ricovape.com\/hu\/wp-json\/wp\/v2\/product\/23639","targetHints":{"allow":["GET"]}}],"collection":[{"href":"https:\/\/ricovape.com\/hu\/wp-json\/wp\/v2\/product"}],"about":[{"href":"https:\/\/ricovape.com\/hu\/wp-json\/wp\/v2\/types\/product"}],"replies":[{"embeddable":true,"href":"https:\/\/ricovape.com\/hu\/wp-json\/wp\/v2\/comments?post=23639"}],"wp:featuredmedia":[{"embeddable":true,"href":"https:\/\/ricovape.com\/hu\/wp-json\/wp\/v2\/media\/6857"}],"wp:attachment":[{"href":"https:\/\/ricovape.com\/hu\/wp-json\/wp\/v2\/media?parent=23639"}],"wp:term":[{"taxonomy":"product_brand","embeddable":true,"href":"https:\/\/ricovape.com\/hu\/wp-json\/wp\/v2\/product_brand?post=23639"},{"taxonomy":"product_cat","embeddable":true,"href":"https:\/\/ricovape.com\/hu\/wp-json\/wp\/v2\/product_cat?post=23639"},{"taxonomy":"product_tag","embeddable":true,"href":"https:\/\/ricovape.com\/hu\/wp-json\/wp\/v2\/product_tag?post=23639"}],"curies":[{"name":"wp","href":"https:\/\/api.w.org\/{rel}","templated":true}]}}