{"id":23483,"date":"2025-07-07T09:20:26","date_gmt":"2025-07-07T09:20:26","guid":{"rendered":"https:\/\/stage.jrfer.com\/product\/poco-pt-12000-puffok-allithato-legaramlas-22ml-omlesztett-eldobhato-vape\/"},"modified":"2026-04-07T13:55:59","modified_gmt":"2026-04-07T13:55:59","slug":"poco-pt-12000-puffs","status":"publish","type":"product","link":"https:\/\/ricovape.com\/hu\/termek\/poco-pt-12000-puffs\/","title":{"rendered":"POCO PT 12000 Puffok | \u00e1ll\u00edthat\u00f3 l\u00e9g\u00e1raml\u00e1s 22ml \u00f6mlesztett eldobhat\u00f3 vape"},"content":{"rendered":"<h2>Mi\u00e9rt v\u00e1lassza a POCO PT 12000-et?<\/h2>\n<ul>\n<li><strong>Nagy sz\u00edv\u00e1s:<\/strong> Ak\u00e1r 12 000 bef\u00faj\u00e1s a hosszan tart\u00f3 \u00e9rt\u00e9k \u00e9rdek\u00e9ben \ud83d\udd25<\/li>\n<li><strong>Nagy l\u00e9kapacit\u00e1s:<\/strong> 22 ml-es e-liquid a kevesebb ut\u00e1nt\u00f6lt\u00e9s\u00e9rt \ud83d\udca7<\/li>\n<li><strong>Megb\u00edzhat\u00f3 teljes\u00edtm\u00e9ny:<\/strong> 650 mAh-s \u00fajrat\u00f6lthet\u0151 akkumul\u00e1tor C-t\u00edpus\u00fa gyors t\u00f6lt\u00e9ssel \ud83d\udd0b<\/li>\n<li><strong>L\u00e9g\u00e1raml\u00e1s szab\u00e1lyoz\u00e1s:<\/strong> \u00c1ll\u00edtsa be a h\u00faz\u00e1st sima vagy er\u0151s felh\u0151kh\u00f6z \ud83c\udf2c\ufe0f<\/li>\n<li><strong>Nikotinnal val\u00f3 el\u00e9gedetts\u00e9g:<\/strong> 5% er\u0151ss\u00e9g a mer\u00e9sz, \u00e1lland\u00f3 \u00fct\u00e9s\u00e9rt \u2705<\/li>\n<li><strong>Kompakt kialak\u00edt\u00e1s:<\/strong> Hordozhat\u00f3 \u00e9s k\u00f6nnyen hordozhat\u00f3 az eg\u00e9sz napos g\u0151z\u00f6l\u00e9shez \ud83d\udc5c<\/li>\n<li><strong>Nagykereskedelmi k\u00e9szen \u00e1ll:<\/strong> Nagy kereslet\u0171 specifik\u00e1ci\u00f3k az \u00fczletek \u00e9s a forgalmaz\u00f3k sz\u00e1m\u00e1ra \ud83d\udce6<\/li>\n<\/ul>\n<h3>M\u0171szaki adatok<\/h3>\n<tbody>\n<tr>\n<td><strong>Puffok sz\u00e1ma:<\/strong><\/td>\n<td>Ak\u00e1r 12 000 f\u00faj\u00e1s<\/td>\n<\/tr>\n<tr>\n<td><strong>E-folyad\u00e9k kapacit\u00e1sa:<\/strong><\/td>\n<td>22 ml<\/td>\n<\/tr>\n<tr>\n<td><strong>Akkumul\u00e1tor:<\/strong><\/td>\n<td>650 mAh \u00fajrat\u00f6lthet\u0151<\/td>\n<\/tr>\n<tr>\n<td><strong>T\u00f6lt\u00e9s:<\/strong><\/td>\n<td>C t\u00edpus\u00fa gyorst\u00f6lt\u00e9s<\/td>\n<\/tr>\n<tr>\n<td><strong>Nikotin er\u0151ss\u00e9ge:<\/strong><\/td>\n<td>5%<\/td>\n<\/tr>\n<tr>\n<td><strong>L\u00e9g\u00e1raml\u00e1s:<\/strong><\/td>\n<td>\u00c1ll\u00edthat\u00f3<\/td>\n<\/tr>\n<\/tbody>\n<\/table>\n<h3>\u00cdzv\u00e1laszt\u00e1s<\/h3>\n<p> \u00c9lvezd a <strong>10 finom \u00edzt<\/strong>, amelyeket \u00fagy alak\u00edtottak ki, hogy kiel\u00e9g\u00edts\u00e9k a gy\u00fcm\u00f6lcs-, mentolrajong\u00f3kat \u00e9s \u00e9dessz\u00e1j\u00fa g\u0151z\u00f6s\u00f6ket \ud83c\udf6d:<\/p>\n<ul>\n<li><strong>\u00c1fonya j\u00e9g:<\/strong> \u00c9des \u00e1fonya fagyos \u00fct\u00e9ssel \ud83e\uded0\u2744\ufe0f<\/li>\n<li><strong>Epres g\u00f6r\u00f6gdinnye:<\/strong> Szaftos ny\u00e1ri kedvenc \ud83c\udf53\ud83c\udf49<\/li>\n<li><strong>Fekete J\u00e9g S\u00e1rk\u00e1ny Gy\u00fcm\u00f6lcs Eper:<\/strong> Egzotikus, mer\u00e9sz \u00e9s friss\u00edt\u0151 \ud83d\udc09\ud83c\udf53<\/li>\n<li><strong>Energiaital:<\/strong> Pezsg\u0151, felemel\u0151 \u00edz \u26a1\ud83e\udd64<\/li>\n<li><strong>\u0150szibarack j\u00e9g:<\/strong> sima \u0151szibarack jeges hideggel \ud83c\udf51\u2744\ufe0f<\/li>\n<li><strong>Cseresznyebarack limon\u00e1d\u00e9:<\/strong> Cs\u00edp\u0151s-\u00e9des gy\u00fcm\u00f6lcs\u00f6s kever\u00e9k \ud83c\udf52\ud83c\udf51\ud83c\udf4b<\/li>\n<li><strong>\u00c1fonya m\u00e1lna:<\/strong> Dupla bogy\u00f3s gy\u00f6ny\u00f6r \ud83e\uded0\ud83c\udf47<\/li>\n<li><strong>Epres Kiwi:<\/strong> Klasszikus gy\u00fcm\u00f6lcs\u00f6s egyens\u00faly \ud83c\udf53\ud83e\udd5d<\/li>\n<li><strong>Alo\u00e9 sz\u0151l\u0151:<\/strong> Sima sz\u0151l\u0151 egyedi aloe csavarral \ud83c\udf47\ud83c\udf3f<\/li>\n<li><strong>Eperj\u00e9g:<\/strong> \u00c9des eper h\u0171s\u00edt\u0151 fel\u00fclettel \ud83c\udf53\u2744\ufe0f<\/li>\n<\/ul>\n<h3>T\u00f6k\u00e9letes neh\u00e9z felhaszn\u00e1l\u00f3k \u00e9s nagykeresked\u00e9sek sz\u00e1m\u00e1ra<\/h3>\n<p>A <strong>POCO PT 12000<\/strong> a <strong>neh\u00e9z g\u0151z\u00f6l\u0151knek, az \u00edzek szerelmeseinek \u00e9s a vape boltoknak<\/strong> k\u00e9sz\u00fclt. 12K felf\u00faj\u00e1ssal, mer\u00e9sz 5%-os nikotinnal \u00e9s 10 t\u00f6meget tetszet\u0151s \u00edz\u00e9vel ide\u00e1lis v\u00e1laszt\u00e1s egy\u00e9ni felhaszn\u00e1l\u00f3knak \u00e9s nagykereskedelmi forgalmaz\u00e1snak egyar\u00e1nt.<\/p>\n<h3>GYIK<\/h3>\n<ul>\n<li><strong>H\u00e1ny bef\u00faj\u00e1s eszk\u00f6z\u00f6nk\u00e9nt?<\/strong><br \/>\nMinden egys\u00e9g legfeljebb 12 000 f\u00faj\u00e1st biztos\u00edt.<\/li>\n<li><strong>\u00dajrat\u00f6lthet\u0151?<\/strong><br \/>\nIgen, 650 mAh-s akkumul\u00e1torral rendelkezik, Type-C t\u00f6lt\u00e9ssel.<\/li>\n<li><strong>Milyen er\u0151ss\u00e9g\u0171 nikotin \u00e9rhet\u0151 el?<\/strong><br \/>\nA POCO PT 12000 5%-os nikotint tartalmaz.<\/li>\n<li><strong>\u00c1ll\u00edthat\u00f3 a l\u00e9g\u00e1raml\u00e1s?<\/strong><br \/>\nIgen, szem\u00e9lyre szabhatja a sorsol\u00e1st.<\/li>\n<li><strong>Ki v\u00e1s\u00e1rolja meg ezt?<\/strong><br \/>\nT\u00f6k\u00e9letes <strong>nagy felhaszn\u00e1l\u00f3k, vape boltok \u00e9s nagykereskedelmi v\u00e1s\u00e1rl\u00f3k sz\u00e1m\u00e1ra<\/strong>.<\/li>\n<\/ul>\n","protected":false},"excerpt":{"rendered":"<p>A <strong>POCO PT 12000<\/strong> \ud83d\udca8 ak\u00e1r <strong>12 000 bef\u00faj\u00e1st<\/strong> is k\u00e9pes leadni nagy <strong>22 ml-es e-folyad\u00e9kkapacit\u00e1ssal<\/strong>, \u00fajrat\u00f6lthet\u0151 akkumul\u00e1torral \u00e9s l\u00e9g\u00e1raml\u00e1s-szab\u00e1lyoz\u00e1ssal \u2013 neh\u00e9z felhaszn\u00e1l\u00f3knak, vape \u00fczleteknek \u00e9s t\u00f6meges forgalmaz\u00f3knak tervezve.<\/p>\n","protected":false},"featured_media":1177,"comment_status":"open","ping_status":"closed","template":"","meta":[],"product_brand":[],"product_cat":[452,862,826,1261,1294,1225,1327,1471,1545,1406,1365,1509,1439,2176,1598,1674,1636,400,1737,900],"product_tag":[],"class_list":{"0":"post-23483","1":"product","2":"type-product","3":"status-publish","4":"has-post-thumbnail","6":"product_cat-12000-puff-eldobhato-vape","7":"product_cat-big-puffs-vapes","8":"product_cat-eldobhato-vape-tipusok","9":"product_cat-eldobhato-vapes-ausztriaban","10":"product_cat-eldobhato-vapes-belgiumban","11":"product_cat-eldobhato-vapes-europaban","12":"product_cat-eldobhato-vapes-franciaorszagban","13":"product_cat-eldobhato-vapes-hollandiaban","14":"product_cat-eldobhato-vapes-lengyelorszagban","15":"product_cat-eldobhato-vapes-magyarorszagon","16":"product_cat-eldobhato-vapes-nemetorszagban","17":"product_cat-eldobhato-vapes-norvegiaban","18":"product_cat-eldobhato-vapes-olaszorszagban","19":"product_cat-eldobhato-vapes-portugaliaban","20":"product_cat-eldobhato-vapes-spanyolorszagban","21":"product_cat-eldobhato-vapes-svajcban","22":"product_cat-eldobhato-vapes-svedorszagban","23":"product_cat-kulonbozo-puffadasu-eldobhato-gozok","24":"product_cat-poco","25":"product_cat-ujratoltheto-vapes","27":"first","28":"instock","29":"shipping-taxable","30":"purchasable","31":"product-type-variable","32":"has-default-attributes"},"jetpack_sharing_enabled":true,"tiered_pricing_type":"fixed","tiered_pricing_fixed_rules":{"100":7.69000000000000039079850466805510222911834716796875,"400":7.160000000000000142108547152020037174224853515625,"1000":6.69000000000000039079850466805510222911834716796875},"tiered_pricing_product_settings":{"layout":"default","base_unit_name":{"singular":null,"plural":null},"default_variation":null},"tiered_pricing_minimum_quantity":50,"tiered_pricing_roles_data":[],"tiered_pricing_percentage_rules":[],"tiered_pricing_maximum_quantity":null,"tiered_pricing_quantity_step":"10","_links":{"self":[{"href":"https:\/\/ricovape.com\/hu\/wp-json\/wp\/v2\/product\/23483","targetHints":{"allow":["GET"]}}],"collection":[{"href":"https:\/\/ricovape.com\/hu\/wp-json\/wp\/v2\/product"}],"about":[{"href":"https:\/\/ricovape.com\/hu\/wp-json\/wp\/v2\/types\/product"}],"replies":[{"embeddable":true,"href":"https:\/\/ricovape.com\/hu\/wp-json\/wp\/v2\/comments?post=23483"}],"wp:featuredmedia":[{"embeddable":true,"href":"https:\/\/ricovape.com\/hu\/wp-json\/wp\/v2\/media\/1177"}],"wp:attachment":[{"href":"https:\/\/ricovape.com\/hu\/wp-json\/wp\/v2\/media?parent=23483"}],"wp:term":[{"taxonomy":"product_brand","embeddable":true,"href":"https:\/\/ricovape.com\/hu\/wp-json\/wp\/v2\/product_brand?post=23483"},{"taxonomy":"product_cat","embeddable":true,"href":"https:\/\/ricovape.com\/hu\/wp-json\/wp\/v2\/product_cat?post=23483"},{"taxonomy":"product_tag","embeddable":true,"href":"https:\/\/ricovape.com\/hu\/wp-json\/wp\/v2\/product_tag?post=23483"}],"curies":[{"name":"wp","href":"https:\/\/api.w.org\/{rel}","templated":true}]}}