{"id":23225,"date":"2025-10-21T03:02:24","date_gmt":"2025-10-21T03:02:24","guid":{"rendered":"https:\/\/stage.jrfer.com\/product\/uzy-crystal-100k-puffs-4-az-1-ben-vape-quad-mesh-tekercs-nagykereskedelmi-eldobhato-vape\/"},"modified":"2026-04-07T11:40:00","modified_gmt":"2026-04-07T11:40:00","slug":"uzy-crystal-100k-puffs-4-in-1-vape-quad-mesh-coil-wholesale-disposable-vape","status":"publish","type":"product","link":"https:\/\/ricovape.com\/hu\/termek\/uzy-crystal-100k-puffs-4-in-1-vape-quad-mesh-coil-wholesale-disposable-vape\/","title":{"rendered":"UZY Crystal 100K Puffs 4 az 1-ben Vape | quad mesh tekercs nagykereskedelmi eldobhat\u00f3 vape"},"content":{"rendered":"<h2>UZY Crystal 100K Puffs 4 az 1-ben Vape | quad mesh tekercs nagykereskedelmi eldobhat\u00f3 vape<\/h2>\n<h3>\ud83d\udc8e Mi\u00e9rt v\u00e1lassza az UZY Crystal Four Flavours 100000 f\u00faj\u00e1st?<\/h3>\n<ul>\n<li>\ud83c\udf08 <strong>4 be\u00e9p\u00edtett \u00edz<\/strong> \u2013 \u00c9lvezze a n\u00e9gy k\u00fcl\u00f6nb\u00f6z\u0151 \u00edzt egyetlen eszk\u00f6z\u00f6n, b\u00e1rmikor v\u00e1lthat.<\/li>\n<li>\ud83d\udca8 <strong>Quad Mesh Coil (1,0\u03a9)<\/strong> \u2013 Sima g\u0151zt \u00e9s tiszta \u00edzt hoz l\u00e9tre minden f\u00faj\u00e1ssal.<\/li>\n<li>\ud83d\udd0b <strong>Ak\u00e1r 100 000 sz\u00edv\u00e1s<\/strong> \u2013 hatalmas kapacit\u00e1s a hossz\u00fa t\u00e1v\u00fa \u00e9lvezethez.<\/li>\n<li>\u26a1 <strong>C-t\u00edpussal \u00fajrat\u00f6lthet\u0151<\/strong> \u2013 A gyors \u00e9s k\u00e9nyelmes t\u00f6lt\u00e9s folyamatosan \u00e1ram alatt tartja.<\/li>\n<li>\ud83d\udca1 <strong>LED intelligens kijelz\u0151<\/strong> \u2013 Tiszt\u00e1n mutatja az akkumul\u00e1tor \u00e9s az e-liquid t\u00f6lt\u00f6tts\u00e9gi szintj\u00e9t.<\/li>\n<li>\ud83d\udca7 <strong>Hatalmas, 56 ml-es E-folyad\u00e9k \u0171rtartalom<\/strong> \u2013 T\u00f6k\u00e9letes hosszabb ideig tart\u00f3 haszn\u00e1latra, \u00fajrat\u00f6lt\u00e9s n\u00e9lk\u00fcl.<\/li>\n<li>\ud83d\udc8e <strong>Crystal Transparent Shell<\/strong> \u2013 Eleg\u00e1ns kialak\u00edt\u00e1s, amely felt\u0171nik a polcokon.<\/li>\n<li>\ud83c\udf0d <strong>Ide\u00e1lis kis- \u00e9s nagykereskedelemnek<\/strong> \u2013 n\u00e9pszer\u0171 az EU-ban (Spanyolorsz\u00e1g, N\u00e9metorsz\u00e1g, Franciaorsz\u00e1g, Olaszorsz\u00e1g, Hollandia).<\/li>\n<\/ul>\n<h3>\u2699\ufe0f M\u0171szaki adatok<\/h3>\n<tbody>\n<tr>\n<td><strong>Puff Count<\/strong><\/td>\n<td>100 000 bef\u00faj\u00e1s eszk\u00f6z\u00f6nk\u00e9nt<\/td>\n<\/tr>\n<tr>\n<td><strong>\u00cdzek<\/strong><\/td>\n<td>4 k\u00fcl\u00f6nb\u00f6z\u0151 be\u00e9p\u00edtett \u00edz<\/td>\n<\/tr>\n<tr>\n<td><strong>Tekercs<\/strong><\/td>\n<td>Quad mesh tekercs, 1,0\u03a9<\/td>\n<\/tr>\n<tr>\n<td><strong>E-folyad\u00e9k kapacit\u00e1s<\/strong><\/td>\n<td>56 ml<\/td>\n<\/tr>\n<tr>\n<td><strong>A nikotin er\u0151ss\u00e9gei<\/strong><\/td>\n<td>0%, 2%, 3%, 5%<\/td>\n<\/tr>\n<tr>\n<td><strong>Akkumul\u00e1tor<\/strong><\/td>\n<td>650 mAh, C t\u00edpus\u00fa \u00fajrat\u00f6lthet\u0151<\/td>\n<\/tr>\n<tr>\n<td><strong>Kijelz\u0151<\/strong><\/td>\n<td>LED intelligens k\u00e9perny\u0151 (akkumul\u00e1tor \u00e9s e-liquid kijelz\u0151k)<\/td>\n<\/tr>\n<tr>\n<td><strong>Diz\u00e1jn<\/strong><\/td>\n<td>Krist\u00e1ly st\u00edlus\u00fa \u00e1tl\u00e1tsz\u00f3 h\u00e9j<\/td>\n<\/tr>\n<tr>\n<td><strong>S\u00faly<\/strong><\/td>\n<td>Kb. 140 g k\u00e9sz\u00fcl\u00e9kenk\u00e9nt<\/td>\n<\/tr>\n<tr>\n<td><strong>Csomagol\u00e1s<\/strong><\/td>\n<td>10 db\/doboz, 120 db\/karton (brutt\u00f3 t\u00f6meg ~18 kg)<\/td>\n<\/tr>\n<\/tbody>\n<\/table>\n<p><img decoding=\"async\" style=\"max-width: 100%;height: auto;display: block;margin: 0 auto\" src=\"https:\/\/ricovape.com\/wp-content\/uploads\/2025\/10\/UZY-Crystal-Four-Flavors-100000-Puffs-Authentic-Disposable-Vape-Low-Nicotine-Bulk-Buy-Wholesale\" alt=\"\" title=\"\"><\/p>\n<h3>\ud83c\udf53 \u00cdzkombin\u00e1ci\u00f3k (mind a 10 k\u00e9szlet)<\/h3>\n<ol>\n<li><strong>Epres g\u00f6r\u00f6gdinnye<\/strong> \u00e9s <strong>Blue Razz Ice<\/strong> \u00e9s <strong>Blueberry Raspberry Cherry<\/strong> &amp; <strong>Fizzy Cherry Ice<\/strong><\/li>\n<li><strong>\u0150szibarackos j\u00e9g<\/strong> \u00e9s <strong>\u00e1fony\u00e1s cseresznye<\/strong> \u00e9s <strong>energiaital<\/strong> \u00e9s <strong>g\u00f6r\u00f6gdinnye licsi<\/strong><\/li>\n<li><strong>\u00e1fony\u00e1s j\u00e9g<\/strong> \u00e9s <strong>eper-ban\u00e1n<\/strong> \u00e9s <strong>k\u00e9t alma<\/strong> \u00e9s <strong>teke<\/strong><\/li>\n<li><strong>Cseresznyej\u00e9g<\/strong> \u00e9s <strong>Sz\u0151l\u0151j\u00e9g<\/strong> \u00e9s <strong>Maracuja-mang\u00f3<\/strong> \u00e9s <strong>Love 66<\/strong><\/li>\n<li><strong>\u00c1fonya j\u00e9g<\/strong> \u00e9s <strong>mang\u00f3 \u0151szibarack kajszibarack<\/strong> \u00e9s <strong>kiwi maracuja-guava<\/strong> \u00e9s <strong>feh\u00e9r \u0151szibarack borotva<\/strong><\/li>\n<li><strong>\u0150szibarackos mang\u00f3 anan\u00e1sz<\/strong> \u00e9s <strong>\u00e1fony\u00e1s m\u00e1lna<\/strong> \u00e9s <strong>citromos lime<\/strong> \u00e9s <strong>g\u00f6r\u00f6gdinnye r\u00e1g\u00f3gumi<\/strong><\/li>\n<li><strong>Kevert bogy\u00f3<\/strong> \u00e9s <strong>passi\u00f3gy\u00fcm\u00f6lcs kiwi lime<\/strong> \u00e9s <strong>\u00e1fonyasz\u0151l\u0151<\/strong> \u00e9s <strong>epres kiwi<\/strong><\/li>\n<li><strong>Eperj\u00e9g<\/strong> \u00e9s <strong>Gumimaci<\/strong> \u00e9s <strong>G\u00f6r\u00f6gdinnye s\u00e1rk\u00e1nygy\u00fcm\u00f6lcs<\/strong> \u00e9s <strong>\u00e1fony\u00e1s kiwi<\/strong><\/li>\n<li><strong>G\u00f6r\u00f6gdinnye j\u00e9g<\/strong> \u00e9s <strong>Blue Razz Cherry<\/strong> \u00e9s <strong>G\u00f6r\u00f6gdinnye savany\u00fa \u0151szibarack<\/strong> \u00e9s <strong>maracukor-kiwi<\/strong><\/li>\n<li><strong>Epermang\u00f3<\/strong> \u00e9s <strong>MR Blue<\/strong> \u00e9s <strong>Summer Peach Ice<\/strong> &amp; <strong>Black Ice<\/strong><\/li>\n<\/ol>\n<h3>\ud83d\udcac Kinek val\u00f3?<\/h3>\n<p>Ez a vape t\u00f6k\u00e9letes a <strong>er\u0151s felhaszn\u00e1l\u00f3knak<\/strong>, az <strong>az \u00edzek kedvel\u0151inek<\/strong>, a <strong>vape boltoknak<\/strong> \u00e9s az <strong>eur\u00f3pai forgalmaz\u00f3knak<\/strong>, akik tart\u00f3s \u00e9s st\u00edlusos, egyenletes teljes\u00edtm\u00e9nyt ny\u00fajt\u00f3 vape-ra v\u00e1gynak.<\/p>\n<h3>\u2753 GYIK<\/h3>\n<p><strong>K: Mennyi ideig b\u00edrja az UZY Crystal 100K?<\/strong><br \/>\nV: Minden eszk\u00f6z ak\u00e1r <strong>100 000 f\u00faj\u00e1st<\/strong> is k\u00e9pes leadni \u2013 a haszn\u00e1latt\u00f3l f\u00fcgg\u0151en t\u00f6bb h\u00f3napig is eltarthat.<\/p>\n<p><strong>K: Az UZY Crystal \u00fajrat\u00f6lthet\u0151?<\/strong><br \/>\nV: Igen, <strong>650 mAh Type-C \u00fajrat\u00f6lthet\u0151 akkumul\u00e1torral<\/strong> rendelkezik, amely hossz\u00fa, megb\u00edzhat\u00f3 teljes\u00edtm\u00e9nyt biztos\u00edt.<\/p>\n<p><strong>K: K\u00f6nnyen v\u00e1lthatok a 4 \u00edz k\u00f6z\u00f6tt?<\/strong><br \/>\nV: Abszol\u00fat! Ugyanazon a k\u00e9sz\u00fcl\u00e9ken bel\u00fcl b\u00e1rmikor megv\u00e1ltoztathatja az \u00edzeket, nincs sz\u00fcks\u00e9g ut\u00e1nt\u00f6lt\u00e9sre.<\/p>\n<p><strong>K: Milyen er\u0151ss\u00e9g\u0171 nikotin kaphat\u00f3?<\/strong><br \/>\nV: V\u00e1lasszon a <strong>0%, 2%, 3% vagy 5%<\/strong> k\u00f6z\u00fcl az ig\u00e9nyeinek megfelel\u0151en.<\/p>\n<p>\u00a0<\/p>\n<p>Az <\/p>\n<p><strong>UZY Crystal Four Flavours 100000 Puffs<\/strong> pr\u00e9mium min\u0151s\u00e9get, meghosszabb\u00edtott felf\u00fajt \u00e9lettartamot \u00e9s t\u00f6bbf\u00e9le \u00edz\u00e9lm\u00e9nyt k\u00edn\u00e1l egyetlen, eleg\u00e1ns kialak\u00edt\u00e1sban. Legyen sz\u00f3 vape-rajong\u00f3r\u00f3l vagy \u00fczlettulajdonosr\u00f3l, aki nagy kereslet\u0171 term\u00e9keket keres, ez az a vape, amely igaz\u00e1n kiemelkedik.<\/p>\n","protected":false},"excerpt":{"rendered":"<p>Tapasztalja meg az eldobhat\u00f3 g\u0151z\u00f6l\u00e9s k\u00f6vetkez\u0151 gener\u00e1ci\u00f3j\u00e1t az <strong>UZY Crystal Four Flavours 100000 Puffs<\/strong> seg\u00edts\u00e9g\u00e9vel \u2013 egy 4 az 1-ben er\u0151m\u0171 n\u00e9gyh\u00e1l\u00f3s tekercsekkel, hossz\u00fa akkumul\u00e1tor-\u00e9lettartammal \u00e9s n\u00e9gy be\u00e9p\u00edtett \u00edzzel a v\u00e9gtelen el\u00e9gedetts\u00e9g \u00e9rdek\u00e9ben. T\u00f6k\u00e9letes \u00edzkeres\u0151knek, er\u0151s felhaszn\u00e1l\u00f3knak \u00e9s vape boltok tulajdonosainak Eur\u00f3pa-szerte.<\/p>\n","protected":false},"featured_media":6486,"comment_status":"open","ping_status":"closed","template":"","meta":[],"product_brand":[],"product_cat":[1886,1922],"product_tag":[],"class_list":{"0":"post-23225","1":"product","2":"type-product","3":"status-publish","4":"has-post-thumbnail","6":"product_cat-uzy","7":"product_cat-uj","9":"first","10":"instock","11":"shipping-taxable","12":"purchasable","13":"product-type-variable","14":"has-default-attributes"},"jetpack_sharing_enabled":true,"tiered_pricing_type":"fixed","tiered_pricing_fixed_rules":{"30":9.5099999999999997868371792719699442386627197265625,"50":7.78000000000000024868995751603506505489349365234375,"100":7.339999999999999857891452847979962825775146484375,"200":6.79999999999999982236431605997495353221893310546875,"400":6.29999999999999982236431605997495353221893310546875},"tiered_pricing_product_settings":{"layout":"default","base_unit_name":{"singular":null,"plural":null},"default_variation":null},"tiered_pricing_minimum_quantity":10,"tiered_pricing_roles_data":[],"tiered_pricing_percentage_rules":[],"tiered_pricing_maximum_quantity":null,"tiered_pricing_quantity_step":"10","_links":{"self":[{"href":"https:\/\/ricovape.com\/hu\/wp-json\/wp\/v2\/product\/23225","targetHints":{"allow":["GET"]}}],"collection":[{"href":"https:\/\/ricovape.com\/hu\/wp-json\/wp\/v2\/product"}],"about":[{"href":"https:\/\/ricovape.com\/hu\/wp-json\/wp\/v2\/types\/product"}],"replies":[{"embeddable":true,"href":"https:\/\/ricovape.com\/hu\/wp-json\/wp\/v2\/comments?post=23225"}],"wp:featuredmedia":[{"embeddable":true,"href":"https:\/\/ricovape.com\/hu\/wp-json\/wp\/v2\/media\/6486"}],"wp:attachment":[{"href":"https:\/\/ricovape.com\/hu\/wp-json\/wp\/v2\/media?parent=23225"}],"wp:term":[{"taxonomy":"product_brand","embeddable":true,"href":"https:\/\/ricovape.com\/hu\/wp-json\/wp\/v2\/product_brand?post=23225"},{"taxonomy":"product_cat","embeddable":true,"href":"https:\/\/ricovape.com\/hu\/wp-json\/wp\/v2\/product_cat?post=23225"},{"taxonomy":"product_tag","embeddable":true,"href":"https:\/\/ricovape.com\/hu\/wp-json\/wp\/v2\/product_tag?post=23225"}],"curies":[{"name":"wp","href":"https:\/\/api.w.org\/{rel}","templated":true}]}}