{"id":22397,"date":"2026-03-12T04:24:32","date_gmt":"2026-03-12T04:24:32","guid":{"rendered":"https:\/\/stage.jrfer.com\/product\/bang-leader-85k-3-az-1-ben-harom-izu-85000-fujas-70-ml-omlesztett-eldobhato-vape\/"},"modified":"2026-04-07T10:19:10","modified_gmt":"2026-04-07T10:19:10","slug":"bang-leader-85k-3-in-1-triple-flavor-85000-puffs-70ml-bulk-disposable-vape","status":"publish","type":"product","link":"https:\/\/ricovape.com\/hu\/termek\/bang-leader-85k-3-in-1-triple-flavor-85000-puffs-70ml-bulk-disposable-vape\/","title":{"rendered":"Bang Leader 85K | 3 az 1-ben h\u00e1rom \u00edz\u0171, 85000 f\u00faj\u00e1s, 70 ml, \u00f6mlesztett eldobhat\u00f3 vape"},"content":{"rendered":"<p>Bemutatkozik a <strong>Bang Leader 85000 Puffs<\/strong>, egy j\u00e1t\u00e9kot megv\u00e1ltoztat\u00f3 eldobhat\u00f3 vape, amelyet azoknak terveztek, akik t\u00f6bbet keresnek. Ez nem csak egy szabv\u00e1nyos vape; ez egy nagy kapacit\u00e1s\u00fa er\u0151m\u0171, amelyet a hossz\u00fa \u00e9lettartamra \u00e9s az el\u00e9gedetts\u00e9gre \u00e9p\u00edtettek. A leny\u0171g\u00f6z\u0151 <strong>70 ml-es e-folyad\u00e9k tart\u00e1ly<\/strong>nak \u00e9s a robusztus <strong>850 mAh-s \u00fajrat\u00f6lthet\u0151 akkumul\u00e1tornak<\/strong> ez az eszk\u00f6z gondoskodik arr\u00f3l, hogy t\u00f6bb id\u0151t t\u00f6lts\u00f6n g\u0151z\u00f6l\u00e9ssel, \u00e9s kevesebbet agg\u00f3djon a kimer\u00fcl\u00e9s miatt. \ud83d\udd0b\u2728<\/p>\n<p>A kiemelked\u0151 funkci\u00f3 az innovat\u00edv <strong>3 az 1-ben \u00edzrendszer<\/strong>. Unod ugyanazt az \u00edzt? Egyszer\u0171en v\u00e1ltson be\u00e1ll\u00edt\u00e1sokat, hogy h\u00e1rom k\u00fcl\u00f6nb\u00f6z\u0151 pr\u00e9mium \u00edzt \u00e9lvezhessen egyetlen k\u00e9sz\u00fcl\u00e9kben! Az <strong>1,0 \u03a9 Mesh Coil<\/strong> seg\u00edts\u00e9g\u00e9vel k\u00e9sz\u00fclt, egyenletes, sima \u00e9s gazdag g\u0151zt biztos\u00edt az els\u0151 f\u00faj\u00e1st\u00f3l az utols\u00f3ig. T\u00f6k\u00e9letes azoknak a <strong>vape bolt tulajdonosoknak<\/strong>, akik forr\u00f3 \u00e1rucikkeket keresnek, vagy neh\u00e9z g\u0151z\u00f6ket keresnek, akik \u00e9rt\u00e9ket keresnek. \ud83c\udfc6\ud83d\udce6<\/p>\n<h3>\ud83c\udf1f Mi\u00e9rt v\u00e1lassza a Bang Leader 85000-et?<\/h3>\n<ul>\n<li><strong>\ud83d\udd04 3 az 1-ben \u00edztechnol\u00f3gia:<\/strong> \u00c9lvezze a h\u00e1rom k\u00fcl\u00f6nb\u00f6z\u0151 \u00edzt egyetlen kompakt k\u00e9sz\u00fcl\u00e9kben. Azonnal v\u00e1ltson a hangulat\u00e1nak megfelel\u0151en!<\/li>\n<li><strong>\ud83d\udca7 Hatalmas, 70 ml-es kapacit\u00e1s:<\/strong> A piac egyik legnagyobb kapacit\u00e1sa, amely hihetetlen 85 000 bef\u00faj\u00e1st tesz lehet\u0151v\u00e9.<\/li>\n<li><strong>\u26a1 C t\u00edpus\u00fa \u00fajrat\u00f6lthet\u0151:<\/strong> A Type-C porton kereszt\u00fcli gyors t\u00f6lt\u00e9s biztos\u00edtja, hogy a 850 mAh-s akkumul\u00e1tor mindig haszn\u00e1latra k\u00e9szen \u00e1lljon.<\/li>\n<li><strong>\u2601\ufe0f Advanced Mesh Coil:<\/strong> Az 1,0 \u03a9-os ellen\u00e1ll\u00e1s\u00fa h\u00e1l\u00f3tekercs garant\u00e1lja a fokozott \u00edztisztas\u00e1got \u00e9s a vastag felh\u0151k\u00e9pz\u0151d\u00e9st.<\/li>\n<li><strong>\ud83c\udf9a\ufe0f Rugalmas nikotin opci\u00f3k:<\/strong> 0%, 2%, 3% \u00e9s 5%-os v\u00e1ltozatban kaphat\u00f3, hogy minden v\u00e1s\u00e1rl\u00f3 ig\u00e9nyeit kiel\u00e9g\u00edtse.<\/li>\n<\/ul>\n<h3>\ud83d\udcca Bang Leader 85K specifik\u00e1ci\u00f3i<\/h3>\n<thead>\n<tr>\n<th align=\"left\">Funkci\u00f3<\/th>\n<th align=\"left\">R\u00e9szletek<\/th>\n<\/tr>\n<\/thead>\n<tbody>\n<tr>\n<td><strong>Puff Count<\/strong><\/td>\n<td>Ak\u00e1r 85 000 sz\u00edv\u00e1s<\/td>\n<\/tr>\n<tr>\n<td><strong>E-folyad\u00e9k kapacit\u00e1s<\/strong><\/td>\n<td>70 ml<\/td>\n<\/tr>\n<tr>\n<td><strong>\u00cdzrendszer<\/strong><\/td>\n<td>3 az 1-ben h\u00e1rmas \u00edz\u0171 kapcsol\u00f3<\/td>\n<\/tr>\n<tr>\n<td><strong>Akkumul\u00e1tor<\/strong><\/td>\n<td>850 mAh (\u00fajrat\u00f6lthet\u0151)<\/td>\n<\/tr>\n<tr>\n<td><strong>T\u00f6lt\u00e9s<\/strong><\/td>\n<td>C t\u00edpus\u00fa port<\/td>\n<\/tr>\n<tr>\n<td><strong>Tekercs<\/strong><\/td>\n<td>1,0\u03a9 mesh tekercs<\/td>\n<\/tr>\n<tr>\n<td><strong>Nikotin er\u0151ss\u00e9ge<\/strong><\/td>\n<td>0% (0mg), 2% (20mg), 3% (30mg), 5% (50mg)<\/td>\n<\/tr>\n<\/tbody>\n<\/table>\n<h3>\ud83c\udf6d Bang Leader 85K \u00edzkombin\u00e1ci\u00f3k (eszk\u00f6z\u00f6nk\u00e9nt 3 \u00edz)<\/h3>\n<p>Minden Bang Leader eszk\u00f6z h\u00e1rom \u00ednycsikland\u00f3 \u00edzzel van tele. V\u00e1laszd ki a kedvenc mixedet:<\/p>\n<ul>\n<li>\ud83c\udf4c <strong>1. kever\u00e9k:<\/strong> ban\u00e1nj\u00e9g \/ epres g\u00f6r\u00f6gdinnye \/ medvegumi<\/li>\n<li>\ud83d\udc09 <strong>2. kever\u00e9k:<\/strong> fekete s\u00e1rk\u00e1ny j\u00e9g \/ m\u00e1lyvacukor \/ ny\u00e1ri \u00e1lom<\/li>\n<li>\ud83e\uded0 <strong>3. kever\u00e9k:<\/strong> \u00e1fony\u00e1s j\u00e9g \/ k\u00e9k raz \/ Illatos k\u00f6rte<\/li>\n<li>\ud83c\udf4d <strong>4. kever\u00e9k:<\/strong> cseresznye \u00e1fonya \/ \u0151szibarack mang\u00f3 \/ anan\u00e1sz<\/li>\n<li>\ud83e\udd64 <strong>5. kever\u00e9k:<\/strong> k\u00f3l\u00e1s j\u00e9g \/ alm\u00e1s barack \/ r\u00f3zsasz\u00edn limon\u00e1d\u00e9<\/li>\n<li>\ud83e\udd5d <strong>6. kever\u00e9k:<\/strong> sz\u0151l\u0151j\u00e9g \/ eper kiwi \/ maracuja-guava<\/li>\n<li>\ud83d\udc9c <strong>7. kever\u00e9k:<\/strong> szerelem 666 \/ \u00e1fony\u00e1s m\u00e1lna \/ vimto<\/li>\n<li>\ud83c\udf79 <strong>8. kever\u00e9k:<\/strong> vegyes gy\u00fcm\u00f6lcs \/ mojito \u0151szibarack \/ \u00e1fony\u00e1s m\u00e1lna<\/li>\n<li>\ud83c\udf53 <strong>9. kever\u00e9k:<\/strong> Anan\u00e1szj\u00e9g \/ eper v\u00f6r\u00f6s bika \/ Bogy\u00f3kever\u00e9k<\/li>\n<li>\ud83c\udf4e <strong>10. kever\u00e9k:<\/strong> v\u00f6r\u00f6s alma j\u00e9g \/ m\u00e1lna g\u00f6r\u00f6gdinnye \/ alo\u00e9 sz\u0151l\u0151<\/li>\n<li>\ud83c\udf66 <strong>11. kever\u00e9k:<\/strong> v\u00f6r\u00f6s bika\/\u00e1fony\u00e1s g\u00f6r\u00f6gdinnye\/epres fagylalt<\/li>\n<li>\ud83c\udf4a <strong>12. kever\u00e9k:<\/strong> eper j\u00e9g \/ citrom narancs \/ g\u00f6r\u00f6gdinnye r\u00e1g\u00f3gumi<\/li>\n<li>\ud83c\udf4c <strong>13. kever\u00e9k:<\/strong> eper m\u00e1lna \/ fekete ribizli \/ eper ban\u00e1n<\/li>\n<li>\ud83c\udf52 <strong>14. kever\u00e9k:<\/strong> epres g\u00f6r\u00f6gdinnye \/ cseresznye k\u00f3la \/ eperkr\u00e9m<\/li>\n<li>\ud83e\udd6d <strong>15. kever\u00e9k:<\/strong> g\u00f6r\u00f6gdinnye j\u00e9g \/ mang\u00f3 \u0151szibarack \/ narancssz\u00f3da<\/li>\n<\/ul>\n<p>A <\/p>\n<p><strong>Bang Leader 85000 Puffs<\/strong> \u00faj m\u00e9rc\u00e9t \u00e1ll\u00edt fel az eldobhat\u00f3 g\u0151z\u00f6k ter\u00e9n. T\u00f6k\u00e9letesen alkalmas a <strong>s\u00falyos felhaszn\u00e1l\u00f3knak<\/strong>, akik kompromisszumok n\u00e9lk\u00fcli k\u00e9nyelmet szeretn\u00e9nek, \u00e9s <strong>az \u00edzek kedvel\u0151inek<\/strong>, akik szeretik a v\u00e1ltozatoss\u00e1got. A <strong>kis- \u00e9s nagykeresked\u0151k<\/strong> sz\u00e1m\u00e1ra ez a nagy teljes\u00edtm\u00e9ny\u0171, t\u00f6bbf\u00e9le \u00edz\u0171 k\u00e9sz\u00fcl\u00e9k k\u00f6telez\u0151 k\u00e9szlet, amely vonzza a legjobb \u00e1r-\u00e9rt\u00e9k ar\u00e1nyt \u00e9s a leg\u00fajabb technol\u00f3gi\u00e1t keres\u0151 v\u00e1s\u00e1rl\u00f3kat. B\u0151v\u00edtse k\u00e9szlet\u00e9t m\u00e9g ma! \ud83d\ude80\ud83d\uded2<\/p>\n<h3>\u2753 Gyakran Ism\u00e9telt K\u00e9rd\u00e9sek (GYIK)<\/h3>\n<p><strong>K: Hogyan v\u00e1lthatok \u00edzeket a Bang Leader 85K-n?<\/strong><br \/>\nV: A k\u00e9sz\u00fcl\u00e9k egy egyszer\u0171 kapcsol\u00f3mechanizmussal rendelkezik, amely lehet\u0151v\u00e9 teszi, hogy v\u00e1ltson a h\u00e1rom k\u00fcl\u00f6n\u00e1ll\u00f3 folyad\u00e9ktart\u00e1ly k\u00f6z\u00f6tt. \ud83d\udd00<\/p>\n<p><strong>K: Az akkumul\u00e1tor \u00fajrat\u00f6lthet\u0151?<\/strong><br \/>\nV: Igen! 850 mAh-s akkumul\u00e1torral \u00e9rkezik, amely egyszer\u0171en \u00fajrat\u00f6lthet\u0151 egy szabv\u00e1nyos Type-C t\u00f6lt\u0151k\u00e1bellel. \ud83d\udd0c<\/p>\n<p><strong>K: Ez a term\u00e9k alkalmas nagykereskedelmi forgalmaz\u00e1sra?<\/strong><br \/>\nV: Abszol\u00fat. Az egyed\u00fcl\u00e1ll\u00f3 3 az 1-ben \u00e9rt\u00e9kes\u00edt\u00e9si pont \u00e9s a magas puffad\u00e1ssz\u00e1m rendk\u00edv\u00fcl vonz\u00f3 term\u00e9kk\u00e9 teszi a B2B v\u00e1s\u00e1rl\u00f3k \u00e9s a vape boltok sz\u00e1m\u00e1ra. \ud83c\udfed<\/p>\n<p><strong>K: Mennyi ideig tart a 85 000 bef\u00faj\u00e1s?<\/strong><br \/>\nV: 70 ml folyad\u00e9kkal ez az eszk\u00f6z t\u00f6bb h\u00e9tig is kib\u00edrja az \u00d6n haszn\u00e1lati szok\u00e1sait\u00f3l f\u00fcgg\u0151en, \u00edgy rendk\u00edv\u00fcl k\u00f6lts\u00e9ghat\u00e9kony. \ud83d\uddd3\ufe0f<\/p>\n","protected":false},"excerpt":{"rendered":"<p>T\u00f6meges 85 000 felf\u00faj\u00e1s, 3 az 1-ben \u00edzv\u00e1lt\u00e1s \u00e9s 70 ml-es kapacit\u00e1s! A Bang Leader 85K a t\u00f6k\u00e9letes, hossz\u00fa \u00e9lettartam\u00fa \u00fajrat\u00f6lthet\u0151 vape nagykeresked\u0151k \u00e9s \u00edzkeres\u0151k sz\u00e1m\u00e1ra. \ud83c\udf2c\ufe0f\ud83d\udca8<\/p>\n","protected":false},"featured_media":6804,"comment_status":"open","ping_status":"closed","template":"","meta":[],"product_brand":[],"product_cat":[759,692,346],"product_tag":[494,520,546,574,2169],"class_list":{"0":"post-22397","1":"product","2":"type-product","3":"status-publish","4":"has-post-thumbnail","6":"product_cat-100k-puffs-eldobhato-vape","7":"product_cat-60000-puff-eldobhato-vape","8":"product_cat-bang","9":"product_tag-3-az-1-ben-flavor-vape","10":"product_tag-85000-puff-eldobhato","11":"product_tag-bang-leader-85000-puffs","12":"product_tag-bang-vape-nagykereskedes","13":"product_tag-ujratoltheto-vape","15":"first","16":"instock","17":"shipping-taxable","18":"purchasable","19":"product-type-variable","20":"has-default-attributes"},"jetpack_sharing_enabled":true,"tiered_pricing_type":"fixed","tiered_pricing_fixed_rules":{"30":9.07000000000000028421709430404007434844970703125,"50":7.519999999999999573674358543939888477325439453125,"100":7,"200":6.61000000000000031974423109204508364200592041015625,"400":5.8300000000000000710542735760100185871124267578125},"tiered_pricing_product_settings":{"layout":"default","base_unit_name":{"singular":null,"plural":null},"default_variation":null},"tiered_pricing_minimum_quantity":10,"tiered_pricing_roles_data":[],"tiered_pricing_percentage_rules":[],"tiered_pricing_maximum_quantity":null,"tiered_pricing_quantity_step":"10","_links":{"self":[{"href":"https:\/\/ricovape.com\/hu\/wp-json\/wp\/v2\/product\/22397","targetHints":{"allow":["GET"]}}],"collection":[{"href":"https:\/\/ricovape.com\/hu\/wp-json\/wp\/v2\/product"}],"about":[{"href":"https:\/\/ricovape.com\/hu\/wp-json\/wp\/v2\/types\/product"}],"replies":[{"embeddable":true,"href":"https:\/\/ricovape.com\/hu\/wp-json\/wp\/v2\/comments?post=22397"}],"wp:featuredmedia":[{"embeddable":true,"href":"https:\/\/ricovape.com\/hu\/wp-json\/wp\/v2\/media\/6804"}],"wp:attachment":[{"href":"https:\/\/ricovape.com\/hu\/wp-json\/wp\/v2\/media?parent=22397"}],"wp:term":[{"taxonomy":"product_brand","embeddable":true,"href":"https:\/\/ricovape.com\/hu\/wp-json\/wp\/v2\/product_brand?post=22397"},{"taxonomy":"product_cat","embeddable":true,"href":"https:\/\/ricovape.com\/hu\/wp-json\/wp\/v2\/product_cat?post=22397"},{"taxonomy":"product_tag","embeddable":true,"href":"https:\/\/ricovape.com\/hu\/wp-json\/wp\/v2\/product_tag?post=22397"}],"curies":[{"name":"wp","href":"https:\/\/api.w.org\/{rel}","templated":true}]}}