{"id":21114,"date":"2025-10-21T03:02:24","date_gmt":"2025-10-21T03:02:24","guid":{"rendered":"https:\/\/stage.jrfer.com\/product\/uwin-tornado-triple-60k-puffs-3-az-1-ben-allithato-izu-ujratoltheto-vape\/"},"modified":"2026-04-07T11:35:32","modified_gmt":"2026-04-07T11:35:32","slug":"uwin-tornado-triple-60k-puffs-3-in-1-adjustable-flavor-rechargeable-vape","status":"publish","type":"product","link":"https:\/\/ricovape.com\/hu\/termek\/uwin-tornado-triple-60k-puffs-3-in-1-adjustable-flavor-rechargeable-vape\/","title":{"rendered":"Uwin Tornado Triple 60K Puffs | 3 az 1-ben \u00e1ll\u00edthat\u00f3 \u00edz\u0171, \u00fajrat\u00f6lthet\u0151 vape"},"content":{"rendered":"<h2>Uwin Tornado Triple 60K Puffs \ud83d\udca8 | 3 az 1-ben \u00e1ll\u00edthat\u00f3 \u00edz\u0171 \u00fajrat\u00f6lthet\u0151 vape<\/h2>\n<h3>\ud83c\udf1f Mi\u00e9rt v\u00e1lassza az Uwin Tornado Triple 60K-t?<\/h3>\n<ul>\n<li>\ud83d\udd25 <strong>3 \u00e1ll\u00edthat\u00f3 \u00edz<\/strong> \u2013 b\u00e1rmikor \u00e9s b\u00e1rhol v\u00e1lthat a 3 be\u00e9p\u00edtett \u00edz k\u00f6z\u00f6tt.<\/li>\n<li>\ud83d\udca8 <strong>T\u00f6meges, 60 000 f\u00faj\u00e1s<\/strong> \u2013 Meghosszabb\u00edtott g\u0151z\u00f6l\u00e9si \u00e9lettartam a neh\u00e9z felhaszn\u00e1l\u00f3k \u00e9s az \u00edzek szerelmesei sz\u00e1m\u00e1ra.<\/li>\n<li>\u26a1 <strong>Triple Mesh Coil<\/strong> \u2013 Sim\u00e1bb g\u0151zt \u00e9s er\u0151sebb \u00edzt biztos\u00edt.<\/li>\n<li>\ud83d\udd0b <strong>\u00dajrat\u00f6lthet\u0151 akkumul\u00e1tor (650 mAh)<\/strong> \u2013 hossz\u00fa \u00e9lettartam\u00fa C t\u00edpus\u00fa gyorst\u00f6lt\u00e9ssel.<\/li>\n<li>\ud83d\udcfa <strong>LED k\u00e9perny\u0151<\/strong> \u2013 Tiszt\u00e1n mutatja az akkumul\u00e1tor \u00e9s az e-liquid t\u00f6lt\u00f6tts\u00e9gi szintj\u00e9t.<\/li>\n<li>\ud83d\udca7 <strong>3 olajtart\u00e1ly<\/strong> \u2013 mindegyiket egy \u00edznek szentelt\u00e9k a tiszta, tiszta \u00edzv\u00e1lt\u00e1s \u00e9rdek\u00e9ben.<\/li>\n<li>\ud83c\udf08 <strong>Nikotinbe\u00e1ll\u00edt\u00e1sok<\/strong> \u2013 V\u00e1lasszon a 2%, 3% vagy 5% nikotin k\u00f6z\u00fcl az ig\u00e9nyeinek megfelel\u0151en.<\/li>\n<\/ul>\n<h3>\u2699\ufe0f M\u0171szaki adatok<\/h3>\n<tbody>\n<tr>\n<td><strong>Puff Count<\/strong><\/td>\n<td>Ak\u00e1r 60 000 f\u00faj\u00e1s<\/td>\n<\/tr>\n<tr>\n<td><strong>Nikotin er\u0151ss\u00e9ge<\/strong><\/td>\n<td>2% \/ 3% \/ 5%<\/td>\n<\/tr>\n<tr>\n<td><strong>\u00cdzm\u00f3dok<\/strong><\/td>\n<td>3 \u00e1ll\u00edthat\u00f3 \u00edz<\/td>\n<\/tr>\n<tr>\n<td><strong>Olajtart\u00e1ly<\/strong><\/td>\n<td>3 k\u00fcl\u00f6n\u00e1ll\u00f3 tart\u00e1ly<\/td>\n<\/tr>\n<tr>\n<td><strong>Akkumul\u00e1tor<\/strong><\/td>\n<td>650 mAh \u00fajrat\u00f6lthet\u0151<\/td>\n<\/tr>\n<tr>\n<td><strong>Tekercs<\/strong><\/td>\n<td>H\u00e1romh\u00e1l\u00f3s tekercs<\/td>\n<\/tr>\n<tr>\n<td><strong>LED-k\u00e9perny\u0151<\/strong><\/td>\n<td>Igen<\/td>\n<\/tr>\n<tr>\n<td><strong>T\u00f6lt\u0151port<\/strong><\/td>\n<td>C t\u00edpus\u00fa<\/td>\n<\/tr>\n<tr>\n<td><strong>Csomagol\u00e1s<\/strong><\/td>\n<td>10 db\/csomag<\/td>\n<\/tr>\n<\/tbody>\n<\/table>\n<h3>\ud83c\udf6d \u00cdzkombin\u00e1ci\u00f3k<\/h3>\n<ol>\n<li>Cherry Ice \u2022 Strawberry Red Bull \u2022 Blueberry Raspberry<\/li>\n<li>\u00e1fony\u00e1s j\u00e9g \u2022 epres g\u00f6r\u00f6gdinnye \u2022 epres m\u00e1lna cseresznye j\u00e9g<\/li>\n<li>R\u00f3zsasz\u00edn limon\u00e1d\u00e9 \u2022 Van\u00edlia j\u00e9g \u2022 Epres m\u00e1lnacukorka<\/li>\n<li>Eper Kiwi \u2022 Love 66 (passion Fruit Melon) \u2022 Blue Razz Ice<\/li>\n<li>citromos lime \u2022 eper ban\u00e1n \u2022 vegyes gy\u00fcm\u00f6lcs<\/li>\n<li>G\u00f6r\u00f6gdinnye j\u00e9g \u2022 Cola Ice \u2022 Mr Blue<\/li>\n<li>Ny\u00e1ri barackj\u00e9g \u2022 \u00c1fonya m\u00e1lna \u2022 Eper Red Bull<\/li>\n<li>Kiwi passi\u00f3gy\u00fcm\u00f6lcs guava \u2022 \u0151szibarack mang\u00f3 \u2022 m\u00e1lna g\u00f6r\u00f6gdinnye<\/li>\n<li>Red Bull \u2022 Cherry Ice \u2022 Lemon Lime<\/li>\n<li>Eperj\u00e9g \u2022 Ny\u00e1ri \u0151szibarackj\u00e9g \u2022 Sz\u0151l\u0151j\u00e9g<\/li>\n<li>Bogy\u00f3kever\u00e9k \u2022 S\u00e1rk\u00e1nygy\u00fcm\u00f6lcs j\u00e9g \u2022 Eper, g\u00f6r\u00f6gdinnye r\u00e1g\u00f3gumi<\/li>\n<li>Cseresznye k\u00f3la \u2022 epres van\u00edlia k\u00f3la \u2022 sz\u0151l\u0151bogy\u00f3<\/li>\n<\/ol>\n<h3>\ud83d\udcac GYIK<\/h3>\n<p><strong>K: Hogyan v\u00e1lthatok \u00edzeket?<\/strong><br \/>\nV: Egyszer\u0171en kapcsolja \u00e1t az \u00edzv\u00e1laszt\u00f3t a h\u00e1rom be\u00e9p\u00edtett tart\u00e1ly k\u00f6z\u00f6tti v\u00e1lt\u00e1shoz.<\/p>\n<p><strong>K: Fel tudom t\u00f6lteni?<\/strong><br \/>\nV: Igen! A Tornado Triple 650 mAh-s Type-C \u00fajrat\u00f6lthet\u0151 akkumul\u00e1torral rendelkezik.<\/p>\n<p><strong>K: Kinek val\u00f3?<\/strong><br \/>\nV: T\u00f6k\u00e9letes \u00edzkeres\u0151knek, er\u0151s g\u0151z\u00f6l\u0151knek \u00e9s olyan felhaszn\u00e1l\u00f3knak, akik v\u00e1ltozatoss\u00e1gra v\u00e1gynak egy eszk\u00f6z\u00f6n.<\/p>\n<p>\u00a0<\/p>\n<p>A <\/p>\n<p><strong>Uwin Tornado Triple 60K<\/strong> t\u00f6bb, mint egy eldobhat\u00f3 vape \u2013 ez az \u00d6n szem\u00e9lyes \u00edzlaborja egy zsebm\u00e9ret\u0171 k\u00e9sz\u00fcl\u00e9kben. Hosszan tart\u00f3 teljes\u00edtm\u00e9nyre, mer\u00e9sz \u00edzre \u00e9s rugalmas haszn\u00e1latra tervezt\u00e9k, \u00edgy ide\u00e1lis egy\u00e9ni felhaszn\u00e1l\u00f3k \u00e9s kiskereskedelmi \u00fczletek sz\u00e1m\u00e1ra Eur\u00f3pa-szerte.<\/p>\n","protected":false},"excerpt":{"rendered":"<p>Fedezze fel a <strong>Uwin Tornado Triple 60K<\/strong>-t \u2013 egy er\u0151teljes, 3 az 1-ben eldobhat\u00f3 vape-ot, ak\u00e1r 60 000 f\u00faj\u00e1ssal, h\u00e1rmas h\u00e1l\u00f3tekerccsel \u00e9s kapcsolhat\u00f3 \u00edzm\u00f3dokkal. \u00c9lvezze a finom g\u0151zt, a hossz\u00fa akkumul\u00e1tor-\u00e9lettartamot \u00e9s a mer\u00e9sz \u00edzt minden h\u00faz\u00e1sn\u00e1l.<\/p>\n","protected":false},"featured_media":6320,"comment_status":"open","ping_status":"closed","template":"","meta":[],"product_brand":[],"product_cat":[380,1922],"product_tag":[],"class_list":{"0":"post-21114","1":"product","2":"type-product","3":"status-publish","4":"has-post-thumbnail","6":"product_cat-uwin","7":"product_cat-uj","9":"first","10":"instock","11":"shipping-taxable","12":"purchasable","13":"product-type-variable","14":"has-default-attributes"},"jetpack_sharing_enabled":true,"tiered_pricing_type":"fixed","tiered_pricing_fixed_rules":{"30":9.1400000000000005684341886080801486968994140625,"50":7.410000000000000142108547152020037174224853515625,"100":6.79000000000000003552713678800500929355621337890625,"200":6.29999999999999982236431605997495353221893310546875,"400":5.86000000000000031974423109204508364200592041015625},"tiered_pricing_product_settings":{"layout":"default","base_unit_name":{"singular":null,"plural":null},"default_variation":null},"tiered_pricing_minimum_quantity":10,"tiered_pricing_roles_data":[],"tiered_pricing_percentage_rules":[],"tiered_pricing_maximum_quantity":null,"tiered_pricing_quantity_step":"10","_links":{"self":[{"href":"https:\/\/ricovape.com\/hu\/wp-json\/wp\/v2\/product\/21114","targetHints":{"allow":["GET"]}}],"collection":[{"href":"https:\/\/ricovape.com\/hu\/wp-json\/wp\/v2\/product"}],"about":[{"href":"https:\/\/ricovape.com\/hu\/wp-json\/wp\/v2\/types\/product"}],"replies":[{"embeddable":true,"href":"https:\/\/ricovape.com\/hu\/wp-json\/wp\/v2\/comments?post=21114"}],"wp:featuredmedia":[{"embeddable":true,"href":"https:\/\/ricovape.com\/hu\/wp-json\/wp\/v2\/media\/6320"}],"wp:attachment":[{"href":"https:\/\/ricovape.com\/hu\/wp-json\/wp\/v2\/media?parent=21114"}],"wp:term":[{"taxonomy":"product_brand","embeddable":true,"href":"https:\/\/ricovape.com\/hu\/wp-json\/wp\/v2\/product_brand?post=21114"},{"taxonomy":"product_cat","embeddable":true,"href":"https:\/\/ricovape.com\/hu\/wp-json\/wp\/v2\/product_cat?post=21114"},{"taxonomy":"product_tag","embeddable":true,"href":"https:\/\/ricovape.com\/hu\/wp-json\/wp\/v2\/product_tag?post=21114"}],"curies":[{"name":"wp","href":"https:\/\/api.w.org\/{rel}","templated":true}]}}