{"id":20772,"date":"2026-03-12T04:24:34","date_gmt":"2026-03-12T04:24:34","guid":{"rendered":"https:\/\/stage.jrfer.com\/product\/bang-king-50k-3-az-1-ben-harom-izu-50-000-fujas-ujratoltheto-eldobhato-vape\/"},"modified":"2026-04-07T09:41:55","modified_gmt":"2026-04-07T09:41:55","slug":"bang-king-50k-3-in-1-triple-flavor-50000-puffs-rechargeable-disposable-vape","status":"publish","type":"product","link":"https:\/\/ricovape.com\/hu\/termek\/bang-king-50k-3-in-1-triple-flavor-50000-puffs-rechargeable-disposable-vape\/","title":{"rendered":"Bang King 50K | 3 az 1-ben h\u00e1rom \u00edz\u0171 50 000 f\u00faj\u00e1s, \u00fajrat\u00f6lthet\u0151, eldobhat\u00f3 vape"},"content":{"rendered":"<h2>Bang King Triple 50000 50 000 puffad\u00e1s\u00fa eldobhat\u00f3 vape<\/h2>\n<p>A Bang King Triple 50K olyan g\u0151z\u00f6l\u0151k sz\u00e1m\u00e1ra k\u00e9sz\u00fclt, akik hosszan tart\u00f3 teljes\u00edtm\u00e9nyre, rugalmas \u00edzekre \u00e9s pr\u00e9mium g\u0151zmin\u0151s\u00e9gre v\u00e1gynak egyetlen nagy teljes\u00edtm\u00e9ny\u0171 eldobhat\u00f3 k\u00e9sz\u00fcl\u00e9kben. Ak\u00e1r <strong>50 000 bef\u00faj\u00e1s<\/strong>, hatalmas <strong>35 ml-es e-folyad\u00e9k-kapacit\u00e1s<\/strong> \u00e9s innovat\u00edv <strong>A \/ B \/ A+B h\u00e1rmas \u00edzrendszer<\/strong> r\u00e9v\u00e9n ez az eszk\u00f6z soha nem l\u00e1tott szabads\u00e1got, \u00edzt \u00e9s kitart\u00e1st biztos\u00edt. \ud83d\ude0d<\/p>\n<h3>Mi\u00e9rt v\u00e1lassza a Bang King Triple 50K-t?<\/h3>\n<ul>\n<li>\ud83d\udd25 Ak\u00e1r 50 000 f\u00faj\u00e1s a hosszan tart\u00f3, gondtalan g\u0151z\u00f6l\u00e9s\u00e9rt<\/li>\n<li>\ud83c\udfa8 3 az 1-ben \u00edzrendszer (A, B vagy kombin\u00e1lt A+B) a teljes \u00edzszab\u00e1lyoz\u00e1s\u00e9rt<\/li>\n<li>\ud83d\udca8 1,0 \u03a9 h\u00e1l\u00f3s tekercsek a sima, gazdag \u00e9s egyenletes g\u0151z\u00e9rt<\/li>\n<li>\ud83d\udd0b 600 mAh-s \u00fajrat\u00f6lthet\u0151 akkumul\u00e1tor C t\u00edpus\u00fa gyorst\u00f6lt\u00e9ssel<\/li>\n<li>\ud83d\udcca Intelligens LED-k\u00e9perny\u0151 az akkumul\u00e1tor \u00e1llapot\u00e1nak ellen\u0151rz\u00e9s\u00e9hez<\/li>\n<li>\ud83d\udca7 Nagy, 35 ml-es e-folyad\u00e9k kapacit\u00e1s hossz\u00fa haszn\u00e1lathoz<\/li>\n<li>\ud83d\udce6 Dobozonk\u00e9nt 10 db, ide\u00e1lis vape \u00fczletek \u00e9s nagykereskedelmi v\u00e1s\u00e1rl\u00f3k sz\u00e1m\u00e1ra<\/li>\n<li>\u2705 Eredeti, gy\u00e1rilag lez\u00e1rt, t\u00f6meges forgalmaz\u00e1sra k\u00e9szen<\/li>\n<\/ul>\n<h3>A Bang King 50K specifik\u00e1ci\u00f3i<\/h3>\n<p><t\u00e1bla><\/p>\n<tbody>\n<tr>\n<td>Puff sz\u00e1ml\u00e1l\u00e1s<\/td>\n<td>Ak\u00e1r 50 000 f\u00faj\u00e1s<\/td>\n<\/tr>\n<tr>\n<td>E-folyad\u00e9k kapacit\u00e1s<\/td>\n<td>35 ml<\/td>\n<\/tr>\n<tr>\n<td>Nikotin er\u0151ss\u00e9ge<\/td>\n<td>2% \/ 3% \/ 5%<\/td>\n<\/tr>\n<tr>\n<td>\u00cdzrendszer<\/td>\n<td>A \/ B \/ A+B (3 az 1-ben)<\/td>\n<\/tr>\n<tr>\n<td>Tekercs t\u00edpusa<\/td>\n<td>1,0\u03a9 mesh tekercs<\/td>\n<\/tr>\n<tr>\n<td>Akkumul\u00e1tor<\/td>\n<td>600 mAh \u00fajrat\u00f6lthet\u0151<\/td>\n<\/tr>\n<tr>\n<td>T\u00f6lt\u00e9s<\/td>\n<td>C t\u00edpus\u00fa gyorst\u00f6lt\u00e9s<\/td>\n<\/tr>\n<tr>\n<td>Kijelz\u0151<\/td>\n<td>LED k\u00e9perny\u0151<\/td>\n<\/tr>\n<tr>\n<td>\u00cdzek<\/td>\n<td>12 lehet\u0151s\u00e9g \u00e1ll rendelkez\u00e9sre<\/td>\n<\/tr>\n<tr>\n<td>Csomagol\u00e1s<\/td>\n<td>10 db dobozonk\u00e9nt<\/td>\n<\/tr>\n<\/tbody>\n<\/table>\n<h3>Bang King 50K \u00edzes\u00edt\u00e9si lehet\u0151s\u00e9gek \ud83c\udf53\u2744\ufe0f\ud83c\udf4d<\/h3>\n<ul>\n<li><strong>Blue Razz Ice + Lush Ice:<\/strong> Az \u00e9des k\u00e9k m\u00e1lna tal\u00e1lkozik a jeges g\u00f6r\u00f6gdinnye frissess\u00e9g\u00e9vel<\/li>\n<li><strong>Eperj\u00e9g + g\u00f6r\u00f6gdinnye j\u00e9g:<\/strong> gy\u00fcm\u00f6lcs\u00f6s \u00e9dess\u00e9g h\u0171v\u00f6s lecseng\u00e9ssel<\/li>\n<li><strong>Peach Ice + Mango Ice:<\/strong> Sima tr\u00f3pusi kever\u00e9k jeges jegyekkel<\/li>\n<li><strong>G\u00f6r\u00f6gdinnye j\u00e9g + \u0151szibarack mang\u00f3:<\/strong> L\u00e9d\u00fas gy\u00fcm\u00f6lcs f\u00fazi\u00f3 friss\u00edt\u0151 egyens\u00falysal<\/li>\n<li><strong>Eper g\u00f6r\u00f6gdinnye + Red Bull:<\/strong> Gy\u00fcm\u00f6lcs\u00f6s, energia ihlette kombin\u00e1ci\u00f3<\/li>\n<li><strong>Bogy\u00f3kever\u00e9k + Cseresznyej\u00e9g:<\/strong> Mer\u00e9sz bogy\u00f3s kever\u00e9k h\u0171v\u00f6s csereszny\u00e9s \u00fct\u00e9ssel<\/li>\n<li><strong>Kiwi passi\u00f3gy\u00fcm\u00f6lcs guava + eper kivi:<\/strong> egzotikus tr\u00f3pusi \u00edzrobban\u00e1s<\/li>\n<li><strong>Ban\u00e1nj\u00e9g + eperj\u00e9g:<\/strong> Kr\u00e9mes ban\u00e1n \u00e9des eperh\u0171t\u00e9ssel<\/li>\n<li><strong>Dupla alma + sz\u0151l\u0151j\u00e9g:<\/strong> Klasszikus alma\u00edz jeges sz\u0151l\u0151csavarral<\/li>\n<li><strong>Pina Colada + tr\u00f3pusi gy\u00fcm\u00f6lcs:<\/strong> tengerparti st\u00edlus\u00fa tr\u00f3pusi vape \u00e9lm\u00e9ny<\/li>\n<li><strong>Lemon Lime + Mr Blue:<\/strong> Citrus frissess\u00e9g h\u0171v\u00f6s bogy\u00f3s levon\u00e1ssal<\/li>\n<li><strong>H\u0171v\u00f6s menta + \u00e1fony\u00e1s j\u00e9g:<\/strong> Tiszta menta jeges \u00e1fony\u00e1val keverve<\/li>\n<\/ul>\n<h3>Bang King 50K GYIK \u2753<\/h3>\n<p><strong>Hogyan m\u0171k\u00f6dik a 3 az 1-ben \u00edzrendszer?<\/strong><br \/>\nV\u00e1lthat az A \u00e9s a B \u00edz k\u00f6z\u00f6tt, vagy \u00e9lvezheti a kevert A+B m\u00f3dot az egyedi \u00edz \u00e9rdek\u00e9ben.<\/p>\n<p><strong>Ez az eszk\u00f6z \u00fajrat\u00f6lthet\u0151?<\/strong><br \/>\nIgen \ud83d\udc4d 600 mAh-s \u00fajrat\u00f6lthet\u0151 akkumul\u00e1torral rendelkezik, Type-C gyorst\u00f6lt\u00e9ssel.<\/p>\n<p><strong>A Bang King Triple 50K alkalmas nagykereskedelmi forgalomba?<\/strong><br \/>\nAbszol\u00fat. Dobozonk\u00e9nt 10 darabj\u00e1val \u00e9s nagy piaci ig\u00e9ny\u00e9vel t\u00f6k\u00e9letes a forgalmaz\u00f3k \u00e9s a vape boltok sz\u00e1m\u00e1ra.<\/p>\n<p><strong>Kinek a legjobb ez a vape?<\/strong><br \/>\nIde\u00e1lis neh\u00e9z felhaszn\u00e1l\u00f3knak, \u00edzkeres\u0151knek \u00e9s mindenkinek, aki tart\u00f3s teljes\u00edtm\u00e9nyre v\u00e1gyik rugalmas \u00edzes\u00edt\u00e9si lehet\u0151s\u00e9gekkel.<\/p>\n<p>\u00a0<\/p>\n<p>A Bang King Triple 50K puffs eldobhat\u00f3 vape kiv\u00e1l\u00f3 v\u00e1laszt\u00e1s azoknak a felhaszn\u00e1l\u00f3knak, akik tart\u00f3ss\u00e1got, \u00edzek v\u00e1ltozatoss\u00e1g\u00e1t \u00e9s intelligens diz\u00e1jnt k\u00edv\u00e1nnak. Ak\u00e1r szem\u00e9lyes felhaszn\u00e1l\u00f3, aki hossz\u00fa \u00e9lettartam\u00fa vape-t keres, vagy megb\u00edzhat\u00f3 nagykereskedelmi term\u00e9keket v\u00e1s\u00e1rol\u00f3 vape-bolt, ez az eszk\u00f6z er\u0151s teljes\u00edtm\u00e9nyt \u00e9s kiv\u00e1l\u00f3 \u00e9rt\u00e9ket biztos\u00edt. \ud83d\udc8e<\/p>\n","protected":false},"excerpt":{"rendered":"<p>Bang King Triple 50000 50 000 puffad\u00e1s\u00fa eldobhat\u00f3 vape A Bang King Triple 50K olyan g\u0151z\u00f6l\u0151k sz\u00e1m\u00e1ra k\u00e9sz\u00fclt, akik hosszan tart\u00f3 teljes\u00edtm\u00e9nyre, rugalmas \u00edzekre \u00e9s pr\u00e9mium g\u0151zmin\u0151s\u00e9gre v\u00e1gynak egyetlen nagy teljes\u00edtm\u00e9ny\u0171 eldobhat\u00f3 k\u00e9sz\u00fcl\u00e9kben. Ak\u00e1r 50 000 bef\u00faj\u00e1s, hatalmas 35 ml-es e-folyad\u00e9k-kapacit\u00e1s \u00e9s innovat\u00edv A \/ B \/ A+B h\u00e1rmas \u00edzrendszer r\u00e9v\u00e9n ez az eszk\u00f6z soha [&hellip;]<\/p>\n","protected":false},"featured_media":6893,"comment_status":"open","ping_status":"closed","template":"","meta":[],"product_brand":[],"product_cat":[617,692,346],"product_tag":[1487,1523,1562,1587,1735],"class_list":{"0":"post-20772","1":"product","2":"type-product","3":"status-publish","4":"has-post-thumbnail","6":"product_cat-40000-puff-eldobhato-vape","7":"product_cat-60000-puff-eldobhato-vape","8":"product_cat-bang","9":"product_tag-3-az-1-ben-izu-eldobhato-vape","10":"product_tag-50000-fujas-ujratoltheto-vape","11":"product_tag-bang-king-50k-eldobhato-vape","12":"product_tag-nagy-puffadasu-eldobhato-vape","13":"product_tag-nagykereskedelmi-eldobhato-vape","15":"first","16":"instock","17":"shipping-taxable","18":"purchasable","19":"product-type-variable","20":"has-default-attributes"},"jetpack_sharing_enabled":true,"tiered_pricing_type":"fixed","tiered_pricing_fixed_rules":{"30":7.839999999999999857891452847979962825775146484375,"50":6.29000000000000003552713678800500929355621337890625,"100":5.769999999999999573674358543939888477325439453125,"200":5.37999999999999989341858963598497211933135986328125,"400":4.79999999999999982236431605997495353221893310546875},"tiered_pricing_product_settings":{"layout":"default","base_unit_name":{"singular":null,"plural":null},"default_variation":null},"tiered_pricing_minimum_quantity":10,"tiered_pricing_roles_data":[],"tiered_pricing_percentage_rules":[],"tiered_pricing_maximum_quantity":null,"tiered_pricing_quantity_step":"10","_links":{"self":[{"href":"https:\/\/ricovape.com\/hu\/wp-json\/wp\/v2\/product\/20772","targetHints":{"allow":["GET"]}}],"collection":[{"href":"https:\/\/ricovape.com\/hu\/wp-json\/wp\/v2\/product"}],"about":[{"href":"https:\/\/ricovape.com\/hu\/wp-json\/wp\/v2\/types\/product"}],"replies":[{"embeddable":true,"href":"https:\/\/ricovape.com\/hu\/wp-json\/wp\/v2\/comments?post=20772"}],"wp:featuredmedia":[{"embeddable":true,"href":"https:\/\/ricovape.com\/hu\/wp-json\/wp\/v2\/media\/6893"}],"wp:attachment":[{"href":"https:\/\/ricovape.com\/hu\/wp-json\/wp\/v2\/media?parent=20772"}],"wp:term":[{"taxonomy":"product_brand","embeddable":true,"href":"https:\/\/ricovape.com\/hu\/wp-json\/wp\/v2\/product_brand?post=20772"},{"taxonomy":"product_cat","embeddable":true,"href":"https:\/\/ricovape.com\/hu\/wp-json\/wp\/v2\/product_cat?post=20772"},{"taxonomy":"product_tag","embeddable":true,"href":"https:\/\/ricovape.com\/hu\/wp-json\/wp\/v2\/product_tag?post=20772"}],"curies":[{"name":"wp","href":"https:\/\/api.w.org\/{rel}","templated":true}]}}