{"id":20752,"date":"2025-07-07T09:20:26","date_gmt":"2025-07-07T09:20:26","guid":{"rendered":"https:\/\/stage.jrfer.com\/product\/bang-king-20000-puffs-led-kijelzo-25ml-omlesztett-eldobhato-vape\/"},"modified":"2026-04-07T13:54:15","modified_gmt":"2026-04-07T13:54:15","slug":"bang-king-20000-puffs","status":"publish","type":"product","link":"https:\/\/ricovape.com\/hu\/termek\/bang-king-20000-puffs\/","title":{"rendered":"Bang King 20000 Puffs | led kijelz\u0151 25ml \u00f6mlesztett eldobhat\u00f3 vape"},"content":{"rendered":"<h2>Mi\u00e9rt v\u00e1lassza a Bang King 20000-et?<\/h2>\n<ul>\n<li><strong>Kib\u0151v\u00edtett bef\u00faj\u00e1si kapacit\u00e1s:<\/strong> Ak\u00e1r 20 000 bef\u00faj\u00e1s a verhetetlen hossz\u00fa \u00e9lettartam\u00e9rt \ud83d\udd25<\/li>\n<li><strong>Hatalmas gy\u00fcm\u00f6lcsl\u00e9tart\u00e1ly:<\/strong> 25 ml-es e-folyad\u00e9k kapacit\u00e1s a kevesebb ut\u00e1nt\u00f6lt\u00e9s\u00e9rt \ud83d\udca7<\/li>\n<li><strong>T\u00f6bbf\u00e9le nikotin opci\u00f3:<\/strong> V\u00e1lasszon 0%, 2%, 3% vagy 5% az ig\u00e9nyeinek megfelel\u0151en \u2705<\/li>\n<li><strong>Megb\u00edzhat\u00f3 akkumul\u00e1tor:<\/strong> 650 mAh, Type-C gyorst\u00f6lt\u00e9ssel \ud83d\udd0b<\/li>\n<li><strong>Mesh Coil Power:<\/strong> 0,8 \u03a9 tekercs a gazdag \u00edz\u00e9rt \u00e9s sima g\u0151z\u00e9rt \ud83c\udf2c\ufe0f<\/li>\n<li><strong>LED kijelz\u0151:<\/strong> Val\u00f3s idej\u0171 puffad\u00e1s- \u00e9s akkumul\u00e1tork\u00f6vet\u00e9s \ud83d\udcca<\/li>\n<li><strong>Nagykereskedelmi k\u00e9szen \u00e1ll:<\/strong> T\u00f6k\u00e9letes specifik\u00e1ci\u00f3k boltok \u00e9s forgalmaz\u00f3k sz\u00e1m\u00e1ra \ud83d\udce6<\/li>\n<\/ul>\n<h3>M\u0171szaki adatok<\/h3>\n<tbody>\n<tr>\n<td><strong>Puffok sz\u00e1ma:<\/strong><\/td>\n<td>Ak\u00e1r 20 000 f\u00faj\u00e1s<\/td>\n<\/tr>\n<tr>\n<td><strong>E-folyad\u00e9k kapacit\u00e1sa:<\/strong><\/td>\n<td>25 ml<\/td>\n<\/tr>\n<tr>\n<td><strong>Akkumul\u00e1tor:<\/strong><\/td>\n<td>650 mAh \u00fajrat\u00f6lthet\u0151<\/td>\n<\/tr>\n<tr>\n<td><strong>T\u00f6lt\u00e9s:<\/strong><\/td>\n<td>C t\u00edpus\u00fa gyorst\u00f6lt\u00e9s<\/td>\n<\/tr>\n<tr>\n<td><strong>Nikotin opci\u00f3k:<\/strong><\/td>\n<td>0%, 2%, 3%, 5%<\/td>\n<\/tr>\n<tr>\n<td><strong>Tekercs:<\/strong><\/td>\n<td>0,8\u03a9 mesh tekercs<\/td>\n<\/tr>\n<tr>\n<td><strong>Kijelz\u0151:<\/strong><\/td>\n<td>LED-k\u00e9perny\u0151 az akkumul\u00e1tor- \u00e9s puffad\u00e1ssz\u00e1ml\u00e1l\u00f3hoz<\/td>\n<\/tr>\n<\/tbody>\n<\/table>\n<h3>\u00cdzv\u00e1laszt\u00e1s<\/h3>\n<p> \u00c9lvezze a <strong>16 csod\u00e1latos \u00edzt<\/strong>, amelyet minden \u00edzl\u00e9shez terveztek \u2013 a jeges hidegt\u0151l a gy\u00fcm\u00f6lcs\u00f6sen \u00e9desig \ud83c\udf53\ud83c\udf47\u2744\ufe0f:<\/p>\n<ul>\n<li><strong>Menta:<\/strong> Klasszikus friss\u00edt\u0151 hideg \ud83c\udf3f\u2744\ufe0f<\/li>\n<li><strong>Eperlicsi:<\/strong> \u00c9des \u00e9s egzotikus \ud83c\udf53\ud83e\udd6d<\/li>\n<li><strong>Eper Kiwi:<\/strong> T\u00f6k\u00e9letes gy\u00fcm\u00f6lcs\u00f6s kever\u00e9k \ud83c\udf53\ud83e\udd5d<\/li>\n<li><strong>Epres g\u00f6r\u00f6gdinnye:<\/strong> l\u00e9d\u00fas \u00e9s friss\u00edt\u0151 \ud83c\udf53\ud83c\udf49<\/li>\n<li><strong>Red Bull:<\/strong> energiz\u00e1l\u00f3 \u00edzfokoz\u00f3 \u26a1\ud83e\udd64<\/li>\n<li><strong>Vegyes gy\u00fcm\u00f6lcs\u00f6k:<\/strong> tr\u00f3pusi gy\u00fcm\u00f6lcs\u00f6s robban\u00e1s \ud83c\udf4d\ud83c\udf4e\ud83c\udf4a<\/li>\n<li><strong>\u00c1fonya j\u00e9g:<\/strong> \u00c9des bogy\u00f3s gy\u00fcm\u00f6lcs jeges befejez\u00e9ssel \ud83e\uded0\u2744\ufe0f<\/li>\n<li><strong>\u00c1fonya m\u00e1lna:<\/strong> fanyar \u00e9s \u00e9des bogy\u00f3s du\u00f3 \ud83e\uded0\ud83c\udf47<\/li>\n<li><strong>\u00c1fonya g\u00f6r\u00f6gdinnye:<\/strong> friss\u00edt\u0151 bogy\u00f3s-dinnye kever\u00e9k \ud83e\uded0\ud83c\udf49<\/li>\n<li><strong>Sz\u0151l\u0151j\u00e9g:<\/strong> L\u00e9d\u00fas sz\u0151l\u0151 h\u0171v\u00f6s kil\u00e9gz\u00e9ssel \ud83c\udf47\u2744\ufe0f<\/li>\n<li><strong>\u0150szibarack j\u00e9g:<\/strong> sima \u0151szibarack jeges sz\u00e9llel \ud83c\udf51\u2744\ufe0f<\/li>\n<li><strong>G\u00f6r\u00f6gdinnye:<\/strong> Tiszta ny\u00e1ri \u00e9dess\u00e9g \ud83c\udf49<\/li>\n<li><strong>M\u00e1lna g\u00f6r\u00f6gdinnye:<\/strong> cs\u00edp\u0151s \u00e9s l\u00e9d\u00fas kever\u00e9k \ud83c\udf53\ud83c\udf49<\/li>\n<li><strong>Epermang\u00f3:<\/strong> \u00c9des tr\u00f3pusi \u00e9lvezet \ud83c\udf53\ud83e\udd6d<\/li>\n<li><strong>Dupla Alma:<\/strong> Klasszikus v\u00edzipip\u00e1val ihletett alma \ud83c\udf4f\ud83c\udf4e<\/li>\n<li><strong>Mang\u00f3 \u0151szibarack g\u00f6r\u00f6gdinnye:<\/strong> egzotikus h\u00e1romgy\u00fcm\u00f6lcs f\u00fazi\u00f3 \ud83e\udd6d\ud83c\udf51\ud83c\udf49<\/li>\n<\/ul>\n<h3>T\u00f6k\u00e9letes neh\u00e9z felhaszn\u00e1l\u00f3k \u00e9s nagykeresked\u00e9sek sz\u00e1m\u00e1ra<\/h3>\n<p>A <strong>Bang King 20000<\/strong> a <strong>neh\u00e9z g\u0151z\u00f6l\u0151kh\u00f6z, \u00edzel\u00edt\u0151kh\u00f6z \u00e9s vape-kiskeresked\u0151kh\u00f6z k\u00e9sz\u00fclt<\/strong>. Hatalmas puffad\u00e1si sz\u00e1m\u00e1val, \u00e1ll\u00edthat\u00f3 nikotinv\u00e1laszt\u00e9k\u00e1val \u00e9s \u00edzek sz\u00e9les v\u00e1laszt\u00e9k\u00e1val ez a k\u00e9sz\u00fcl\u00e9k ide\u00e1lis szem\u00e9lyes haszn\u00e1latra \u00e9s nagyszab\u00e1s\u00fa terjeszt\u00e9sre egyar\u00e1nt.<\/p>\n<h3>GYIK<\/h3>\n<ul>\n<li><strong>H\u00e1ny bef\u00faj\u00e1s eszk\u00f6z\u00f6nk\u00e9nt?<\/strong><br \/>\nMinden egys\u00e9g ak\u00e1r 20 000 f\u00faj\u00e1st is kiad.<\/li>\n<li><strong>\u00dajrat\u00f6lthet\u0151?<\/strong><br \/>\nIgen, 650 mAh-s akkumul\u00e1torral rendelkezik, C t\u00edpus\u00fa t\u00f6lt\u00e9ssel.<\/li>\n<li><strong>Milyen nikotinszintek \u00e1llnak rendelkez\u00e9sre?<\/strong><br \/>\nV\u00e1lasszon a 0%, 2%, 3% \u00e9s 5% nikotin opci\u00f3k k\u00f6z\u00fcl.<\/li>\n<li><strong>Van kijelz\u0151je?<\/strong><br \/>\nIgen, a LED-k\u00e9perny\u0151 mutatja az akkumul\u00e1tor \u00e9lettartam\u00e1t \u00e9s a puffad\u00e1sok sz\u00e1m\u00e1t.<\/li>\n<li><strong>Ki v\u00e1s\u00e1rolja meg ezt?<\/strong><br \/>\nKiv\u00e1l\u00f3an haszn\u00e1lhat\u00f3 <strong>nagy felhaszn\u00e1l\u00f3k, vape \u00fczletek \u00e9s nagykereskedelmi v\u00e1s\u00e1rl\u00f3k sz\u00e1m\u00e1ra<\/strong>.<\/li>\n<\/ul>\n","protected":false},"excerpt":{"rendered":"<p>A <strong>Bang King 20000<\/strong> \ud83d\udca8 hatalmas <strong>20 000 f\u00faj\u00e1st<\/strong>, hatalmas <strong>25 ml-es e-folyad\u00e9k tart\u00e1lyt<\/strong> \u00e9s intelligens <strong>LED kijelz\u0151t<\/strong> k\u00edn\u00e1l \u2013 t\u00f6k\u00e9letes a vape rajong\u00f3k, \u00fczletek \u00e9s t\u00f6meges forgalmaz\u00f3k sz\u00e1m\u00e1ra.<\/p>\n","protected":false},"featured_media":1189,"comment_status":"open","ping_status":"closed","template":"","meta":[],"product_brand":[],"product_cat":[511,346,862,1013,1084,826,1261,1294,1225,1327,1471,1545,1406,1365,1509,1439,2176,1598,1674,1636,400,1046,900],"product_tag":[],"class_list":{"0":"post-20752","1":"product","2":"type-product","3":"status-publish","4":"has-post-thumbnail","6":"product_cat-20000-puff-eldobhato-vape","7":"product_cat-bang","8":"product_cat-big-puffs-vapes","9":"product_cat-digitalis-doboz-vapes","10":"product_cat-dual-mesh-vapes","11":"product_cat-eldobhato-vape-tipusok","12":"product_cat-eldobhato-vapes-ausztriaban","13":"product_cat-eldobhato-vapes-belgiumban","14":"product_cat-eldobhato-vapes-europaban","15":"product_cat-eldobhato-vapes-franciaorszagban","16":"product_cat-eldobhato-vapes-hollandiaban","17":"product_cat-eldobhato-vapes-lengyelorszagban","18":"product_cat-eldobhato-vapes-magyarorszagon","19":"product_cat-eldobhato-vapes-nemetorszagban","20":"product_cat-eldobhato-vapes-norvegiaban","21":"product_cat-eldobhato-vapes-olaszorszagban","22":"product_cat-eldobhato-vapes-portugaliaban","23":"product_cat-eldobhato-vapes-spanyolorszagban","24":"product_cat-eldobhato-vapes-svajcban","25":"product_cat-eldobhato-vapes-svedorszagban","26":"product_cat-kulonbozo-puffadasu-eldobhato-gozok","27":"product_cat-smart-screen-vapes","28":"product_cat-ujratoltheto-vapes","30":"first","31":"instock","32":"shipping-taxable","33":"purchasable","34":"product-type-variable","35":"has-default-attributes"},"jetpack_sharing_enabled":true,"tiered_pricing_type":"fixed","tiered_pricing_fixed_rules":{"30":6.29000000000000003552713678800500929355621337890625,"50":5.42999999999999971578290569595992565155029296875,"100":4.69000000000000039079850466805510222911834716796875,"200":4.44000000000000039079850466805510222911834716796875,"400":3.890000000000000124344978758017532527446746826171875},"tiered_pricing_product_settings":{"layout":"default","base_unit_name":{"singular":null,"plural":null},"default_variation":null},"tiered_pricing_minimum_quantity":10,"tiered_pricing_roles_data":[],"tiered_pricing_percentage_rules":[],"tiered_pricing_maximum_quantity":null,"tiered_pricing_quantity_step":"10","_links":{"self":[{"href":"https:\/\/ricovape.com\/hu\/wp-json\/wp\/v2\/product\/20752","targetHints":{"allow":["GET"]}}],"collection":[{"href":"https:\/\/ricovape.com\/hu\/wp-json\/wp\/v2\/product"}],"about":[{"href":"https:\/\/ricovape.com\/hu\/wp-json\/wp\/v2\/types\/product"}],"replies":[{"embeddable":true,"href":"https:\/\/ricovape.com\/hu\/wp-json\/wp\/v2\/comments?post=20752"}],"wp:featuredmedia":[{"embeddable":true,"href":"https:\/\/ricovape.com\/hu\/wp-json\/wp\/v2\/media\/1189"}],"wp:attachment":[{"href":"https:\/\/ricovape.com\/hu\/wp-json\/wp\/v2\/media?parent=20752"}],"wp:term":[{"taxonomy":"product_brand","embeddable":true,"href":"https:\/\/ricovape.com\/hu\/wp-json\/wp\/v2\/product_brand?post=20752"},{"taxonomy":"product_cat","embeddable":true,"href":"https:\/\/ricovape.com\/hu\/wp-json\/wp\/v2\/product_cat?post=20752"},{"taxonomy":"product_tag","embeddable":true,"href":"https:\/\/ricovape.com\/hu\/wp-json\/wp\/v2\/product_tag?post=20752"}],"curies":[{"name":"wp","href":"https:\/\/api.w.org\/{rel}","templated":true}]}}